{"id":3378,"date":"2021-06-27T16:24:28","date_gmt":"2021-06-27T15:24:28","guid":{"rendered":"https:\/\/vosfoxmedical.com\/bienvenue-a-vosfox-medical\/connaissances\/"},"modified":"2025-04-30T15:43:31","modified_gmt":"2025-04-30T14:43:31","slug":"connaissances","status":"publish","type":"page","link":"https:\/\/vosfoxmedical.com\/fr\/bienvenue-a-vosfox-medical\/connaissances\/","title":{"rendered":"Connaissances"},"content":{"rendered":"\t<section class=\"section dark\" id=\"section_98710121\">\n\t\t<div class=\"bg section-bg fill bg-fill  \" >\n\n\t\t\t\n\t\t\t<div class=\"section-bg-overlay absolute fill\"><\/div>\n\t\t\t\n\n\t\t<\/div>\n\n\t\t\n\n\t\t<div class=\"section-content relative\">\n\t\t\t\n<div class=\"row\" style=\"max-width:1300px\" id=\"row-2096826576\">\n\n\t<div id=\"col-1898739744\" class=\"col hide-for-small medium-12 small-12 large-8\"  >\n\t\t\t\t<div class=\"col-inner\"  >\n\t\t\t\n\t\t\t\n\t<div id=\"text-3806951092\" class=\"text\">\n\t\t\n<h1 class=\"entry-title\"><span style=\"font-size: 100%;\">Partage des connaissances<\/span><\/h1>\n\t\t\n<style>\n#text-3806951092 {\n  font-size: 2.75rem;\n}\n<\/style>\n\t<\/div>\n\t\n\t\t<\/div>\n\t\t\t\t\t<\/div>\n\n\t\n\n\t<div id=\"col-937214064\" class=\"col show-for-small medium-12 small-12 large-8\"  >\n\t\t\t\t<div class=\"col-inner\"  >\n\t\t\t\n\t\t\t\n\t<div id=\"text-66024793\" class=\"text\">\n\t\t\n<h4 class=\"entry-title\"><span style=\"font-size: 100%;\">Connaissances \/ Articles<\/span><\/h4>\n\t\t\n<style>\n#text-66024793 {\n  font-size: 2.25rem;\n}\n@media (min-width:550px) {\n  #text-66024793 {\n    font-size: 2.75rem;\n  }\n}\n<\/style>\n\t<\/div>\n\t\n\t\t<\/div>\n\t\t\t\t\t<\/div>\n\n\t\n<\/div>\n\t\t<\/div>\n\n\t\t\n<style>\n#section_98710121 {\n  padding-top: 30px;\n  padding-bottom: 30px;\n  min-height: 400px;\n  background-color: rgb(44, 49, 63);\n}\n#section_98710121 .section-bg-overlay {\n  background-color: rgba(44, 49, 63, 0.93);\n}\n#section_98710121 .section-bg.bg-loaded {\n  background-image: url(https:\/\/vosfoxmedical.com\/wp-content\/uploads\/2021\/06\/img-thunderstorm.jpg);\n}\n#section_98710121 .section-bg {\n  background-position: 90% 59%;\n}\n#section_98710121 .ux-shape-divider--top svg {\n  height: 150px;\n  --divider-top-width: 100%;\n}\n#section_98710121 .ux-shape-divider--bottom svg {\n  height: 150px;\n  --divider-width: 100%;\n}\n@media (min-width:550px) {\n  #section_98710121 {\n    min-height: 400px;\n  }\n}\n@media (min-width:850px) {\n  #section_98710121 {\n    min-height: 600px;\n  }\n}\n<\/style>\n\t<\/section>\n\t\n<div class=\"row align-bottom\" style=\"max-width:1300px\" id=\"row-433220880\">\n\n\t<div id=\"col-2102219927\" class=\"col medium-12 small-12 large-8 medium-col-first\"  >\n\t\t\t\t<div class=\"col-inner\"  >\n\t\t\t\n\t\t\t\n\n  <div class=\"banner has-hover\" id=\"banner-428784093\">\n          <div class=\"banner-inner fill\">\n        <div class=\"banner-bg fill\" >\n            <div class=\"bg fill bg-fill \"><\/div>\n                                    \n                    <\/div>\n\t\t\n        <div class=\"banner-layers container\">\n            <div class=\"fill banner-link\"><\/div>            \n        <\/div>\n      <\/div>\n\n            \n<style>\n#banner-428784093 {\n  padding-top: 300px;\n  background-color: rgb(255,255,255);\n}\n#banner-428784093 .bg.bg-loaded {\n  background-image: url(https:\/\/vosfoxmedical.com\/wp-content\/uploads\/2021\/06\/photo-knowledge-articles.jpg);\n}\n#banner-428784093 .ux-shape-divider--top svg {\n  height: 150px;\n  --divider-top-width: 100%;\n}\n#banner-428784093 .ux-shape-divider--bottom svg {\n  height: 150px;\n  --divider-width: 100%;\n}\n@media (min-width:550px) {\n  #banner-428784093 {\n    padding-top: 600px;\n  }\n}\n<\/style>\n  <\/div>\n\n\n\t\t<\/div>\n\t\t\t\t\n<style>\n#col-2102219927 > .col-inner {\n  margin: -120px 0px 0px 0px;\n}\n@media (min-width:550px) {\n  #col-2102219927 > .col-inner {\n    margin: -120px 0px 0px 0px;\n  }\n}\n@media (min-width:850px) {\n  #col-2102219927 > .col-inner {\n    margin: -500px 0px 0px 0px;\n  }\n}\n<\/style>\n\t<\/div>\n\n\t\n<\/div>\n\t<section class=\"section\" id=\"section_2079861161\">\n\t\t<div class=\"bg section-bg fill bg-fill  bg-loaded\" >\n\n\t\t\t\n\t\t\t\n\t\t\t\n\n\t\t<\/div>\n\n\t\t\n\n\t\t<div class=\"section-content relative\">\n\t\t\t\n<div class=\"row row-small align-equal align-right\" style=\"max-width:1050px\" id=\"row-46421676\">\n\n\t<div id=\"col-1053651535\" class=\"col medium-12 small-12 large-12\"  >\n\t\t\t\t<div class=\"col-inner\"  >\n\t\t\t\n\t\t\t\n\t<div id=\"text-1425844305\" class=\"text\">\n\t\t\n<h3>Lisez nos articles !<\/h3>\n<p>Nous aimons partager nos connaissances avec la communaut\u00e9. C&rsquo;est pourquoi nous r\u00e9digeons ces articles pour vous. Plus d&rsquo;informations \u00e0 venir. N&rsquo;h\u00e9sitez pas \u00e0 laisser un commentaire ou \u00e0 sugg\u00e9rer des sujets pour de nouveaux articles.<br \/>\n\t\t\n<style>\n#text-1425844305 {\n  font-size: 1.45rem;\n}\n<\/style>\n\t<\/div>\n\t\n\t\t<\/div>\n\t\t\t\t\t<\/div>\n\n\t\n<\/div>\n<div class=\"row row-small\" style=\"max-width:1050px\" id=\"row-546760910\">\n\n\t<div id=\"col-1824604812\" class=\"col medium-4 small-11 large-4\"  >\n\t\t\t\t<div class=\"col-inner\"  >\n\t\t\t\n\t\t\t\n<h2>Validation des processus &#8211; Comment faire<\/h2>\n<p>Vous avez plus de questions que de r\u00e9ponses sur l&rsquo;assurance qualit\u00e9 ? Lisez mes blogs et voyez si cela peut vous aider un peu. La lecture peut \u00eatre ennuyeuse (je commence d\u00e9j\u00e0 \u00e0 bailler), mais elle est vitale pour le succ\u00e8s de votre entreprise. <\/p>\n<a href=\"https:\/\/vosfoxmedical.com\/fr\/bienvenue-a-vosfox-medical\/connaissances\/article-sur-la-validation-des-processus\/\" target=\"_self\" class=\"button secondary is-bevel knowledge\"  >\n    <span>Lire la suite<\/span>\n  <\/a>\n\n\t\t<\/div>\n\t\t\t\t\n<style>\n#col-1824604812 > .col-inner {\n  padding: 0px 0px 0px 0;\n}\n@media (min-width:550px) {\n  #col-1824604812 > .col-inner {\n    padding: 0px 0px 0px 0;\n  }\n}\n<\/style>\n\t<\/div>\n\n\t\n\n\t<div id=\"col-1213080955\" class=\"col medium-4 small-11 large-4\"  >\n\t\t\t\t<div class=\"col-inner\"  >\n\t\t\t\n\t\t\t\n<h2>D\u00e9fis de la validation des processus pour l&rsquo;impression 3D m\u00e9dicale<\/h2>\n<p>La validation des processus est un d\u00e9fi pour tous les ing\u00e9nieurs et tous les processus, mais pour les ing\u00e9nieurs en impression 3D, le d\u00e9fi est encore plus grand.<\/p>\n<a href=\"https:\/\/vosfoxmedical.com\/fr\/bienvenue-a-vosfox-medical\/connaissances\/validation-de-processus-pour-limpression-3d-medicale\/\" target=\"_self\" class=\"button secondary is-bevel knowledge\"  >\n    <span>Lire la suite<\/span>\n  <\/a>\n\n\t\t<\/div>\n\t\t\t\t\n<style>\n#col-1213080955 > .col-inner {\n  padding: 0px 0px 0px 0;\n}\n@media (min-width:550px) {\n  #col-1213080955 > .col-inner {\n    padding: 0px 0px 0px 0;\n  }\n}\n<\/style>\n\t<\/div>\n\n\t\n\n\t<div id=\"col-2018449174\" class=\"col medium-4 small-11 large-4\"  >\n\t\t\t\t<div class=\"col-inner\"  >\n\t\t\t\n\t\t\t\n<h2>Validation de la m\u00e9thode d&rsquo;essai ; facilement n\u00e9glig\u00e9e<\/h2>\n<p>Tous les tests de contr\u00f4le de la qualit\u00e9 effectu\u00e9s dans le cadre de la mise sur le march\u00e9 d&rsquo;un dispositif m\u00e9dical doivent \u00eatre valid\u00e9s ; Validation de la m\u00e9thode d&rsquo;essai.<\/p>\n<a href=\"https:\/\/vosfoxmedical.com\/fr\/bienvenue-a-vosfox-medical\/connaissances\/validation-de-la-methode-dessai\/\" target=\"_self\" class=\"button secondary is-bevel\"  >\n    <span>Lire la suite<\/span>\n  <\/a>\n\n\t\t<\/div>\n\t\t\t\t\n<style>\n#col-2018449174 > .col-inner {\n  padding: 0px 0px 0px 0;\n}\n@media (min-width:550px) {\n  #col-2018449174 > .col-inner {\n    padding: 0px 0px 0px 0;\n  }\n}\n<\/style>\n\t<\/div>\n\n\t\n\n\t<div id=\"col-276586473\" class=\"col medium-4 small-11 large-4\"  >\n\t\t\t\t<div class=\"col-inner\"  >\n\t\t\t\n\t\t\t\n<h2>Processus de gestion des risques<\/h2>\n<p>La gestion des risques est de plus en plus importante avec les nouvelles versions de la norme ISO 13485, la norme de gestion de la qualit\u00e9 pour l&rsquo;industrie des dispositifs m\u00e9dicaux. Derni\u00e8res nouvelles ? Non, pas vraiment, mais de nombreuses entreprises, et pas seulement les starters, ont du mal \u00e0 mettre en place un bon processus de gestion des risques. Cet article explique le processus.<\/p>\n<a href=\"https:\/\/vosfoxmedical.com\/fr\/bienvenue-a-vosfox-medical\/connaissances\/processus-de-gestion-des-risques\/\" target=\"_self\" class=\"button secondary is-bevel knowledge\"  >\n    <span>Lire la suite<\/span>\n  <\/a>\n\n\t\t<\/div>\n\t\t\t\t\n<style>\n#col-276586473 > .col-inner {\n  padding: 0px 0px 0px 0;\n}\n@media (min-width:550px) {\n  #col-276586473 > .col-inner {\n    padding: 0px 0px 0px 0;\n  }\n}\n<\/style>\n\t<\/div>\n\n\t\n\n\t<div id=\"col-357337164\" class=\"col medium-4 small-11 large-4\"  >\n\t\t\t\t<div class=\"col-inner\"  >\n\t\t\t\n\t\t\t\n<h2>Comparaison entre le moulage par injection et l&rsquo;impression 3D : production de petits et de grands volumes<\/h2>\n<p>Alors que le moulage par injection est d\u00e9j\u00e0 un processus de fabrication populaire pour les dispositifs m\u00e9dicaux, l&rsquo;impression 3D devient \u00e9galement un processus de plus en plus populaire. Bien que les deux approches pr\u00e9sentent des avantages et des inconv\u00e9nients, les entreprises doivent examiner attentivement plusieurs facteurs pour d\u00e9terminer la m\u00e9thode qui r\u00e9pond le mieux \u00e0 leurs besoins. <\/p>\n<a href=\"https:\/\/vosfoxmedical.com\/fr\/bienvenue-a-vosfox-medical\/connaissances\/comparaison-entre-le-moulage-par-injection-et-limpression-3d-facteurs-a-prendre-en-compte-pour-la-production-de-petits-et-de-grands-volumes\/\" target=\"_self\" class=\"button secondary is-bevel knowledge\"  >\n    <span>Lire la suite<\/span>\n  <\/a>\n\n\t\t<\/div>\n\t\t\t\t\n<style>\n#col-357337164 > .col-inner {\n  padding: 0px 0px 0px 0;\n}\n@media (min-width:550px) {\n  #col-357337164 > .col-inner {\n    padding: 0px 0px 0px 0;\n  }\n}\n<\/style>\n\t<\/div>\n\n\t\n\n\t<div id=\"col-77892532\" class=\"col medium-4 small-11 large-4\"  >\n\t\t\t\t<div class=\"col-inner\"  >\n\t\t\t\n\t\t\t\n<h2>Ce que les CDMO ont \u00e0 offrir<\/h2>\n<p>Les organisations de d\u00e9veloppement et de fabrication sous contrat (CDMO) jouent un r\u00f4le crucial dans l&rsquo;industrie des dispositifs m\u00e9dicaux en offrant des services sp\u00e9cialis\u00e9s et une expertise qui aident les entreprises de dispositifs m\u00e9dicaux \u00e0 commercialiser leurs produits plus rapidement.<\/p>\n<a href=\"https:\/\/vosfoxmedical.com\/fr\/bienvenue-a-vosfox-medical\/connaissances\/cdmo\/\" target=\"_self\" class=\"button secondary\"  >\n    <span>Lire la suite<\/span>\n  <\/a>\n\n\t\t<\/div>\n\t\t\t\t\n<style>\n#col-77892532 > .col-inner {\n  padding: 0px 0px 0px 0;\n}\n@media (min-width:550px) {\n  #col-77892532 > .col-inner {\n    padding: 0px 0px 0px 0;\n  }\n}\n<\/style>\n\t<\/div>\n\n\t\n\n\t<div id=\"col-1934640936\" class=\"col medium-4 small-11 large-4\"  >\n\t\t\t\t<div class=\"col-inner\"  >\n\t\t\t\n\t\t\t\n<h2>Conception et d\u00e9veloppement<\/h2>\n<p>Vous \u00eates \u00e9tudiant ou chercheur et vous souhaitez transformer une invention en dispositif m\u00e9dical ? Lisez cet article sur le processus de conception et de d\u00e9veloppement et contactez-nous pour obtenir des conseils. Nous pouvons vous aider dans le cadre du processus de conception et de d\u00e9veloppement (D&amp;D).  <\/p>\n<a href=\"https:\/\/vosfoxmedical.com\/fr\/bienvenue-a-vosfox-medical\/connaissances\/conception-et-developpement\/\" target=\"_self\" class=\"button secondary is-bevel knowledge\"  >\n    <span>Lire la suite<\/span>\n  <\/a>\n\n\t\t<\/div>\n\t\t\t\t\n<style>\n#col-1934640936 > .col-inner {\n  padding: 0px 0px 0px 0;\n}\n@media (min-width:550px) {\n  #col-1934640936 > .col-inner {\n    padding: 0px 0px 0px 0;\n  }\n}\n<\/style>\n\t<\/div>\n\n\t\n\n\t<div id=\"col-1296724962\" class=\"col medium-4 small-12 large-4\"  >\n\t\t\t\t<div class=\"col-inner\"  >\n\t\t\t\n\t\t\t\n<h2>Comment commencer les essais de biocompatibilit\u00e9<\/h2>\n<p>Les tests de biocompatibilit\u00e9 permettent de v\u00e9rifier si votre dispositif m\u00e9dical est compatible avec les tissus et les syst\u00e8mes vivants. Pour les dispositifs m\u00e9dicaux, l&rsquo;\u00e9quipementier doit effectuer ces tests conform\u00e9ment \u00e0 la norme ISO10993. La norme comporte 20 parties et peut \u00eatre assez d\u00e9routante. Dans cet article, nous essayons de vous donner une bonne vue d&rsquo;ensemble.   <\/p>\n<a href=\"https:\/\/vosfoxmedical.com\/fr\/bienvenue-a-vosfox-medical\/connaissances\/biocompatibilite\/\" target=\"_self\" class=\"button secondary is-bevel knowledge\"  >\n    <span>Lire la suite<\/span>\n  <\/a>\n\n\t\t<\/div>\n\t\t\t\t\t<\/div>\n\n\t\n<\/div>\n\t\t<\/div>\n\n\t\t\n<style>\n#section_2079861161 {\n  padding-top: 30px;\n  padding-bottom: 30px;\n}\n#section_2079861161 .ux-shape-divider--top svg {\n  height: 150px;\n  --divider-top-width: 100%;\n}\n#section_2079861161 .ux-shape-divider--bottom svg {\n  height: 150px;\n  --divider-width: 100%;\n}\n@media (min-width:550px) {\n  #section_2079861161 {\n    padding-top: 70px;\n    padding-bottom: 70px;\n  }\n}\n<\/style>\n\t<\/section>\n\t\n","protected":false},"excerpt":{"rendered":"","protected":false},"author":3,"featured_media":0,"parent":2553,"menu_order":0,"comment_status":"closed","ping_status":"closed","template":"page-blank.php","meta":{"footnotes":""},"class_list":["post-3378","page","type-page","status-publish","hentry"],"yoast_head":"<!-- This site is optimized with the Yoast SEO Premium plugin v24.2 (Yoast SEO v27.4) - https:\/\/yoast.com\/product\/yoast-seo-premium-wordpress\/ -->\n<title>Connaissances | articles informatifs | libre acc\u00e8s<\/title>\n<meta name=\"description\" content=\"Sur cette page, vous trouverez des articles informatifs sur diff\u00e9rents sujets concernant l&#039;assurance qualit\u00e9, les technologies et d&#039;autres sujets int\u00e9ressants.\" \/>\n<meta name=\"robots\" content=\"index, follow, max-snippet:-1, max-image-preview:large, max-video-preview:-1\" \/>\n<link rel=\"canonical\" href=\"https:\/\/vosfoxmedical.com\/fr\/bienvenue-a-vosfox-medical\/connaissances\/\" \/>\n<meta property=\"og:locale\" content=\"fr_FR\" \/>\n<meta property=\"og:type\" content=\"article\" \/>\n<meta property=\"og:title\" content=\"Connaissances\" \/>\n<meta property=\"og:description\" content=\"Sur cette page, vous trouverez des articles informatifs sur diff\u00e9rents sujets concernant l&#039;assurance qualit\u00e9, les technologies et d&#039;autres sujets int\u00e9ressants.\" \/>\n<meta property=\"og:url\" content=\"https:\/\/vosfoxmedical.com\/fr\/bienvenue-a-vosfox-medical\/connaissances\/\" \/>\n<meta property=\"og:site_name\" content=\"Vosfox Medical\" \/>\n<meta property=\"article:publisher\" content=\"https:\/\/www.facebook.com\/Vosfoxmedical\" \/>\n<meta property=\"article:modified_time\" content=\"2025-04-30T14:43:31+00:00\" \/>\n<meta name=\"twitter:card\" content=\"summary_large_image\" \/>\n<meta name=\"twitter:site\" content=\"@svndevos\" \/>\n<meta name=\"twitter:label1\" content=\"Dur\u00e9e de lecture estim\u00e9e\" \/>\n\t<meta name=\"twitter:data1\" content=\"5 minutes\" \/>\n<script type=\"application\/ld+json\" class=\"yoast-schema-graph\">{\"@context\":\"https:\\\/\\\/schema.org\",\"@graph\":[{\"@type\":\"WebPage\",\"@id\":\"https:\\\/\\\/vosfoxmedical.com\\\/fr\\\/bienvenue-a-vosfox-medical\\\/connaissances\\\/\",\"url\":\"https:\\\/\\\/vosfoxmedical.com\\\/fr\\\/bienvenue-a-vosfox-medical\\\/connaissances\\\/\",\"name\":\"Connaissances | articles informatifs | libre acc\u00e8s\",\"isPartOf\":{\"@id\":\"https:\\\/\\\/vosfoxmedical.com\\\/fr\\\/#website\"},\"datePublished\":\"2021-06-27T15:24:28+00:00\",\"dateModified\":\"2025-04-30T14:43:31+00:00\",\"description\":\"Sur cette page, vous trouverez des articles informatifs sur diff\u00e9rents sujets concernant l'assurance qualit\u00e9, les technologies et d'autres sujets int\u00e9ressants.\",\"breadcrumb\":{\"@id\":\"https:\\\/\\\/vosfoxmedical.com\\\/fr\\\/bienvenue-a-vosfox-medical\\\/connaissances\\\/#breadcrumb\"},\"inLanguage\":\"fr-FR\",\"potentialAction\":[{\"@type\":\"ReadAction\",\"target\":[\"https:\\\/\\\/vosfoxmedical.com\\\/fr\\\/bienvenue-a-vosfox-medical\\\/connaissances\\\/\"]}]},{\"@type\":\"BreadcrumbList\",\"@id\":\"https:\\\/\\\/vosfoxmedical.com\\\/fr\\\/bienvenue-a-vosfox-medical\\\/connaissances\\\/#breadcrumb\",\"itemListElement\":[{\"@type\":\"ListItem\",\"position\":1,\"name\":\"Home\",\"item\":\"https:\\\/\\\/vosfoxmedical.com\\\/fr\\\/\"},{\"@type\":\"ListItem\",\"position\":2,\"name\":\"Bienvenue \u00e0 Vosfox Medical\",\"item\":\"https:\\\/\\\/vosfoxmedical.com\\\/fr\\\/\"},{\"@type\":\"ListItem\",\"position\":3,\"name\":\"Connaissances\"}]},{\"@type\":\"WebSite\",\"@id\":\"https:\\\/\\\/vosfoxmedical.com\\\/fr\\\/#website\",\"url\":\"https:\\\/\\\/vosfoxmedical.com\\\/fr\\\/\",\"name\":\"vosfoxmedical.com\",\"description\":\"Low-volume contract manufacturing organisation\",\"publisher\":{\"@id\":\"https:\\\/\\\/vosfoxmedical.com\\\/fr\\\/#organization\"},\"potentialAction\":[{\"@type\":\"SearchAction\",\"target\":{\"@type\":\"EntryPoint\",\"urlTemplate\":\"https:\\\/\\\/vosfoxmedical.com\\\/fr\\\/?s={search_term_string}\"},\"query-input\":{\"@type\":\"PropertyValueSpecification\",\"valueRequired\":true,\"valueName\":\"search_term_string\"}}],\"inLanguage\":\"fr-FR\"},{\"@type\":\"Organization\",\"@id\":\"https:\\\/\\\/vosfoxmedical.com\\\/fr\\\/#organization\",\"name\":\"Vosfox Medical\",\"url\":\"https:\\\/\\\/vosfoxmedical.com\\\/fr\\\/\",\"logo\":{\"@type\":\"ImageObject\",\"inLanguage\":\"fr-FR\",\"@id\":\"https:\\\/\\\/vosfoxmedical.com\\\/fr\\\/#\\\/schema\\\/logo\\\/image\\\/\",\"url\":\"https:\\\/\\\/i0.wp.com\\\/vosfoxmedical.com\\\/wp-content\\\/uploads\\\/2021\\\/06\\\/vosfox_medical_logo.png?fit=8594%2C2813&ssl=1\",\"contentUrl\":\"https:\\\/\\\/i0.wp.com\\\/vosfoxmedical.com\\\/wp-content\\\/uploads\\\/2021\\\/06\\\/vosfox_medical_logo.png?fit=8594%2C2813&ssl=1\",\"width\":8594,\"height\":2813,\"caption\":\"Vosfox Medical\"},\"image\":{\"@id\":\"https:\\\/\\\/vosfoxmedical.com\\\/fr\\\/#\\\/schema\\\/logo\\\/image\\\/\"},\"sameAs\":[\"https:\\\/\\\/www.facebook.com\\\/Vosfoxmedical\",\"https:\\\/\\\/x.com\\\/svndevos\",\"https:\\\/\\\/www.instagram.com\\\/\",\"https:\\\/\\\/www.linkedin.com\\\/company\\\/11022599\\\/\"]}]}<\/script>\n<!-- \/ Yoast SEO Premium plugin. -->","yoast_head_json":{"title":"Connaissances | articles informatifs | libre acc\u00e8s","description":"Sur cette page, vous trouverez des articles informatifs sur diff\u00e9rents sujets concernant l'assurance qualit\u00e9, les technologies et d'autres sujets int\u00e9ressants.","robots":{"index":"index","follow":"follow","max-snippet":"max-snippet:-1","max-image-preview":"max-image-preview:large","max-video-preview":"max-video-preview:-1"},"canonical":"https:\/\/vosfoxmedical.com\/fr\/bienvenue-a-vosfox-medical\/connaissances\/","og_locale":"fr_FR","og_type":"article","og_title":"Connaissances","og_description":"Sur cette page, vous trouverez des articles informatifs sur diff\u00e9rents sujets concernant l'assurance qualit\u00e9, les technologies et d'autres sujets int\u00e9ressants.","og_url":"https:\/\/vosfoxmedical.com\/fr\/bienvenue-a-vosfox-medical\/connaissances\/","og_site_name":"Vosfox Medical","article_publisher":"https:\/\/www.facebook.com\/Vosfoxmedical","article_modified_time":"2025-04-30T14:43:31+00:00","twitter_card":"summary_large_image","twitter_site":"@svndevos","twitter_misc":{"Dur\u00e9e de lecture estim\u00e9e":"5 minutes"},"schema":{"@context":"https:\/\/schema.org","@graph":[{"@type":"WebPage","@id":"https:\/\/vosfoxmedical.com\/fr\/bienvenue-a-vosfox-medical\/connaissances\/","url":"https:\/\/vosfoxmedical.com\/fr\/bienvenue-a-vosfox-medical\/connaissances\/","name":"Connaissances | articles informatifs | libre acc\u00e8s","isPartOf":{"@id":"https:\/\/vosfoxmedical.com\/fr\/#website"},"datePublished":"2021-06-27T15:24:28+00:00","dateModified":"2025-04-30T14:43:31+00:00","description":"Sur cette page, vous trouverez des articles informatifs sur diff\u00e9rents sujets concernant l'assurance qualit\u00e9, les technologies et d'autres sujets int\u00e9ressants.","breadcrumb":{"@id":"https:\/\/vosfoxmedical.com\/fr\/bienvenue-a-vosfox-medical\/connaissances\/#breadcrumb"},"inLanguage":"fr-FR","potentialAction":[{"@type":"ReadAction","target":["https:\/\/vosfoxmedical.com\/fr\/bienvenue-a-vosfox-medical\/connaissances\/"]}]},{"@type":"BreadcrumbList","@id":"https:\/\/vosfoxmedical.com\/fr\/bienvenue-a-vosfox-medical\/connaissances\/#breadcrumb","itemListElement":[{"@type":"ListItem","position":1,"name":"Home","item":"https:\/\/vosfoxmedical.com\/fr\/"},{"@type":"ListItem","position":2,"name":"Bienvenue \u00e0 Vosfox Medical","item":"https:\/\/vosfoxmedical.com\/fr\/"},{"@type":"ListItem","position":3,"name":"Connaissances"}]},{"@type":"WebSite","@id":"https:\/\/vosfoxmedical.com\/fr\/#website","url":"https:\/\/vosfoxmedical.com\/fr\/","name":"vosfoxmedical.com","description":"Low-volume contract manufacturing organisation","publisher":{"@id":"https:\/\/vosfoxmedical.com\/fr\/#organization"},"potentialAction":[{"@type":"SearchAction","target":{"@type":"EntryPoint","urlTemplate":"https:\/\/vosfoxmedical.com\/fr\/?s={search_term_string}"},"query-input":{"@type":"PropertyValueSpecification","valueRequired":true,"valueName":"search_term_string"}}],"inLanguage":"fr-FR"},{"@type":"Organization","@id":"https:\/\/vosfoxmedical.com\/fr\/#organization","name":"Vosfox Medical","url":"https:\/\/vosfoxmedical.com\/fr\/","logo":{"@type":"ImageObject","inLanguage":"fr-FR","@id":"https:\/\/vosfoxmedical.com\/fr\/#\/schema\/logo\/image\/","url":"https:\/\/i0.wp.com\/vosfoxmedical.com\/wp-content\/uploads\/2021\/06\/vosfox_medical_logo.png?fit=8594%2C2813&ssl=1","contentUrl":"https:\/\/i0.wp.com\/vosfoxmedical.com\/wp-content\/uploads\/2021\/06\/vosfox_medical_logo.png?fit=8594%2C2813&ssl=1","width":8594,"height":2813,"caption":"Vosfox Medical"},"image":{"@id":"https:\/\/vosfoxmedical.com\/fr\/#\/schema\/logo\/image\/"},"sameAs":["https:\/\/www.facebook.com\/Vosfoxmedical","https:\/\/x.com\/svndevos","https:\/\/www.instagram.com\/","https:\/\/www.linkedin.com\/company\/11022599\/"]}]}},"jetpack-related-posts":[],"jetpack_sharing_enabled":true,"_links":{"self":[{"href":"https:\/\/vosfoxmedical.com\/fr\/wp-json\/wp\/v2\/pages\/3378","targetHints":{"allow":["GET"]}}],"collection":[{"href":"https:\/\/vosfoxmedical.com\/fr\/wp-json\/wp\/v2\/pages"}],"about":[{"href":"https:\/\/vosfoxmedical.com\/fr\/wp-json\/wp\/v2\/types\/page"}],"author":[{"embeddable":true,"href":"https:\/\/vosfoxmedical.com\/fr\/wp-json\/wp\/v2\/users\/3"}],"replies":[{"embeddable":true,"href":"https:\/\/vosfoxmedical.com\/fr\/wp-json\/wp\/v2\/comments?post=3378"}],"version-history":[{"count":4,"href":"https:\/\/vosfoxmedical.com\/fr\/wp-json\/wp\/v2\/pages\/3378\/revisions"}],"predecessor-version":[{"id":3390,"href":"https:\/\/vosfoxmedical.com\/fr\/wp-json\/wp\/v2\/pages\/3378\/revisions\/3390"}],"up":[{"embeddable":true,"href":"https:\/\/vosfoxmedical.com\/fr\/wp-json\/wp\/v2\/pages\/2553"}],"wp:attachment":[{"href":"https:\/\/vosfoxmedical.com\/fr\/wp-json\/wp\/v2\/media?parent=3378"}],"curies":[{"name":"wp","href":"https:\/\/api.w.org\/{rel}","templated":true}]}}