{"id":2927,"date":"2023-04-12T17:07:05","date_gmt":"2023-04-12T16:07:05","guid":{"rendered":"https:\/\/vosfoxmedical.com\/fabrication-en-sous-traitance\/assemblee\/"},"modified":"2025-02-26T15:08:26","modified_gmt":"2025-02-26T14:08:26","slug":"assemblee","status":"publish","type":"page","link":"https:\/\/vosfoxmedical.com\/fr\/services-2\/fabrication-en-sous-traitance\/assemblee\/","title":{"rendered":"Assembl\u00e9e"},"content":{"rendered":"\t<section class=\"section dark\" id=\"section_1998974578\">\n\t\t<div class=\"bg section-bg fill bg-fill  \" >\n\n\t\t\t\n\t\t\t<div class=\"section-bg-overlay absolute fill\"><\/div>\n\t\t\t\n\n\t\t<\/div>\n\n\t\t\n\n\t\t<div class=\"section-content relative\">\n\t\t\t\n<div class=\"row\" style=\"max-width:1300px\" id=\"row-128711806\">\n\n\t<div id=\"col-1610377975\" class=\"col medium-12 small-12 large-11\"  >\n\t\t\t\t<div class=\"col-inner\"  >\n\t\t\t\n\t\t\t\n\t<div id=\"text-3572108965\" class=\"text\">\n\t\t\n<h1 class=\"entry-title\">Assembl\u00e9e<\/h1>\n<h2>  de dispositifs m\u00e9dicaux \u00e0 faible volume<\/p>\n\t\t\n<style>\n#text-3572108965 {\n  font-size: 1.55rem;\n}\n<\/style>\n\t<\/div>\n\t\n\t\t<\/div>\n\t\t\t\t\t<\/div>\n\n\t\n<\/div>\n\t\t<\/div>\n\n\t\t\n<style>\n#section_1998974578 {\n  padding-top: 30px;\n  padding-bottom: 30px;\n  min-height: 400px;\n  background-color: rgb(44, 49, 63);\n}\n#section_1998974578 .section-bg-overlay {\n  background-color: rgb(44, 49, 63);\n}\n#section_1998974578 .section-bg.bg-loaded {\n  background-image: url(https:\/\/vosfoxmedical.com\/wp-content\/uploads\/2021\/06\/img-thunderstorm.jpg);\n}\n#section_1998974578 .section-bg {\n  background-position: 90% 59%;\n}\n#section_1998974578 .ux-shape-divider--top svg {\n  height: 150px;\n  --divider-top-width: 100%;\n}\n#section_1998974578 .ux-shape-divider--bottom svg {\n  height: 150px;\n  --divider-width: 100%;\n}\n@media (min-width:550px) {\n  #section_1998974578 {\n    min-height: 400px;\n  }\n}\n@media (min-width:850px) {\n  #section_1998974578 {\n    min-height: 600px;\n  }\n}\n<\/style>\n\t<\/section>\n\t\n<div class=\"row align-bottom\" style=\"max-width:1300px\" id=\"row-1279294935\">\n\n\t<div id=\"col-529455025\" class=\"col medium-12 small-12 large-4\"  >\n\t\t\t\t<div class=\"col-inner\"  >\n\t\t\t\n\t\t\t\n\t<div id=\"gap-1213283807\" class=\"gap-element clearfix\" style=\"display:block; height:auto;\">\n\t\t\n<style>\n#gap-1213283807 {\n  padding-top: 0px;\n}\n@media (min-width:550px) {\n  #gap-1213283807 {\n    padding-top: 0px;\n  }\n}\n@media (min-width:850px) {\n  #gap-1213283807 {\n    padding-top: 35px;\n  }\n}\n<\/style>\n\t<\/div>\n\t\n\t\t<\/div>\n\t\t\t\t\t<\/div>\n\n\t\n\n\t<div id=\"col-1512396926\" class=\"col medium-12 small-12 large-8 medium-col-first\"  >\n\t\t\t\t<div class=\"col-inner\"  >\n\t\t\t\n\t\t\t\n\n  <div class=\"banner has-hover\" id=\"banner-752657060\">\n          <div class=\"banner-inner fill\">\n        <div class=\"banner-bg fill\" >\n            <div class=\"bg fill bg-fill \"><\/div>\n                                    \n                    <\/div>\n\t\t\n        <div class=\"banner-layers container\">\n            <div class=\"fill banner-link\"><\/div>            \n        <\/div>\n      <\/div>\n\n            \n<style>\n#banner-752657060 {\n  padding-top: 300px;\n  background-color: rgb(255,255,255);\n}\n#banner-752657060 .bg.bg-loaded {\n  background-image: url(https:\/\/vosfoxmedical.com\/wp-content\/uploads\/2021\/06\/photo-assembly.jpg);\n}\n#banner-752657060 .bg {\n  background-position: 68% 94%;\n}\n#banner-752657060 .ux-shape-divider--top svg {\n  height: 150px;\n  --divider-top-width: 100%;\n}\n#banner-752657060 .ux-shape-divider--bottom svg {\n  height: 150px;\n  --divider-width: 100%;\n}\n@media (min-width:550px) {\n  #banner-752657060 {\n    padding-top: 600px;\n  }\n}\n<\/style>\n  <\/div>\n\n\n\t\t<\/div>\n\t\t\t\t\n<style>\n#col-1512396926 > .col-inner {\n  margin: -120px 0px 0px 0px;\n}\n@media (min-width:550px) {\n  #col-1512396926 > .col-inner {\n    margin: -120px 0px 0px 0px;\n  }\n}\n@media (min-width:850px) {\n  #col-1512396926 > .col-inner {\n    margin: -500px 0px 0px 0px;\n  }\n}\n<\/style>\n\t<\/div>\n\n\t\n<\/div>\n<div class=\"row row-large align-equal align-right\"  id=\"row-1006030197\">\n\n\t<div id=\"col-602746660\" class=\"col medium-12 small-12 large-12\"  >\n\t\t\t\t<div class=\"col-inner\"  >\n\t\t\t\n\t\t\t\n<p class=\"lead\">Chez Vosfox Medical, nous pouvons assembler vos dispositifs m\u00e9dicaux. Cela peut se limiter \u00e0 faire passer un tube dans un bouchon ou \u00e0 coller deux pi\u00e8ces ensemble. Mais il est \u00e9galement possible de construire des dispositifs m\u00e9dicaux plus complexes. Notre sp\u00e9cialit\u00e9 \u00e9tant la production de faibles volumes, la majeure partie de l&rsquo;assemblage sera effectu\u00e9e manuellement. Si nous sommes capables de le faire, nous accepterons le travail.    <\/p>\n<div class=\"row\"  id=\"row-424656905\">\n\n\t<div id=\"col-1127392650\" class=\"col medium-6 small-12 large-6\"  >\n\t\t\t\t<div class=\"col-inner\"  >\n\t\t\t\n\t\t\t\n\n  <div class=\"banner has-hover\" id=\"banner-944058242\">\n          <div class=\"banner-inner fill\">\n        <div class=\"banner-bg fill\" >\n            <div class=\"bg fill bg-fill \"><\/div>\n                                    \n                    <\/div>\n\t\t\n        <div class=\"banner-layers container\">\n            <div class=\"fill banner-link\"><\/div>            \n   <div id=\"text-box-626471430\" class=\"text-box banner-layer x50 md-x50 lg-x50 y50 md-y50 lg-y50 res-text\">\n                                <div class=\"text-box-content text dark\">\n              \n              <div class=\"text-inner text-center\">\n                  \n              <\/div>\n           <\/div>\n                            \n<style>\n#text-box-626471430 {\n  width: 60%;\n}\n#text-box-626471430 .text-box-content {\n  font-size: 100%;\n}\n<\/style>\n    <\/div>\n \n        <\/div>\n      <\/div>\n\n            \n<style>\n#banner-944058242 {\n  padding-top: 380px;\n}\n#banner-944058242 .bg.bg-loaded {\n  background-image: url(https:\/\/i0.wp.com\/vosfoxmedical.com\/wp-content\/uploads\/2023\/05\/photo-assembly-md.jpg?fit=900%2C550&ssl=1);\n}\n#banner-944058242 .ux-shape-divider--top svg {\n  height: 150px;\n  --divider-top-width: 100%;\n}\n#banner-944058242 .ux-shape-divider--bottom svg {\n  height: 150px;\n  --divider-width: 100%;\n}\n<\/style>\n  <\/div>\n\n\n\t\t<\/div>\n\t\t\t\t\t<\/div>\n\n\t\n\n\t<div id=\"col-346257950\" class=\"col medium-6 small-12 large-6\"  >\n\t\t\t\t<div class=\"col-inner\"  >\n\t\t\t\n\t\t\t\n<h2>Assemblage des pi\u00e8ces<\/h2>\n<p>Chez Vosfox Medical, nous pouvons assembler vos pi\u00e8ces dans une salle blanche ISO de classe 7 ou dans un environnement propre mais non contr\u00f4l\u00e9. Cela d\u00e9pend de vos besoins. L&rsquo;assemblage en dehors de la salle blanche est moins co\u00fbteux. Voici quelques exemples de services possibles pour les dispositifs m\u00e9dicaux :   <\/p>\n<ul>\n<li>Assemblage de paquets de filtres<\/li>\n<li>Soudure par points<\/li>\n<li>Collage<\/li>\n<li>Sertissage<\/li>\n<li>remplissage (manuel)<\/li>\n<li>Essais fonctionnels<\/li>\n<\/ul>\n\t\t<\/div>\n\t\t\t\t\t<\/div>\n\n\t\n<\/div>\n\t\t<\/div>\n\t\t\t\t\t<\/div>\n\n\t\n<\/div>\n\t<div id=\"gap-60639286\" class=\"gap-element clearfix\" style=\"display:block; height:auto;\">\n\t\t\n<style>\n#gap-60639286 {\n  padding-top: 70px;\n}\n<\/style>\n\t<\/div>\n\t\n<div class=\"row\"  id=\"row-2050538924\">\n\n\t<div id=\"col-1318748660\" class=\"col medium-6 small-12 large-6\"  >\n\t\t\t\t<div class=\"col-inner\"  >\n\t\t\t\n\t\t\t\n<h2>Assemblage \u00e9lectrique de composants st\u00e9riles<\/h2>\n<p>Nous pouvons assembler vos appareils \u00e9lectriques selon la norme IEC 60601 (Medical Electrical Equipment). Nous sommes sp\u00e9cialis\u00e9s dans les produits st\u00e9riles et nous pouvons souder, laver et assembler votre dispositif m\u00e9dical avec la garantie que le couvercle reste propre et peut \u00eatre st\u00e9rilis\u00e9. Si vous pouvez nous montrer comment l&rsquo;assembler, nous pouvons le faire pour vous dans un environnement propre et contr\u00f4l\u00e9 et sous notre syst\u00e8me de qualit\u00e9.  <\/p>\n\t\t<\/div>\n\t\t\t\t\t<\/div>\n\n\t\n\n\t<div id=\"col-1671506095\" class=\"col medium-6 small-12 large-6\"  >\n\t\t\t\t<div class=\"col-inner\"  >\n\t\t\t\n\t\t\t\n\n  <div class=\"banner has-hover\" id=\"banner-1519817262\">\n          <div class=\"banner-inner fill\">\n        <div class=\"banner-bg fill\" >\n            <div class=\"bg fill bg-fill \"><\/div>\n                                    \n                    <\/div>\n\t\t\n        <div class=\"banner-layers container\">\n            <div class=\"fill banner-link\"><\/div>            \n   <div id=\"text-box-1064951228\" class=\"text-box banner-layer x50 md-x50 lg-x50 y50 md-y50 lg-y50 res-text\">\n                                <div class=\"text-box-content text dark\">\n              \n              <div class=\"text-inner text-center\">\n                  \n              <\/div>\n           <\/div>\n                            \n<style>\n#text-box-1064951228 {\n  width: 60%;\n}\n#text-box-1064951228 .text-box-content {\n  font-size: 100%;\n}\n<\/style>\n    <\/div>\n \n        <\/div>\n      <\/div>\n\n            \n<style>\n#banner-1519817262 {\n  padding-top: 303px;\n}\n#banner-1519817262 .bg.bg-loaded {\n  background-image: url(https:\/\/i0.wp.com\/vosfoxmedical.com\/wp-content\/uploads\/2023\/05\/848x425_electrical_Assembly-e1683790906201.jpg?fit=343%2C417&ssl=1);\n}\n#banner-1519817262 .ux-shape-divider--top svg {\n  height: 150px;\n  --divider-top-width: 100%;\n}\n#banner-1519817262 .ux-shape-divider--bottom svg {\n  height: 150px;\n  --divider-width: 100%;\n}\n<\/style>\n  <\/div>\n\n\n\t\t<\/div>\n\t\t\t\t\t<\/div>\n\n\t\n<\/div>\n\t<div id=\"gap-2073041871\" class=\"gap-element clearfix\" style=\"display:block; height:auto;\">\n\t\t\n<style>\n#gap-2073041871 {\n  padding-top: 70px;\n}\n<\/style>\n\t<\/div>\n\t\n<div class=\"row\"  id=\"row-498707498\">\n\n\t<div id=\"col-270227718\" class=\"col medium-6 small-12 large-6\"  >\n\t\t\t\t<div class=\"col-inner\"  >\n\t\t\t\n\t\t\t\n\n  <div class=\"banner has-hover\" id=\"banner-231134886\">\n          <div class=\"banner-inner fill\">\n        <div class=\"banner-bg fill\" >\n            <div class=\"bg fill bg-fill \"><\/div>\n                                    \n                    <\/div>\n\t\t\n        <div class=\"banner-layers container\">\n            <div class=\"fill banner-link\"><\/div>            \n   <div id=\"text-box-1626703500\" class=\"text-box banner-layer x50 md-x50 lg-x50 y50 md-y50 lg-y50 res-text\">\n                                <div class=\"text-box-content text dark\">\n              \n              <div class=\"text-inner text-center\">\n                  \n              <\/div>\n           <\/div>\n                            \n<style>\n#text-box-1626703500 {\n  width: 60%;\n}\n#text-box-1626703500 .text-box-content {\n  font-size: 100%;\n}\n<\/style>\n    <\/div>\n \n        <\/div>\n      <\/div>\n\n            \n<style>\n#banner-231134886 {\n  padding-top: 417px;\n}\n#banner-231134886 .bg.bg-loaded {\n  background-image: url(https:\/\/i0.wp.com\/vosfoxmedical.com\/wp-content\/uploads\/2023\/05\/photo-glue-printed-part.webp?fit=446%2C360&ssl=1);\n}\n#banner-231134886 .ux-shape-divider--top svg {\n  height: 150px;\n  --divider-top-width: 100%;\n}\n#banner-231134886 .ux-shape-divider--bottom svg {\n  height: 150px;\n  --divider-width: 100%;\n}\n<\/style>\n  <\/div>\n\n\n\t\t<\/div>\n\t\t\t\t\t<\/div>\n\n\t\n\n\t<div id=\"col-302228\" class=\"col medium-6 small-12 large-6\"  >\n\t\t\t\t<div class=\"col-inner\"  >\n\t\t\t\n\t\t\t\n<h2>Collage\/rev\u00eatement de pi\u00e8ces imprim\u00e9es SLA<\/h2>\n<p>Nous pouvons assembler diff\u00e9rentes pi\u00e8ces imprim\u00e9es SLA en utilisant tous les types de colle, y compris le collage \u00e0 l&rsquo;aide de la r\u00e9sine d&rsquo;impression 3D.<\/p>\n<p>Outre l&rsquo;assemblage, nous pouvons \u00e9galement rev\u00eatir les pi\u00e8ces imprim\u00e9es SLA avec la m\u00eame r\u00e9sine, ce qui augmente la douceur de la surface. Pour ce processus, le durcissement sous azote est indispensable.  Ce processus doit \u00eatre d\u00e9velopp\u00e9 pour chaque composant n\u00e9cessitant un rev\u00eatement.  <\/p>\n<p>L&rsquo;avantage d&rsquo;utiliser la r\u00e9sine SLA comme colle ou mat\u00e9riau de rev\u00eatement est qu&rsquo;aucun nouveau mat\u00e9riau n&rsquo;est introduit dans le produit. Cela r\u00e9duit le nombre d&rsquo;options extractibles ou lessivables, ce qui est important pour l&rsquo;\u00e9tude de biocompatibilit\u00e9. <\/p>\n<p>Pour plus d&rsquo;informations sur l&rsquo;impression, voir <a href=\"https:\/\/vosfoxmedical.com\/contract-manufacturing\/technologies\/medical-3d-printing\/\">Impression 3D m\u00e9dicale<\/a><\/p>\n\t\t<\/div>\n\t\t\t\t\t<\/div>\n\n\t\n<\/div>\n<div class=\"row\"  id=\"row-1991935551\">\n\n\t<div id=\"col-1534270192\" class=\"col medium-6 small-12 large-6\"  >\n\t\t\t\t<div class=\"col-inner\"  >\n\t\t\t\n\t\t\t\n\t\t<\/div>\n\t\t\t\t\t<\/div>\n\n\t\n\n\t<div id=\"col-707226727\" class=\"col medium-6 small-12 large-6\"  >\n\t\t\t\t<div class=\"col-inner\"  >\n\t\t\t\n\t\t\t\n<a href=\"https:\/\/vosfoxmedical.com\/fr\/fabrication-en-sous-traitance\/\" target=\"_self\" class=\"button primary\"  >\n    <span>Retour \u00e0 la page de pr\u00e9sentation de la fabrication sous contrat<\/span>\n  <\/a>\n\n\t\t<\/div>\n\t\t\t\t\t<\/div>\n\n\t\n<\/div>\n","protected":false},"excerpt":{"rendered":"","protected":false},"author":3,"featured_media":0,"parent":2456,"menu_order":0,"comment_status":"closed","ping_status":"closed","template":"page-blank.php","meta":{"footnotes":""},"class_list":["post-2927","page","type-page","status-publish","hentry"],"yoast_head":"<!-- This site is optimized with the Yoast SEO Premium plugin v24.2 (Yoast SEO v27.4) - https:\/\/yoast.com\/product\/yoast-seo-premium-wordpress\/ -->\n<title>Assembl\u00e9e des dispositifs m\u00e9dicaux et de leurs composants<\/title>\n<meta name=\"description\" content=\"L&#039;un des services propos\u00e9s par Vosfox Medical est l&#039;assemblage de votre dispositif m\u00e9dical. Nous pouvons r\u00e9aliser l&#039;assemblage non \u00e9lectrique et l&#039;assemblage \u00e9lectrique.\" \/>\n<meta name=\"robots\" content=\"index, follow, max-snippet:-1, max-image-preview:large, max-video-preview:-1\" \/>\n<link rel=\"canonical\" href=\"https:\/\/vosfoxmedical.com\/fr\/services-2\/fabrication-en-sous-traitance\/assemblee\/\" \/>\n<meta property=\"og:locale\" content=\"fr_FR\" \/>\n<meta property=\"og:type\" content=\"article\" \/>\n<meta property=\"og:title\" content=\"Assembl\u00e9e\" \/>\n<meta property=\"og:description\" content=\"L&#039;un des services propos\u00e9s par Vosfox Medical est l&#039;assemblage de votre dispositif m\u00e9dical. Nous pouvons r\u00e9aliser l&#039;assemblage non \u00e9lectrique et l&#039;assemblage \u00e9lectrique.\" \/>\n<meta property=\"og:url\" content=\"https:\/\/vosfoxmedical.com\/fr\/services-2\/fabrication-en-sous-traitance\/assemblee\/\" \/>\n<meta property=\"og:site_name\" content=\"Vosfox Medical\" \/>\n<meta property=\"article:publisher\" content=\"https:\/\/www.facebook.com\/Vosfoxmedical\" \/>\n<meta property=\"article:modified_time\" content=\"2025-02-26T14:08:26+00:00\" \/>\n<meta name=\"twitter:card\" content=\"summary_large_image\" \/>\n<meta name=\"twitter:site\" content=\"@svndevos\" \/>\n<meta name=\"twitter:label1\" content=\"Dur\u00e9e de lecture estim\u00e9e\" \/>\n\t<meta name=\"twitter:data1\" content=\"3 minutes\" \/>\n<script type=\"application\/ld+json\" class=\"yoast-schema-graph\">{\"@context\":\"https:\\\/\\\/schema.org\",\"@graph\":[{\"@type\":\"WebPage\",\"@id\":\"https:\\\/\\\/vosfoxmedical.com\\\/fr\\\/services-2\\\/fabrication-en-sous-traitance\\\/assemblee\\\/\",\"url\":\"https:\\\/\\\/vosfoxmedical.com\\\/fr\\\/services-2\\\/fabrication-en-sous-traitance\\\/assemblee\\\/\",\"name\":\"Assembl\u00e9e des dispositifs m\u00e9dicaux et de leurs composants\",\"isPartOf\":{\"@id\":\"https:\\\/\\\/vosfoxmedical.com\\\/fr\\\/#website\"},\"datePublished\":\"2023-04-12T16:07:05+00:00\",\"dateModified\":\"2025-02-26T14:08:26+00:00\",\"description\":\"L'un des services propos\u00e9s par Vosfox Medical est l'assemblage de votre dispositif m\u00e9dical. Nous pouvons r\u00e9aliser l'assemblage non \u00e9lectrique et l'assemblage \u00e9lectrique.\",\"breadcrumb\":{\"@id\":\"https:\\\/\\\/vosfoxmedical.com\\\/fr\\\/services-2\\\/fabrication-en-sous-traitance\\\/assemblee\\\/#breadcrumb\"},\"inLanguage\":\"fr-FR\",\"potentialAction\":[{\"@type\":\"ReadAction\",\"target\":[\"https:\\\/\\\/vosfoxmedical.com\\\/fr\\\/services-2\\\/fabrication-en-sous-traitance\\\/assemblee\\\/\"]}]},{\"@type\":\"BreadcrumbList\",\"@id\":\"https:\\\/\\\/vosfoxmedical.com\\\/fr\\\/services-2\\\/fabrication-en-sous-traitance\\\/assemblee\\\/#breadcrumb\",\"itemListElement\":[{\"@type\":\"ListItem\",\"position\":1,\"name\":\"Home\",\"item\":\"https:\\\/\\\/vosfoxmedical.com\\\/fr\\\/\"},{\"@type\":\"ListItem\",\"position\":2,\"name\":\"Services\",\"item\":\"https:\\\/\\\/vosfoxmedical.com\\\/fr\\\/services-2\\\/\"},{\"@type\":\"ListItem\",\"position\":3,\"name\":\"Fabrication\",\"item\":\"https:\\\/\\\/vosfoxmedical.com\\\/fr\\\/services-2\\\/fabrication-en-sous-traitance\\\/\"},{\"@type\":\"ListItem\",\"position\":4,\"name\":\"Assembl\u00e9e\"}]},{\"@type\":\"WebSite\",\"@id\":\"https:\\\/\\\/vosfoxmedical.com\\\/fr\\\/#website\",\"url\":\"https:\\\/\\\/vosfoxmedical.com\\\/fr\\\/\",\"name\":\"vosfoxmedical.com\",\"description\":\"Low-volume contract manufacturing organisation\",\"publisher\":{\"@id\":\"https:\\\/\\\/vosfoxmedical.com\\\/fr\\\/#organization\"},\"potentialAction\":[{\"@type\":\"SearchAction\",\"target\":{\"@type\":\"EntryPoint\",\"urlTemplate\":\"https:\\\/\\\/vosfoxmedical.com\\\/fr\\\/?s={search_term_string}\"},\"query-input\":{\"@type\":\"PropertyValueSpecification\",\"valueRequired\":true,\"valueName\":\"search_term_string\"}}],\"inLanguage\":\"fr-FR\"},{\"@type\":\"Organization\",\"@id\":\"https:\\\/\\\/vosfoxmedical.com\\\/fr\\\/#organization\",\"name\":\"Vosfox Medical\",\"url\":\"https:\\\/\\\/vosfoxmedical.com\\\/fr\\\/\",\"logo\":{\"@type\":\"ImageObject\",\"inLanguage\":\"fr-FR\",\"@id\":\"https:\\\/\\\/vosfoxmedical.com\\\/fr\\\/#\\\/schema\\\/logo\\\/image\\\/\",\"url\":\"https:\\\/\\\/i0.wp.com\\\/vosfoxmedical.com\\\/wp-content\\\/uploads\\\/2021\\\/06\\\/vosfox_medical_logo.png?fit=8594%2C2813&ssl=1\",\"contentUrl\":\"https:\\\/\\\/i0.wp.com\\\/vosfoxmedical.com\\\/wp-content\\\/uploads\\\/2021\\\/06\\\/vosfox_medical_logo.png?fit=8594%2C2813&ssl=1\",\"width\":8594,\"height\":2813,\"caption\":\"Vosfox Medical\"},\"image\":{\"@id\":\"https:\\\/\\\/vosfoxmedical.com\\\/fr\\\/#\\\/schema\\\/logo\\\/image\\\/\"},\"sameAs\":[\"https:\\\/\\\/www.facebook.com\\\/Vosfoxmedical\",\"https:\\\/\\\/x.com\\\/svndevos\",\"https:\\\/\\\/www.instagram.com\\\/\",\"https:\\\/\\\/www.linkedin.com\\\/company\\\/11022599\\\/\"]}]}<\/script>\n<!-- \/ Yoast SEO Premium plugin. -->","yoast_head_json":{"title":"Assembl\u00e9e des dispositifs m\u00e9dicaux et de leurs composants","description":"L'un des services propos\u00e9s par Vosfox Medical est l'assemblage de votre dispositif m\u00e9dical. Nous pouvons r\u00e9aliser l'assemblage non \u00e9lectrique et l'assemblage \u00e9lectrique.","robots":{"index":"index","follow":"follow","max-snippet":"max-snippet:-1","max-image-preview":"max-image-preview:large","max-video-preview":"max-video-preview:-1"},"canonical":"https:\/\/vosfoxmedical.com\/fr\/services-2\/fabrication-en-sous-traitance\/assemblee\/","og_locale":"fr_FR","og_type":"article","og_title":"Assembl\u00e9e","og_description":"L'un des services propos\u00e9s par Vosfox Medical est l'assemblage de votre dispositif m\u00e9dical. Nous pouvons r\u00e9aliser l'assemblage non \u00e9lectrique et l'assemblage \u00e9lectrique.","og_url":"https:\/\/vosfoxmedical.com\/fr\/services-2\/fabrication-en-sous-traitance\/assemblee\/","og_site_name":"Vosfox Medical","article_publisher":"https:\/\/www.facebook.com\/Vosfoxmedical","article_modified_time":"2025-02-26T14:08:26+00:00","twitter_card":"summary_large_image","twitter_site":"@svndevos","twitter_misc":{"Dur\u00e9e de lecture estim\u00e9e":"3 minutes"},"schema":{"@context":"https:\/\/schema.org","@graph":[{"@type":"WebPage","@id":"https:\/\/vosfoxmedical.com\/fr\/services-2\/fabrication-en-sous-traitance\/assemblee\/","url":"https:\/\/vosfoxmedical.com\/fr\/services-2\/fabrication-en-sous-traitance\/assemblee\/","name":"Assembl\u00e9e des dispositifs m\u00e9dicaux et de leurs composants","isPartOf":{"@id":"https:\/\/vosfoxmedical.com\/fr\/#website"},"datePublished":"2023-04-12T16:07:05+00:00","dateModified":"2025-02-26T14:08:26+00:00","description":"L'un des services propos\u00e9s par Vosfox Medical est l'assemblage de votre dispositif m\u00e9dical. Nous pouvons r\u00e9aliser l'assemblage non \u00e9lectrique et l'assemblage \u00e9lectrique.","breadcrumb":{"@id":"https:\/\/vosfoxmedical.com\/fr\/services-2\/fabrication-en-sous-traitance\/assemblee\/#breadcrumb"},"inLanguage":"fr-FR","potentialAction":[{"@type":"ReadAction","target":["https:\/\/vosfoxmedical.com\/fr\/services-2\/fabrication-en-sous-traitance\/assemblee\/"]}]},{"@type":"BreadcrumbList","@id":"https:\/\/vosfoxmedical.com\/fr\/services-2\/fabrication-en-sous-traitance\/assemblee\/#breadcrumb","itemListElement":[{"@type":"ListItem","position":1,"name":"Home","item":"https:\/\/vosfoxmedical.com\/fr\/"},{"@type":"ListItem","position":2,"name":"Services","item":"https:\/\/vosfoxmedical.com\/fr\/services-2\/"},{"@type":"ListItem","position":3,"name":"Fabrication","item":"https:\/\/vosfoxmedical.com\/fr\/services-2\/fabrication-en-sous-traitance\/"},{"@type":"ListItem","position":4,"name":"Assembl\u00e9e"}]},{"@type":"WebSite","@id":"https:\/\/vosfoxmedical.com\/fr\/#website","url":"https:\/\/vosfoxmedical.com\/fr\/","name":"vosfoxmedical.com","description":"Low-volume contract manufacturing organisation","publisher":{"@id":"https:\/\/vosfoxmedical.com\/fr\/#organization"},"potentialAction":[{"@type":"SearchAction","target":{"@type":"EntryPoint","urlTemplate":"https:\/\/vosfoxmedical.com\/fr\/?s={search_term_string}"},"query-input":{"@type":"PropertyValueSpecification","valueRequired":true,"valueName":"search_term_string"}}],"inLanguage":"fr-FR"},{"@type":"Organization","@id":"https:\/\/vosfoxmedical.com\/fr\/#organization","name":"Vosfox Medical","url":"https:\/\/vosfoxmedical.com\/fr\/","logo":{"@type":"ImageObject","inLanguage":"fr-FR","@id":"https:\/\/vosfoxmedical.com\/fr\/#\/schema\/logo\/image\/","url":"https:\/\/i0.wp.com\/vosfoxmedical.com\/wp-content\/uploads\/2021\/06\/vosfox_medical_logo.png?fit=8594%2C2813&ssl=1","contentUrl":"https:\/\/i0.wp.com\/vosfoxmedical.com\/wp-content\/uploads\/2021\/06\/vosfox_medical_logo.png?fit=8594%2C2813&ssl=1","width":8594,"height":2813,"caption":"Vosfox Medical"},"image":{"@id":"https:\/\/vosfoxmedical.com\/fr\/#\/schema\/logo\/image\/"},"sameAs":["https:\/\/www.facebook.com\/Vosfoxmedical","https:\/\/x.com\/svndevos","https:\/\/www.instagram.com\/","https:\/\/www.linkedin.com\/company\/11022599\/"]}]}},"jetpack-related-posts":[],"jetpack_sharing_enabled":true,"_links":{"self":[{"href":"https:\/\/vosfoxmedical.com\/fr\/wp-json\/wp\/v2\/pages\/2927","targetHints":{"allow":["GET"]}}],"collection":[{"href":"https:\/\/vosfoxmedical.com\/fr\/wp-json\/wp\/v2\/pages"}],"about":[{"href":"https:\/\/vosfoxmedical.com\/fr\/wp-json\/wp\/v2\/types\/page"}],"author":[{"embeddable":true,"href":"https:\/\/vosfoxmedical.com\/fr\/wp-json\/wp\/v2\/users\/3"}],"replies":[{"embeddable":true,"href":"https:\/\/vosfoxmedical.com\/fr\/wp-json\/wp\/v2\/comments?post=2927"}],"version-history":[{"count":5,"href":"https:\/\/vosfoxmedical.com\/fr\/wp-json\/wp\/v2\/pages\/2927\/revisions"}],"predecessor-version":[{"id":3080,"href":"https:\/\/vosfoxmedical.com\/fr\/wp-json\/wp\/v2\/pages\/2927\/revisions\/3080"}],"up":[{"embeddable":true,"href":"https:\/\/vosfoxmedical.com\/fr\/wp-json\/wp\/v2\/pages\/2456"}],"wp:attachment":[{"href":"https:\/\/vosfoxmedical.com\/fr\/wp-json\/wp\/v2\/media?parent=2927"}],"curies":[{"name":"wp","href":"https:\/\/api.w.org\/{rel}","templated":true}]}}