{"id":2882,"date":"2023-06-01T16:56:09","date_gmt":"2023-06-01T15:56:09","guid":{"rendered":"https:\/\/vosfoxmedical.com\/technologies\/moulage-par-injection\/"},"modified":"2024-10-09T13:01:59","modified_gmt":"2024-10-09T12:01:59","slug":"moulage-par-injection","status":"publish","type":"page","link":"https:\/\/vosfoxmedical.com\/fr\/technologies\/moulage-par-injection\/","title":{"rendered":"Moulage par injection"},"content":{"rendered":"\t<section class=\"section dark\" id=\"section_1684061834\">\n\t\t<div class=\"bg section-bg fill bg-fill  \" >\n\n\t\t\t\n\t\t\t<div class=\"section-bg-overlay absolute fill\"><\/div>\n\t\t\t\n\n\t\t<\/div>\n\n\t\t\n\n\t\t<div class=\"section-content relative\">\n\t\t\t\n<div class=\"row\" style=\"max-width:1300px\" id=\"row-708770354\">\n\n\t<div id=\"col-1972086364\" class=\"col medium-12 small-12 large-8\"  >\n\t\t\t\t<div class=\"col-inner\"  >\n\t\t\t\n\t\t\t\n\t<div id=\"text-3105492336\" class=\"text\">\n\t\t\n<h1 class=\"entry-title\">Moulage par injection<\/h1>\n\t\t\n<style>\n#text-3105492336 {\n  font-size: 2.75rem;\n}\n<\/style>\n\t<\/div>\n\t\n\t\t<\/div>\n\t\t\t\t\t<\/div>\n\n\t\n<\/div>\n\t\t<\/div>\n\n\t\t\n<style>\n#section_1684061834 {\n  padding-top: 30px;\n  padding-bottom: 30px;\n  min-height: 400px;\n  background-color: rgb(44, 49, 63);\n}\n#section_1684061834 .section-bg-overlay {\n  background-color: rgb(44, 49, 63);\n}\n#section_1684061834 .section-bg.bg-loaded {\n  background-image: url(https:\/\/vosfoxmedical.com\/wp-content\/uploads\/2021\/06\/img-thunderstorm.jpg);\n}\n#section_1684061834 .section-bg {\n  background-position: 90% 59%;\n}\n#section_1684061834 .ux-shape-divider--top svg {\n  height: 150px;\n  --divider-top-width: 100%;\n}\n#section_1684061834 .ux-shape-divider--bottom svg {\n  height: 150px;\n  --divider-width: 100%;\n}\n@media (min-width:550px) {\n  #section_1684061834 {\n    min-height: 400px;\n  }\n}\n@media (min-width:850px) {\n  #section_1684061834 {\n    min-height: 600px;\n  }\n}\n<\/style>\n\t<\/section>\n\t\n<div class=\"row align-bottom\" style=\"max-width:1300px\" id=\"row-278447435\">\n\n\t<div id=\"col-1220388238\" class=\"col medium-12 small-12 large-4\"  >\n\t\t\t\t<div class=\"col-inner\"  >\n\t\t\t\n\t\t\t\n\t<div id=\"gap-133860434\" class=\"gap-element clearfix\" style=\"display:block; height:auto;\">\n\t\t\n<style>\n#gap-133860434 {\n  padding-top: 0px;\n}\n@media (min-width:550px) {\n  #gap-133860434 {\n    padding-top: 0px;\n  }\n}\n@media (min-width:850px) {\n  #gap-133860434 {\n    padding-top: 35px;\n  }\n}\n<\/style>\n\t<\/div>\n\t\n\t\t<\/div>\n\t\t\t\t\t<\/div>\n\n\t\n\n\t<div id=\"col-45153935\" class=\"col medium-12 small-12 large-8 medium-col-first\"  >\n\t\t\t\t<div class=\"col-inner\"  >\n\t\t\t\n\t\t\t\n\n  <div class=\"banner has-hover\" id=\"banner-13225692\">\n          <div class=\"banner-inner fill\">\n        <div class=\"banner-bg fill\" >\n            <div class=\"bg fill bg-fill \"><\/div>\n                                    \n                    <\/div>\n\t\t\n        <div class=\"banner-layers container\">\n            <div class=\"fill banner-link\"><\/div>            \n        <\/div>\n      <\/div>\n\n            \n<style>\n#banner-13225692 {\n  padding-top: 300px;\n  background-color: rgb(255, 255, 255);\n}\n#banner-13225692 .bg.bg-loaded {\n  background-image: url(https:\/\/vosfoxmedical.com\/wp-content\/uploads\/2021\/06\/img-injection-molding.jpg);\n}\n#banner-13225692 .bg {\n  background-position: 68% 94%;\n}\n#banner-13225692 .ux-shape-divider--top svg {\n  height: 150px;\n  --divider-top-width: 100%;\n}\n#banner-13225692 .ux-shape-divider--bottom svg {\n  height: 150px;\n  --divider-width: 100%;\n}\n@media (min-width:550px) {\n  #banner-13225692 {\n    padding-top: 600px;\n  }\n}\n<\/style>\n  <\/div>\n\n\n\t\t<\/div>\n\t\t\t\t\n<style>\n#col-45153935 > .col-inner {\n  margin: -120px 0px 0px 0px;\n}\n@media (min-width:550px) {\n  #col-45153935 > .col-inner {\n    margin: -120px 0px 0px 0px;\n  }\n}\n@media (min-width:850px) {\n  #col-45153935 > .col-inner {\n    margin: -500px 0px 0px 0px;\n  }\n}\n<\/style>\n\t<\/div>\n\n\t\n<\/div>\n\t<section class=\"section\" id=\"section_109621101\">\n\t\t<div class=\"bg section-bg fill bg-fill  bg-loaded\" >\n\n\t\t\t\n\t\t\t\n\t\t\t\n\n\t\t<\/div>\n\n\t\t\n\n\t\t<div class=\"section-content relative\">\n\t\t\t\n<div class=\"row row-large align-equal align-right\"  id=\"row-847956515\">\n\n\t<div id=\"col-530078270\" class=\"col medium-12 small-12 large-12\"  >\n\t\t\t\t<div class=\"col-inner\"  >\n\t\t\t\n\t\t\t\n<p class=\"lead\">Vosfox Medical propose le moulage par injection pour les petits volumes (1-10.000 pi\u00e8ces) de pi\u00e8ces plus petites, \u00e9galement appel\u00e9 micro-moulage.<br \/>\nLes composants de faible volume peuvent \u00eatre fabriqu\u00e9s par impression 3D (SLA) ou par moulage par injection.<br \/>\nNous vous aidons \u00e0 choisir la meilleure technologie pour votre application.  <\/p>\n<p class=\"lead\">Notre machine de moulage par injection de table est parfaite pour la fabrication de pi\u00e8ces de faible volume.<br \/>\nUn article sur la comparaison entre l&rsquo;impression 3D et le moulage par injection, y compris une comparaison entre les moules en plastique imprim\u00e9s et les moules en m\u00e9tal, est disponible dans <a href=\"https:\/\/vosfoxmedical.com\/fr\/?page_id=2552\">notre section articles.<\/a> <\/p>\n\t\t<\/div>\n\t\t\t\t\t<\/div>\n\n\t\n<\/div>\n<div class=\"row row-small\"  id=\"row-825050163\">\n\n\t<div id=\"col-1810722420\" class=\"col medium-6 small-11 large-6\"  >\n\t\t\t\t<div class=\"col-inner\"  >\n\t\t\t\n\t\t\t\n\n  <div class=\"banner has-hover\" id=\"banner-161640435\">\n          <div class=\"banner-inner fill\">\n        <div class=\"banner-bg fill\" >\n            <div class=\"bg fill bg-fill \"><\/div>\n                                    \n                    <\/div>\n\t\t\n        <div class=\"banner-layers container\">\n            <div class=\"fill banner-link\"><\/div>            \n   <div id=\"text-box-94605089\" class=\"text-box banner-layer x50 md-x50 lg-x50 y50 md-y50 lg-y50 res-text\">\n                                <div class=\"text-box-content text dark\">\n              \n              <div class=\"text-inner text-center\">\n                  \n              <\/div>\n           <\/div>\n                            \n<style>\n#text-box-94605089 {\n  width: 60%;\n}\n#text-box-94605089 .text-box-content {\n  font-size: 100%;\n}\n<\/style>\n    <\/div>\n \n        <\/div>\n      <\/div>\n\n            \n<style>\n#banner-161640435 {\n  padding-top: 127px;\n}\n#banner-161640435 .bg.bg-loaded {\n  background-image: url(https:\/\/i0.wp.com\/vosfoxmedical.com\/wp-content\/uploads\/2023\/05\/img-types-of-3d-printers-e1684154889170.png?fit=203%2C200&ssl=1);\n}\n#banner-161640435 .ux-shape-divider--top svg {\n  height: 150px;\n  --divider-top-width: 100%;\n}\n#banner-161640435 .ux-shape-divider--bottom svg {\n  height: 150px;\n  --divider-width: 100%;\n}\n<\/style>\n  <\/div>\n\n\n<h2>Impression 3D ou moulage par injection<\/h2>\n<p>La production en petites quantit\u00e9s est g\u00e9n\u00e9ralement utilis\u00e9e pour les prototypes, les produits sp\u00e9cialis\u00e9s ou les produits de niche dont la demande sur le march\u00e9 est limit\u00e9e.<br \/>\nLa production de petits volumes peut \u00eatre r\u00e9alis\u00e9e \u00e0 l&rsquo;aide de techniques de fabrication traditionnelles, telles que le moulage par injection, ou de m\u00e9thodes telles que l&rsquo;impression 3D. <\/p>\n<p>Le micro-moulage est devenu de plus en plus populaire ces derni\u00e8res ann\u00e9es, permettant de produire des pi\u00e8ces plus petites \u00e0 un co\u00fbt inf\u00e9rieur \u00e0 celui des m\u00e9thodes traditionnelles.<br \/>\nLe moulage par injection est ainsi devenu une option plus viable pour les petites s\u00e9ries et a r\u00e9duit l&rsquo;\u00e9cart entre le moulage par injection et l&rsquo;impression 3D pour la production de petits volumes de pi\u00e8ces.<br \/>\nUn autre avantage du micro-moulage est la possibilit\u00e9 d&rsquo;augmenter la production \u00e0 grande \u00e9chelle avec une conception inchang\u00e9e.  <\/p>\n\n  <div class=\"banner has-hover\" id=\"banner-1756843713\">\n          <div class=\"banner-inner fill\">\n        <div class=\"banner-bg fill\" >\n            <div class=\"bg fill bg-fill \"><\/div>\n                                    \n                    <\/div>\n\t\t\n        <div class=\"banner-layers container\">\n            <div class=\"fill banner-link\"><\/div>            \n   <div id=\"text-box-524334120\" class=\"text-box banner-layer x50 md-x50 lg-x50 y50 md-y50 lg-y50 res-text\">\n                                <div class=\"text-box-content text dark\">\n              \n              <div class=\"text-inner text-center\">\n                  \n              <\/div>\n           <\/div>\n                            \n<style>\n#text-box-524334120 {\n  width: 60%;\n}\n#text-box-524334120 .text-box-content {\n  font-size: 100%;\n}\n<\/style>\n    <\/div>\n \n        <\/div>\n      <\/div>\n\n            \n<style>\n#banner-1756843713 {\n  padding-top: 133px;\n}\n#banner-1756843713 .bg.bg-loaded {\n  background-image: url(https:\/\/i0.wp.com\/vosfoxmedical.com\/wp-content\/uploads\/2023\/06\/img-benchtop-injection-moulding.jpg?fit=338%2C188&ssl=1);\n}\n#banner-1756843713 .ux-shape-divider--top svg {\n  height: 150px;\n  --divider-top-width: 100%;\n}\n#banner-1756843713 .ux-shape-divider--bottom svg {\n  height: 150px;\n  --divider-width: 100%;\n}\n<\/style>\n  <\/div>\n\n\n<h2>Production \u00e0 petite \u00e9chelle dans une salle blanche<\/h2>\n<p>Nous pouvons placer les machines \u00e0 l&rsquo;int\u00e9rieur ou \u00e0 l&rsquo;ext\u00e9rieur de la salle blanche en fonction du projet et des exigences.<br \/>\nLorsque les pi\u00e8ces sont fabriqu\u00e9es \u00e0 l&rsquo;int\u00e9rieur de la salle blanche, nous les emballons dans des sacs scell\u00e9s pour \u00e9viter toute contamination.<br \/>\nNous veillons \u00e0 ce que les particules lib\u00e9r\u00e9es pendant la production n&rsquo;affectent pas la classification de la<a href=\"https:\/\/vosfoxmedical.com\/contract-manufacturing\/facilities\/\"> salle blanche<\/a> et ne contaminent pas d&rsquo;autres produits.  <\/p>\n<p>Si les quantit\u00e9s dont vous avez besoin d\u00e9passent notre machine de table en temps voulu, nous pouvons discuter de la possibilit\u00e9 d&rsquo;\u00e9voluer avec vous vers une machine de moulage par injection plus grande ou de soutenir le transfert vers une autre OCM.<\/p>\n\t\t<\/div>\n\t\t\t\t\n<style>\n#col-1810722420 > .col-inner {\n  padding: 0px 0px 0px 0;\n}\n@media (min-width:550px) {\n  #col-1810722420 > .col-inner {\n    padding: 0px 0px 0px 0;\n  }\n}\n<\/style>\n\t<\/div>\n\n\t\n\n\t<div id=\"col-358834224\" class=\"col medium-6 small-11 large-6\"  >\n\t\t\t\t<div class=\"col-inner\"  >\n\t\t\t\n\t\t\t\n\n  <div class=\"banner has-hover\" id=\"banner-498375036\">\n          <div class=\"banner-inner fill\">\n        <div class=\"banner-bg fill\" >\n            <div class=\"bg fill bg-fill \"><\/div>\n                                    \n                    <\/div>\n\t\t\n        <div class=\"banner-layers container\">\n            <div class=\"fill banner-link\"><\/div>            \n   <div id=\"text-box-768366957\" class=\"text-box banner-layer x50 md-x50 lg-x50 y50 md-y50 lg-y50 res-text\">\n                                <div class=\"text-box-content text dark\">\n              \n              <div class=\"text-inner text-center\">\n                  \n              <\/div>\n           <\/div>\n                            \n<style>\n#text-box-768366957 {\n  width: 60%;\n}\n#text-box-768366957 .text-box-content {\n  font-size: 100%;\n}\n<\/style>\n    <\/div>\n \n        <\/div>\n      <\/div>\n\n            \n<style>\n#banner-498375036 {\n  padding-top: 126px;\n}\n#banner-498375036 .bg.bg-loaded {\n  background-image: url(https:\/\/i0.wp.com\/vosfoxmedical.com\/wp-content\/uploads\/2023\/03\/photo-im-plastic-mould.jpg?fit=610%2C498&ssl=1);\n}\n#banner-498375036 .ux-shape-divider--top svg {\n  height: 150px;\n  --divider-top-width: 100%;\n}\n#banner-498375036 .ux-shape-divider--bottom svg {\n  height: 150px;\n  --divider-width: 100%;\n}\n<\/style>\n  <\/div>\n\n\n<h2>Moules imprim\u00e9s ou moules m\u00e9talliques<\/h2>\n<p>Les <strong>moules en plastique<\/strong> sont g\u00e9n\u00e9ralement utilis\u00e9s pour le moulage par injection de tr\u00e8s faibles volumes.<br \/>\nLe nombre exact de produits fabriqu\u00e9s \u00e0 partir du moule d\u00e9pend de diff\u00e9rents aspects (mat\u00e9riau, temp\u00e9rature, forme, pr\u00e9cision requise), mais il faut compter une centaine de produits avant que le moule ne soit us\u00e9.<br \/>\nUn moule imprim\u00e9 offre g\u00e9n\u00e9ralement une vitesse de production plus faible et une pr\u00e9cision moindre que les moules en m\u00e9tal.<br \/>\nLe d\u00e9lai de conception et de fabrication des moules imprim\u00e9s en 3D est beaucoup plus court que celui des moules en m\u00e9tal.<br \/>\nLes moules imprim\u00e9s en 3D peuvent donc \u00eatre envisag\u00e9s pour le prototypage et la production initiale.    <\/p>\n<p>Les <strong>moules en m\u00e9tal<\/strong> sont toujours utilis\u00e9s pour la production de grands volumes, avec une ou plusieurs cavit\u00e9s par moule.<br \/>\nL&rsquo;acier est plus cher que l&rsquo;aluminium, mais il est aussi plus durable.<br \/>\nLa pr\u00e9cision des moules m\u00e9talliques est sup\u00e9rieure \u00e0 celle des moules imprim\u00e9s en 3D.<br \/>\nLa complexit\u00e9 de la g\u00e9om\u00e9trie de la pi\u00e8ce, les tol\u00e9rances souhait\u00e9es et la quantit\u00e9 jouent un r\u00f4le dans le choix du moule.<br \/>\nLes moules en m\u00e9tal sont connus pour leur longue dur\u00e9e de vie (des centaines de milliers ou des millions de cycles) et leur durabilit\u00e9.    <\/p>\n<p>La dur\u00e9e de vie d&rsquo;un moule d\u00e9pend du mat\u00e9riau du moule, du mat\u00e9riau polym\u00e8re moul\u00e9, des conditions d&rsquo;utilisation et du programme d&rsquo;entretien. Les moules <strong>en aluminium<\/strong> sont moins co\u00fbteux et peuvent \u00eatre utilis\u00e9s pour des volumes moyens de quelques dizaines de milliers \u00e0 quelques centaines de milliers de pi\u00e8ces. Les moules <strong>en acier inoxydable<\/strong> sont ceux qui r\u00e9sistent le mieux aux temp\u00e9ratures et aux pressions \u00e9lev\u00e9es requises pour le moulage par injection.<\/p>\n\t\t<\/div>\n\t\t\t\t\n<style>\n#col-358834224 > .col-inner {\n  padding: 0px 0px 0px 0;\n}\n@media (min-width:550px) {\n  #col-358834224 > .col-inner {\n    padding: 0px 0px 0px 0;\n  }\n}\n<\/style>\n\t<\/div>\n\n\t\n<\/div>\n<div class=\"row\"  id=\"row-2110809430\">\n\n\t<div id=\"col-983492431\" class=\"col medium-6 small-12 large-6\"  >\n\t\t\t\t<div class=\"col-inner\"  >\n\t\t\t\n\t\t\t\n<a href=\"https:\/\/vosfoxmedical.com\/fr\/fabrication-en-sous-traitance\/\" target=\"_self\" class=\"button primary\"  >\n    <span>Retour \u00e0 la page de pr\u00e9sentation de la fabrication sous contrat<\/span>\n  <\/a>\n\n\t\t<\/div>\n\t\t\t\t\t<\/div>\n\n\t\n\n\t<div id=\"col-652270235\" class=\"col medium-5 small-12 large-5\"  >\n\t\t\t\t<div class=\"col-inner\"  >\n\t\t\t\n\t\t\t\n<a href=\"https:\/\/vosfoxmedical.com\/fr\/?page_id=2491\" target=\"_self\" class=\"button primary\"  >\n    <span>Retour \u00e0 la page de pr\u00e9sentation de la technologie<\/span>\n  <\/a>\n\n\t\t<\/div>\n\t\t\t\t\t<\/div>\n\n\t\n<\/div>\n\t\t<\/div>\n\n\t\t\n<style>\n#section_109621101 {\n  padding-top: 30px;\n  padding-bottom: 30px;\n}\n#section_109621101 .ux-shape-divider--top svg {\n  height: 150px;\n  --divider-top-width: 100%;\n}\n#section_109621101 .ux-shape-divider--bottom svg {\n  height: 150px;\n  --divider-width: 100%;\n}\n@media (min-width:550px) {\n  #section_109621101 {\n    padding-top: 70px;\n    padding-bottom: 70px;\n  }\n}\n<\/style>\n\t<\/section>\n\t\n","protected":false},"excerpt":{"rendered":"","protected":false},"author":3,"featured_media":0,"parent":2491,"menu_order":0,"comment_status":"closed","ping_status":"closed","template":"page-blank.php","meta":{"footnotes":""},"class_list":["post-2882","page","type-page","status-publish","hentry"],"yoast_head":"<!-- This site is optimized with the Yoast SEO Premium plugin v24.2 (Yoast SEO v27.5) - https:\/\/yoast.com\/product\/yoast-seo-premium-wordpress\/ -->\n<title>Moulage par injection | faible volume | petites pi\u00e8ces | micro-moulage<\/title>\n<meta name=\"description\" content=\"Vosfox Medical peut produire des composants de dispositifs m\u00e9dicaux par impression 3D et moulage par injection. Discutons ensemble du meilleur choix pour vous.\" \/>\n<meta name=\"robots\" content=\"index, follow, max-snippet:-1, max-image-preview:large, max-video-preview:-1\" \/>\n<link rel=\"canonical\" href=\"https:\/\/vosfoxmedical.com\/fr\/technologies\/moulage-par-injection\/\" \/>\n<meta property=\"og:locale\" content=\"fr_FR\" \/>\n<meta property=\"og:type\" content=\"article\" \/>\n<meta property=\"og:title\" content=\"Moulage par injection\" \/>\n<meta property=\"og:description\" content=\"Vosfox Medical peut produire des composants de dispositifs m\u00e9dicaux par impression 3D et moulage par injection. Discutons ensemble du meilleur choix pour vous.\" \/>\n<meta property=\"og:url\" content=\"https:\/\/vosfoxmedical.com\/fr\/technologies\/moulage-par-injection\/\" \/>\n<meta property=\"og:site_name\" content=\"Vosfox Medical\" \/>\n<meta property=\"article:publisher\" content=\"https:\/\/www.facebook.com\/Vosfoxmedical\" \/>\n<meta property=\"article:modified_time\" content=\"2024-10-09T12:01:59+00:00\" \/>\n<meta name=\"twitter:card\" content=\"summary_large_image\" \/>\n<meta name=\"twitter:site\" content=\"@svndevos\" \/>\n<meta name=\"twitter:label1\" content=\"Dur\u00e9e de lecture estim\u00e9e\" \/>\n\t<meta name=\"twitter:data1\" content=\"5 minutes\" \/>\n<script type=\"application\/ld+json\" class=\"yoast-schema-graph\">{\"@context\":\"https:\\\/\\\/schema.org\",\"@graph\":[{\"@type\":\"WebPage\",\"@id\":\"https:\\\/\\\/vosfoxmedical.com\\\/fr\\\/technologies\\\/moulage-par-injection\\\/\",\"url\":\"https:\\\/\\\/vosfoxmedical.com\\\/fr\\\/technologies\\\/moulage-par-injection\\\/\",\"name\":\"Moulage par injection | faible volume | petites pi\u00e8ces | micro-moulage\",\"isPartOf\":{\"@id\":\"https:\\\/\\\/vosfoxmedical.com\\\/fr\\\/#website\"},\"datePublished\":\"2023-06-01T15:56:09+00:00\",\"dateModified\":\"2024-10-09T12:01:59+00:00\",\"description\":\"Vosfox Medical peut produire des composants de dispositifs m\u00e9dicaux par impression 3D et moulage par injection. Discutons ensemble du meilleur choix pour vous.\",\"breadcrumb\":{\"@id\":\"https:\\\/\\\/vosfoxmedical.com\\\/fr\\\/technologies\\\/moulage-par-injection\\\/#breadcrumb\"},\"inLanguage\":\"fr-FR\",\"potentialAction\":[{\"@type\":\"ReadAction\",\"target\":[\"https:\\\/\\\/vosfoxmedical.com\\\/fr\\\/technologies\\\/moulage-par-injection\\\/\"]}]},{\"@type\":\"BreadcrumbList\",\"@id\":\"https:\\\/\\\/vosfoxmedical.com\\\/fr\\\/technologies\\\/moulage-par-injection\\\/#breadcrumb\",\"itemListElement\":[{\"@type\":\"ListItem\",\"position\":1,\"name\":\"Home\",\"item\":\"https:\\\/\\\/vosfoxmedical.com\\\/fr\\\/\"},{\"@type\":\"ListItem\",\"position\":2,\"name\":\"Technologies\",\"item\":\"https:\\\/\\\/vosfoxmedical.com\\\/fr\\\/technologies\\\/\"},{\"@type\":\"ListItem\",\"position\":3,\"name\":\"Moulage par injection\"}]},{\"@type\":\"WebSite\",\"@id\":\"https:\\\/\\\/vosfoxmedical.com\\\/fr\\\/#website\",\"url\":\"https:\\\/\\\/vosfoxmedical.com\\\/fr\\\/\",\"name\":\"vosfoxmedical.com\",\"description\":\"Low-volume contract manufacturing organisation\",\"publisher\":{\"@id\":\"https:\\\/\\\/vosfoxmedical.com\\\/fr\\\/#organization\"},\"potentialAction\":[{\"@type\":\"SearchAction\",\"target\":{\"@type\":\"EntryPoint\",\"urlTemplate\":\"https:\\\/\\\/vosfoxmedical.com\\\/fr\\\/?s={search_term_string}\"},\"query-input\":{\"@type\":\"PropertyValueSpecification\",\"valueRequired\":true,\"valueName\":\"search_term_string\"}}],\"inLanguage\":\"fr-FR\"},{\"@type\":\"Organization\",\"@id\":\"https:\\\/\\\/vosfoxmedical.com\\\/fr\\\/#organization\",\"name\":\"Vosfox Medical\",\"url\":\"https:\\\/\\\/vosfoxmedical.com\\\/fr\\\/\",\"logo\":{\"@type\":\"ImageObject\",\"inLanguage\":\"fr-FR\",\"@id\":\"https:\\\/\\\/vosfoxmedical.com\\\/fr\\\/#\\\/schema\\\/logo\\\/image\\\/\",\"url\":\"https:\\\/\\\/i0.wp.com\\\/vosfoxmedical.com\\\/wp-content\\\/uploads\\\/2021\\\/06\\\/vosfox_medical_logo.png?fit=8594%2C2813&ssl=1\",\"contentUrl\":\"https:\\\/\\\/i0.wp.com\\\/vosfoxmedical.com\\\/wp-content\\\/uploads\\\/2021\\\/06\\\/vosfox_medical_logo.png?fit=8594%2C2813&ssl=1\",\"width\":8594,\"height\":2813,\"caption\":\"Vosfox Medical\"},\"image\":{\"@id\":\"https:\\\/\\\/vosfoxmedical.com\\\/fr\\\/#\\\/schema\\\/logo\\\/image\\\/\"},\"sameAs\":[\"https:\\\/\\\/www.facebook.com\\\/Vosfoxmedical\",\"https:\\\/\\\/x.com\\\/svndevos\",\"https:\\\/\\\/www.instagram.com\\\/\",\"https:\\\/\\\/www.linkedin.com\\\/company\\\/11022599\\\/\"]}]}<\/script>\n<!-- \/ Yoast SEO Premium plugin. -->","yoast_head_json":{"title":"Moulage par injection | faible volume | petites pi\u00e8ces | micro-moulage","description":"Vosfox Medical peut produire des composants de dispositifs m\u00e9dicaux par impression 3D et moulage par injection. Discutons ensemble du meilleur choix pour vous.","robots":{"index":"index","follow":"follow","max-snippet":"max-snippet:-1","max-image-preview":"max-image-preview:large","max-video-preview":"max-video-preview:-1"},"canonical":"https:\/\/vosfoxmedical.com\/fr\/technologies\/moulage-par-injection\/","og_locale":"fr_FR","og_type":"article","og_title":"Moulage par injection","og_description":"Vosfox Medical peut produire des composants de dispositifs m\u00e9dicaux par impression 3D et moulage par injection. Discutons ensemble du meilleur choix pour vous.","og_url":"https:\/\/vosfoxmedical.com\/fr\/technologies\/moulage-par-injection\/","og_site_name":"Vosfox Medical","article_publisher":"https:\/\/www.facebook.com\/Vosfoxmedical","article_modified_time":"2024-10-09T12:01:59+00:00","twitter_card":"summary_large_image","twitter_site":"@svndevos","twitter_misc":{"Dur\u00e9e de lecture estim\u00e9e":"5 minutes"},"schema":{"@context":"https:\/\/schema.org","@graph":[{"@type":"WebPage","@id":"https:\/\/vosfoxmedical.com\/fr\/technologies\/moulage-par-injection\/","url":"https:\/\/vosfoxmedical.com\/fr\/technologies\/moulage-par-injection\/","name":"Moulage par injection | faible volume | petites pi\u00e8ces | micro-moulage","isPartOf":{"@id":"https:\/\/vosfoxmedical.com\/fr\/#website"},"datePublished":"2023-06-01T15:56:09+00:00","dateModified":"2024-10-09T12:01:59+00:00","description":"Vosfox Medical peut produire des composants de dispositifs m\u00e9dicaux par impression 3D et moulage par injection. Discutons ensemble du meilleur choix pour vous.","breadcrumb":{"@id":"https:\/\/vosfoxmedical.com\/fr\/technologies\/moulage-par-injection\/#breadcrumb"},"inLanguage":"fr-FR","potentialAction":[{"@type":"ReadAction","target":["https:\/\/vosfoxmedical.com\/fr\/technologies\/moulage-par-injection\/"]}]},{"@type":"BreadcrumbList","@id":"https:\/\/vosfoxmedical.com\/fr\/technologies\/moulage-par-injection\/#breadcrumb","itemListElement":[{"@type":"ListItem","position":1,"name":"Home","item":"https:\/\/vosfoxmedical.com\/fr\/"},{"@type":"ListItem","position":2,"name":"Technologies","item":"https:\/\/vosfoxmedical.com\/fr\/technologies\/"},{"@type":"ListItem","position":3,"name":"Moulage par injection"}]},{"@type":"WebSite","@id":"https:\/\/vosfoxmedical.com\/fr\/#website","url":"https:\/\/vosfoxmedical.com\/fr\/","name":"vosfoxmedical.com","description":"Low-volume contract manufacturing organisation","publisher":{"@id":"https:\/\/vosfoxmedical.com\/fr\/#organization"},"potentialAction":[{"@type":"SearchAction","target":{"@type":"EntryPoint","urlTemplate":"https:\/\/vosfoxmedical.com\/fr\/?s={search_term_string}"},"query-input":{"@type":"PropertyValueSpecification","valueRequired":true,"valueName":"search_term_string"}}],"inLanguage":"fr-FR"},{"@type":"Organization","@id":"https:\/\/vosfoxmedical.com\/fr\/#organization","name":"Vosfox Medical","url":"https:\/\/vosfoxmedical.com\/fr\/","logo":{"@type":"ImageObject","inLanguage":"fr-FR","@id":"https:\/\/vosfoxmedical.com\/fr\/#\/schema\/logo\/image\/","url":"https:\/\/i0.wp.com\/vosfoxmedical.com\/wp-content\/uploads\/2021\/06\/vosfox_medical_logo.png?fit=8594%2C2813&ssl=1","contentUrl":"https:\/\/i0.wp.com\/vosfoxmedical.com\/wp-content\/uploads\/2021\/06\/vosfox_medical_logo.png?fit=8594%2C2813&ssl=1","width":8594,"height":2813,"caption":"Vosfox Medical"},"image":{"@id":"https:\/\/vosfoxmedical.com\/fr\/#\/schema\/logo\/image\/"},"sameAs":["https:\/\/www.facebook.com\/Vosfoxmedical","https:\/\/x.com\/svndevos","https:\/\/www.instagram.com\/","https:\/\/www.linkedin.com\/company\/11022599\/"]}]}},"jetpack-related-posts":[],"jetpack_sharing_enabled":true,"_links":{"self":[{"href":"https:\/\/vosfoxmedical.com\/fr\/wp-json\/wp\/v2\/pages\/2882","targetHints":{"allow":["GET"]}}],"collection":[{"href":"https:\/\/vosfoxmedical.com\/fr\/wp-json\/wp\/v2\/pages"}],"about":[{"href":"https:\/\/vosfoxmedical.com\/fr\/wp-json\/wp\/v2\/types\/page"}],"author":[{"embeddable":true,"href":"https:\/\/vosfoxmedical.com\/fr\/wp-json\/wp\/v2\/users\/3"}],"replies":[{"embeddable":true,"href":"https:\/\/vosfoxmedical.com\/fr\/wp-json\/wp\/v2\/comments?post=2882"}],"version-history":[{"count":3,"href":"https:\/\/vosfoxmedical.com\/fr\/wp-json\/wp\/v2\/pages\/2882\/revisions"}],"predecessor-version":[{"id":2904,"href":"https:\/\/vosfoxmedical.com\/fr\/wp-json\/wp\/v2\/pages\/2882\/revisions\/2904"}],"up":[{"embeddable":true,"href":"https:\/\/vosfoxmedical.com\/fr\/wp-json\/wp\/v2\/pages\/2491"}],"wp:attachment":[{"href":"https:\/\/vosfoxmedical.com\/fr\/wp-json\/wp\/v2\/media?parent=2882"}],"curies":[{"name":"wp","href":"https:\/\/api.w.org\/{rel}","templated":true}]}}