{"id":2870,"date":"2023-05-15T11:41:07","date_gmt":"2023-05-15T10:41:07","guid":{"rendered":"https:\/\/vosfoxmedical.com\/developpement\/selection-des-materiaux-et-des-fournisseurs\/"},"modified":"2024-10-09T13:01:58","modified_gmt":"2024-10-09T12:01:58","slug":"selection-des-materiaux-et-des-fournisseurs","status":"publish","type":"page","link":"https:\/\/vosfoxmedical.com\/fr\/services-2\/developpement\/selection-des-materiaux-et-des-fournisseurs\/","title":{"rendered":"S\u00e9lection des mat\u00e9riaux et des fournisseurs"},"content":{"rendered":"\t<section class=\"section dark\" id=\"section_1776998149\">\n\t\t<div class=\"bg section-bg fill bg-fill  \" >\n\n\t\t\t\n\t\t\t<div class=\"section-bg-overlay absolute fill\"><\/div>\n\t\t\t\n\n\t\t<\/div>\n\n\t\t\n\n\t\t<div class=\"section-content relative\">\n\t\t\t\n<div class=\"row\" style=\"max-width:1300px\" id=\"row-1168939012\">\n\n\t<div id=\"col-1602501731\" class=\"col medium-12 small-12 large-8\"  >\n\t\t\t\t<div class=\"col-inner\"  >\n\t\t\t\n\t\t\t\n\t<div id=\"text-1625916684\" class=\"text\">\n\t\t\n<h1 class=\"entry-title\">S\u00e9lection des mat\u00e9riaux et des fournisseurs<\/h1>\n\t\t\n<style>\n#text-1625916684 {\n  font-size: 2.75rem;\n}\n<\/style>\n\t<\/div>\n\t\n\t\t<\/div>\n\t\t\t\t\t<\/div>\n\n\t\n<\/div>\n\t\t<\/div>\n\n\t\t\n<style>\n#section_1776998149 {\n  padding-top: 30px;\n  padding-bottom: 30px;\n  min-height: 400px;\n  background-color: rgb(239, 167, 0);\n}\n#section_1776998149 .section-bg-overlay {\n  background-color: rgba(239, 167, 0, 0.773);\n}\n#section_1776998149 .section-bg.bg-loaded {\n  background-image: url(https:\/\/vosfoxmedical.com\/wp-content\/uploads\/2021\/06\/img-thunderstorm.jpg);\n}\n#section_1776998149 .section-bg {\n  background-position: 90% 59%;\n}\n#section_1776998149 .ux-shape-divider--top svg {\n  height: 150px;\n  --divider-top-width: 100%;\n}\n#section_1776998149 .ux-shape-divider--bottom svg {\n  height: 150px;\n  --divider-width: 100%;\n}\n@media (min-width:550px) {\n  #section_1776998149 {\n    min-height: 400px;\n  }\n}\n@media (min-width:850px) {\n  #section_1776998149 {\n    min-height: 600px;\n  }\n}\n<\/style>\n\t<\/section>\n\t\n<div class=\"row align-bottom\" style=\"max-width:1300px\" id=\"row-1312611053\">\n\n\t<div id=\"col-2136871392\" class=\"col medium-12 small-12 large-4\"  >\n\t\t\t\t<div class=\"col-inner\"  >\n\t\t\t\n\t\t\t\n\t<div id=\"gap-760037165\" class=\"gap-element clearfix\" style=\"display:block; height:auto;\">\n\t\t\n<style>\n#gap-760037165 {\n  padding-top: 0px;\n}\n@media (min-width:550px) {\n  #gap-760037165 {\n    padding-top: 0px;\n  }\n}\n@media (min-width:850px) {\n  #gap-760037165 {\n    padding-top: 35px;\n  }\n}\n<\/style>\n\t<\/div>\n\t\n\t\t<\/div>\n\t\t\t\t\t<\/div>\n\n\t\n\n\t<div id=\"col-1509863434\" class=\"col medium-12 small-12 large-8 medium-col-first\"  >\n\t\t\t\t<div class=\"col-inner\"  >\n\t\t\t\n\t\t\t\n\n  <div class=\"banner has-hover\" id=\"banner-607782712\">\n          <div class=\"banner-inner fill\">\n        <div class=\"banner-bg fill\" >\n            <div class=\"bg fill bg-fill \"><\/div>\n                                    \n                    <\/div>\n\t\t\n        <div class=\"banner-layers container\">\n            <div class=\"fill banner-link\"><\/div>            \n        <\/div>\n      <\/div>\n\n            \n<style>\n#banner-607782712 {\n  padding-top: 300px;\n  background-color: rgb(255,255,255);\n}\n#banner-607782712 .bg.bg-loaded {\n  background-image: url(https:\/\/vosfoxmedical.com\/wp-content\/uploads\/2023\/09\/ropes-material-selection-scaled.jpg);\n}\n#banner-607782712 .bg {\n  background-position: 68% 94%;\n}\n#banner-607782712 .ux-shape-divider--top svg {\n  height: 150px;\n  --divider-top-width: 100%;\n}\n#banner-607782712 .ux-shape-divider--bottom svg {\n  height: 150px;\n  --divider-width: 100%;\n}\n@media (min-width:550px) {\n  #banner-607782712 {\n    padding-top: 600px;\n  }\n}\n<\/style>\n  <\/div>\n\n\n\t\t<\/div>\n\t\t\t\t\n<style>\n#col-1509863434 > .col-inner {\n  margin: -120px 0px 0px 0px;\n}\n@media (min-width:550px) {\n  #col-1509863434 > .col-inner {\n    margin: -120px 0px 0px 0px;\n  }\n}\n@media (min-width:850px) {\n  #col-1509863434 > .col-inner {\n    margin: -500px 0px 0px 0px;\n  }\n}\n<\/style>\n\t<\/div>\n\n\t\n<\/div>\n\t<section class=\"section\" id=\"section_1346772928\">\n\t\t<div class=\"bg section-bg fill bg-fill  bg-loaded\" >\n\n\t\t\t\n\t\t\t\n\t\t\t\n\n\t\t<\/div>\n\n\t\t\n\n\t\t<div class=\"section-content relative\">\n\t\t\t\n<div class=\"row row-large align-equal align-right\"  id=\"row-1136684400\">\n\n\t<div id=\"col-105488335\" class=\"col medium-12 small-12 large-12\"  >\n\t\t\t\t<div class=\"col-inner\"  >\n\t\t\t\n\t\t\t\n<p class=\"lead\">L&rsquo;une des premi\u00e8res \u00e9tapes sur le chemin des produits cliniques est la s\u00e9lection des mat\u00e9riaux et des fournisseurs.<br \/>\nPour Vosfox Medical, il n&rsquo;est pas important que vous ne sachiez pas quel mat\u00e9riau vous voulez utiliser ou que le mat\u00e9riau et le fournisseur soient d\u00e9j\u00e0 fix\u00e9s.<br \/>\nNous pouvons vous aider avec les services suivants.  <\/p>\n\t<div id=\"gap-1871066814\" class=\"gap-element clearfix\" style=\"display:block; height:auto;\">\n\t\t\n<style>\n#gap-1871066814 {\n  padding-top: 70px;\n}\n<\/style>\n\t<\/div>\n\t\n\t\t<\/div>\n\t\t\t\t\t<\/div>\n\n\t\n<\/div>\n<div class=\"row\"  id=\"row-1745833750\">\n\n\t<div id=\"col-246394912\" class=\"col medium-6 small-12 large-6\"  >\n\t\t\t\t<div class=\"col-inner\"  >\n\t\t\t\n\t\t\t\n\n  <div class=\"banner has-hover\" id=\"banner-1062159763\">\n          <div class=\"banner-inner fill\">\n        <div class=\"banner-bg fill\" >\n            <div class=\"bg fill bg-fill \"><\/div>\n                                    \n                    <\/div>\n\t\t\n        <div class=\"banner-layers container\">\n            <div class=\"fill banner-link\"><\/div>            \n   <div id=\"text-box-1716157835\" class=\"text-box banner-layer x50 md-x50 lg-x50 y50 md-y50 lg-y50 res-text\">\n                                <div class=\"text-box-content text dark\">\n              \n              <div class=\"text-inner text-center\">\n                  \n              <\/div>\n           <\/div>\n                            \n<style>\n#text-box-1716157835 {\n  width: 60%;\n}\n#text-box-1716157835 .text-box-content {\n  font-size: 100%;\n}\n<\/style>\n    <\/div>\n \n        <\/div>\n      <\/div>\n\n            \n<style>\n#banner-1062159763 {\n  padding-top: 195px;\n}\n#banner-1062159763 .bg.bg-loaded {\n  background-image: url(https:\/\/i0.wp.com\/vosfoxmedical.com\/wp-content\/uploads\/2023\/09\/cups-blue-polymers-material-selection-scaled.jpeg?fit=1020%2C681&ssl=1);\n}\n#banner-1062159763 .ux-shape-divider--top svg {\n  height: 150px;\n  --divider-top-width: 100%;\n}\n#banner-1062159763 .ux-shape-divider--bottom svg {\n  height: 150px;\n  --divider-width: 100%;\n}\n<\/style>\n  <\/div>\n\n\n\t\t<\/div>\n\t\t\t\t\t<\/div>\n\n\t\n\n\t<div id=\"col-2015099141\" class=\"col medium-6 small-12 large-6\"  >\n\t\t\t\t<div class=\"col-inner\"  >\n\t\t\t\n\t\t\t\n<h2>S\u00e9lection des mat\u00e9riaux<\/h2>\n<p>Vous avez un projet et vous avez m\u00eame r\u00e9alis\u00e9 quelques \u00e9chantillons, mais le choix final des mat\u00e9riaux n&rsquo;a pas encore \u00e9t\u00e9 fait.<br \/>\nNous pouvons vous aider \u00e0 s\u00e9lectionner les mat\u00e9riaux, en fonction des exigences et de l&rsquo;application de votre appareil ou composant.<br \/>\nNous pouvons effectuer ou organiser des tests pour confirmer l&rsquo;ad\u00e9quation du mat\u00e9riau choisi.<br \/>\nBien entendu, nous pouvons \u00e9galement vous proposer un fournisseur.   <\/p>\n\t\t<\/div>\n\t\t\t\t\t<\/div>\n\n\t\n<\/div>\n\t<div id=\"gap-1227402444\" class=\"gap-element clearfix\" style=\"display:block; height:auto;\">\n\t\t\n<style>\n#gap-1227402444 {\n  padding-top: 70px;\n}\n<\/style>\n\t<\/div>\n\t\n<div class=\"row row-small\"  id=\"row-2110802090\">\n\n\t<div id=\"col-2013779712\" class=\"col medium-6 small-11 large-6\"  >\n\t\t\t\t<div class=\"col-inner\"  >\n\t\t\t\n\t\t\t\n<h2>S\u00e9lection et qualification des fournisseurs<\/h2>\n<p>Vous savez peut-\u00eatre d\u00e9j\u00e0 quel mat\u00e9riau vous souhaitez utiliser.<br \/>\nVous avez d\u00e9j\u00e0 fait plusieurs essais avec ce mat\u00e9riau.<br \/>\nCependant, jusqu&rsquo;\u00e0 pr\u00e9sent, vous avez utilis\u00e9 des mat\u00e9riaux de qualit\u00e9 technique ou de laboratoire.<br \/>\nIl se peut que cette qualit\u00e9 ne corresponde pas \u00e0 votre application ou que le fournisseur ne soit pas en mesure de r\u00e9pondre aux exigences r\u00e9glementaires et de qualit\u00e9 (comme le contr\u00f4le des modifications).<br \/>\nNous pouvons trouver un fournisseur pour vous.    <\/p>\n<p>Tous les fournisseurs importants doivent \u00eatre qualifi\u00e9s.<br \/>\nNous collecterons les informations requises sur le produit et le fournisseur, telles que les fiches techniques et de s\u00e9curit\u00e9, les certificats ISO, les d\u00e9clarations REACH ou autres.<br \/>\nPour les produits critiques et les sous-traitants, nous conclurons un accord d&rsquo;assurance qualit\u00e9 (AQ) avec le fournisseur et nous pourrons proc\u00e9der \u00e0 des audits de ce dernier.  <\/p>\n\t\t<\/div>\n\t\t\t\t\n<style>\n#col-2013779712 > .col-inner {\n  padding: 0px 0px 0px 0;\n}\n@media (min-width:550px) {\n  #col-2013779712 > .col-inner {\n    padding: 0px 0px 0px 0;\n  }\n}\n<\/style>\n\t<\/div>\n\n\t\n\n\t<div id=\"col-2051126510\" class=\"col medium-6 small-11 large-6\"  >\n\t\t\t\t<div class=\"col-inner\"  >\n\t\t\t\n\t\t\t\n\n  <div class=\"banner has-hover\" id=\"banner-1245578045\">\n          <div class=\"banner-inner fill\">\n        <div class=\"banner-bg fill\" >\n            <div class=\"bg fill bg-fill \"><\/div>\n                                    \n                    <\/div>\n\t\t\n        <div class=\"banner-layers container\">\n            <div class=\"fill banner-link\"><\/div>            \n   <div id=\"text-box-151736882\" class=\"text-box banner-layer x50 md-x50 lg-x50 y50 md-y50 lg-y50 res-text\">\n                                <div class=\"text-box-content text dark\">\n              \n              <div class=\"text-inner text-center\">\n                  \n              <\/div>\n           <\/div>\n                            \n<style>\n#text-box-151736882 {\n  width: 60%;\n}\n#text-box-151736882 .text-box-content {\n  font-size: 100%;\n}\n<\/style>\n    <\/div>\n \n        <\/div>\n      <\/div>\n\n            \n<style>\n#banner-1245578045 {\n  padding-top: 402px;\n}\n#banner-1245578045 .bg.bg-loaded {\n  background-image: url(https:\/\/i0.wp.com\/vosfoxmedical.com\/wp-content\/uploads\/2023\/09\/top-rated-seller.jpg?fit=642%2C640&ssl=1);\n}\n#banner-1245578045 .ux-shape-divider--top svg {\n  height: 150px;\n  --divider-top-width: 100%;\n}\n#banner-1245578045 .ux-shape-divider--bottom svg {\n  height: 150px;\n  --divider-width: 100%;\n}\n<\/style>\n  <\/div>\n\n\n\t\t<\/div>\n\t\t\t\t\n<style>\n#col-2051126510 > .col-inner {\n  padding: 0px 0px 0px 0;\n}\n@media (min-width:550px) {\n  #col-2051126510 > .col-inner {\n    padding: 0px 0px 0px 0;\n  }\n}\n<\/style>\n\t<\/div>\n\n\t\n<\/div>\n\t<div id=\"gap-59608952\" class=\"gap-element clearfix\" style=\"display:block; height:auto;\">\n\t\t\n<style>\n#gap-59608952 {\n  padding-top: 70px;\n}\n<\/style>\n\t<\/div>\n\t\n<div class=\"row\"  id=\"row-356522441\">\n\n\t<div id=\"col-142592481\" class=\"col medium-6 small-12 large-6\"  >\n\t\t\t\t<div class=\"col-inner\"  >\n\t\t\t\n\t\t\t\n\n  <div class=\"banner has-hover\" id=\"banner-2022627732\">\n          <div class=\"banner-inner fill\">\n        <div class=\"banner-bg fill\" >\n            <div class=\"bg fill bg-fill \"><\/div>\n                                    \n                    <\/div>\n\t\t\n        <div class=\"banner-layers container\">\n            <div class=\"fill banner-link\"><\/div>            \n   <div id=\"text-box-1880321186\" class=\"text-box banner-layer x50 md-x50 lg-x50 y50 md-y50 lg-y50 res-text\">\n                                <div class=\"text-box-content text dark\">\n              \n              <div class=\"text-inner text-center\">\n                  \n              <\/div>\n           <\/div>\n                            \n<style>\n#text-box-1880321186 {\n  width: 60%;\n}\n#text-box-1880321186 .text-box-content {\n  font-size: 100%;\n}\n<\/style>\n    <\/div>\n \n        <\/div>\n      <\/div>\n\n            \n<style>\n#banner-2022627732 {\n  padding-top: 325px;\n}\n#banner-2022627732 .bg.bg-loaded {\n  background-image: url(https:\/\/i0.wp.com\/vosfoxmedical.com\/wp-content\/uploads\/2023\/09\/Photo-Monitoring-scaled.jpeg?fit=1020%2C680&ssl=1);\n}\n#banner-2022627732 .ux-shape-divider--top svg {\n  height: 150px;\n  --divider-top-width: 100%;\n}\n#banner-2022627732 .ux-shape-divider--bottom svg {\n  height: 150px;\n  --divider-width: 100%;\n}\n<\/style>\n  <\/div>\n\n\n\t\t<\/div>\n\t\t\t\t\t<\/div>\n\n\t\n\n\t<div id=\"col-1010702717\" class=\"col medium-6 small-12 large-6\"  >\n\t\t\t\t<div class=\"col-inner\"  >\n\t\t\t\n\t\t\t\n<h2>Contr\u00f4le<\/h2>\n<p>Le suivi des fournisseurs fait partie int\u00e9grante du syst\u00e8me de qualit\u00e9.<br \/>\nLes activit\u00e9s de surveillance d\u00e9pendent du risque, de la criticit\u00e9 du produit et des performances du fournisseur au cours de la p\u00e9riode pr\u00e9c\u00e9dente.<br \/>\nLe suivi peut se faire en examinant et en notant les performances du fournisseur, en envoyant des questionnaires ou en effectuant un audit sur place.  <\/p>\n\t\t<\/div>\n\t\t\t\t\t<\/div>\n\n\t\n<\/div>\n<div class=\"row\"  id=\"row-266729670\">\n\n\t<div id=\"col-540305035\" class=\"col medium-6 small-12 large-6\"  >\n\t\t\t\t<div class=\"col-inner\"  >\n\t\t\t\n\t\t\t\n\t\t<\/div>\n\t\t\t\t\t<\/div>\n\n\t\n\n\t<div id=\"col-566994796\" class=\"col medium-6 small-12 large-6\"  >\n\t\t\t\t<div class=\"col-inner\"  >\n\t\t\t\n\t\t\t\n<a href=\"https:\/\/vosfoxmedical.com\/services\/\" target=\"_self\" class=\"button primary\"  >\n    <span>Retour \u00e0 la page d&#039;aper\u00e7u du d\u00e9veloppement<\/span>\n  <\/a>\n\n\t\t<\/div>\n\t\t\t\t\t<\/div>\n\n\t\n<\/div>\n\t\t<\/div>\n\n\t\t\n<style>\n#section_1346772928 {\n  padding-top: 30px;\n  padding-bottom: 30px;\n}\n#section_1346772928 .ux-shape-divider--top svg {\n  height: 150px;\n  --divider-top-width: 100%;\n}\n#section_1346772928 .ux-shape-divider--bottom svg {\n  height: 150px;\n  --divider-width: 100%;\n}\n@media (min-width:550px) {\n  #section_1346772928 {\n    padding-top: 70px;\n    padding-bottom: 70px;\n  }\n}\n<\/style>\n\t<\/section>\n\t\n","protected":false},"excerpt":{"rendered":"","protected":false},"author":3,"featured_media":0,"parent":2779,"menu_order":0,"comment_status":"closed","ping_status":"closed","template":"page-blank.php","meta":{"footnotes":""},"class_list":["post-2870","page","type-page","status-publish","hentry"],"yoast_head":"<!-- This site is optimized with the Yoast SEO Premium plugin v24.2 (Yoast SEO v27.6) - https:\/\/yoast.com\/product\/yoast-seo-premium-wordpress\/ -->\n<title>S\u00e9lection des mat\u00e9riaux et des fournisseurs | Le chemin vers le produit clinique<\/title>\n<meta name=\"description\" content=\"Dans le cadre du processus de production clinique, la s\u00e9lection des mat\u00e9riaux et des fournisseurs est importante, et Vosfox Medical peut vous aider \u00e0 la r\u00e9aliser.\" \/>\n<meta name=\"robots\" content=\"index, follow, max-snippet:-1, max-image-preview:large, max-video-preview:-1\" \/>\n<link rel=\"canonical\" href=\"https:\/\/vosfoxmedical.com\/fr\/services-2\/developpement\/selection-des-materiaux-et-des-fournisseurs\/\" \/>\n<meta property=\"og:locale\" content=\"fr_FR\" \/>\n<meta property=\"og:type\" content=\"article\" \/>\n<meta property=\"og:title\" content=\"S\u00e9lection des mat\u00e9riaux et des fournisseurs\" \/>\n<meta property=\"og:description\" content=\"Dans le cadre du processus de production clinique, la s\u00e9lection des mat\u00e9riaux et des fournisseurs est importante, et Vosfox Medical peut vous aider \u00e0 la r\u00e9aliser.\" \/>\n<meta property=\"og:url\" content=\"https:\/\/vosfoxmedical.com\/fr\/services-2\/developpement\/selection-des-materiaux-et-des-fournisseurs\/\" \/>\n<meta property=\"og:site_name\" content=\"Vosfox Medical\" \/>\n<meta property=\"article:publisher\" content=\"https:\/\/www.facebook.com\/Vosfoxmedical\" \/>\n<meta property=\"article:modified_time\" content=\"2024-10-09T12:01:58+00:00\" \/>\n<meta name=\"twitter:card\" content=\"summary_large_image\" \/>\n<meta name=\"twitter:site\" content=\"@svndevos\" \/>\n<meta name=\"twitter:label1\" content=\"Dur\u00e9e de lecture estim\u00e9e\" \/>\n\t<meta name=\"twitter:data1\" content=\"3 minutes\" \/>\n<script type=\"application\/ld+json\" class=\"yoast-schema-graph\">{\"@context\":\"https:\\\/\\\/schema.org\",\"@graph\":[{\"@type\":\"WebPage\",\"@id\":\"https:\\\/\\\/vosfoxmedical.com\\\/fr\\\/services-2\\\/developpement\\\/selection-des-materiaux-et-des-fournisseurs\\\/\",\"url\":\"https:\\\/\\\/vosfoxmedical.com\\\/fr\\\/services-2\\\/developpement\\\/selection-des-materiaux-et-des-fournisseurs\\\/\",\"name\":\"S\u00e9lection des mat\u00e9riaux et des fournisseurs | Le chemin vers le produit clinique\",\"isPartOf\":{\"@id\":\"https:\\\/\\\/vosfoxmedical.com\\\/fr\\\/#website\"},\"datePublished\":\"2023-05-15T10:41:07+00:00\",\"dateModified\":\"2024-10-09T12:01:58+00:00\",\"description\":\"Dans le cadre du processus de production clinique, la s\u00e9lection des mat\u00e9riaux et des fournisseurs est importante, et Vosfox Medical peut vous aider \u00e0 la r\u00e9aliser.\",\"breadcrumb\":{\"@id\":\"https:\\\/\\\/vosfoxmedical.com\\\/fr\\\/services-2\\\/developpement\\\/selection-des-materiaux-et-des-fournisseurs\\\/#breadcrumb\"},\"inLanguage\":\"fr-FR\",\"potentialAction\":[{\"@type\":\"ReadAction\",\"target\":[\"https:\\\/\\\/vosfoxmedical.com\\\/fr\\\/services-2\\\/developpement\\\/selection-des-materiaux-et-des-fournisseurs\\\/\"]}]},{\"@type\":\"BreadcrumbList\",\"@id\":\"https:\\\/\\\/vosfoxmedical.com\\\/fr\\\/services-2\\\/developpement\\\/selection-des-materiaux-et-des-fournisseurs\\\/#breadcrumb\",\"itemListElement\":[{\"@type\":\"ListItem\",\"position\":1,\"name\":\"Home\",\"item\":\"https:\\\/\\\/vosfoxmedical.com\\\/fr\\\/\"},{\"@type\":\"ListItem\",\"position\":2,\"name\":\"Services\",\"item\":\"https:\\\/\\\/vosfoxmedical.com\\\/fr\\\/services-2\\\/\"},{\"@type\":\"ListItem\",\"position\":3,\"name\":\"D\u00e9veloppement\",\"item\":\"https:\\\/\\\/vosfoxmedical.com\\\/fr\\\/services-2\\\/developpement\\\/\"},{\"@type\":\"ListItem\",\"position\":4,\"name\":\"S\u00e9lection des mat\u00e9riaux et des fournisseurs\"}]},{\"@type\":\"WebSite\",\"@id\":\"https:\\\/\\\/vosfoxmedical.com\\\/fr\\\/#website\",\"url\":\"https:\\\/\\\/vosfoxmedical.com\\\/fr\\\/\",\"name\":\"vosfoxmedical.com\",\"description\":\"Low-volume contract manufacturing organisation\",\"publisher\":{\"@id\":\"https:\\\/\\\/vosfoxmedical.com\\\/fr\\\/#organization\"},\"potentialAction\":[{\"@type\":\"SearchAction\",\"target\":{\"@type\":\"EntryPoint\",\"urlTemplate\":\"https:\\\/\\\/vosfoxmedical.com\\\/fr\\\/?s={search_term_string}\"},\"query-input\":{\"@type\":\"PropertyValueSpecification\",\"valueRequired\":true,\"valueName\":\"search_term_string\"}}],\"inLanguage\":\"fr-FR\"},{\"@type\":\"Organization\",\"@id\":\"https:\\\/\\\/vosfoxmedical.com\\\/fr\\\/#organization\",\"name\":\"Vosfox Medical\",\"url\":\"https:\\\/\\\/vosfoxmedical.com\\\/fr\\\/\",\"logo\":{\"@type\":\"ImageObject\",\"inLanguage\":\"fr-FR\",\"@id\":\"https:\\\/\\\/vosfoxmedical.com\\\/fr\\\/#\\\/schema\\\/logo\\\/image\\\/\",\"url\":\"https:\\\/\\\/i0.wp.com\\\/vosfoxmedical.com\\\/wp-content\\\/uploads\\\/2021\\\/06\\\/vosfox_medical_logo.png?fit=8594%2C2813&ssl=1\",\"contentUrl\":\"https:\\\/\\\/i0.wp.com\\\/vosfoxmedical.com\\\/wp-content\\\/uploads\\\/2021\\\/06\\\/vosfox_medical_logo.png?fit=8594%2C2813&ssl=1\",\"width\":8594,\"height\":2813,\"caption\":\"Vosfox Medical\"},\"image\":{\"@id\":\"https:\\\/\\\/vosfoxmedical.com\\\/fr\\\/#\\\/schema\\\/logo\\\/image\\\/\"},\"sameAs\":[\"https:\\\/\\\/www.facebook.com\\\/Vosfoxmedical\",\"https:\\\/\\\/x.com\\\/svndevos\",\"https:\\\/\\\/www.instagram.com\\\/\",\"https:\\\/\\\/www.linkedin.com\\\/company\\\/11022599\\\/\"]}]}<\/script>\n<!-- \/ Yoast SEO Premium plugin. -->","yoast_head_json":{"title":"S\u00e9lection des mat\u00e9riaux et des fournisseurs | Le chemin vers le produit clinique","description":"Dans le cadre du processus de production clinique, la s\u00e9lection des mat\u00e9riaux et des fournisseurs est importante, et Vosfox Medical peut vous aider \u00e0 la r\u00e9aliser.","robots":{"index":"index","follow":"follow","max-snippet":"max-snippet:-1","max-image-preview":"max-image-preview:large","max-video-preview":"max-video-preview:-1"},"canonical":"https:\/\/vosfoxmedical.com\/fr\/services-2\/developpement\/selection-des-materiaux-et-des-fournisseurs\/","og_locale":"fr_FR","og_type":"article","og_title":"S\u00e9lection des mat\u00e9riaux et des fournisseurs","og_description":"Dans le cadre du processus de production clinique, la s\u00e9lection des mat\u00e9riaux et des fournisseurs est importante, et Vosfox Medical peut vous aider \u00e0 la r\u00e9aliser.","og_url":"https:\/\/vosfoxmedical.com\/fr\/services-2\/developpement\/selection-des-materiaux-et-des-fournisseurs\/","og_site_name":"Vosfox Medical","article_publisher":"https:\/\/www.facebook.com\/Vosfoxmedical","article_modified_time":"2024-10-09T12:01:58+00:00","twitter_card":"summary_large_image","twitter_site":"@svndevos","twitter_misc":{"Dur\u00e9e de lecture estim\u00e9e":"3 minutes"},"schema":{"@context":"https:\/\/schema.org","@graph":[{"@type":"WebPage","@id":"https:\/\/vosfoxmedical.com\/fr\/services-2\/developpement\/selection-des-materiaux-et-des-fournisseurs\/","url":"https:\/\/vosfoxmedical.com\/fr\/services-2\/developpement\/selection-des-materiaux-et-des-fournisseurs\/","name":"S\u00e9lection des mat\u00e9riaux et des fournisseurs | Le chemin vers le produit clinique","isPartOf":{"@id":"https:\/\/vosfoxmedical.com\/fr\/#website"},"datePublished":"2023-05-15T10:41:07+00:00","dateModified":"2024-10-09T12:01:58+00:00","description":"Dans le cadre du processus de production clinique, la s\u00e9lection des mat\u00e9riaux et des fournisseurs est importante, et Vosfox Medical peut vous aider \u00e0 la r\u00e9aliser.","breadcrumb":{"@id":"https:\/\/vosfoxmedical.com\/fr\/services-2\/developpement\/selection-des-materiaux-et-des-fournisseurs\/#breadcrumb"},"inLanguage":"fr-FR","potentialAction":[{"@type":"ReadAction","target":["https:\/\/vosfoxmedical.com\/fr\/services-2\/developpement\/selection-des-materiaux-et-des-fournisseurs\/"]}]},{"@type":"BreadcrumbList","@id":"https:\/\/vosfoxmedical.com\/fr\/services-2\/developpement\/selection-des-materiaux-et-des-fournisseurs\/#breadcrumb","itemListElement":[{"@type":"ListItem","position":1,"name":"Home","item":"https:\/\/vosfoxmedical.com\/fr\/"},{"@type":"ListItem","position":2,"name":"Services","item":"https:\/\/vosfoxmedical.com\/fr\/services-2\/"},{"@type":"ListItem","position":3,"name":"D\u00e9veloppement","item":"https:\/\/vosfoxmedical.com\/fr\/services-2\/developpement\/"},{"@type":"ListItem","position":4,"name":"S\u00e9lection des mat\u00e9riaux et des fournisseurs"}]},{"@type":"WebSite","@id":"https:\/\/vosfoxmedical.com\/fr\/#website","url":"https:\/\/vosfoxmedical.com\/fr\/","name":"vosfoxmedical.com","description":"Low-volume contract manufacturing organisation","publisher":{"@id":"https:\/\/vosfoxmedical.com\/fr\/#organization"},"potentialAction":[{"@type":"SearchAction","target":{"@type":"EntryPoint","urlTemplate":"https:\/\/vosfoxmedical.com\/fr\/?s={search_term_string}"},"query-input":{"@type":"PropertyValueSpecification","valueRequired":true,"valueName":"search_term_string"}}],"inLanguage":"fr-FR"},{"@type":"Organization","@id":"https:\/\/vosfoxmedical.com\/fr\/#organization","name":"Vosfox Medical","url":"https:\/\/vosfoxmedical.com\/fr\/","logo":{"@type":"ImageObject","inLanguage":"fr-FR","@id":"https:\/\/vosfoxmedical.com\/fr\/#\/schema\/logo\/image\/","url":"https:\/\/i0.wp.com\/vosfoxmedical.com\/wp-content\/uploads\/2021\/06\/vosfox_medical_logo.png?fit=8594%2C2813&ssl=1","contentUrl":"https:\/\/i0.wp.com\/vosfoxmedical.com\/wp-content\/uploads\/2021\/06\/vosfox_medical_logo.png?fit=8594%2C2813&ssl=1","width":8594,"height":2813,"caption":"Vosfox Medical"},"image":{"@id":"https:\/\/vosfoxmedical.com\/fr\/#\/schema\/logo\/image\/"},"sameAs":["https:\/\/www.facebook.com\/Vosfoxmedical","https:\/\/x.com\/svndevos","https:\/\/www.instagram.com\/","https:\/\/www.linkedin.com\/company\/11022599\/"]}]}},"jetpack-related-posts":[],"jetpack_sharing_enabled":true,"_links":{"self":[{"href":"https:\/\/vosfoxmedical.com\/fr\/wp-json\/wp\/v2\/pages\/2870","targetHints":{"allow":["GET"]}}],"collection":[{"href":"https:\/\/vosfoxmedical.com\/fr\/wp-json\/wp\/v2\/pages"}],"about":[{"href":"https:\/\/vosfoxmedical.com\/fr\/wp-json\/wp\/v2\/types\/page"}],"author":[{"embeddable":true,"href":"https:\/\/vosfoxmedical.com\/fr\/wp-json\/wp\/v2\/users\/3"}],"replies":[{"embeddable":true,"href":"https:\/\/vosfoxmedical.com\/fr\/wp-json\/wp\/v2\/comments?post=2870"}],"version-history":[{"count":2,"href":"https:\/\/vosfoxmedical.com\/fr\/wp-json\/wp\/v2\/pages\/2870\/revisions"}],"predecessor-version":[{"id":2876,"href":"https:\/\/vosfoxmedical.com\/fr\/wp-json\/wp\/v2\/pages\/2870\/revisions\/2876"}],"up":[{"embeddable":true,"href":"https:\/\/vosfoxmedical.com\/fr\/wp-json\/wp\/v2\/pages\/2779"}],"wp:attachment":[{"href":"https:\/\/vosfoxmedical.com\/fr\/wp-json\/wp\/v2\/media?parent=2870"}],"curies":[{"name":"wp","href":"https:\/\/api.w.org\/{rel}","templated":true}]}}