{"id":2837,"date":"2023-05-15T12:26:55","date_gmt":"2023-05-15T11:26:55","guid":{"rendered":"https:\/\/vosfoxmedical.com\/fabrication-en-sous-traitance\/sterilisation-et-transport\/"},"modified":"2024-10-09T13:01:48","modified_gmt":"2024-10-09T12:01:48","slug":"sterilisation-et-transport","status":"publish","type":"page","link":"https:\/\/vosfoxmedical.com\/fr\/services-2\/fabrication-en-sous-traitance\/sterilisation-et-transport\/","title":{"rendered":"St\u00e9rilisation et transport"},"content":{"rendered":"\t<section class=\"section dark\" id=\"section_1005760451\">\n\t\t<div class=\"bg section-bg fill bg-fill  \" >\n\n\t\t\t\n\t\t\t<div class=\"section-bg-overlay absolute fill\"><\/div>\n\t\t\t\n\n\t\t<\/div>\n\n\t\t\n\n\t\t<div class=\"section-content relative\">\n\t\t\t\n<div class=\"row\" style=\"max-width:1300px\" id=\"row-1266747745\">\n\n\t<div id=\"col-336257752\" class=\"col medium-12 small-12 large-5\"  >\n\t\t\t\t<div class=\"col-inner\"  >\n\t\t\t\n\t\t\t\n\t<div id=\"text-1919862444\" class=\"text\">\n\t\t\n<h1 class=\"entry-title\">St\u00e9rilisation Transport<\/h1>\n\t\t\n<style>\n#text-1919862444 {\n  font-size: 2.75rem;\n}\n<\/style>\n\t<\/div>\n\t\n\t\t<\/div>\n\t\t\t\t\t<\/div>\n\n\t\n<\/div>\n\t\t<\/div>\n\n\t\t\n<style>\n#section_1005760451 {\n  padding-top: 30px;\n  padding-bottom: 30px;\n  min-height: 400px;\n  background-color: rgb(44, 49, 63);\n}\n#section_1005760451 .section-bg-overlay {\n  background-color: rgb(44, 49, 63);\n}\n#section_1005760451 .section-bg.bg-loaded {\n  background-image: url(https:\/\/vosfoxmedical.com\/wp-content\/uploads\/2021\/06\/img-thunderstorm.jpg);\n}\n#section_1005760451 .section-bg {\n  background-position: 90% 59%;\n}\n#section_1005760451 .ux-shape-divider--top svg {\n  height: 150px;\n  --divider-top-width: 100%;\n}\n#section_1005760451 .ux-shape-divider--bottom svg {\n  height: 150px;\n  --divider-width: 100%;\n}\n@media (min-width:550px) {\n  #section_1005760451 {\n    min-height: 400px;\n  }\n}\n@media (min-width:850px) {\n  #section_1005760451 {\n    min-height: 600px;\n  }\n}\n<\/style>\n\t<\/section>\n\t\n<div class=\"row align-bottom\" style=\"max-width:1300px\" id=\"row-1197140772\">\n\n\t<div id=\"col-308439169\" class=\"col medium-12 small-12 large-4\"  >\n\t\t\t\t<div class=\"col-inner\"  >\n\t\t\t\n\t\t\t\n\t<div id=\"gap-1862669277\" class=\"gap-element clearfix\" style=\"display:block; height:auto;\">\n\t\t\n<style>\n#gap-1862669277 {\n  padding-top: 0px;\n}\n@media (min-width:550px) {\n  #gap-1862669277 {\n    padding-top: 0px;\n  }\n}\n@media (min-width:850px) {\n  #gap-1862669277 {\n    padding-top: 35px;\n  }\n}\n<\/style>\n\t<\/div>\n\t\n\t\t<\/div>\n\t\t\t\t\t<\/div>\n\n\t\n\n\t<div id=\"col-98926149\" class=\"col medium-12 small-12 large-8 medium-col-first\"  >\n\t\t\t\t<div class=\"col-inner\"  >\n\t\t\t\n\t\t\t\n\n  <div class=\"banner has-hover\" id=\"banner-1600186516\">\n          <div class=\"banner-inner fill\">\n        <div class=\"banner-bg fill\" >\n            <div class=\"bg fill bg-fill \"><\/div>\n                                    \n                    <\/div>\n\t\t\n        <div class=\"banner-layers container\">\n            <div class=\"fill banner-link\"><\/div>            \n        <\/div>\n      <\/div>\n\n            \n<style>\n#banner-1600186516 {\n  padding-top: 300px;\n  background-color: #5a0958;\n}\n#banner-1600186516 .bg.bg-loaded {\n  background-image: url(https:\/\/vosfoxmedical.com\/wp-content\/uploads\/2023\/04\/photo-yellow-indicator.png);\n}\n#banner-1600186516 .bg {\n  background-position: 68% 94%;\n}\n#banner-1600186516 .ux-shape-divider--top svg {\n  height: 150px;\n  --divider-top-width: 100%;\n}\n#banner-1600186516 .ux-shape-divider--bottom svg {\n  height: 150px;\n  --divider-width: 100%;\n}\n@media (min-width:550px) {\n  #banner-1600186516 {\n    padding-top: 600px;\n  }\n}\n<\/style>\n  <\/div>\n\n\n\t\t<\/div>\n\t\t\t\t\n<style>\n#col-98926149 > .col-inner {\n  margin: -120px 0px 0px 0px;\n}\n@media (min-width:550px) {\n  #col-98926149 > .col-inner {\n    margin: -120px 0px 0px 0px;\n  }\n}\n@media (min-width:850px) {\n  #col-98926149 > .col-inner {\n    margin: -500px 0px 0px 0px;\n  }\n}\n<\/style>\n\t<\/div>\n\n\t\n<\/div>\n<div class=\"row\"  id=\"row-617815708\">\n\n\t<div id=\"col-1000016470\" class=\"col small-12 large-12\"  >\n\t\t\t\t<div class=\"col-inner\"  >\n\t\t\t\n\t\t\t\n<p class=\"lead\">Vosfox Medical peut organiser le processus de st\u00e9rilisation pour vous lorsque votre produit doit \u00eatre st\u00e9rile.<br \/>\nNous prenons en charge tous les types de processus de st\u00e9rilisation et travaillons avec des partenaires de confiance.<br \/>\nNous pouvons \u00e9galement organiser le transport de vos produits vers vous ou vos clients, et si n\u00e9cessaire, \u00e9galement dans un environnement contr\u00f4l\u00e9.  <\/p>\n\t\t<\/div>\n\t\t\t\t\t<\/div>\n\n\t\n<\/div>\n<div class=\"row\"  id=\"row-1202467266\">\n\n\t<div id=\"col-618825217\" class=\"col medium-6 small-12 large-6\"  >\n\t\t\t\t<div class=\"col-inner\"  >\n\t\t\t\n\t\t\t\n\n  <div class=\"banner has-hover\" id=\"banner-116467933\">\n          <div class=\"banner-inner fill\">\n        <div class=\"banner-bg fill\" >\n            <div class=\"bg fill bg-fill \"><\/div>\n                                    \n                    <\/div>\n\t\t\n        <div class=\"banner-layers container\">\n            <div class=\"fill banner-link\"><\/div>            \n   <div id=\"text-box-912030585\" class=\"text-box banner-layer x100 md-x100 lg-x100 y95 md-y95 lg-y95 res-text\">\n                                <div class=\"text-box-content text dark\">\n              \n              <div class=\"text-inner text-center\">\n                  \n              <\/div>\n           <\/div>\n                            \n<style>\n#text-box-912030585 {\n  width: 60%;\n}\n#text-box-912030585 .text-box-content {\n  font-size: 100%;\n}\n<\/style>\n    <\/div>\n \n        <\/div>\n      <\/div>\n\n            \n<style>\n#banner-116467933 {\n  padding-top: 357px;\n}\n#banner-116467933 .bg.bg-loaded {\n  background-image: url(https:\/\/i0.wp.com\/vosfoxmedical.com\/wp-content\/uploads\/2023\/05\/img-uv-light-sterilisation.jpg?fit=1020%2C574&ssl=1);\n}\n#banner-116467933 .ux-shape-divider--top svg {\n  height: 150px;\n  --divider-top-width: 100%;\n}\n#banner-116467933 .ux-shape-divider--bottom svg {\n  height: 150px;\n  --divider-width: 100%;\n}\n<\/style>\n  <\/div>\n\n\n\t\t<\/div>\n\t\t\t\t\t<\/div>\n\n\t\n\n\t<div id=\"col-1204713651\" class=\"col medium-6 small-12 large-6\"  >\n\t\t\t\t<div class=\"col-inner\"  >\n\t\t\t\n\t\t\t\n<h2>Processus de st\u00e9rilisation<\/h2>\n<p>Nous prenons en charge tous les types de st\u00e9rilisation, tels que l&rsquo;irradiation (gamma, b\u00eata, rayons X), l&rsquo;oxyde d&rsquo;\u00e9thyl\u00e8ne ou la vapeur.<br \/>\nLa premi\u00e8re \u00e9tape est la <a href=\"https:\/\/vosfoxmedical.com\/fr\/?page_id=2807\">validation<\/a> du processus de st\u00e9rilisation.<br \/>\nUne fois le processus valid\u00e9, nous nous assurons que le sous-traitant utilise la bonne m\u00e9thode\/le bon protocole et nous \u00e9mettons le bon de commande.<br \/>\nMais avant d&rsquo;envoyer les produits \u00e0 la st\u00e9rilisation, nous nous assurons qu&rsquo;ils sont de bonne qualit\u00e9 et qu&rsquo;ils ont \u00e9t\u00e9 valid\u00e9s par le service d&rsquo;assurance qualit\u00e9.     <\/p>\n<p>Apr\u00e8s avoir re\u00e7u la confirmation que les produits sont trait\u00e9s, nous v\u00e9rifions le certificat de st\u00e9rilisation pour nous assurer que les exigences sont respect\u00e9es.<br \/>\nLes produits peuvent \u00eatre exp\u00e9di\u00e9s directement au client ou \u00e0 Vosfox Medical lorsque nous nous chargeons de la logistique vers vos clients.<br \/>\nLorsque les produits sont envoy\u00e9s directement au client, nous nous assurons que vous recevez le certificat de st\u00e9rilisation pour la lib\u00e9ration finale du produit.    <\/p>\n<p>Lorsque les produits sont retourn\u00e9s \u00e0 Vosfox Medical, nous proc\u00e9dons \u00e0 un contr\u00f4le visuel des bo\u00eetes et des indicateurs.<br \/>\nNous lib\u00e9rons ensuite les produits apr\u00e8s st\u00e9rilisation.<br \/>\nEn fin de compte, c&rsquo;est vous, en tant que fabricant l\u00e9gal, qui \u00eates responsable de la lib\u00e9ration finale des produits.<br \/>\nBien entendu, nous vous fournirons tous les documents n\u00e9cessaires.   <\/p>\n\t\t<\/div>\n\t\t\t\t\t<\/div>\n\n\t\n<\/div>\n\t<div id=\"gap-1999645740\" class=\"gap-element clearfix\" style=\"display:block; height:auto;\">\n\t\t\n<style>\n#gap-1999645740 {\n  padding-top: 70px;\n}\n<\/style>\n\t<\/div>\n\t\n<div class=\"row\"  id=\"row-1931436257\">\n\n\t<div id=\"col-1245888262\" class=\"col medium-6 small-12 large-6\"  >\n\t\t\t\t<div class=\"col-inner\"  >\n\t\t\t\n\t\t\t\n\n  <div class=\"banner has-hover\" id=\"banner-179879618\">\n          <div class=\"banner-inner fill\">\n        <div class=\"banner-bg fill\" >\n            <div class=\"bg fill bg-fill \"><\/div>\n                                    \n                    <\/div>\n\t\t\n        <div class=\"banner-layers container\">\n            <div class=\"fill banner-link\"><\/div>            \n   <div id=\"text-box-625628005\" class=\"text-box banner-layer x50 md-x50 lg-x50 y50 md-y50 lg-y50 res-text\">\n                                <div class=\"text-box-content text dark\">\n              \n              <div class=\"text-inner text-center\">\n                  \n              <\/div>\n           <\/div>\n                            \n<style>\n#text-box-625628005 {\n  width: 60%;\n}\n#text-box-625628005 .text-box-content {\n  font-size: 100%;\n}\n<\/style>\n    <\/div>\n \n        <\/div>\n      <\/div>\n\n            \n<style>\n#banner-179879618 {\n  padding-top: 297px;\n}\n#banner-179879618 .bg.bg-loaded {\n  background-image: url(https:\/\/i0.wp.com\/vosfoxmedical.com\/wp-content\/uploads\/2023\/05\/img-eo-steriliser.jpg?fit=300%2C225&ssl=1);\n}\n#banner-179879618 .ux-shape-divider--top svg {\n  height: 150px;\n  --divider-top-width: 100%;\n}\n#banner-179879618 .ux-shape-divider--bottom svg {\n  height: 150px;\n  --divider-width: 100%;\n}\n<\/style>\n  <\/div>\n\n\n\t\t<\/div>\n\t\t\t\t\t<\/div>\n\n\t\n\n\t<div id=\"col-1602366630\" class=\"col medium-6 small-12 large-6\"  >\n\t\t\t\t<div class=\"col-inner\"  >\n\t\t\t\n\t\t\t\n<h2>Suivi du processus<\/h2>\n<p>Lorsque la validation de la st\u00e9rilisation est achev\u00e9e, la fr\u00e9quence du contr\u00f4le du processus est d\u00e9termin\u00e9e.<br \/>\nLe contr\u00f4le par simple v\u00e9rification du certificat de st\u00e9rilisation n&rsquo;est pas suffisant.<br \/>\nPlusieurs tests de contr\u00f4le doivent \u00eatre effectu\u00e9s chaque ann\u00e9e.<br \/>\nCe nombre est souvent de 4 fois par an, mais il d\u00e9pend de l&rsquo;\u00e9valuation des risques et est d\u00e9termin\u00e9 au cours de la validation, sous r\u00e9serve de non-conformit\u00e9s.   <\/p>\n\t\t<\/div>\n\t\t\t\t\t<\/div>\n\n\t\n<\/div>\n\t<div id=\"gap-238002045\" class=\"gap-element clearfix\" style=\"display:block; height:auto;\">\n\t\t\n<style>\n#gap-238002045 {\n  padding-top: 70px;\n}\n<\/style>\n\t<\/div>\n\t\n<div class=\"row\"  id=\"row-665579546\">\n\n\t<div id=\"col-432813310\" class=\"col medium-6 small-12 large-6\"  >\n\t\t\t\t<div class=\"col-inner\"  >\n\t\t\t\n\t\t\t\n<h2>Logistique<\/h2>\n<p>Apr\u00e8s la sortie d\u00e9finitive des produits, nous pouvons organiser l&rsquo;exp\u00e9dition \u00e0 votre intention ou \u00e0 celle de vos clients.<br \/>\nVous nous fournissez les commandes et nous veillons \u00e0 ce que les bo\u00eetes soient envoy\u00e9es aux endroits voulus. <\/p>\n<p>Si nous envoyons les produits \u00e0 votre client, il peut \u00eatre n\u00e9cessaire de les r\u00e9emballer dans des bo\u00eetes de transport plus petites.<\/p>\n<p>Lorsque le transport doit s&rsquo;effectuer dans un environnement contr\u00f4l\u00e9 (temp\u00e9rature et humidit\u00e9), nous pouvons faire appel \u00e0 des entreprises de transport sp\u00e9cialis\u00e9es dans le transport contr\u00f4l\u00e9, surveill\u00e9 et document\u00e9.<\/p>\n\t\t<\/div>\n\t\t\t\t\t<\/div>\n\n\t\n\n\t<div id=\"col-1733029334\" class=\"col medium-6 small-12 large-6\"  >\n\t\t\t\t<div class=\"col-inner\"  >\n\t\t\t\n\t\t\t\n\n  <div class=\"banner has-hover\" id=\"banner-2132090269\">\n          <div class=\"banner-inner fill\">\n        <div class=\"banner-bg fill\" >\n            <div class=\"bg fill bg-fill \"><\/div>\n                                    \n                    <\/div>\n\t\t\n        <div class=\"banner-layers container\">\n            <div class=\"fill banner-link\"><\/div>            \n   <div id=\"text-box-1958689482\" class=\"text-box banner-layer x50 md-x50 lg-x50 y50 md-y50 lg-y50 res-text\">\n                                <div class=\"text-box-content text dark\">\n              \n              <div class=\"text-inner text-center\">\n                  \n              <\/div>\n           <\/div>\n                            \n<style>\n#text-box-1958689482 {\n  width: 60%;\n}\n#text-box-1958689482 .text-box-content {\n  font-size: 100%;\n}\n<\/style>\n    <\/div>\n \n        <\/div>\n      <\/div>\n\n            \n<style>\n#banner-2132090269 {\n  padding-top: 332px;\n}\n#banner-2132090269 .bg.bg-loaded {\n  background-image: url(https:\/\/i0.wp.com\/vosfoxmedical.com\/wp-content\/uploads\/2023\/05\/img-refrigerated-truck.png?fit=689%2C427&ssl=1);\n}\n#banner-2132090269 .ux-shape-divider--top svg {\n  height: 150px;\n  --divider-top-width: 100%;\n}\n#banner-2132090269 .ux-shape-divider--bottom svg {\n  height: 150px;\n  --divider-width: 100%;\n}\n<\/style>\n  <\/div>\n\n\n\t\t<\/div>\n\t\t\t\t\t<\/div>\n\n\t\n<\/div>\n<div class=\"row\"  id=\"row-15407891\">\n\n\t<div id=\"col-1232220779\" class=\"col medium-6 small-12 large-6\"  >\n\t\t\t\t<div class=\"col-inner\"  >\n\t\t\t\n\t\t\t\n<a href=\"https:\/\/vosfoxmedical.com\/fr\/fabrication-en-sous-traitance\/\" target=\"_self\" class=\"button primary\"  >\n    <span>Retour \u00e0 la page de pr\u00e9sentation de la fabrication sous contrat<\/span>\n  <\/a>\n\n\t\t<\/div>\n\t\t\t\t\t<\/div>\n\n\t\n\n\t<div id=\"col-1658721810\" class=\"col medium-6 small-12 large-6\"  >\n\t\t\t\t<div class=\"col-inner\"  >\n\t\t\t\n\t\t\t\n\t\t<\/div>\n\t\t\t\t\t<\/div>\n\n\t\n<\/div>\n","protected":false},"excerpt":{"rendered":"","protected":false},"author":3,"featured_media":0,"parent":2456,"menu_order":0,"comment_status":"closed","ping_status":"closed","template":"page-blank.php","meta":{"footnotes":""},"class_list":["post-2837","page","type-page","status-publish","hentry"],"yoast_head":"<!-- This site is optimized with the Yoast SEO Premium plugin v24.2 (Yoast SEO v27.5) - https:\/\/yoast.com\/product\/yoast-seo-premium-wordpress\/ -->\n<title>St\u00e9rilisation et transport | Services de st\u00e9rilisation aux rayons gamma et \u00e0 l&#039;oxyde d&#039;\u00e9thyl\u00e8ne<\/title>\n<meta name=\"description\" content=\"Vosfox Medical vous propose d&#039;organiser la st\u00e9rilisation de vos produits, y compris la lib\u00e9ration des produits et le transport.\" \/>\n<meta name=\"robots\" content=\"index, follow, max-snippet:-1, max-image-preview:large, max-video-preview:-1\" \/>\n<link rel=\"canonical\" href=\"https:\/\/vosfoxmedical.com\/fr\/services-2\/fabrication-en-sous-traitance\/sterilisation-et-transport\/\" \/>\n<meta property=\"og:locale\" content=\"fr_FR\" \/>\n<meta property=\"og:type\" content=\"article\" \/>\n<meta property=\"og:title\" content=\"St\u00e9rilisation et transport\" \/>\n<meta property=\"og:description\" content=\"Vosfox Medical vous propose d&#039;organiser la st\u00e9rilisation de vos produits, y compris la lib\u00e9ration des produits et le transport.\" \/>\n<meta property=\"og:url\" content=\"https:\/\/vosfoxmedical.com\/fr\/services-2\/fabrication-en-sous-traitance\/sterilisation-et-transport\/\" \/>\n<meta property=\"og:site_name\" content=\"Vosfox Medical\" \/>\n<meta property=\"article:publisher\" content=\"https:\/\/www.facebook.com\/Vosfoxmedical\" \/>\n<meta property=\"article:modified_time\" content=\"2024-10-09T12:01:48+00:00\" \/>\n<meta name=\"twitter:card\" content=\"summary_large_image\" \/>\n<meta name=\"twitter:site\" content=\"@svndevos\" \/>\n<meta name=\"twitter:label1\" content=\"Dur\u00e9e de lecture estim\u00e9e\" \/>\n\t<meta name=\"twitter:data1\" content=\"4 minutes\" \/>\n<script type=\"application\/ld+json\" class=\"yoast-schema-graph\">{\"@context\":\"https:\\\/\\\/schema.org\",\"@graph\":[{\"@type\":\"WebPage\",\"@id\":\"https:\\\/\\\/vosfoxmedical.com\\\/fr\\\/services-2\\\/fabrication-en-sous-traitance\\\/sterilisation-et-transport\\\/\",\"url\":\"https:\\\/\\\/vosfoxmedical.com\\\/fr\\\/services-2\\\/fabrication-en-sous-traitance\\\/sterilisation-et-transport\\\/\",\"name\":\"St\u00e9rilisation et transport | Services de st\u00e9rilisation aux rayons gamma et \u00e0 l'oxyde d'\u00e9thyl\u00e8ne\",\"isPartOf\":{\"@id\":\"https:\\\/\\\/vosfoxmedical.com\\\/fr\\\/#website\"},\"datePublished\":\"2023-05-15T11:26:55+00:00\",\"dateModified\":\"2024-10-09T12:01:48+00:00\",\"description\":\"Vosfox Medical vous propose d'organiser la st\u00e9rilisation de vos produits, y compris la lib\u00e9ration des produits et le transport.\",\"breadcrumb\":{\"@id\":\"https:\\\/\\\/vosfoxmedical.com\\\/fr\\\/services-2\\\/fabrication-en-sous-traitance\\\/sterilisation-et-transport\\\/#breadcrumb\"},\"inLanguage\":\"fr-FR\",\"potentialAction\":[{\"@type\":\"ReadAction\",\"target\":[\"https:\\\/\\\/vosfoxmedical.com\\\/fr\\\/services-2\\\/fabrication-en-sous-traitance\\\/sterilisation-et-transport\\\/\"]}]},{\"@type\":\"BreadcrumbList\",\"@id\":\"https:\\\/\\\/vosfoxmedical.com\\\/fr\\\/services-2\\\/fabrication-en-sous-traitance\\\/sterilisation-et-transport\\\/#breadcrumb\",\"itemListElement\":[{\"@type\":\"ListItem\",\"position\":1,\"name\":\"Home\",\"item\":\"https:\\\/\\\/vosfoxmedical.com\\\/fr\\\/\"},{\"@type\":\"ListItem\",\"position\":2,\"name\":\"Services\",\"item\":\"https:\\\/\\\/vosfoxmedical.com\\\/fr\\\/services-2\\\/\"},{\"@type\":\"ListItem\",\"position\":3,\"name\":\"Fabrication\",\"item\":\"https:\\\/\\\/vosfoxmedical.com\\\/fr\\\/services-2\\\/fabrication-en-sous-traitance\\\/\"},{\"@type\":\"ListItem\",\"position\":4,\"name\":\"St\u00e9rilisation et transport\"}]},{\"@type\":\"WebSite\",\"@id\":\"https:\\\/\\\/vosfoxmedical.com\\\/fr\\\/#website\",\"url\":\"https:\\\/\\\/vosfoxmedical.com\\\/fr\\\/\",\"name\":\"vosfoxmedical.com\",\"description\":\"Low-volume contract manufacturing organisation\",\"publisher\":{\"@id\":\"https:\\\/\\\/vosfoxmedical.com\\\/fr\\\/#organization\"},\"potentialAction\":[{\"@type\":\"SearchAction\",\"target\":{\"@type\":\"EntryPoint\",\"urlTemplate\":\"https:\\\/\\\/vosfoxmedical.com\\\/fr\\\/?s={search_term_string}\"},\"query-input\":{\"@type\":\"PropertyValueSpecification\",\"valueRequired\":true,\"valueName\":\"search_term_string\"}}],\"inLanguage\":\"fr-FR\"},{\"@type\":\"Organization\",\"@id\":\"https:\\\/\\\/vosfoxmedical.com\\\/fr\\\/#organization\",\"name\":\"Vosfox Medical\",\"url\":\"https:\\\/\\\/vosfoxmedical.com\\\/fr\\\/\",\"logo\":{\"@type\":\"ImageObject\",\"inLanguage\":\"fr-FR\",\"@id\":\"https:\\\/\\\/vosfoxmedical.com\\\/fr\\\/#\\\/schema\\\/logo\\\/image\\\/\",\"url\":\"https:\\\/\\\/i0.wp.com\\\/vosfoxmedical.com\\\/wp-content\\\/uploads\\\/2021\\\/06\\\/vosfox_medical_logo.png?fit=8594%2C2813&ssl=1\",\"contentUrl\":\"https:\\\/\\\/i0.wp.com\\\/vosfoxmedical.com\\\/wp-content\\\/uploads\\\/2021\\\/06\\\/vosfox_medical_logo.png?fit=8594%2C2813&ssl=1\",\"width\":8594,\"height\":2813,\"caption\":\"Vosfox Medical\"},\"image\":{\"@id\":\"https:\\\/\\\/vosfoxmedical.com\\\/fr\\\/#\\\/schema\\\/logo\\\/image\\\/\"},\"sameAs\":[\"https:\\\/\\\/www.facebook.com\\\/Vosfoxmedical\",\"https:\\\/\\\/x.com\\\/svndevos\",\"https:\\\/\\\/www.instagram.com\\\/\",\"https:\\\/\\\/www.linkedin.com\\\/company\\\/11022599\\\/\"]}]}<\/script>\n<!-- \/ Yoast SEO Premium plugin. -->","yoast_head_json":{"title":"St\u00e9rilisation et transport | Services de st\u00e9rilisation aux rayons gamma et \u00e0 l'oxyde d'\u00e9thyl\u00e8ne","description":"Vosfox Medical vous propose d'organiser la st\u00e9rilisation de vos produits, y compris la lib\u00e9ration des produits et le transport.","robots":{"index":"index","follow":"follow","max-snippet":"max-snippet:-1","max-image-preview":"max-image-preview:large","max-video-preview":"max-video-preview:-1"},"canonical":"https:\/\/vosfoxmedical.com\/fr\/services-2\/fabrication-en-sous-traitance\/sterilisation-et-transport\/","og_locale":"fr_FR","og_type":"article","og_title":"St\u00e9rilisation et transport","og_description":"Vosfox Medical vous propose d'organiser la st\u00e9rilisation de vos produits, y compris la lib\u00e9ration des produits et le transport.","og_url":"https:\/\/vosfoxmedical.com\/fr\/services-2\/fabrication-en-sous-traitance\/sterilisation-et-transport\/","og_site_name":"Vosfox Medical","article_publisher":"https:\/\/www.facebook.com\/Vosfoxmedical","article_modified_time":"2024-10-09T12:01:48+00:00","twitter_card":"summary_large_image","twitter_site":"@svndevos","twitter_misc":{"Dur\u00e9e de lecture estim\u00e9e":"4 minutes"},"schema":{"@context":"https:\/\/schema.org","@graph":[{"@type":"WebPage","@id":"https:\/\/vosfoxmedical.com\/fr\/services-2\/fabrication-en-sous-traitance\/sterilisation-et-transport\/","url":"https:\/\/vosfoxmedical.com\/fr\/services-2\/fabrication-en-sous-traitance\/sterilisation-et-transport\/","name":"St\u00e9rilisation et transport | Services de st\u00e9rilisation aux rayons gamma et \u00e0 l'oxyde d'\u00e9thyl\u00e8ne","isPartOf":{"@id":"https:\/\/vosfoxmedical.com\/fr\/#website"},"datePublished":"2023-05-15T11:26:55+00:00","dateModified":"2024-10-09T12:01:48+00:00","description":"Vosfox Medical vous propose d'organiser la st\u00e9rilisation de vos produits, y compris la lib\u00e9ration des produits et le transport.","breadcrumb":{"@id":"https:\/\/vosfoxmedical.com\/fr\/services-2\/fabrication-en-sous-traitance\/sterilisation-et-transport\/#breadcrumb"},"inLanguage":"fr-FR","potentialAction":[{"@type":"ReadAction","target":["https:\/\/vosfoxmedical.com\/fr\/services-2\/fabrication-en-sous-traitance\/sterilisation-et-transport\/"]}]},{"@type":"BreadcrumbList","@id":"https:\/\/vosfoxmedical.com\/fr\/services-2\/fabrication-en-sous-traitance\/sterilisation-et-transport\/#breadcrumb","itemListElement":[{"@type":"ListItem","position":1,"name":"Home","item":"https:\/\/vosfoxmedical.com\/fr\/"},{"@type":"ListItem","position":2,"name":"Services","item":"https:\/\/vosfoxmedical.com\/fr\/services-2\/"},{"@type":"ListItem","position":3,"name":"Fabrication","item":"https:\/\/vosfoxmedical.com\/fr\/services-2\/fabrication-en-sous-traitance\/"},{"@type":"ListItem","position":4,"name":"St\u00e9rilisation et transport"}]},{"@type":"WebSite","@id":"https:\/\/vosfoxmedical.com\/fr\/#website","url":"https:\/\/vosfoxmedical.com\/fr\/","name":"vosfoxmedical.com","description":"Low-volume contract manufacturing organisation","publisher":{"@id":"https:\/\/vosfoxmedical.com\/fr\/#organization"},"potentialAction":[{"@type":"SearchAction","target":{"@type":"EntryPoint","urlTemplate":"https:\/\/vosfoxmedical.com\/fr\/?s={search_term_string}"},"query-input":{"@type":"PropertyValueSpecification","valueRequired":true,"valueName":"search_term_string"}}],"inLanguage":"fr-FR"},{"@type":"Organization","@id":"https:\/\/vosfoxmedical.com\/fr\/#organization","name":"Vosfox Medical","url":"https:\/\/vosfoxmedical.com\/fr\/","logo":{"@type":"ImageObject","inLanguage":"fr-FR","@id":"https:\/\/vosfoxmedical.com\/fr\/#\/schema\/logo\/image\/","url":"https:\/\/i0.wp.com\/vosfoxmedical.com\/wp-content\/uploads\/2021\/06\/vosfox_medical_logo.png?fit=8594%2C2813&ssl=1","contentUrl":"https:\/\/i0.wp.com\/vosfoxmedical.com\/wp-content\/uploads\/2021\/06\/vosfox_medical_logo.png?fit=8594%2C2813&ssl=1","width":8594,"height":2813,"caption":"Vosfox Medical"},"image":{"@id":"https:\/\/vosfoxmedical.com\/fr\/#\/schema\/logo\/image\/"},"sameAs":["https:\/\/www.facebook.com\/Vosfoxmedical","https:\/\/x.com\/svndevos","https:\/\/www.instagram.com\/","https:\/\/www.linkedin.com\/company\/11022599\/"]}]}},"jetpack-related-posts":[],"jetpack_sharing_enabled":true,"_links":{"self":[{"href":"https:\/\/vosfoxmedical.com\/fr\/wp-json\/wp\/v2\/pages\/2837","targetHints":{"allow":["GET"]}}],"collection":[{"href":"https:\/\/vosfoxmedical.com\/fr\/wp-json\/wp\/v2\/pages"}],"about":[{"href":"https:\/\/vosfoxmedical.com\/fr\/wp-json\/wp\/v2\/types\/page"}],"author":[{"embeddable":true,"href":"https:\/\/vosfoxmedical.com\/fr\/wp-json\/wp\/v2\/users\/3"}],"replies":[{"embeddable":true,"href":"https:\/\/vosfoxmedical.com\/fr\/wp-json\/wp\/v2\/comments?post=2837"}],"version-history":[{"count":3,"href":"https:\/\/vosfoxmedical.com\/fr\/wp-json\/wp\/v2\/pages\/2837\/revisions"}],"predecessor-version":[{"id":2854,"href":"https:\/\/vosfoxmedical.com\/fr\/wp-json\/wp\/v2\/pages\/2837\/revisions\/2854"}],"up":[{"embeddable":true,"href":"https:\/\/vosfoxmedical.com\/fr\/wp-json\/wp\/v2\/pages\/2456"}],"wp:attachment":[{"href":"https:\/\/vosfoxmedical.com\/fr\/wp-json\/wp\/v2\/media?parent=2837"}],"curies":[{"name":"wp","href":"https:\/\/api.w.org\/{rel}","templated":true}]}}