{"id":2727,"date":"2023-11-08T16:56:24","date_gmt":"2023-11-08T15:56:24","guid":{"rendered":"https:\/\/vosfoxmedical.com\/bienvenue-a-vosfox-medical\/connaissances\/cdmo\/"},"modified":"2024-10-09T12:01:56","modified_gmt":"2024-10-09T11:01:56","slug":"cdmo","status":"publish","type":"page","link":"https:\/\/vosfoxmedical.com\/fr\/bienvenue-a-vosfox-medical\/connaissances\/cdmo\/","title":{"rendered":"CDMO"},"content":{"rendered":"\t<section class=\"section dark\" id=\"section_928483495\">\n\t\t<div class=\"bg section-bg fill bg-fill  \" >\n\n\t\t\t\n\t\t\t<div class=\"section-bg-overlay absolute fill\"><\/div>\n\t\t\t\n\n\t\t<\/div>\n\n\t\t\n\n\t\t<div class=\"section-content relative\">\n\t\t\t\n<div class=\"row align-middle align-center\" style=\"max-width:1300px\" id=\"row-809675243\">\n\n\t<div id=\"col-1280746885\" class=\"col medium-12 small-12 large-12\"  >\n\t\t\t\t<div class=\"col-inner text-left\"  >\n\t\t\t\n\t\t\t\n\t<div id=\"text-614657279\" class=\"text\">\n\t\t\n<h1>Ce que les CDMO ont \u00e0 offrir<\/h1>\n\t\t\n<style>\n#text-614657279 {\n  font-size: 1rem;\n}\n@media (min-width:550px) {\n  #text-614657279 {\n    font-size: 1.25rem;\n  }\n}\n@media (min-width:850px) {\n  #text-614657279 {\n    font-size: 1.75rem;\n  }\n}\n<\/style>\n\t<\/div>\n\t\n\t\t<\/div>\n\t\t\t\t\n<style>\n#col-1280746885 > .col-inner {\n  margin: 0px 0px -40px 0px;\n}\n@media (min-width:550px) {\n  #col-1280746885 > .col-inner {\n    margin: 0px 0px -65px 0px;\n  }\n}\n<\/style>\n\t<\/div>\n\n\t\n<\/div>\n\t\t<\/div>\n\n\t\t\n<style>\n#section_928483495 {\n  padding-top: 30px;\n  padding-bottom: 30px;\n  min-height: 295px;\n  background-color: rgb(44, 49, 63);\n}\n#section_928483495 .section-bg-overlay {\n  background-color: rgba(44, 49, 63, 0.93);\n}\n#section_928483495 .section-bg.bg-loaded {\n  background-image: url(https:\/\/vosfoxmedical.com\/wp-content\/uploads\/2021\/06\/img-thunderstorm.jpg);\n}\n#section_928483495 .section-bg {\n  background-position: 90% 59%;\n}\n#section_928483495 .ux-shape-divider--top svg {\n  height: 150px;\n  --divider-top-width: 100%;\n}\n#section_928483495 .ux-shape-divider--bottom svg {\n  height: 150px;\n  --divider-width: 100%;\n}\n@media (min-width:550px) {\n  #section_928483495 {\n    min-height: 300px;\n  }\n}\n@media (min-width:850px) {\n  #section_928483495 {\n    min-height: 348px;\n  }\n}\n<\/style>\n\t<\/section>\n\t\n\t<section class=\"section\" id=\"section_1396971669\">\n\t\t<div class=\"bg section-bg fill bg-fill  bg-loaded\" >\n\n\t\t\t\n\t\t\t\n\t\t\t\n\n\t\t<\/div>\n\n\t\t\n\n\t\t<div class=\"section-content relative\">\n\t\t\t\n<div class=\"row row-small align-middle align-center\"  id=\"row-1536161978\">\n\n\t<div id=\"col-413680605\" class=\"col medium-12 small-12 large-9\"  >\n\t\t\t\t<div class=\"col-inner\"  >\n\t\t\t\n\t\t\t\n<p>Les organisations de d\u00e9veloppement et de fabrication sous contrat (CDMO) jouent un r\u00f4le crucial dans l&rsquo;industrie des dispositifs m\u00e9dicaux en offrant des services sp\u00e9cialis\u00e9s et une expertise qui aident les entreprises de dispositifs m\u00e9dicaux \u00e0 commercialiser leurs produits plus rapidement. Il existe de nombreux types de CDMO.<br \/>\nCertains con\u00e7oivent les produits et fabriquent des produits pilotes, tandis que d&rsquo;autres poursuivent leurs services jusqu&rsquo;\u00e0 la fabrication.<br \/>\nCertains ne s&rsquo;occupent que du d\u00e9veloppement et de la fabrication de proc\u00e9d\u00e9s, tandis que d&rsquo;autres se consacrent essentiellement \u00e0 la production de produits (en tant que CMO).<br \/>\nLa plupart des CDMO offrent des services sp\u00e9cialis\u00e9s (moulage par injection, remplissage, conditionnement, etc.)<br \/>\nLes CDMO travaillent pour des clients plus importants qui paient les factures, mais leur c\u0153ur bat pour les jeunes entreprises et leurs produits innovants.<br \/>\nLa plupart de ces jeunes entreprises ont besoin d&rsquo;acqu\u00e9rir des connaissances ou de l&rsquo;exp\u00e9rience pour lancer leur production.<br \/>\nCertaines d&rsquo;entre elles peuvent vouloir construire des installations de fabrication lorsqu&rsquo;elles disposent de connaissances qu&rsquo;elles estiment ne pas pouvoir transf\u00e9rer ou qu&rsquo;elles ne veulent pas transf\u00e9rer \u00e0 un CDMO.<br \/>\nElles ont besoin de lever davantage de fonds aupr\u00e8s de leurs investisseurs que leurs homologues qui choisissent de travailler avec des CDMO.<br \/>\nJ&rsquo;ai \u00e9num\u00e9r\u00e9 ci-dessous plusieurs avantages que les CDMO peuvent offrir. <strong>Expertise technique<\/strong>: Les CDMO disposent souvent d&rsquo;une \u00e9quipe d&rsquo;ing\u00e9nieurs et de techniciens exp\u00e9riment\u00e9s ayant une connaissance approfondie de la conception, du d\u00e9veloppement et de la fabrication d&rsquo;un groupe\/type particulier de dispositifs m\u00e9dicaux.<br \/>\nIls fournissent une expertise technique qui peut n&rsquo;\u00eatre disponible que dans certaines entreprises de dispositifs m\u00e9dicaux. <strong>Rapidit\u00e9 de mise sur le march\u00e9<\/strong>: Les CDMO sont \u00e9quip\u00e9s pour acc\u00e9l\u00e9rer le processus de d\u00e9veloppement des produits.<br \/>\nLeur expertise et l&rsquo;infrastructure existante peuvent acc\u00e9l\u00e9rer le temps n\u00e9cessaire \u00e0 la mise sur le march\u00e9 d&rsquo;un dispositif m\u00e9dical, ce qui est crucial dans un secteur concurrentiel. <strong>Conformit\u00e9 r\u00e9glementaire<\/strong>: L&rsquo;industrie des dispositifs m\u00e9dicaux est fortement r\u00e9glement\u00e9e.<br \/>\nLes CDMO disposent en interne d&rsquo;experts en r\u00e9glementation qui aident les entreprises \u00e0 naviguer dans le paysage r\u00e9glementaire complexe et \u00e0 s&rsquo;assurer que les dispositifs r\u00e9pondent \u00e0 toutes les normes de conformit\u00e9. <strong>Contr\u00f4le et assurance de la qualit\u00e9<\/strong>: Le maintien des plus hauts niveaux de qualit\u00e9 est primordial dans l&rsquo;industrie des dispositifs m\u00e9dicaux.<br \/>\nLes CDMO disposent de processus rigoureux de contr\u00f4le et d&rsquo;assurance qualit\u00e9 afin de garantir que chaque dispositif produit r\u00e9pond \u00e0 des normes de qualit\u00e9 strictes. <strong>Faible volume, mise \u00e0 l&rsquo;\u00e9chelle et fabrication<\/strong>: La plupart des CDMO disposent de l&rsquo;infrastructure et des capacit\u00e9s n\u00e9cessaires pour augmenter la production de mani\u00e8re efficace.<br \/>\nVosfox Medical dispose de l&rsquo;infrastructure n\u00e9cessaire pour produire de faibles volumes de produits, de 1 (sp\u00e9cifique \u00e0 un patient) \u00e0 plusieurs milliers. <strong>Rentabilit\u00e9<\/strong>: Les CDMO r\u00e9alisent souvent des \u00e9conomies d&rsquo;\u00e9chelle et peuvent offrir des solutions rentables en mati\u00e8re de d\u00e9veloppement et de fabrication de dispositifs m\u00e9dicaux.<br \/>\nIls peuvent aider les entreprises \u00e0 r\u00e9duire les co\u00fbts de production tout en maintenant la qualit\u00e9 des produits. <strong>Confidentialit\u00e9 et protection de la propri\u00e9t\u00e9 intellectuelle :<\/strong> Les CDMO ont l&rsquo;exp\u00e9rience de la gestion de la propri\u00e9t\u00e9 intellectuelle sensible et du maintien de la confidentialit\u00e9.<br \/>\nIls disposent de mesures de s\u00e9curit\u00e9 solides pour prot\u00e9ger les informations exclusives de leurs clients.<br \/>\nChez<strong> Vosfox Medical,<\/strong> nous prenons les start-ups par la main et les menons des \u00e9chantillons de laboratoire aux produits cliniques.<br \/>\nAvant m\u00eame qu&rsquo;elles ne soient pr\u00eates \u00e0 externaliser leurs processus, nous les aidons en leur accordant une heure de consultation gratuite pour discuter de leur chemin vers les produits cliniques.<br \/>\nNous offrons \u00e0 nos clients une gestion de projet compl\u00e8te, ou ils peuvent choisir des services s\u00e9lectionn\u00e9s.<br \/>\nVosfox Medical est sp\u00e9cialis\u00e9 dans la production en volume de dispositifs m\u00e9dicaux et de composants \u00e0 base de polym\u00e8res.<br \/>\nNous disposons de certaines technologies en interne (impression 3D, micro-moulage, (sous-)assemblage, conditionnement), mais nous sommes ouverts \u00e0 toutes les technologies d\u00e8s lors qu&rsquo;elles s&rsquo;int\u00e8grent dans nos installations.                     Nous sommes certifi\u00e9s ISO13485, disposons de deux salles blanches et pouvons augmenter la capacit\u00e9 de nos salles blanches dans un d\u00e9lai de 4 mois.<br \/>\nIl est \u00e9galement possible d&rsquo;obtenir votre salle blanche sur demande.<br \/>\nNos services sont divis\u00e9s en trois phases.    <\/p>\n<ol>\n<li>D\u00e9veloppement\n<ol>\n<li><em>D\u00e9veloppement des processus<\/em><\/li>\n<li><em>S\u00e9lection et gestion des fournisseurs<\/em><\/li>\n<li><em>D\u00e9veloppement de l&#8217;emballage<\/em><\/li>\n<li><em>S\u00e9lection de la st\u00e9rilisation.<\/em><\/li>\n<\/ol>\n<\/li>\n<li>Validation\n<ol>\n<li><em>Processus, emballage, st\u00e9rilisation<\/em><\/li>\n<li><em>M\u00e9thodes d&rsquo;essai, nettoyage, salle blanche<\/em><\/li>\n<li><em>Dur\u00e9e de conservation<\/em><\/li>\n<\/ol>\n<\/li>\n<li>Fabrication\n<ol>\n<li><em>Production, contr\u00f4le qualit\u00e9, surveillance et documentation conform\u00e9ment aux sp\u00e9cifications convenues<\/em><\/li>\n<li><em>St\u00e9rilisation et logistique<\/em><\/li>\n<\/ol>\n<\/li>\n<\/ol>\n<p>  Consultez notre site web <a href=\"https:\/\/vosfoxmedical.com\/fr\/\">https:\/\/vosfoxmedical.com<\/a> pour obtenir des informations plus d\u00e9taill\u00e9es. <strong>En r\u00e9sum\u00e9<\/strong>, les CDMO sont des partenaires pr\u00e9cieux dans l&rsquo;industrie des dispositifs m\u00e9dicaux, fournissant une large gamme de services qui rationalisent le processus de d\u00e9veloppement et de fabrication, garantissent la conformit\u00e9 aux r\u00e9glementations, am\u00e9liorent la qualit\u00e9 des produits et, en fin de compte, contribuent au lancement r\u00e9ussi de dispositifs m\u00e9dicaux innovants.<br \/>\nLeur expertise et leurs ressources les rendent indispensables \u00e0 de nombreuses entreprises de dispositifs m\u00e9dicaux d\u00e9sireuses de commercialiser leurs produits de mani\u00e8re efficace et efficiente.   <div class=\"row row-small align-middle align-center\"  id=\"row-125746989\">\n\n\n\t<div id=\"col-2053588686\" class=\"col medium-12 small-12 large-12\"  >\n\t\t\t\t<div class=\"col-inner\"  >\n\t\t\t\n\t\t\t\n\n<h2>\u00c0 propos de Sandra de Vos<\/h2>\n<p>Sandra de Vos a plus de 20 ans d'exp\u00e9rience dans le domaine des polym\u00e8res et plus de 15 ans dans celui des dispositifs m\u00e9dicaux.\nElle a de l'exp\u00e9rience dans le d\u00e9veloppement de produits et de processus, y compris les dossiers DHF, l'analyse des risques, la biocompatibilit\u00e9 et la validation des processus.\nAu cours de sa carri\u00e8re, Sandra a mis en place \u00e0 deux reprises un syst\u00e8me complet de gestion de la qualit\u00e9 ISO13485 \u00e0 partir de z\u00e9ro et est auditrice principale certifi\u00e9e.  <\/p>\n<p>Sandra est actuellement la fondatrice et la directrice g\u00e9n\u00e9rale de <a href=\"https:\/\/vosfoxmedical.com\/fr\/\" target=\"_blank\" rel=\"noreferrer noopener\">Vosfox Medical.<\/a>\nVosfox Medical propose une <a href=\"https:\/\/vosfoxmedical.com\/fr\/?page_id=2456\"><strong>organisation de fabrication \u00e0 fa\u00e7on<\/strong><\/a> sp\u00e9cialis\u00e9e dans la production de faibles volumes de dispositifs m\u00e9dicaux. <\/p>\n<p>L'<a href=\"https:\/\/vosfoxmedical.com\/fr\/?page_id=2586\">impression m\u00e9dicale en 3D<\/a> est une m\u00e9thode typique de faible production, mais nous faisons plus que cela.\nBient\u00f4t, nous proposerons le moulage par injection \u00e0 faible volume et l'assemblage de dispositifs \u00e9lectriques.\nNos services CMO comprennent le d\u00e9veloppement de processus et d'emballages, l'emballage, le transport, la validation de la st\u00e9rilisation et les \u00e9tudes sur la dur\u00e9e de conservation.\nDans nos installations, nous pouvons produire votre dispositif dans une salle blanche ISO de classe 7 valid\u00e9e ou dans une salle de production propre mais non contr\u00f4l\u00e9e.\nSur demande, vous pouvez disposer d'un espace d\u00e9di\u00e9.\nLes installations sont toujours pr\u00eates \u00e0 vous accueillir pour des essais ou la formation de coll\u00e8gues.     <\/p>\n<p><strong>En conclusion, vous pouvez vous impliquer autant que vous le souhaitez et externaliser ce que vous voulez avec nous.<\/strong><\/p>\n<p>Veuillez prendre contact avec Vosfox Medical ou directement avec moi. (sandra.devos@vosfoxmedical.com).\nVous pouvez \u00e9galement commenter l'article et m'aider \u00e0 am\u00e9liorer cet article et les suivants. <\/p>\n\n\t\t<\/div>\n\t\t\t\t\n<style>\n#col-2053588686 > .col-inner {\n  padding: 0px 0px 0px 0;\n}\n@media (min-width:550px) {\n  #col-2053588686 > .col-inner {\n    padding: 0px 0px 0px 0;\n  }\n}\n<\/style>\n\t<\/div>\n\n\t\n\n<\/div>\n\t\t<\/div>\n\t\t\t\t\n<style>\n#col-413680605 > .col-inner {\n  padding: 0px 0px 0px 0;\n}\n@media (min-width:550px) {\n  #col-413680605 > .col-inner {\n    padding: 0px 0px 0px 0;\n  }\n}\n<\/style>\n\t<\/div>\n\n\t\n<\/div>\n\t\t<\/div>\n\n\t\t\n<style>\n#section_1396971669 {\n  padding-top: 30px;\n  padding-bottom: 30px;\n}\n#section_1396971669 .ux-shape-divider--top svg {\n  height: 150px;\n  --divider-top-width: 100%;\n}\n#section_1396971669 .ux-shape-divider--bottom svg {\n  height: 150px;\n  --divider-width: 100%;\n}\n@media (min-width:550px) {\n  #section_1396971669 {\n    padding-top: 70px;\n    padding-bottom: 70px;\n  }\n}\n<\/style>\n\t<\/section>\n\t\n","protected":false},"excerpt":{"rendered":"","protected":false},"author":3,"featured_media":2392,"parent":3378,"menu_order":0,"comment_status":"closed","ping_status":"closed","template":"page-blank.php","meta":{"footnotes":""},"class_list":["post-2727","page","type-page","status-publish","has-post-thumbnail","hentry"],"yoast_head":"<!-- This site is optimized with the Yoast SEO Premium plugin v24.2 (Yoast SEO v27.4) - https:\/\/yoast.com\/product\/yoast-seo-premium-wordpress\/ -->\n<title>Article : CDMO<\/title>\n<meta name=\"description\" content=\"Article sur les avantages des organisations de d\u00e9veloppement et de fabrication sous contrat pour les jeunes entreprises du secteur m\u00e9dical.\" \/>\n<meta name=\"robots\" content=\"index, follow, max-snippet:-1, max-image-preview:large, max-video-preview:-1\" \/>\n<link rel=\"canonical\" href=\"https:\/\/vosfoxmedical.com\/fr\/bienvenue-a-vosfox-medical\/connaissances\/cdmo\/\" \/>\n<meta property=\"og:locale\" content=\"fr_FR\" \/>\n<meta property=\"og:type\" content=\"article\" \/>\n<meta property=\"og:title\" content=\"CDMO\" \/>\n<meta property=\"og:description\" content=\"Article sur les avantages des organisations de d\u00e9veloppement et de fabrication sous contrat pour les jeunes entreprises du secteur m\u00e9dical.\" \/>\n<meta property=\"og:url\" content=\"https:\/\/vosfoxmedical.com\/fr\/bienvenue-a-vosfox-medical\/connaissances\/cdmo\/\" \/>\n<meta property=\"og:site_name\" content=\"Vosfox Medical\" \/>\n<meta property=\"article:publisher\" content=\"https:\/\/www.facebook.com\/Vosfoxmedical\" \/>\n<meta property=\"article:modified_time\" content=\"2024-10-09T11:01:56+00:00\" \/>\n<meta property=\"og:image\" content=\"https:\/\/i0.wp.com\/vosfoxmedical.com\/wp-content\/uploads\/2023\/09\/Snapshot.jpg?fit=1920%2C1080&ssl=1\" \/>\n\t<meta property=\"og:image:width\" content=\"1920\" \/>\n\t<meta property=\"og:image:height\" content=\"1080\" \/>\n\t<meta property=\"og:image:type\" content=\"image\/jpeg\" \/>\n<meta name=\"twitter:card\" content=\"summary_large_image\" \/>\n<meta name=\"twitter:site\" content=\"@svndevos\" \/>\n<meta name=\"twitter:label1\" content=\"Dur\u00e9e de lecture estim\u00e9e\" \/>\n\t<meta name=\"twitter:data1\" content=\"5 minutes\" \/>\n<script type=\"application\/ld+json\" class=\"yoast-schema-graph\">{\"@context\":\"https:\\\/\\\/schema.org\",\"@graph\":[{\"@type\":\"WebPage\",\"@id\":\"https:\\\/\\\/vosfoxmedical.com\\\/fr\\\/bienvenue-a-vosfox-medical\\\/connaissances\\\/cdmo\\\/\",\"url\":\"https:\\\/\\\/vosfoxmedical.com\\\/fr\\\/bienvenue-a-vosfox-medical\\\/connaissances\\\/cdmo\\\/\",\"name\":\"Article : CDMO\",\"isPartOf\":{\"@id\":\"https:\\\/\\\/vosfoxmedical.com\\\/fr\\\/#website\"},\"primaryImageOfPage\":{\"@id\":\"https:\\\/\\\/vosfoxmedical.com\\\/fr\\\/bienvenue-a-vosfox-medical\\\/connaissances\\\/cdmo\\\/#primaryimage\"},\"image\":{\"@id\":\"https:\\\/\\\/vosfoxmedical.com\\\/fr\\\/bienvenue-a-vosfox-medical\\\/connaissances\\\/cdmo\\\/#primaryimage\"},\"thumbnailUrl\":\"https:\\\/\\\/i0.wp.com\\\/vosfoxmedical.com\\\/wp-content\\\/uploads\\\/2023\\\/09\\\/Snapshot.jpg?fit=1920%2C1080&ssl=1\",\"datePublished\":\"2023-11-08T15:56:24+00:00\",\"dateModified\":\"2024-10-09T11:01:56+00:00\",\"description\":\"Article sur les avantages des organisations de d\u00e9veloppement et de fabrication sous contrat pour les jeunes entreprises du secteur m\u00e9dical.\",\"breadcrumb\":{\"@id\":\"https:\\\/\\\/vosfoxmedical.com\\\/fr\\\/bienvenue-a-vosfox-medical\\\/connaissances\\\/cdmo\\\/#breadcrumb\"},\"inLanguage\":\"fr-FR\",\"potentialAction\":[{\"@type\":\"ReadAction\",\"target\":[\"https:\\\/\\\/vosfoxmedical.com\\\/fr\\\/bienvenue-a-vosfox-medical\\\/connaissances\\\/cdmo\\\/\"]}]},{\"@type\":\"ImageObject\",\"inLanguage\":\"fr-FR\",\"@id\":\"https:\\\/\\\/vosfoxmedical.com\\\/fr\\\/bienvenue-a-vosfox-medical\\\/connaissances\\\/cdmo\\\/#primaryimage\",\"url\":\"https:\\\/\\\/i0.wp.com\\\/vosfoxmedical.com\\\/wp-content\\\/uploads\\\/2023\\\/09\\\/Snapshot.jpg?fit=1920%2C1080&ssl=1\",\"contentUrl\":\"https:\\\/\\\/i0.wp.com\\\/vosfoxmedical.com\\\/wp-content\\\/uploads\\\/2023\\\/09\\\/Snapshot.jpg?fit=1920%2C1080&ssl=1\",\"width\":1920,\"height\":1080},{\"@type\":\"BreadcrumbList\",\"@id\":\"https:\\\/\\\/vosfoxmedical.com\\\/fr\\\/bienvenue-a-vosfox-medical\\\/connaissances\\\/cdmo\\\/#breadcrumb\",\"itemListElement\":[{\"@type\":\"ListItem\",\"position\":1,\"name\":\"Home\",\"item\":\"https:\\\/\\\/vosfoxmedical.com\\\/fr\\\/\"},{\"@type\":\"ListItem\",\"position\":2,\"name\":\"Bienvenue \u00e0 Vosfox Medical\",\"item\":\"https:\\\/\\\/vosfoxmedical.com\\\/fr\\\/\"},{\"@type\":\"ListItem\",\"position\":3,\"name\":\"CDMO\"}]},{\"@type\":\"WebSite\",\"@id\":\"https:\\\/\\\/vosfoxmedical.com\\\/fr\\\/#website\",\"url\":\"https:\\\/\\\/vosfoxmedical.com\\\/fr\\\/\",\"name\":\"vosfoxmedical.com\",\"description\":\"Low-volume contract manufacturing organisation\",\"publisher\":{\"@id\":\"https:\\\/\\\/vosfoxmedical.com\\\/fr\\\/#organization\"},\"potentialAction\":[{\"@type\":\"SearchAction\",\"target\":{\"@type\":\"EntryPoint\",\"urlTemplate\":\"https:\\\/\\\/vosfoxmedical.com\\\/fr\\\/?s={search_term_string}\"},\"query-input\":{\"@type\":\"PropertyValueSpecification\",\"valueRequired\":true,\"valueName\":\"search_term_string\"}}],\"inLanguage\":\"fr-FR\"},{\"@type\":\"Organization\",\"@id\":\"https:\\\/\\\/vosfoxmedical.com\\\/fr\\\/#organization\",\"name\":\"Vosfox Medical\",\"url\":\"https:\\\/\\\/vosfoxmedical.com\\\/fr\\\/\",\"logo\":{\"@type\":\"ImageObject\",\"inLanguage\":\"fr-FR\",\"@id\":\"https:\\\/\\\/vosfoxmedical.com\\\/fr\\\/#\\\/schema\\\/logo\\\/image\\\/\",\"url\":\"https:\\\/\\\/i0.wp.com\\\/vosfoxmedical.com\\\/wp-content\\\/uploads\\\/2021\\\/06\\\/vosfox_medical_logo.png?fit=8594%2C2813&ssl=1\",\"contentUrl\":\"https:\\\/\\\/i0.wp.com\\\/vosfoxmedical.com\\\/wp-content\\\/uploads\\\/2021\\\/06\\\/vosfox_medical_logo.png?fit=8594%2C2813&ssl=1\",\"width\":8594,\"height\":2813,\"caption\":\"Vosfox Medical\"},\"image\":{\"@id\":\"https:\\\/\\\/vosfoxmedical.com\\\/fr\\\/#\\\/schema\\\/logo\\\/image\\\/\"},\"sameAs\":[\"https:\\\/\\\/www.facebook.com\\\/Vosfoxmedical\",\"https:\\\/\\\/x.com\\\/svndevos\",\"https:\\\/\\\/www.instagram.com\\\/\",\"https:\\\/\\\/www.linkedin.com\\\/company\\\/11022599\\\/\"]}]}<\/script>\n<!-- \/ Yoast SEO Premium plugin. -->","yoast_head_json":{"title":"Article : CDMO","description":"Article sur les avantages des organisations de d\u00e9veloppement et de fabrication sous contrat pour les jeunes entreprises du secteur m\u00e9dical.","robots":{"index":"index","follow":"follow","max-snippet":"max-snippet:-1","max-image-preview":"max-image-preview:large","max-video-preview":"max-video-preview:-1"},"canonical":"https:\/\/vosfoxmedical.com\/fr\/bienvenue-a-vosfox-medical\/connaissances\/cdmo\/","og_locale":"fr_FR","og_type":"article","og_title":"CDMO","og_description":"Article sur les avantages des organisations de d\u00e9veloppement et de fabrication sous contrat pour les jeunes entreprises du secteur m\u00e9dical.","og_url":"https:\/\/vosfoxmedical.com\/fr\/bienvenue-a-vosfox-medical\/connaissances\/cdmo\/","og_site_name":"Vosfox Medical","article_publisher":"https:\/\/www.facebook.com\/Vosfoxmedical","article_modified_time":"2024-10-09T11:01:56+00:00","og_image":[{"width":1920,"height":1080,"url":"https:\/\/i0.wp.com\/vosfoxmedical.com\/wp-content\/uploads\/2023\/09\/Snapshot.jpg?fit=1920%2C1080&ssl=1","type":"image\/jpeg"}],"twitter_card":"summary_large_image","twitter_site":"@svndevos","twitter_misc":{"Dur\u00e9e de lecture estim\u00e9e":"5 minutes"},"schema":{"@context":"https:\/\/schema.org","@graph":[{"@type":"WebPage","@id":"https:\/\/vosfoxmedical.com\/fr\/bienvenue-a-vosfox-medical\/connaissances\/cdmo\/","url":"https:\/\/vosfoxmedical.com\/fr\/bienvenue-a-vosfox-medical\/connaissances\/cdmo\/","name":"Article : CDMO","isPartOf":{"@id":"https:\/\/vosfoxmedical.com\/fr\/#website"},"primaryImageOfPage":{"@id":"https:\/\/vosfoxmedical.com\/fr\/bienvenue-a-vosfox-medical\/connaissances\/cdmo\/#primaryimage"},"image":{"@id":"https:\/\/vosfoxmedical.com\/fr\/bienvenue-a-vosfox-medical\/connaissances\/cdmo\/#primaryimage"},"thumbnailUrl":"https:\/\/i0.wp.com\/vosfoxmedical.com\/wp-content\/uploads\/2023\/09\/Snapshot.jpg?fit=1920%2C1080&ssl=1","datePublished":"2023-11-08T15:56:24+00:00","dateModified":"2024-10-09T11:01:56+00:00","description":"Article sur les avantages des organisations de d\u00e9veloppement et de fabrication sous contrat pour les jeunes entreprises du secteur m\u00e9dical.","breadcrumb":{"@id":"https:\/\/vosfoxmedical.com\/fr\/bienvenue-a-vosfox-medical\/connaissances\/cdmo\/#breadcrumb"},"inLanguage":"fr-FR","potentialAction":[{"@type":"ReadAction","target":["https:\/\/vosfoxmedical.com\/fr\/bienvenue-a-vosfox-medical\/connaissances\/cdmo\/"]}]},{"@type":"ImageObject","inLanguage":"fr-FR","@id":"https:\/\/vosfoxmedical.com\/fr\/bienvenue-a-vosfox-medical\/connaissances\/cdmo\/#primaryimage","url":"https:\/\/i0.wp.com\/vosfoxmedical.com\/wp-content\/uploads\/2023\/09\/Snapshot.jpg?fit=1920%2C1080&ssl=1","contentUrl":"https:\/\/i0.wp.com\/vosfoxmedical.com\/wp-content\/uploads\/2023\/09\/Snapshot.jpg?fit=1920%2C1080&ssl=1","width":1920,"height":1080},{"@type":"BreadcrumbList","@id":"https:\/\/vosfoxmedical.com\/fr\/bienvenue-a-vosfox-medical\/connaissances\/cdmo\/#breadcrumb","itemListElement":[{"@type":"ListItem","position":1,"name":"Home","item":"https:\/\/vosfoxmedical.com\/fr\/"},{"@type":"ListItem","position":2,"name":"Bienvenue \u00e0 Vosfox Medical","item":"https:\/\/vosfoxmedical.com\/fr\/"},{"@type":"ListItem","position":3,"name":"CDMO"}]},{"@type":"WebSite","@id":"https:\/\/vosfoxmedical.com\/fr\/#website","url":"https:\/\/vosfoxmedical.com\/fr\/","name":"vosfoxmedical.com","description":"Low-volume contract manufacturing organisation","publisher":{"@id":"https:\/\/vosfoxmedical.com\/fr\/#organization"},"potentialAction":[{"@type":"SearchAction","target":{"@type":"EntryPoint","urlTemplate":"https:\/\/vosfoxmedical.com\/fr\/?s={search_term_string}"},"query-input":{"@type":"PropertyValueSpecification","valueRequired":true,"valueName":"search_term_string"}}],"inLanguage":"fr-FR"},{"@type":"Organization","@id":"https:\/\/vosfoxmedical.com\/fr\/#organization","name":"Vosfox Medical","url":"https:\/\/vosfoxmedical.com\/fr\/","logo":{"@type":"ImageObject","inLanguage":"fr-FR","@id":"https:\/\/vosfoxmedical.com\/fr\/#\/schema\/logo\/image\/","url":"https:\/\/i0.wp.com\/vosfoxmedical.com\/wp-content\/uploads\/2021\/06\/vosfox_medical_logo.png?fit=8594%2C2813&ssl=1","contentUrl":"https:\/\/i0.wp.com\/vosfoxmedical.com\/wp-content\/uploads\/2021\/06\/vosfox_medical_logo.png?fit=8594%2C2813&ssl=1","width":8594,"height":2813,"caption":"Vosfox Medical"},"image":{"@id":"https:\/\/vosfoxmedical.com\/fr\/#\/schema\/logo\/image\/"},"sameAs":["https:\/\/www.facebook.com\/Vosfoxmedical","https:\/\/x.com\/svndevos","https:\/\/www.instagram.com\/","https:\/\/www.linkedin.com\/company\/11022599\/"]}]}},"jetpack-related-posts":[],"jetpack_sharing_enabled":true,"_links":{"self":[{"href":"https:\/\/vosfoxmedical.com\/fr\/wp-json\/wp\/v2\/pages\/2727","targetHints":{"allow":["GET"]}}],"collection":[{"href":"https:\/\/vosfoxmedical.com\/fr\/wp-json\/wp\/v2\/pages"}],"about":[{"href":"https:\/\/vosfoxmedical.com\/fr\/wp-json\/wp\/v2\/types\/page"}],"author":[{"embeddable":true,"href":"https:\/\/vosfoxmedical.com\/fr\/wp-json\/wp\/v2\/users\/3"}],"replies":[{"embeddable":true,"href":"https:\/\/vosfoxmedical.com\/fr\/wp-json\/wp\/v2\/comments?post=2727"}],"version-history":[{"count":7,"href":"https:\/\/vosfoxmedical.com\/fr\/wp-json\/wp\/v2\/pages\/2727\/revisions"}],"predecessor-version":[{"id":2746,"href":"https:\/\/vosfoxmedical.com\/fr\/wp-json\/wp\/v2\/pages\/2727\/revisions\/2746"}],"up":[{"embeddable":true,"href":"https:\/\/vosfoxmedical.com\/fr\/wp-json\/wp\/v2\/pages\/3378"}],"wp:featuredmedia":[{"embeddable":true,"href":"https:\/\/vosfoxmedical.com\/fr\/wp-json\/wp\/v2\/media\/2392"}],"wp:attachment":[{"href":"https:\/\/vosfoxmedical.com\/fr\/wp-json\/wp\/v2\/media?parent=2727"}],"curies":[{"name":"wp","href":"https:\/\/api.w.org\/{rel}","templated":true}]}}