{"id":2578,"date":"2021-06-27T16:31:02","date_gmt":"2021-06-27T15:31:02","guid":{"rendered":"https:\/\/vosfoxmedical.com\/technologies\/extrusion\/"},"modified":"2024-10-09T11:59:40","modified_gmt":"2024-10-09T10:59:40","slug":"extrusion","status":"publish","type":"page","link":"https:\/\/vosfoxmedical.com\/fr\/technologies\/extrusion\/","title":{"rendered":"Extrusion"},"content":{"rendered":"\t<section class=\"section dark\" id=\"section_56771150\">\n\t\t<div class=\"bg section-bg fill bg-fill  \" >\n\n\t\t\t\n\t\t\t<div class=\"section-bg-overlay absolute fill\"><\/div>\n\t\t\t\n\n\t\t<\/div>\n\n\t\t\n\n\t\t<div class=\"section-content relative\">\n\t\t\t\n<div class=\"row\" style=\"max-width:1300px\" id=\"row-1128129770\">\n\n\t<div id=\"col-406830507\" class=\"col medium-12 small-12 large-8\"  >\n\t\t\t\t<div class=\"col-inner\"  >\n\t\t\t\n\t\t\t\n\t<div id=\"text-2996784271\" class=\"text\">\n\t\t\n<h1 class=\"entry-title\"><span style=\"font-size: 100%;\">Extrusion<\/span><\/h1>\n\t\t\n<style>\n#text-2996784271 {\n  font-size: 2.75rem;\n}\n<\/style>\n\t<\/div>\n\t\n\t\t<\/div>\n\t\t\t\t\t<\/div>\n\n\t\n<\/div>\n\t\t<\/div>\n\n\t\t\n<style>\n#section_56771150 {\n  padding-top: 30px;\n  padding-bottom: 30px;\n  min-height: 400px;\n  background-color: #5a0958;\n}\n#section_56771150 .section-bg-overlay {\n  background-color: rgba(90, 9, 88, 0.89);\n}\n#section_56771150 .section-bg.bg-loaded {\n  background-image: url(https:\/\/vosfoxmedical.com\/wp-content\/uploads\/2021\/06\/img-thunderstorm.jpg);\n}\n#section_56771150 .section-bg {\n  background-position: 90% 59%;\n}\n#section_56771150 .ux-shape-divider--top svg {\n  height: 150px;\n  --divider-top-width: 100%;\n}\n#section_56771150 .ux-shape-divider--bottom svg {\n  height: 150px;\n  --divider-width: 100%;\n}\n@media (min-width:550px) {\n  #section_56771150 {\n    min-height: 400px;\n  }\n}\n@media (min-width:850px) {\n  #section_56771150 {\n    min-height: 600px;\n  }\n}\n<\/style>\n\t<\/section>\n\t\n<div class=\"row align-bottom\" style=\"max-width:1300px\" id=\"row-251547929\">\n\n\t<div id=\"col-704337241\" class=\"col medium-12 small-12 large-8 medium-col-first\"  >\n\t\t\t\t<div class=\"col-inner\"  >\n\t\t\t\n\t\t\t\n\n  <div class=\"banner has-hover\" id=\"banner-647005274\">\n          <div class=\"banner-inner fill\">\n        <div class=\"banner-bg fill\" >\n            <div class=\"bg fill bg-fill \"><\/div>\n                                    \n                    <\/div>\n\t\t\n        <div class=\"banner-layers container\">\n            <div class=\"fill banner-link\"><\/div>            \n        <\/div>\n      <\/div>\n\n            \n<style>\n#banner-647005274 {\n  padding-top: 300px;\n  background-color: rgb(255,255,255);\n}\n#banner-647005274 .bg.bg-loaded {\n  background-image: url(https:\/\/vosfoxmedical.com\/wp-content\/uploads\/2021\/06\/photo-filament-extrusion.jpg);\n}\n#banner-647005274 .ux-shape-divider--top svg {\n  height: 150px;\n  --divider-top-width: 100%;\n}\n#banner-647005274 .ux-shape-divider--bottom svg {\n  height: 150px;\n  --divider-width: 100%;\n}\n@media (min-width:550px) {\n  #banner-647005274 {\n    padding-top: 600px;\n  }\n}\n<\/style>\n  <\/div>\n\n\n\t\t<\/div>\n\t\t\t\t\n<style>\n#col-704337241 > .col-inner {\n  margin: -120px 0px 0px 0px;\n}\n@media (min-width:550px) {\n  #col-704337241 > .col-inner {\n    margin: -120px 0px 0px 0px;\n  }\n}\n@media (min-width:850px) {\n  #col-704337241 > .col-inner {\n    margin: -500px 0px 0px 0px;\n  }\n}\n<\/style>\n\t<\/div>\n\n\t\n<\/div>\n\t<section class=\"section\" id=\"section_1325645090\">\n\t\t<div class=\"bg section-bg fill bg-fill  bg-loaded\" >\n\n\t\t\t\n\t\t\t\n\t\t\t\n\n\t\t<\/div>\n\n\t\t\n\n\t\t<div class=\"section-content relative\">\n\t\t\t\n<div class=\"row row-large align-equal align-right\"  id=\"row-1467907238\">\n\n\t<div id=\"col-6234482\" class=\"col medium-12 small-12 large-12\"  >\n\t\t\t\t<div class=\"col-inner\"  >\n\t\t\t\n\t\t\t\n<p class=\"lead\">Cette page pr\u00e9sente les services d&rsquo;extrusion propos\u00e9s par Vosfox Medical.<br \/>\nNous disposons d&rsquo;une extrudeuse de petite taille pour la production de dispositifs m\u00e9dicaux, de produits interm\u00e9diaires ou de pi\u00e8ces.<br \/>\nL&rsquo;extrudeuse est situ\u00e9e \u00e0 l&rsquo;ext\u00e9rieur de la salle blanche, tandis que les produits peuvent \u00eatre conditionn\u00e9s \u00e0 l&rsquo;int\u00e9rieur de la salle blanche.<br \/>\nNous pouvons fabriquer des produits polym\u00e8res de diff\u00e9rentes formes, par exemple des tubes, des tiges ou des filaments.<br \/>\nIndiquez-nous la forme dont vous avez besoin et le type de mat\u00e9riau, et nous vous dirons si nous pouvons la fabriquer.    <\/p>\n\t\t<\/div>\n\t\t\t\t\t<\/div>\n\n\t\n<\/div>\n<div class=\"row row-small\"  id=\"row-565592380\">\n\n\t<div id=\"col-475033010\" class=\"col medium-6 small-11 large-6\"  >\n\t\t\t\t<div class=\"col-inner\"  >\n\t\t\t\n\t\t\t\n<h2>Nos comp\u00e9tences<\/h2>\n<p>  Notre petite extrudeuse flexible peut \u00eatre utilis\u00e9e \u00e0 diff\u00e9rentes fins.<br \/>\nSi votre application n&rsquo;est pas list\u00e9e ici, laissez-nous discuter de la possibilit\u00e9 de r\u00e9aliser votre application, nous serons heureux de l&rsquo;essayer pour vous.   <\/p>\n<ol>\n<li>Filament de qualit\u00e9 m\u00e9dicale pour l&rsquo;impression 3D<\/li>\n<li>Pr\u00e9-extrusion pour les charges de moulage par compression<\/li>\n<li>Tiges courtes<\/li>\n<\/ol>\n\t\t<\/div>\n\t\t\t\t\n<style>\n#col-475033010 > .col-inner {\n  padding: 0px 0px 0px 0;\n}\n@media (min-width:550px) {\n  #col-475033010 > .col-inner {\n    padding: 0px 0px 0px 0;\n  }\n}\n<\/style>\n\t<\/div>\n\n\t\n\n\t<div id=\"col-1155589707\" class=\"col medium-6 small-11 large-6\"  >\n\t\t\t\t<div class=\"col-inner\"  >\n\t\t\t\n\t\t\t\n\n  <div class=\"banner has-hover\" id=\"banner-1993808814\">\n          <div class=\"banner-inner fill\">\n        <div class=\"banner-bg fill\" >\n            <div class=\"bg fill bg-fill \"><\/div>\n                                    \n                    <\/div>\n\t\t\n        <div class=\"banner-layers container\">\n            <div class=\"fill banner-link\"><\/div>            \n   <div id=\"text-box-2143420195\" class=\"text-box banner-layer x50 md-x50 lg-x50 y50 md-y50 lg-y50 res-text\">\n                                <div class=\"text-box-content text dark\">\n              \n              <div class=\"text-inner text-center\">\n                  \n              <\/div>\n           <\/div>\n                            \n<style>\n#text-box-2143420195 {\n  width: 60%;\n}\n#text-box-2143420195 .text-box-content {\n  font-size: 100%;\n}\n<\/style>\n    <\/div>\n \n        <\/div>\n      <\/div>\n\n            \n<style>\n#banner-1993808814 {\n  padding-top: 354px;\n}\n#banner-1993808814 .bg.bg-loaded {\n  background-image: url(https:\/\/i0.wp.com\/vosfoxmedical.com\/wp-content\/uploads\/2023\/05\/img-3d-filament.jpg?fit=800%2C750&ssl=1);\n}\n#banner-1993808814 .ux-shape-divider--top svg {\n  height: 150px;\n  --divider-top-width: 100%;\n}\n#banner-1993808814 .ux-shape-divider--bottom svg {\n  height: 150px;\n  --divider-width: 100%;\n}\n<\/style>\n  <\/div>\n\n\n\t\t<\/div>\n\t\t\t\t\n<style>\n#col-1155589707 > .col-inner {\n  padding: 0px 0px 0px 0;\n}\n@media (min-width:550px) {\n  #col-1155589707 > .col-inner {\n    padding: 0px 0px 0px 0;\n  }\n}\n<\/style>\n\t<\/div>\n\n\t\n<\/div>\n\t<div id=\"gap-1421074476\" class=\"gap-element clearfix\" style=\"display:block; height:auto;\">\n\t\t\n<style>\n#gap-1421074476 {\n  padding-top: 70px;\n}\n<\/style>\n\t<\/div>\n\t\n<div class=\"row\"  id=\"row-507592005\">\n\n\t<div id=\"col-614449428\" class=\"col medium-6 small-12 large-6\"  >\n\t\t\t\t<div class=\"col-inner\"  >\n\t\t\t\n\t\t\t\n\n  <div class=\"banner has-hover\" id=\"banner-226768413\">\n          <div class=\"banner-inner fill\">\n        <div class=\"banner-bg fill\" >\n            <div class=\"bg fill bg-fill \"><\/div>\n                                    \n                    <\/div>\n\t\t\n        <div class=\"banner-layers container\">\n            <div class=\"fill banner-link\"><\/div>            \n   <div id=\"text-box-536993458\" class=\"text-box banner-layer x50 md-x50 lg-x50 y50 md-y50 lg-y50 res-text\">\n                                <div class=\"text-box-content text dark\">\n              \n              <div class=\"text-inner text-center\">\n                  \n              <\/div>\n           <\/div>\n                            \n<style>\n#text-box-536993458 {\n  width: 60%;\n}\n#text-box-536993458 .text-box-content {\n  font-size: 100%;\n}\n<\/style>\n    <\/div>\n \n        <\/div>\n      <\/div>\n\n            \n<style>\n#banner-226768413 {\n  padding-top: 436px;\n}\n#banner-226768413 .bg.bg-loaded {\n  background-image: url(https:\/\/i0.wp.com\/vosfoxmedical.com\/wp-content\/uploads\/2023\/05\/img-polymer-granules.jpg?fit=1020%2C765&ssl=1);\n}\n#banner-226768413 .ux-shape-divider--top svg {\n  height: 150px;\n  --divider-top-width: 100%;\n}\n#banner-226768413 .ux-shape-divider--bottom svg {\n  height: 150px;\n  --divider-width: 100%;\n}\n<\/style>\n  <\/div>\n\n\n\t\t<\/div>\n\t\t\t\t\t<\/div>\n\n\t\n\n\t<div id=\"col-180623450\" class=\"col medium-6 small-12 large-6\"  >\n\t\t\t\t<div class=\"col-inner\"  >\n\t\t\t\n\t\t\t\n<h2>Mat\u00e9riaux d&rsquo;extrusion<\/h2>\n<p>  Vous trouverez ci-dessous des exemples de mat\u00e9riaux que nous pouvons extruder.<br \/>\nToutefois, nous pouvons fabriquer ou essayer tout mat\u00e9riau ou composite dont vous avez besoin pour votre application.<br \/>\nEn outre, nous pouvons vous aider \u00e0 trouver le mat\u00e9riau ad\u00e9quat.    <\/p>\n<ul>\n<li>PCL (Poly Caprolactone)<\/li>\n<li>PLA (Acide Polylactique)<\/li>\n<li>PEEK (Poly Ether Ether Ketone)<\/li>\n<li>ABS (Acrylonitrile butadi\u00e8ne styr\u00e8ne)<\/li>\n<li>PA (Polyamide)<\/li>\n<li>PMMA (poly(m\u00e9thacrylate de m\u00e9thyle))<\/li>\n<li>TPU (polyur\u00e9thane thermoplastique)<\/li>\n<li>PE (Poly\u00e9thyl\u00e8ne)<\/li>\n<\/ul>\n\t\t<\/div>\n\t\t\t\t\t<\/div>\n\n\t\n<\/div>\n\t<div id=\"gap-898552192\" class=\"gap-element clearfix\" style=\"display:block; height:auto;\">\n\t\t\n<style>\n#gap-898552192 {\n  padding-top: 70px;\n}\n<\/style>\n\t<\/div>\n\t\n<div class=\"row\"  id=\"row-197272326\">\n\n\t<div id=\"col-539081307\" class=\"col medium-6 small-12 large-6\"  >\n\t\t\t\t<div class=\"col-inner\"  >\n\t\t\t\n\t\t\t\n<h2>Production \u00e0 petite \u00e9chelle dans une salle blanche<\/h2>\n<p>  Notre extrudeuse est relativement petite, ce qui est avantageux pour les petites commandes ou les mati\u00e8res premi\u00e8res co\u00fbteuses.<br \/>\nLes d\u00e9chets produits lors du d\u00e9marrage et de l&rsquo;arr\u00eat de l&rsquo;extrudeuse sont donc r\u00e9duits.<br \/>\nL&rsquo;extrudeuse se trouve en dehors de la salle blanche, mais les parties critiques (comme l&rsquo;enroulement du filament) se trouvent dans un<a href=\"https:\/\/vosfoxmedical.com\/contract-manufacturing\/facilities\/\"> environnement propre<\/a>, ce qui rend cette extrudeuse adapt\u00e9e \u00e0 la production de dispositifs m\u00e9dicaux.<br \/>\nSi les quantit\u00e9s requises pour votre produit d\u00e9passent les capacit\u00e9s de notre extrudeuse, nous pouvons discuter ensemble de la possibilit\u00e9 d&rsquo;\u00e9voluer avec vous vers une extrudeuse plus grande ou de soutenir le transfert vers une autre CMO.<\/p>\n\t\t<\/div>\n\t\t\t\t\t<\/div>\n\n\t\n\n\t<div id=\"col-1486445412\" class=\"col medium-6 small-12 large-6\"  >\n\t\t\t\t<div class=\"col-inner\"  >\n\t\t\t\n\t\t\t\n\n  <div class=\"banner has-hover\" id=\"banner-1488282045\">\n          <div class=\"banner-inner fill\">\n        <div class=\"banner-bg fill\" >\n            <div class=\"bg fill bg-fill \"><\/div>\n                                    \n                    <\/div>\n\t\t\n        <div class=\"banner-layers container\">\n            <div class=\"fill banner-link\"><\/div>            \n   <div id=\"text-box-212613205\" class=\"text-box banner-layer x50 md-x50 lg-x50 y50 md-y50 lg-y50 res-text\">\n                                <div class=\"text-box-content text dark\">\n              \n              <div class=\"text-inner text-center\">\n                  \n              <\/div>\n           <\/div>\n                            \n<style>\n#text-box-212613205 {\n  width: 60%;\n}\n#text-box-212613205 .text-box-content {\n  font-size: 100%;\n}\n<\/style>\n    <\/div>\n \n        <\/div>\n      <\/div>\n\n            \n<style>\n#banner-1488282045 {\n  padding-top: 347px;\n}\n#banner-1488282045 .bg.bg-loaded {\n  background-image: url(https:\/\/i0.wp.com\/vosfoxmedical.com\/wp-content\/uploads\/2021\/06\/photo-contract-manufacturing.jpg?fit=1020%2C680&ssl=1);\n}\n#banner-1488282045 .ux-shape-divider--top svg {\n  height: 150px;\n  --divider-top-width: 100%;\n}\n#banner-1488282045 .ux-shape-divider--bottom svg {\n  height: 150px;\n  --divider-width: 100%;\n}\n<\/style>\n  <\/div>\n\n\n\t\t<\/div>\n\t\t\t\t\t<\/div>\n\n\t\n<\/div>\n<div class=\"row\"  id=\"row-25967696\">\n\n\t<div id=\"col-2111029296\" class=\"col medium-6 small-12 large-6\"  >\n\t\t\t\t<div class=\"col-inner\"  >\n\t\t\t\n\t\t\t\n<a href=\"https:\/\/vosfoxmedical.com\/contract-manufacturing\/technologies\/\" target=\"_self\" class=\"button primary\"  >\n    <span>Retour \u00e0 la page de pr\u00e9sentation de la technologie<\/span>\n  <\/a>\n\n\t\t<\/div>\n\t\t\t\t\t<\/div>\n\n\t\n\n\t<div id=\"col-1490681416\" class=\"col medium-6 small-12 large-6\"  >\n\t\t\t\t<div class=\"col-inner\"  >\n\t\t\t\n\t\t\t\n<a href=\"https:\/\/vosfoxmedical.com\/fr\/?page_id=2456\" target=\"_self\" class=\"button primary\"  >\n    <span>Retour \u00e0 la page de pr\u00e9sentation de la fabrication sous contrat<\/span>\n  <\/a>\n\n\t\t<\/div>\n\t\t\t\t\t<\/div>\n\n\t\n<\/div>\n\t\t<\/div>\n\n\t\t\n<style>\n#section_1325645090 {\n  padding-top: 30px;\n  padding-bottom: 30px;\n}\n#section_1325645090 .ux-shape-divider--top svg {\n  height: 150px;\n  --divider-top-width: 100%;\n}\n#section_1325645090 .ux-shape-divider--bottom svg {\n  height: 150px;\n  --divider-width: 100%;\n}\n@media (min-width:550px) {\n  #section_1325645090 {\n    padding-top: 70px;\n    padding-bottom: 70px;\n  }\n}\n<\/style>\n\t<\/section>\n\t\n","protected":false},"excerpt":{"rendered":"","protected":false},"author":3,"featured_media":0,"parent":2491,"menu_order":0,"comment_status":"closed","ping_status":"closed","template":"page-blank.php","meta":{"footnotes":""},"class_list":["post-2578","page","type-page","status-publish","hentry"],"yoast_head":"<!-- This site is optimized with the Yoast SEO Premium plugin v24.2 (Yoast SEO v27.5) - https:\/\/yoast.com\/product\/yoast-seo-premium-wordpress\/ -->\n<title>Capacit\u00e9s d&#039;extrusion pour les dispositifs m\u00e9dicaux imprim\u00e9s en 3D de qualit\u00e9 m\u00e9dicale<\/title>\n<meta name=\"description\" content=\"Cette page d\u00e9crit les possibilit\u00e9s d&#039;extrusion chez Vosfox Medical. Nous pouvons fabriquer des filaments, des tiges ou des tubes de diff\u00e9rents mat\u00e9riaux.\" \/>\n<meta name=\"robots\" content=\"index, follow, max-snippet:-1, max-image-preview:large, max-video-preview:-1\" \/>\n<link rel=\"canonical\" href=\"https:\/\/vosfoxmedical.com\/fr\/technologies\/extrusion\/\" \/>\n<meta property=\"og:locale\" content=\"fr_FR\" \/>\n<meta property=\"og:type\" content=\"article\" \/>\n<meta property=\"og:title\" content=\"Extrusion\" \/>\n<meta property=\"og:description\" content=\"Cette page d\u00e9crit les possibilit\u00e9s d&#039;extrusion chez Vosfox Medical. Nous pouvons fabriquer des filaments, des tiges ou des tubes de diff\u00e9rents mat\u00e9riaux.\" \/>\n<meta property=\"og:url\" content=\"https:\/\/vosfoxmedical.com\/fr\/technologies\/extrusion\/\" \/>\n<meta property=\"og:site_name\" content=\"Vosfox Medical\" \/>\n<meta property=\"article:publisher\" content=\"https:\/\/www.facebook.com\/Vosfoxmedical\" \/>\n<meta property=\"article:modified_time\" content=\"2024-10-09T10:59:40+00:00\" \/>\n<meta name=\"twitter:card\" content=\"summary_large_image\" \/>\n<meta name=\"twitter:site\" content=\"@svndevos\" \/>\n<meta name=\"twitter:label1\" content=\"Dur\u00e9e de lecture estim\u00e9e\" \/>\n\t<meta name=\"twitter:data1\" content=\"3 minutes\" \/>\n<script type=\"application\/ld+json\" class=\"yoast-schema-graph\">{\"@context\":\"https:\\\/\\\/schema.org\",\"@graph\":[{\"@type\":\"WebPage\",\"@id\":\"https:\\\/\\\/vosfoxmedical.com\\\/fr\\\/technologies\\\/extrusion\\\/\",\"url\":\"https:\\\/\\\/vosfoxmedical.com\\\/fr\\\/technologies\\\/extrusion\\\/\",\"name\":\"Capacit\u00e9s d'extrusion pour les dispositifs m\u00e9dicaux imprim\u00e9s en 3D de qualit\u00e9 m\u00e9dicale\",\"isPartOf\":{\"@id\":\"https:\\\/\\\/vosfoxmedical.com\\\/fr\\\/#website\"},\"datePublished\":\"2021-06-27T15:31:02+00:00\",\"dateModified\":\"2024-10-09T10:59:40+00:00\",\"description\":\"Cette page d\u00e9crit les possibilit\u00e9s d'extrusion chez Vosfox Medical. Nous pouvons fabriquer des filaments, des tiges ou des tubes de diff\u00e9rents mat\u00e9riaux.\",\"breadcrumb\":{\"@id\":\"https:\\\/\\\/vosfoxmedical.com\\\/fr\\\/technologies\\\/extrusion\\\/#breadcrumb\"},\"inLanguage\":\"fr-FR\",\"potentialAction\":[{\"@type\":\"ReadAction\",\"target\":[\"https:\\\/\\\/vosfoxmedical.com\\\/fr\\\/technologies\\\/extrusion\\\/\"]}]},{\"@type\":\"BreadcrumbList\",\"@id\":\"https:\\\/\\\/vosfoxmedical.com\\\/fr\\\/technologies\\\/extrusion\\\/#breadcrumb\",\"itemListElement\":[{\"@type\":\"ListItem\",\"position\":1,\"name\":\"Home\",\"item\":\"https:\\\/\\\/vosfoxmedical.com\\\/fr\\\/\"},{\"@type\":\"ListItem\",\"position\":2,\"name\":\"Technologies\",\"item\":\"https:\\\/\\\/vosfoxmedical.com\\\/fr\\\/technologies\\\/\"},{\"@type\":\"ListItem\",\"position\":3,\"name\":\"Extrusion\"}]},{\"@type\":\"WebSite\",\"@id\":\"https:\\\/\\\/vosfoxmedical.com\\\/fr\\\/#website\",\"url\":\"https:\\\/\\\/vosfoxmedical.com\\\/fr\\\/\",\"name\":\"vosfoxmedical.com\",\"description\":\"Low-volume contract manufacturing organisation\",\"publisher\":{\"@id\":\"https:\\\/\\\/vosfoxmedical.com\\\/fr\\\/#organization\"},\"potentialAction\":[{\"@type\":\"SearchAction\",\"target\":{\"@type\":\"EntryPoint\",\"urlTemplate\":\"https:\\\/\\\/vosfoxmedical.com\\\/fr\\\/?s={search_term_string}\"},\"query-input\":{\"@type\":\"PropertyValueSpecification\",\"valueRequired\":true,\"valueName\":\"search_term_string\"}}],\"inLanguage\":\"fr-FR\"},{\"@type\":\"Organization\",\"@id\":\"https:\\\/\\\/vosfoxmedical.com\\\/fr\\\/#organization\",\"name\":\"Vosfox Medical\",\"url\":\"https:\\\/\\\/vosfoxmedical.com\\\/fr\\\/\",\"logo\":{\"@type\":\"ImageObject\",\"inLanguage\":\"fr-FR\",\"@id\":\"https:\\\/\\\/vosfoxmedical.com\\\/fr\\\/#\\\/schema\\\/logo\\\/image\\\/\",\"url\":\"https:\\\/\\\/i0.wp.com\\\/vosfoxmedical.com\\\/wp-content\\\/uploads\\\/2021\\\/06\\\/vosfox_medical_logo.png?fit=8594%2C2813&ssl=1\",\"contentUrl\":\"https:\\\/\\\/i0.wp.com\\\/vosfoxmedical.com\\\/wp-content\\\/uploads\\\/2021\\\/06\\\/vosfox_medical_logo.png?fit=8594%2C2813&ssl=1\",\"width\":8594,\"height\":2813,\"caption\":\"Vosfox Medical\"},\"image\":{\"@id\":\"https:\\\/\\\/vosfoxmedical.com\\\/fr\\\/#\\\/schema\\\/logo\\\/image\\\/\"},\"sameAs\":[\"https:\\\/\\\/www.facebook.com\\\/Vosfoxmedical\",\"https:\\\/\\\/x.com\\\/svndevos\",\"https:\\\/\\\/www.instagram.com\\\/\",\"https:\\\/\\\/www.linkedin.com\\\/company\\\/11022599\\\/\"]}]}<\/script>\n<!-- \/ Yoast SEO Premium plugin. -->","yoast_head_json":{"title":"Capacit\u00e9s d'extrusion pour les dispositifs m\u00e9dicaux imprim\u00e9s en 3D de qualit\u00e9 m\u00e9dicale","description":"Cette page d\u00e9crit les possibilit\u00e9s d'extrusion chez Vosfox Medical. Nous pouvons fabriquer des filaments, des tiges ou des tubes de diff\u00e9rents mat\u00e9riaux.","robots":{"index":"index","follow":"follow","max-snippet":"max-snippet:-1","max-image-preview":"max-image-preview:large","max-video-preview":"max-video-preview:-1"},"canonical":"https:\/\/vosfoxmedical.com\/fr\/technologies\/extrusion\/","og_locale":"fr_FR","og_type":"article","og_title":"Extrusion","og_description":"Cette page d\u00e9crit les possibilit\u00e9s d'extrusion chez Vosfox Medical. Nous pouvons fabriquer des filaments, des tiges ou des tubes de diff\u00e9rents mat\u00e9riaux.","og_url":"https:\/\/vosfoxmedical.com\/fr\/technologies\/extrusion\/","og_site_name":"Vosfox Medical","article_publisher":"https:\/\/www.facebook.com\/Vosfoxmedical","article_modified_time":"2024-10-09T10:59:40+00:00","twitter_card":"summary_large_image","twitter_site":"@svndevos","twitter_misc":{"Dur\u00e9e de lecture estim\u00e9e":"3 minutes"},"schema":{"@context":"https:\/\/schema.org","@graph":[{"@type":"WebPage","@id":"https:\/\/vosfoxmedical.com\/fr\/technologies\/extrusion\/","url":"https:\/\/vosfoxmedical.com\/fr\/technologies\/extrusion\/","name":"Capacit\u00e9s d'extrusion pour les dispositifs m\u00e9dicaux imprim\u00e9s en 3D de qualit\u00e9 m\u00e9dicale","isPartOf":{"@id":"https:\/\/vosfoxmedical.com\/fr\/#website"},"datePublished":"2021-06-27T15:31:02+00:00","dateModified":"2024-10-09T10:59:40+00:00","description":"Cette page d\u00e9crit les possibilit\u00e9s d'extrusion chez Vosfox Medical. Nous pouvons fabriquer des filaments, des tiges ou des tubes de diff\u00e9rents mat\u00e9riaux.","breadcrumb":{"@id":"https:\/\/vosfoxmedical.com\/fr\/technologies\/extrusion\/#breadcrumb"},"inLanguage":"fr-FR","potentialAction":[{"@type":"ReadAction","target":["https:\/\/vosfoxmedical.com\/fr\/technologies\/extrusion\/"]}]},{"@type":"BreadcrumbList","@id":"https:\/\/vosfoxmedical.com\/fr\/technologies\/extrusion\/#breadcrumb","itemListElement":[{"@type":"ListItem","position":1,"name":"Home","item":"https:\/\/vosfoxmedical.com\/fr\/"},{"@type":"ListItem","position":2,"name":"Technologies","item":"https:\/\/vosfoxmedical.com\/fr\/technologies\/"},{"@type":"ListItem","position":3,"name":"Extrusion"}]},{"@type":"WebSite","@id":"https:\/\/vosfoxmedical.com\/fr\/#website","url":"https:\/\/vosfoxmedical.com\/fr\/","name":"vosfoxmedical.com","description":"Low-volume contract manufacturing organisation","publisher":{"@id":"https:\/\/vosfoxmedical.com\/fr\/#organization"},"potentialAction":[{"@type":"SearchAction","target":{"@type":"EntryPoint","urlTemplate":"https:\/\/vosfoxmedical.com\/fr\/?s={search_term_string}"},"query-input":{"@type":"PropertyValueSpecification","valueRequired":true,"valueName":"search_term_string"}}],"inLanguage":"fr-FR"},{"@type":"Organization","@id":"https:\/\/vosfoxmedical.com\/fr\/#organization","name":"Vosfox Medical","url":"https:\/\/vosfoxmedical.com\/fr\/","logo":{"@type":"ImageObject","inLanguage":"fr-FR","@id":"https:\/\/vosfoxmedical.com\/fr\/#\/schema\/logo\/image\/","url":"https:\/\/i0.wp.com\/vosfoxmedical.com\/wp-content\/uploads\/2021\/06\/vosfox_medical_logo.png?fit=8594%2C2813&ssl=1","contentUrl":"https:\/\/i0.wp.com\/vosfoxmedical.com\/wp-content\/uploads\/2021\/06\/vosfox_medical_logo.png?fit=8594%2C2813&ssl=1","width":8594,"height":2813,"caption":"Vosfox Medical"},"image":{"@id":"https:\/\/vosfoxmedical.com\/fr\/#\/schema\/logo\/image\/"},"sameAs":["https:\/\/www.facebook.com\/Vosfoxmedical","https:\/\/x.com\/svndevos","https:\/\/www.instagram.com\/","https:\/\/www.linkedin.com\/company\/11022599\/"]}]}},"jetpack-related-posts":[],"jetpack_sharing_enabled":true,"_links":{"self":[{"href":"https:\/\/vosfoxmedical.com\/fr\/wp-json\/wp\/v2\/pages\/2578","targetHints":{"allow":["GET"]}}],"collection":[{"href":"https:\/\/vosfoxmedical.com\/fr\/wp-json\/wp\/v2\/pages"}],"about":[{"href":"https:\/\/vosfoxmedical.com\/fr\/wp-json\/wp\/v2\/types\/page"}],"author":[{"embeddable":true,"href":"https:\/\/vosfoxmedical.com\/fr\/wp-json\/wp\/v2\/users\/3"}],"replies":[{"embeddable":true,"href":"https:\/\/vosfoxmedical.com\/fr\/wp-json\/wp\/v2\/comments?post=2578"}],"version-history":[{"count":2,"href":"https:\/\/vosfoxmedical.com\/fr\/wp-json\/wp\/v2\/pages\/2578\/revisions"}],"predecessor-version":[{"id":2584,"href":"https:\/\/vosfoxmedical.com\/fr\/wp-json\/wp\/v2\/pages\/2578\/revisions\/2584"}],"up":[{"embeddable":true,"href":"https:\/\/vosfoxmedical.com\/fr\/wp-json\/wp\/v2\/pages\/2491"}],"wp:attachment":[{"href":"https:\/\/vosfoxmedical.com\/fr\/wp-json\/wp\/v2\/media?parent=2578"}],"curies":[{"name":"wp","href":"https:\/\/api.w.org\/{rel}","templated":true}]}}