{"id":2545,"date":"2021-10-01T09:01:59","date_gmt":"2021-10-01T08:01:59","guid":{"rendered":"https:\/\/vosfoxmedical.com\/fibretuff\/"},"modified":"2024-10-09T11:59:40","modified_gmt":"2024-10-09T10:59:40","slug":"fibretuff","status":"publish","type":"page","link":"https:\/\/vosfoxmedical.com\/fr\/technologies\/limpression-3d-dans-les-salles-blanches\/fibretuff\/","title":{"rendered":"FibreTuff"},"content":{"rendered":"\t<section class=\"section dark\" id=\"section_1365684101\">\n\t\t<div class=\"bg section-bg fill bg-fill  \" >\n\n\t\t\t\n\t\t\t<div class=\"section-bg-overlay absolute fill\"><\/div>\n\t\t\t\n\n\t\t<\/div>\n\n\t\t\n\n\t\t<div class=\"section-content relative\">\n\t\t\t\n<div class=\"row\" style=\"max-width:1300px\" id=\"row-1678660065\">\n\n\t<div id=\"col-1478765236\" class=\"col medium-12 small-12 large-8\"  >\n\t\t\t\t<div class=\"col-inner\"  >\n\t\t\t\n\t\t\t\n\t<div id=\"text-2376467984\" class=\"text\">\n\t\t\n<h1 class=\"entry-title\"><span style=\"font-size: 100%;\">Filament FibreTuff  <\/span><\/h1>\n\t\t\n<style>\n#text-2376467984 {\n  font-size: 2.75rem;\n}\n<\/style>\n\t<\/div>\n\t\n\t\t<\/div>\n\t\t\t\t\t<\/div>\n\n\t\n<\/div>\n\t\t<\/div>\n\n\t\t\n<style>\n#section_1365684101 {\n  padding-top: 30px;\n  padding-bottom: 30px;\n  min-height: 400px;\n  background-color: #5a0958;\n}\n#section_1365684101 .section-bg-overlay {\n  background-color: rgba(90, 9, 88, 0.89);\n}\n#section_1365684101 .section-bg.bg-loaded {\n  background-image: url(https:\/\/vosfoxmedical.com\/wp-content\/uploads\/2021\/06\/img-thunderstorm.jpg);\n}\n#section_1365684101 .section-bg {\n  background-position: 90% 59%;\n}\n#section_1365684101 .ux-shape-divider--top svg {\n  height: 150px;\n  --divider-top-width: 100%;\n}\n#section_1365684101 .ux-shape-divider--bottom svg {\n  height: 150px;\n  --divider-width: 100%;\n}\n@media (min-width:550px) {\n  #section_1365684101 {\n    min-height: 400px;\n  }\n}\n@media (min-width:850px) {\n  #section_1365684101 {\n    min-height: 600px;\n  }\n}\n<\/style>\n\t<\/section>\n\t\n<div class=\"row align-bottom\" style=\"max-width:1300px\" id=\"row-808267197\">\n\n\t<div id=\"col-822151243\" class=\"col medium-12 small-12 large-8 medium-col-first\"  >\n\t\t\t\t<div class=\"col-inner\"  >\n\t\t\t\n\t\t\t\n\n  <div class=\"banner has-hover\" id=\"banner-2105579119\">\n          <div class=\"banner-inner fill\">\n        <div class=\"banner-bg fill\" >\n            <div class=\"bg fill bg-fill \"><\/div>\n                                    \n                    <\/div>\n\t\t\n        <div class=\"banner-layers container\">\n            <div class=\"fill banner-link\"><\/div>            \n        <\/div>\n      <\/div>\n\n            \n<style>\n#banner-2105579119 {\n  padding-top: 300px;\n  background-color: rgb(255,255,255);\n}\n#banner-2105579119 .bg.bg-loaded {\n  background-image: url(https:\/\/vosfoxmedical.com\/wp-content\/uploads\/2021\/10\/foto-fibretuff-hand-model-vosfox.png);\n}\n#banner-2105579119 .ux-shape-divider--top svg {\n  height: 150px;\n  --divider-top-width: 100%;\n}\n#banner-2105579119 .ux-shape-divider--bottom svg {\n  height: 150px;\n  --divider-width: 100%;\n}\n@media (min-width:550px) {\n  #banner-2105579119 {\n    padding-top: 600px;\n  }\n}\n<\/style>\n  <\/div>\n\n\n\t\t<\/div>\n\t\t\t\t\n<style>\n#col-822151243 > .col-inner {\n  margin: -120px 0px 0px 0px;\n}\n@media (min-width:550px) {\n  #col-822151243 > .col-inner {\n    margin: -120px 0px 0px 0px;\n  }\n}\n@media (min-width:850px) {\n  #col-822151243 > .col-inner {\n    margin: -500px 0px 0px 0px;\n  }\n}\n<\/style>\n\t<\/div>\n\n\t\n<\/div>\n\t<section class=\"section\" id=\"section_1356801682\">\n\t\t<div class=\"bg section-bg fill bg-fill  bg-loaded\" >\n\n\t\t\t\n\t\t\t\n\t\t\t\n\n\t\t<\/div>\n\n\t\t\n\n\t\t<div class=\"section-content relative\">\n\t\t\t\n<div class=\"row row-large align-equal align-right\"  id=\"row-383783061\">\n\n\t<div id=\"col-1667013408\" class=\"col medium-12 small-12 large-12\"  >\n\t\t\t\t<div class=\"col-inner\"  >\n\t\t\t\n\t\t\t\n<p class=\"lead\">FibreTuff est un mat\u00e9riau composite qui a des propri\u00e9t\u00e9s semblables \u00e0 celles de l&rsquo;os.<br \/>\nIl est possible de percer le mat\u00e9riau et de fixer des vis.<br \/>\nCe mat\u00e9riau est donc id\u00e9al pour l&rsquo;impression de mod\u00e8les.  <\/p>\n\t\t<\/div>\n\t\t\t\t\t<\/div>\n\n\t\n<\/div>\n<div class=\"row row-small\"  id=\"row-557351593\">\n\n\t<div id=\"col-1517532700\" class=\"col medium-6 small-11 large-6\"  >\n\t\t\t\t<div class=\"col-inner\"  >\n\t\t\t\n\t\t\t\n<h2>Filament FibreTuff<\/h2>\n<p>Le mat\u00e9riau est biocompatible.<br \/>\nIl a pass\u00e9 avec succ\u00e8s les tests USP Class VI.<br \/>\nCela comprend :  <\/p>\n<ol>\n<li>Test de toxicit\u00e9 syst\u00e9mique aigu\u00eb ; test d&rsquo;injection syst\u00e9mique utilisant diff\u00e9rents types d&rsquo;extraits.<br \/>\nIl mesure la toxicit\u00e9 et l&rsquo;irritation. <\/li>\n<li>Test d&rsquo;injection intracutan\u00e9e avec diff\u00e9rents extraits.<br \/>\nMesure la toxicit\u00e9 et l&rsquo;irritation locale dans le tissu sous-cutan\u00e9. <\/li>\n<li>Mise en place d&rsquo;une bandelette pendant plusieurs jours.<br \/>\nMesure l&rsquo;infection et l&rsquo;irritation des tissus musculaires. <\/li>\n<\/ol>\n<p>Les mod\u00e8les FibreTuff peuvent \u00eatre st\u00e9rilis\u00e9s \u00e0 l&rsquo;autoclave ; ils peuvent donc \u00eatre utilis\u00e9s au bloc op\u00e9ratoire.<br \/>\nLa biocompatibilit\u00e9 du mat\u00e9riau et la possibilit\u00e9 de st\u00e9rilisation rendent le mat\u00e9riau utile pour l&rsquo;impression de guides chirurgicaux. <\/p>\n\t\t<\/div>\n\t\t\t\t\n<style>\n#col-1517532700 > .col-inner {\n  padding: 0px 0px 0px 0;\n}\n@media (min-width:550px) {\n  #col-1517532700 > .col-inner {\n    padding: 0px 0px 0px 0;\n  }\n}\n<\/style>\n\t<\/div>\n\n\t\n\n\t<div id=\"col-938397976\" class=\"col medium-6 small-11 large-6\"  >\n\t\t\t\t<div class=\"col-inner\"  >\n\t\t\t\n\t\t\t\n\n  <div class=\"banner has-hover\" id=\"banner-2032624399\">\n          <div class=\"banner-inner fill\">\n        <div class=\"banner-bg fill\" >\n            <div class=\"bg fill bg-fill \"><\/div>\n                                    \n                    <\/div>\n\t\t\n        <div class=\"banner-layers container\">\n            <div class=\"fill banner-link\"><\/div>            \n   <div id=\"text-box-486494531\" class=\"text-box banner-layer x50 md-x50 lg-x50 y50 md-y50 lg-y50 res-text\">\n                                <div class=\"text-box-content text dark\">\n              \n              <div class=\"text-inner text-center\">\n                  \n              <\/div>\n           <\/div>\n                            \n<style>\n#text-box-486494531 {\n  width: 60%;\n}\n#text-box-486494531 .text-box-content {\n  font-size: 100%;\n}\n<\/style>\n    <\/div>\n \n        <\/div>\n      <\/div>\n\n            \n<style>\n#banner-2032624399 {\n  padding-top: 371px;\n}\n#banner-2032624399 .bg.bg-loaded {\n  background-image: url(https:\/\/i0.wp.com\/vosfoxmedical.com\/wp-content\/uploads\/2021\/10\/photo-fibre-tuff-foot-bone-model.jpg?fit=762%2C800&ssl=1);\n}\n#banner-2032624399 .ux-shape-divider--top svg {\n  height: 150px;\n  --divider-top-width: 100%;\n}\n#banner-2032624399 .ux-shape-divider--bottom svg {\n  height: 150px;\n  --divider-width: 100%;\n}\n<\/style>\n  <\/div>\n\n\n\t\t<\/div>\n\t\t\t\t\n<style>\n#col-938397976 > .col-inner {\n  padding: 0px 0px 0px 0;\n}\n@media (min-width:550px) {\n  #col-938397976 > .col-inner {\n    padding: 0px 0px 0px 0;\n  }\n}\n<\/style>\n\t<\/div>\n\n\t\n<\/div>\n\t<div id=\"gap-477711739\" class=\"gap-element clearfix\" style=\"display:block; height:auto;\">\n\t\t\n<style>\n#gap-477711739 {\n  padding-top: 70px;\n}\n<\/style>\n\t<\/div>\n\t\n<div class=\"row\"  id=\"row-1174260660\">\n\n\t<div id=\"col-2109186066\" class=\"col medium-6 small-12 large-6\"  >\n\t\t\t\t<div class=\"col-inner\"  >\n\t\t\t\n\t\t\t\n\n  <div class=\"banner has-hover\" id=\"banner-1176600891\">\n          <div class=\"banner-inner fill\">\n        <div class=\"banner-bg fill\" >\n            <div class=\"bg fill bg-fill \"><\/div>\n                                    \n                    <\/div>\n\t\t\n        <div class=\"banner-layers container\">\n            <div class=\"fill banner-link\"><\/div>            \n   <div id=\"text-box-650929638\" class=\"text-box banner-layer x50 md-x50 lg-x50 y50 md-y50 lg-y50 res-text\">\n                                <div class=\"text-box-content text dark\">\n              \n              <div class=\"text-inner text-center\">\n                  \n              <\/div>\n           <\/div>\n                            \n<style>\n#text-box-650929638 {\n  width: 60%;\n}\n#text-box-650929638 .text-box-content {\n  font-size: 100%;\n}\n<\/style>\n    <\/div>\n \n        <\/div>\n      <\/div>\n\n            \n<style>\n#banner-1176600891 {\n  padding-top: 314px;\n}\n#banner-1176600891 .bg.bg-loaded {\n  background-image: url(https:\/\/i0.wp.com\/vosfoxmedical.com\/wp-content\/uploads\/2023\/05\/img-radiopacity.png?fit=439%2C330&ssl=1);\n}\n#banner-1176600891 .ux-shape-divider--top svg {\n  height: 150px;\n  --divider-top-width: 100%;\n}\n#banner-1176600891 .ux-shape-divider--bottom svg {\n  height: 150px;\n  --divider-width: 100%;\n}\n<\/style>\n  <\/div>\n\n\n\t\t<\/div>\n\t\t\t\t\t<\/div>\n\n\t\n\n\t<div id=\"col-36158471\" class=\"col medium-6 small-12 large-6\"  >\n\t\t\t\t<div class=\"col-inner\"  >\n\t\t\t\n\t\t\t\n<h2>Radiopacit\u00e9<\/h2>\n<p>Recouvert d&rsquo;une couche de baryum non toxique, l&rsquo;os FibreTuff conserve une radio-opacit\u00e9 semblable \u00e0 celle de l&rsquo;os, ce qui le rend utilisable comme mat\u00e9riau fant\u00f4me.<br \/>\nFibreTuff imprim\u00e9 en 3D peut montrer l&#8217;emplacement du dispositif, le pontage osseux et la performance bioactive avec une valeur de 3 000 UH (unit\u00e9s Houndsfield). <\/p>\n<p>Le Dr Mike Hartman, chirurgien craniomaxillo-facial \u00e0 Hartman Oral and Maxillofacial Surgery, a imprim\u00e9 FibreTuff pour produire des mod\u00e8les anatomiques ressemblant \u00e0 des os pour les tomodensitogrammes.<br \/>\nSes travaux confirment que FibreTuff r\u00e9pond aux normes fix\u00e9es par la Radiological Society of North America (RSNA) selon l&rsquo;article de novembre 2018. <\/p>\n\t\t<\/div>\n\t\t\t\t\t<\/div>\n\n\t\n<\/div>\n\t<div id=\"gap-912090227\" class=\"gap-element clearfix\" style=\"display:block; height:auto;\">\n\t\t\n<style>\n#gap-912090227 {\n  padding-top: 70px;\n}\n<\/style>\n\t<\/div>\n\t\n<div class=\"row\"  id=\"row-2092966558\">\n\n\t<div id=\"col-818524492\" class=\"col medium-6 small-12 large-6\"  >\n\t\t\t\t<div class=\"col-inner\"  >\n\t\t\t\n\t\t\t\n<h2>Per\u00e7age et vissage<\/h2>\n<p>Le mat\u00e9riau FibreTuff peut \u00eatre perc\u00e9 et les vis peuvent \u00eatre fix\u00e9es avec une excellente r\u00e9tention.<br \/>\nLa r\u00e9sistance du mat\u00e9riau est similaire \u00e0 celle du nylon (PA11 ou 12). <\/p>\n\t\t<\/div>\n\t\t\t\t\t<\/div>\n\n\t\n\n\t<div id=\"col-574861858\" class=\"col medium-6 small-12 large-6\"  >\n\t\t\t\t<div class=\"col-inner\"  >\n\t\t\t\n\t\t\t\n<div class=\"row\"  id=\"row-530291996\">\n\n\t<div id=\"col-1616564257\" class=\"col small-12 large-12\"  >\n\t\t\t\t<div class=\"col-inner\"  >\n\t\t\t\n\t\t\t\n\n  <div class=\"banner has-hover\" id=\"banner-1849911921\">\n          <div class=\"banner-inner fill\">\n        <div class=\"banner-bg fill\" >\n            <div class=\"bg fill bg-fill \"><\/div>\n                                    \n                    <\/div>\n\t\t\n        <div class=\"banner-layers container\">\n            <div class=\"fill banner-link\"><\/div>            \n   <div id=\"text-box-196480305\" class=\"text-box banner-layer x50 md-x50 lg-x50 y50 md-y50 lg-y50 res-text\">\n                                <div class=\"text-box-content text dark\">\n              \n              <div class=\"text-inner text-center\">\n                  \n              <\/div>\n           <\/div>\n                            \n<style>\n#text-box-196480305 {\n  width: 60%;\n}\n#text-box-196480305 .text-box-content {\n  font-size: 100%;\n}\n<\/style>\n    <\/div>\n \n        <\/div>\n      <\/div>\n\n            \n<style>\n#banner-1849911921 {\n  padding-top: 190px;\n}\n#banner-1849911921 .bg.bg-loaded {\n  background-image: url(https:\/\/i0.wp.com\/vosfoxmedical.com\/wp-content\/uploads\/2021\/06\/photo-fibretuff-bon-model-screws.jpg?fit=365%2C205&ssl=1);\n}\n#banner-1849911921 .ux-shape-divider--top svg {\n  height: 150px;\n  --divider-top-width: 100%;\n}\n#banner-1849911921 .ux-shape-divider--bottom svg {\n  height: 150px;\n  --divider-width: 100%;\n}\n<\/style>\n  <\/div>\n\n\n\t\t<\/div>\n\t\t\t\t\t<\/div>\n\n\t\n<\/div>\n\t\t<\/div>\n\t\t\t\t\t<\/div>\n\n\t\n<\/div>\n<div class=\"row\"  id=\"row-177734948\">\n\n\t<div id=\"col-1333014062\" class=\"col medium-6 small-12 large-6\"  >\n\t\t\t\t<div class=\"col-inner\"  >\n\t\t\t\n\t\t\t\n<a href=\"https:\/\/vosfoxmedical.com\/fr\/?page_id=2446\" target=\"_self\" class=\"button primary\"  >\n    <span>Vous pouvez acheter la fibre Tuff sous forme de filament et de poudre SLS. Contactez-nous pour plus d&#039;informations.<\/span>\n  <\/a>\n\n\t\t<\/div>\n\t\t\t\t\t<\/div>\n\n\t\n\n\t<div id=\"col-829568835\" class=\"col medium-6 small-12 large-6\"  >\n\t\t\t\t<div class=\"col-inner\"  >\n\t\t\t\n\t\t\t\n<a href=\"https:\/\/vosfoxmedical.com\/technologies\/medical-3d-printing\/\" target=\"_self\" class=\"button primary\"  >\n    <span>Retournez \u00e0 la page de pr\u00e9sentation de l&#039;impression 3D Medial pour plus de d\u00e9tails sur ce que nous pouvons faire avec les mat\u00e9riaux Fibre Tuff en tant que service.<\/span>\n  <\/a>\n\n\t\t<\/div>\n\t\t\t\t\t<\/div>\n\n\t\n<\/div>\n\t\t<\/div>\n\n\t\t\n<style>\n#section_1356801682 {\n  padding-top: 30px;\n  padding-bottom: 30px;\n}\n#section_1356801682 .ux-shape-divider--top svg {\n  height: 150px;\n  --divider-top-width: 100%;\n}\n#section_1356801682 .ux-shape-divider--bottom svg {\n  height: 150px;\n  --divider-width: 100%;\n}\n@media (min-width:550px) {\n  #section_1356801682 {\n    padding-top: 70px;\n    padding-bottom: 70px;\n  }\n}\n<\/style>\n\t<\/section>\n\t\n","protected":false},"excerpt":{"rendered":"","protected":false},"author":3,"featured_media":0,"parent":2586,"menu_order":0,"comment_status":"closed","ping_status":"closed","template":"page-blank.php","meta":{"footnotes":""},"class_list":["post-2545","page","type-page","status-publish","hentry"],"yoast_head":"<!-- This site is optimized with the Yoast SEO Premium plugin v24.2 (Yoast SEO v27.4) - https:\/\/yoast.com\/product\/yoast-seo-premium-wordpress\/ -->\n<title>Mat\u00e9riau Fibre Tuff pour l&#039;impression 3D - exp\u00e9rience r\u00e9elle de forage osseux<\/title>\n<meta name=\"description\" content=\"Les filaments FibreTuff sont excellents pour l&#039;impression de mod\u00e8les et de guides chirurgicaux et peuvent \u00eatre adapt\u00e9s \u00e0 l&#039;impression fant\u00f4me.\" \/>\n<meta name=\"robots\" content=\"index, follow, max-snippet:-1, max-image-preview:large, max-video-preview:-1\" \/>\n<link rel=\"canonical\" href=\"https:\/\/vosfoxmedical.com\/fr\/technologies\/limpression-3d-dans-les-salles-blanches\/fibretuff\/\" \/>\n<meta property=\"og:locale\" content=\"fr_FR\" \/>\n<meta property=\"og:type\" content=\"article\" \/>\n<meta property=\"og:title\" content=\"FibreTuff\" \/>\n<meta property=\"og:description\" content=\"Les filaments FibreTuff sont excellents pour l&#039;impression de mod\u00e8les et de guides chirurgicaux et peuvent \u00eatre adapt\u00e9s \u00e0 l&#039;impression fant\u00f4me.\" \/>\n<meta property=\"og:url\" content=\"https:\/\/vosfoxmedical.com\/fr\/technologies\/limpression-3d-dans-les-salles-blanches\/fibretuff\/\" \/>\n<meta property=\"og:site_name\" content=\"Vosfox Medical\" \/>\n<meta property=\"article:publisher\" content=\"https:\/\/www.facebook.com\/Vosfoxmedical\" \/>\n<meta property=\"article:modified_time\" content=\"2024-10-09T10:59:40+00:00\" \/>\n<meta name=\"twitter:card\" content=\"summary_large_image\" \/>\n<meta name=\"twitter:site\" content=\"@svndevos\" \/>\n<meta name=\"twitter:label1\" content=\"Dur\u00e9e de lecture estim\u00e9e\" \/>\n\t<meta name=\"twitter:data1\" content=\"3 minutes\" \/>\n<script type=\"application\/ld+json\" class=\"yoast-schema-graph\">{\"@context\":\"https:\\\/\\\/schema.org\",\"@graph\":[{\"@type\":\"WebPage\",\"@id\":\"https:\\\/\\\/vosfoxmedical.com\\\/fr\\\/technologies\\\/limpression-3d-dans-les-salles-blanches\\\/fibretuff\\\/\",\"url\":\"https:\\\/\\\/vosfoxmedical.com\\\/fr\\\/technologies\\\/limpression-3d-dans-les-salles-blanches\\\/fibretuff\\\/\",\"name\":\"Mat\u00e9riau Fibre Tuff pour l'impression 3D - exp\u00e9rience r\u00e9elle de forage osseux\",\"isPartOf\":{\"@id\":\"https:\\\/\\\/vosfoxmedical.com\\\/fr\\\/#website\"},\"datePublished\":\"2021-10-01T08:01:59+00:00\",\"dateModified\":\"2024-10-09T10:59:40+00:00\",\"description\":\"Les filaments FibreTuff sont excellents pour l'impression de mod\u00e8les et de guides chirurgicaux et peuvent \u00eatre adapt\u00e9s \u00e0 l'impression fant\u00f4me.\",\"breadcrumb\":{\"@id\":\"https:\\\/\\\/vosfoxmedical.com\\\/fr\\\/technologies\\\/limpression-3d-dans-les-salles-blanches\\\/fibretuff\\\/#breadcrumb\"},\"inLanguage\":\"fr-FR\",\"potentialAction\":[{\"@type\":\"ReadAction\",\"target\":[\"https:\\\/\\\/vosfoxmedical.com\\\/fr\\\/technologies\\\/limpression-3d-dans-les-salles-blanches\\\/fibretuff\\\/\"]}]},{\"@type\":\"BreadcrumbList\",\"@id\":\"https:\\\/\\\/vosfoxmedical.com\\\/fr\\\/technologies\\\/limpression-3d-dans-les-salles-blanches\\\/fibretuff\\\/#breadcrumb\",\"itemListElement\":[{\"@type\":\"ListItem\",\"position\":1,\"name\":\"Home\",\"item\":\"https:\\\/\\\/vosfoxmedical.com\\\/fr\\\/\"},{\"@type\":\"ListItem\",\"position\":2,\"name\":\"FibreTuff\"}]},{\"@type\":\"WebSite\",\"@id\":\"https:\\\/\\\/vosfoxmedical.com\\\/fr\\\/#website\",\"url\":\"https:\\\/\\\/vosfoxmedical.com\\\/fr\\\/\",\"name\":\"vosfoxmedical.com\",\"description\":\"Low-volume contract manufacturing organisation\",\"publisher\":{\"@id\":\"https:\\\/\\\/vosfoxmedical.com\\\/fr\\\/#organization\"},\"potentialAction\":[{\"@type\":\"SearchAction\",\"target\":{\"@type\":\"EntryPoint\",\"urlTemplate\":\"https:\\\/\\\/vosfoxmedical.com\\\/fr\\\/?s={search_term_string}\"},\"query-input\":{\"@type\":\"PropertyValueSpecification\",\"valueRequired\":true,\"valueName\":\"search_term_string\"}}],\"inLanguage\":\"fr-FR\"},{\"@type\":\"Organization\",\"@id\":\"https:\\\/\\\/vosfoxmedical.com\\\/fr\\\/#organization\",\"name\":\"Vosfox Medical\",\"url\":\"https:\\\/\\\/vosfoxmedical.com\\\/fr\\\/\",\"logo\":{\"@type\":\"ImageObject\",\"inLanguage\":\"fr-FR\",\"@id\":\"https:\\\/\\\/vosfoxmedical.com\\\/fr\\\/#\\\/schema\\\/logo\\\/image\\\/\",\"url\":\"https:\\\/\\\/i0.wp.com\\\/vosfoxmedical.com\\\/wp-content\\\/uploads\\\/2021\\\/06\\\/vosfox_medical_logo.png?fit=8594%2C2813&ssl=1\",\"contentUrl\":\"https:\\\/\\\/i0.wp.com\\\/vosfoxmedical.com\\\/wp-content\\\/uploads\\\/2021\\\/06\\\/vosfox_medical_logo.png?fit=8594%2C2813&ssl=1\",\"width\":8594,\"height\":2813,\"caption\":\"Vosfox Medical\"},\"image\":{\"@id\":\"https:\\\/\\\/vosfoxmedical.com\\\/fr\\\/#\\\/schema\\\/logo\\\/image\\\/\"},\"sameAs\":[\"https:\\\/\\\/www.facebook.com\\\/Vosfoxmedical\",\"https:\\\/\\\/x.com\\\/svndevos\",\"https:\\\/\\\/www.instagram.com\\\/\",\"https:\\\/\\\/www.linkedin.com\\\/company\\\/11022599\\\/\"]}]}<\/script>\n<!-- \/ Yoast SEO Premium plugin. -->","yoast_head_json":{"title":"Mat\u00e9riau Fibre Tuff pour l'impression 3D - exp\u00e9rience r\u00e9elle de forage osseux","description":"Les filaments FibreTuff sont excellents pour l'impression de mod\u00e8les et de guides chirurgicaux et peuvent \u00eatre adapt\u00e9s \u00e0 l'impression fant\u00f4me.","robots":{"index":"index","follow":"follow","max-snippet":"max-snippet:-1","max-image-preview":"max-image-preview:large","max-video-preview":"max-video-preview:-1"},"canonical":"https:\/\/vosfoxmedical.com\/fr\/technologies\/limpression-3d-dans-les-salles-blanches\/fibretuff\/","og_locale":"fr_FR","og_type":"article","og_title":"FibreTuff","og_description":"Les filaments FibreTuff sont excellents pour l'impression de mod\u00e8les et de guides chirurgicaux et peuvent \u00eatre adapt\u00e9s \u00e0 l'impression fant\u00f4me.","og_url":"https:\/\/vosfoxmedical.com\/fr\/technologies\/limpression-3d-dans-les-salles-blanches\/fibretuff\/","og_site_name":"Vosfox Medical","article_publisher":"https:\/\/www.facebook.com\/Vosfoxmedical","article_modified_time":"2024-10-09T10:59:40+00:00","twitter_card":"summary_large_image","twitter_site":"@svndevos","twitter_misc":{"Dur\u00e9e de lecture estim\u00e9e":"3 minutes"},"schema":{"@context":"https:\/\/schema.org","@graph":[{"@type":"WebPage","@id":"https:\/\/vosfoxmedical.com\/fr\/technologies\/limpression-3d-dans-les-salles-blanches\/fibretuff\/","url":"https:\/\/vosfoxmedical.com\/fr\/technologies\/limpression-3d-dans-les-salles-blanches\/fibretuff\/","name":"Mat\u00e9riau Fibre Tuff pour l'impression 3D - exp\u00e9rience r\u00e9elle de forage osseux","isPartOf":{"@id":"https:\/\/vosfoxmedical.com\/fr\/#website"},"datePublished":"2021-10-01T08:01:59+00:00","dateModified":"2024-10-09T10:59:40+00:00","description":"Les filaments FibreTuff sont excellents pour l'impression de mod\u00e8les et de guides chirurgicaux et peuvent \u00eatre adapt\u00e9s \u00e0 l'impression fant\u00f4me.","breadcrumb":{"@id":"https:\/\/vosfoxmedical.com\/fr\/technologies\/limpression-3d-dans-les-salles-blanches\/fibretuff\/#breadcrumb"},"inLanguage":"fr-FR","potentialAction":[{"@type":"ReadAction","target":["https:\/\/vosfoxmedical.com\/fr\/technologies\/limpression-3d-dans-les-salles-blanches\/fibretuff\/"]}]},{"@type":"BreadcrumbList","@id":"https:\/\/vosfoxmedical.com\/fr\/technologies\/limpression-3d-dans-les-salles-blanches\/fibretuff\/#breadcrumb","itemListElement":[{"@type":"ListItem","position":1,"name":"Home","item":"https:\/\/vosfoxmedical.com\/fr\/"},{"@type":"ListItem","position":2,"name":"FibreTuff"}]},{"@type":"WebSite","@id":"https:\/\/vosfoxmedical.com\/fr\/#website","url":"https:\/\/vosfoxmedical.com\/fr\/","name":"vosfoxmedical.com","description":"Low-volume contract manufacturing organisation","publisher":{"@id":"https:\/\/vosfoxmedical.com\/fr\/#organization"},"potentialAction":[{"@type":"SearchAction","target":{"@type":"EntryPoint","urlTemplate":"https:\/\/vosfoxmedical.com\/fr\/?s={search_term_string}"},"query-input":{"@type":"PropertyValueSpecification","valueRequired":true,"valueName":"search_term_string"}}],"inLanguage":"fr-FR"},{"@type":"Organization","@id":"https:\/\/vosfoxmedical.com\/fr\/#organization","name":"Vosfox Medical","url":"https:\/\/vosfoxmedical.com\/fr\/","logo":{"@type":"ImageObject","inLanguage":"fr-FR","@id":"https:\/\/vosfoxmedical.com\/fr\/#\/schema\/logo\/image\/","url":"https:\/\/i0.wp.com\/vosfoxmedical.com\/wp-content\/uploads\/2021\/06\/vosfox_medical_logo.png?fit=8594%2C2813&ssl=1","contentUrl":"https:\/\/i0.wp.com\/vosfoxmedical.com\/wp-content\/uploads\/2021\/06\/vosfox_medical_logo.png?fit=8594%2C2813&ssl=1","width":8594,"height":2813,"caption":"Vosfox Medical"},"image":{"@id":"https:\/\/vosfoxmedical.com\/fr\/#\/schema\/logo\/image\/"},"sameAs":["https:\/\/www.facebook.com\/Vosfoxmedical","https:\/\/x.com\/svndevos","https:\/\/www.instagram.com\/","https:\/\/www.linkedin.com\/company\/11022599\/"]}]}},"jetpack-related-posts":[],"jetpack_sharing_enabled":true,"_links":{"self":[{"href":"https:\/\/vosfoxmedical.com\/fr\/wp-json\/wp\/v2\/pages\/2545","targetHints":{"allow":["GET"]}}],"collection":[{"href":"https:\/\/vosfoxmedical.com\/fr\/wp-json\/wp\/v2\/pages"}],"about":[{"href":"https:\/\/vosfoxmedical.com\/fr\/wp-json\/wp\/v2\/types\/page"}],"author":[{"embeddable":true,"href":"https:\/\/vosfoxmedical.com\/fr\/wp-json\/wp\/v2\/users\/3"}],"replies":[{"embeddable":true,"href":"https:\/\/vosfoxmedical.com\/fr\/wp-json\/wp\/v2\/comments?post=2545"}],"version-history":[{"count":11,"href":"https:\/\/vosfoxmedical.com\/fr\/wp-json\/wp\/v2\/pages\/2545\/revisions"}],"predecessor-version":[{"id":2592,"href":"https:\/\/vosfoxmedical.com\/fr\/wp-json\/wp\/v2\/pages\/2545\/revisions\/2592"}],"up":[{"embeddable":true,"href":"https:\/\/vosfoxmedical.com\/fr\/wp-json\/wp\/v2\/pages\/2586"}],"wp:attachment":[{"href":"https:\/\/vosfoxmedical.com\/fr\/wp-json\/wp\/v2\/media?parent=2545"}],"curies":[{"name":"wp","href":"https:\/\/api.w.org\/{rel}","templated":true}]}}