{"id":2486,"date":"2021-06-27T15:54:41","date_gmt":"2021-06-27T14:54:41","guid":{"rendered":"https:\/\/vosfoxmedical.com\/politique-de-protection-des-donnees\/"},"modified":"2024-10-09T15:12:33","modified_gmt":"2024-10-09T14:12:33","slug":"politique-de-protection-des-donnees","status":"publish","type":"page","link":"https:\/\/vosfoxmedical.com\/fr\/bienvenue-a-vosfox-medical\/politique-de-protection-des-donnees\/","title":{"rendered":"Politique de protection des donn\u00e9es"},"content":{"rendered":"\t<section class=\"section dark\" id=\"section_1203025074\">\n\t\t<div class=\"bg section-bg fill bg-fill  \" >\n\n\t\t\t\n\t\t\t<div class=\"section-bg-overlay absolute fill\"><\/div>\n\t\t\t\n\n\t\t<\/div>\n\n\t\t\n\n\t\t<div class=\"section-content relative\">\n\t\t\t\n<div class=\"row\" style=\"max-width:1300px\" id=\"row-14163861\">\n\n\t<div id=\"col-1486677311\" class=\"col medium-12 small-12 large-8\"  >\n\t\t\t\t<div class=\"col-inner\"  >\n\t\t\t\n\t\t\t\n\t<div id=\"text-1362873270\" class=\"text\">\n\t\t\n<h1 class=\"entry-title\"><span style=\"font-size: 100%;\">Politique de protection des donn\u00e9es<\/span><\/h1>\n\t\t\n<style>\n#text-1362873270 {\n  font-size: 2.75rem;\n}\n<\/style>\n\t<\/div>\n\t\n\t\t<\/div>\n\t\t\t\t\t<\/div>\n\n\t\n<\/div>\n\t\t<\/div>\n\n\t\t\n<style>\n#section_1203025074 {\n  padding-top: 30px;\n  padding-bottom: 30px;\n  min-height: 400px;\n  background-color: #5a0958;\n}\n#section_1203025074 .section-bg-overlay {\n  background-color: rgba(90, 9, 88, 0.89);\n}\n#section_1203025074 .section-bg.bg-loaded {\n  background-image: url(https:\/\/vosfoxmedical.com\/wp-content\/uploads\/2021\/06\/img-thunderstorm.jpg);\n}\n#section_1203025074 .section-bg {\n  background-position: 90% 59%;\n}\n#section_1203025074 .ux-shape-divider--top svg {\n  height: 150px;\n  --divider-top-width: 100%;\n}\n#section_1203025074 .ux-shape-divider--bottom svg {\n  height: 150px;\n  --divider-width: 100%;\n}\n@media (min-width:550px) {\n  #section_1203025074 {\n    min-height: 400px;\n  }\n}\n@media (min-width:850px) {\n  #section_1203025074 {\n    min-height: 600px;\n  }\n}\n<\/style>\n\t<\/section>\n\t\n<div class=\"row align-bottom\" style=\"max-width:1300px\" id=\"row-1703479542\">\n\n\t<div id=\"col-1444898040\" class=\"col medium-12 small-12 large-8 medium-col-first\"  >\n\t\t\t\t<div class=\"col-inner\"  >\n\t\t\t\n\t\t\t\n\n  <div class=\"banner has-hover\" id=\"banner-1117295695\">\n          <div class=\"banner-inner fill\">\n        <div class=\"banner-bg fill\" >\n            <div class=\"bg fill bg-fill \"><\/div>\n                        <div class=\"overlay\"><\/div>            \n                    <\/div>\n\t\t\n        <div class=\"banner-layers container\">\n            <div class=\"fill banner-link\"><\/div>            \n        <\/div>\n      <\/div>\n\n            \n<style>\n#banner-1117295695 {\n  padding-top: 300px;\n  background-color: rgb(255,255,255);\n}\n#banner-1117295695 .bg.bg-loaded {\n  background-image: url(https:\/\/vosfoxmedical.com\/wp-content\/uploads\/2021\/06\/photo-data-protection.jpg);\n}\n#banner-1117295695 .overlay {\n  background-color: rgba(0, 0, 0, 0.145);\n}\n#banner-1117295695 .ux-shape-divider--top svg {\n  height: 150px;\n  --divider-top-width: 100%;\n}\n#banner-1117295695 .ux-shape-divider--bottom svg {\n  height: 150px;\n  --divider-width: 100%;\n}\n@media (min-width:550px) {\n  #banner-1117295695 {\n    padding-top: 600px;\n  }\n}\n<\/style>\n  <\/div>\n\n\n\t\t<\/div>\n\t\t\t\t\n<style>\n#col-1444898040 > .col-inner {\n  margin: -120px 0px 0px 0px;\n}\n@media (min-width:550px) {\n  #col-1444898040 > .col-inner {\n    margin: -120px 0px 0px 0px;\n  }\n}\n@media (min-width:850px) {\n  #col-1444898040 > .col-inner {\n    margin: -500px 0px 0px 0px;\n  }\n}\n<\/style>\n\t<\/div>\n\n\t\n<\/div>\n\t<section class=\"section\" id=\"section_436295001\">\n\t\t<div class=\"bg section-bg fill bg-fill  bg-loaded\" >\n\n\t\t\t\n\t\t\t\n\t\t\t\n\n\t\t<\/div>\n\n\t\t\n\n\t\t<div class=\"section-content relative\">\n\t\t\t\n<div class=\"row row-small align-equal\"  id=\"row-1715759469\">\n\n\t<div id=\"col-776850526\" class=\"col sticky hide-for-small medium-4 small-12 large-4\"  >\n\t\t\t\t<div class=\"col-inner\"  >\n\t\t\t\n\t\t\t\n<ul class=\"sidebar-wrapper ul-reset\"><div id=\"text-13\">\t\t\t<div class=\"textwidget\"><h3 id=\"h-who-we-are\" class=\"has-text-align-left\"><a href=\"#qui sont\">Qui sommes-nous<\/a><\/h3>\n<h3 id=\"h-personal data\"><a href=\"#personal\">Donn\u00e9es personnelles que nous collectons<\/a><\/h3>\n<h3><a href=\"#embedded\">Contenu int\u00e9gr\u00e9 d&rsquo;autres sites web<\/a><\/h3>\n<h3 id=\"h-automated-decissions\"><a href=\"#automated\">D\u00e9cisions automatis\u00e9es<\/a><\/h3>\n<h3 id=\"h-sharing-data\"><a href=\"#sharing\">Partage des donn\u00e9es<\/a><\/h3>\n<h3 id=\"h-retention-times\"><a href=\"#retention\">Dur\u00e9e de conservation<\/a><\/h3>\n<h3><a href=\"#yourrights\">Vos droits<\/a><\/h3>\n<h3><a href=\"#senddata\">O\u00f9 envoyons-nous vos donn\u00e9es?<\/a><\/h3>\n<h3 id=\"h-contact-information\"><a href=\"#contact\">Informations de contact<\/a><\/h3>\n<h3><a href=\"#databreach\">Proc\u00e9dures de violation des donn\u00e9es<\/a><\/h3>\n<\/div>\n\t\t<\/div><\/ul>\n\t\t<\/div>\n\t\t\t\t\t<\/div>\n\n\t\n\n\t<div id=\"col-1511823937\" class=\"col medium-8 small-12 large-8\"  >\n\t\t\t\t<div class=\"col-inner\"  >\n\t\t\t\n\t\t\t\n<span class=\"scroll-to\" data-label=\"Scroll to: #qui-sont\" data-bullet=\"false\" data-link=\"#qui-sont\" data-title=\"qui sont\"><a name=\"qui-sont\"><\/a><\/span>\n<p id=\"h-vosfox-medical-bv-is-a-dutch-based-limited-liability-company-our-website-address-is-https-vosfoxmedical-com\"><strong>Qui sommes-nous<\/strong> Vosfox Medical BV est une soci\u00e9t\u00e9 \u00e0 responsabilit\u00e9 limit\u00e9e bas\u00e9e aux Pays-Bas.<br \/>\nL&rsquo;adresse de notre site web est <a href=\"https:\/\/vosfoxmedical.com\/fr\/\" rel=\"nofollow\">https:\/\/vosfoxmedical.com.<\/a> <\/p>\n<span class=\"scroll-to\" data-label=\"Scroll to: #personal\" data-bullet=\"false\" data-link=\"#personal\" data-title=\"Faites d\u00e9filer jusqu'\u00e0 ceci\"><a name=\"personal\"><\/a><\/span>\n<p><strong>Donn\u00e9es personnelles que nous collectons<\/strong> Le contenu que vous fournissez par l&rsquo;interm\u00e9diaire de nos sites web :<em> <\/em>Les services comprennent \u00e9galement les sites web que nous poss\u00e9dons ou exploitons.<br \/>\nNous recueillons d&rsquo;autres contenus que vous soumettez \u00e0 ces sites web, y compris les m\u00e9dias sociaux ou les sites web de r\u00e9seaux sociaux que nous exploitons.<br \/>\nPar exemple, vous nous fournissez du contenu lorsque vous nous faites part de vos commentaires ou que vous utilisez le <span style=\"text-decoration: underline;\"><strong><a href=\"https:\/\/vosfoxmedical.com\/fr\/?page_id=2446\">formulaire de contact<\/a>.<\/strong><\/span><strong>Informations sur le compte et le profil :<\/strong>  <em><strong> <\/strong><\/em>Nous recueillons des informations vous concernant lorsque vous cr\u00e9ez un compte, cr\u00e9ez ou modifiez votre profil, d\u00e9finissez des pr\u00e9f\u00e9rences, vous inscrivez ou effectuez des achats par l&rsquo;interm\u00e9diaire des services.<br \/>\nPar exemple, vous fournissez vos coordonn\u00e9es et, dans certains cas, vos informations de facturation lorsque vous vous inscrivez aux services.<br \/>\nVous pouvez \u00e9galement ajouter un nom d&rsquo;affichage, une photo de profil, un titre de poste et d&rsquo;autres d\u00e9tails aux informations de votre profil qui seront affich\u00e9es dans nos services.<br \/>\nNous gardons trace de vos pr\u00e9f\u00e9rences lorsque vous s\u00e9lectionnez des param\u00e8tres dans les services.<\/p>\n<span class=\"scroll-to\" data-label=\"Scroll to: #embedded\" data-bullet=\"false\" data-link=\"#embedded\" data-title=\"Faites d\u00e9filer jusqu'\u00e0 ceci\"><a name=\"embedded\"><\/a><\/span>\n<p><strong>Contenu int\u00e9gr\u00e9 d&rsquo;autres sites web <\/strong>Les articles de ce site peuvent inclure du contenu int\u00e9gr\u00e9 (par exemple des vid\u00e9os, des images, des articles, etc.).<br \/>\nLe contenu int\u00e9gr\u00e9 provenant d&rsquo;autres sites web se comporte exactement comme si le visiteur avait visit\u00e9 l&rsquo;autre site web.<br \/>\nCes sites web peuvent collecter des donn\u00e9es vous concernant, utiliser des cookies, int\u00e9grer un suivi suppl\u00e9mentaire par des tiers et surveiller votre interaction avec ce contenu int\u00e9gr\u00e9, y compris votre interaction avec le contenu int\u00e9gr\u00e9 si vous avez un compte et que vous \u00eates connect\u00e9 \u00e0 ce site web.<\/p>\n<span class=\"scroll-to\" data-label=\"Scroll to: #automated\" data-bullet=\"false\" data-link=\"#automated\" data-title=\"Faites d\u00e9filer jusqu'\u00e0 ceci\"><a name=\"automated\"><\/a><\/span>\n<p><strong>D\u00e9cisions automatis\u00e9es<\/strong> Nous n&rsquo;utilisons pas de donn\u00e9es pour prendre des d\u00e9cisions automatis\u00e9es.<\/p>\n<span class=\"scroll-to\" data-label=\"Scroll to: #sharing\" data-bullet=\"false\" data-link=\"#sharing\" data-title=\"Faites d\u00e9filer jusqu'\u00e0 ceci\"><a name=\"sharing\"><\/a><\/span>\n<p><strong>Partage des donn\u00e9es<\/strong> Nous ne partageons aucune de vos donn\u00e9es avec des tiers, sauf si les autorit\u00e9s r\u00e9glementaires l&rsquo;exigent.<\/p>\n<span class=\"scroll-to\" data-label=\"Scroll to: #retention\" data-bullet=\"false\" data-link=\"#retention\" data-title=\"Faites d\u00e9filer jusqu'\u00e0 ceci\"><a name=\"retention\"><\/a><\/span>\n<p><strong>Dur\u00e9e de conservation<\/strong> Le commentaire et ses m\u00e9tadonn\u00e9es sont conserv\u00e9s ind\u00e9finiment si vous laissez un commentaire.<br \/>\nCela nous permet de reconna\u00eetre et d&rsquo;approuver automatiquement les commentaires de suivi au lieu de les conserver dans une file d&rsquo;attente de mod\u00e9ration.<\/p>\n<span class=\"scroll-to\" data-label=\"Scroll to: #yourrights\" data-bullet=\"false\" data-link=\"#yourrights\" data-title=\"Faites d\u00e9filer jusqu'\u00e0 ceci\"><a name=\"yourrights\"><\/a><\/span>\n<p><strong>Vos droits<\/strong> Si vous avez laiss\u00e9 des commentaires, vous pouvez demander \u00e0 recevoir un fichier export\u00e9 des donn\u00e9es personnelles que nous d\u00e9tenons \u00e0 votre sujet, y compris toutes les donn\u00e9es que vous nous avez fournies.<br \/>\nVous pouvez \u00e9galement nous demander d&rsquo;effacer toutes les donn\u00e9es personnelles que nous d\u00e9tenons \u00e0 votre sujet.<br \/>\nCela n&rsquo;inclut pas les donn\u00e9es que nous sommes oblig\u00e9s de conserver \u00e0 des fins administratives, juridiques ou de s\u00e9curit\u00e9.<br \/>\nVous disposez de huit droits en vertu du GDPR, qui sont \u00e9num\u00e9r\u00e9s ci-dessous.           <\/p>\n<ol>\n<li>Le droit d&rsquo;\u00eatre inform\u00e9 : Toute personne qui traite vos donn\u00e9es \u00e0 caract\u00e8re personnel doit indiquer clairement ce qu&rsquo;elle traite, pourquoi elle le fait et \u00e0 qui les donn\u00e9es peuvent \u00eatre transmises.<\/li>\n<li>Le droit d&rsquo;acc\u00e8s : il s&rsquo;agit de votre droit \u00e0 voir quelles donn\u00e9es sont d\u00e9tenues \u00e0 votre sujet par un contr\u00f4leur de donn\u00e9es.<\/li>\n<li>Le droit de rectification : le droit de faire corriger ou modifier vos donn\u00e9es si elles sont incorrectes.<\/li>\n<li>Le droit \u00e0 l&rsquo;effacement : dans certaines circonstances, vous pouvez demander l&rsquo;effacement de vos donn\u00e9es \u00e0 caract\u00e8re personnel.<br \/>\nCe droit est \u00e9galement appel\u00e9 \u00ab\u00a0droit \u00e0 l&rsquo;oubli\u00a0\u00bb.<br \/>\nCe droit s&rsquo;applique si les donn\u00e9es \u00e0 caract\u00e8re personnel ne sont plus n\u00e9cessaires aux fins pour lesquelles elles ont \u00e9t\u00e9 collect\u00e9es, si votre consentement au traitement de ces donn\u00e9es a \u00e9t\u00e9 retir\u00e9 ou si les donn\u00e9es \u00e0 caract\u00e8re personnel ont fait l&rsquo;objet d&rsquo;un traitement ill\u00e9gal.  <\/li>\n<li>Le droit \u00e0 la limitation du traitement : il donne \u00e0 la personne concern\u00e9e le droit de demander l&rsquo;arr\u00eat temporaire du traitement des donn\u00e9es \u00e0 caract\u00e8re personnel, par exemple dans le cas o\u00f9 un litige ou une affaire juridique doit \u00eatre conclue ou si les donn\u00e9es sont corrig\u00e9es.<\/li>\n<li>Le droit \u00e0 la portabilit\u00e9 des donn\u00e9es : une personne concern\u00e9e a le droit de demander que les donn\u00e9es qu&rsquo;elle a fournies directement au contr\u00f4leur des donn\u00e9es lui soient communiqu\u00e9es dans un format structur\u00e9, couramment utilis\u00e9 et lisible par machine.<\/li>\n<li>Le droit d&rsquo;opposition : la personne concern\u00e9e a le droit de s&rsquo;opposer au traitement ult\u00e9rieur de ses donn\u00e9es qui n&rsquo;est pas conforme \u00e0 la finalit\u00e9 premi\u00e8re pour laquelle elles ont \u00e9t\u00e9 collect\u00e9es, y compris le profilage, l&rsquo;automatisation et le marketing direct.<\/li>\n<li>Droits relatifs \u00e0 la prise de d\u00e9cision automatis\u00e9e et au profilage : les personnes concern\u00e9es ont le droit de ne pas faire l&rsquo;objet d&rsquo;une d\u00e9cision fond\u00e9e exclusivement sur un traitement automatis\u00e9.<\/li>\n<li>Droits li\u00e9s \u00e0 la prise de d\u00e9cision automatis\u00e9e et au profilage<\/li>\n<\/ol>\n<span class=\"scroll-to\" data-label=\"Scroll to: #senddata\" data-bullet=\"false\" data-link=\"#senddata\" data-title=\"Faites d\u00e9filer jusqu'\u00e0 ceci\"><a name=\"senddata\"><\/a><\/span>\n<p><strong>O\u00f9 envoyons-nous vos donn\u00e9es ?<\/strong> Les commentaires des visiteurs peuvent \u00eatre v\u00e9rifi\u00e9s par un service automatis\u00e9 de d\u00e9tection des spams.<\/p>\n<span class=\"scroll-to\" data-label=\"Scroll to: #contact\" data-bullet=\"false\" data-link=\"#contact\" data-title=\"Faites d\u00e9filer jusqu'\u00e0 ceci\"><a name=\"contact\"><\/a><\/span>\n<p><strong>Informations de contact<\/strong> Votre nom et votre adresse \u00e9lectronique peuvent \u00eatre conserv\u00e9s ind\u00e9finiment.<\/p>\n<span class=\"scroll-to\" data-label=\"Scroll to: #databreach\" data-bullet=\"false\" data-link=\"#databreach\" data-title=\"Faites d\u00e9filer jusqu'\u00e0 ceci\"><a name=\"databreach\"><\/a><\/span>\n<p><strong>Proc\u00e9dures de violation des donn\u00e9es<\/strong> Vosfox Medical dispose d&rsquo;une proc\u00e9dure de protection des donn\u00e9es.<br \/>\nNous enregistrons les donn\u00e9es personnelles que nous stockons.<br \/>\nNous ne conservons aucune donn\u00e9e m\u00e9dicale.<br \/>\nVosfox Medical a mis en place une proc\u00e9dure en cas de violation des donn\u00e9es.<br \/>\nVeuillez nous contacter pour obtenir des d\u00e9tails sur cette proc\u00e9dure ou si vous d\u00e9tectez ou suspectez une violation de donn\u00e9es.<\/p>\n\t\t<\/div>\n\t\t\t\t\t<\/div>\n\n\t\n<\/div>\n\t\t<\/div>\n\n\t\t\n<style>\n#section_436295001 {\n  padding-top: 30px;\n  padding-bottom: 30px;\n}\n#section_436295001 .ux-shape-divider--top svg {\n  height: 150px;\n  --divider-top-width: 100%;\n}\n#section_436295001 .ux-shape-divider--bottom svg {\n  height: 150px;\n  --divider-width: 100%;\n}\n@media (min-width:550px) {\n  #section_436295001 {\n    padding-top: 70px;\n    padding-bottom: 70px;\n  }\n}\n<\/style>\n\t<\/section>\n\t\n","protected":false},"excerpt":{"rendered":"","protected":false},"author":3,"featured_media":0,"parent":2553,"menu_order":0,"comment_status":"closed","ping_status":"closed","template":"page-blank.php","meta":{"footnotes":""},"class_list":["post-2486","page","type-page","status-publish","hentry"],"yoast_head":"<!-- This site is optimized with the Yoast SEO Premium plugin v24.2 (Yoast SEO v27.4) - https:\/\/yoast.com\/product\/yoast-seo-premium-wordpress\/ -->\n<title>Politique de protection des donn\u00e9es - Vosfox Medical<\/title>\n<meta name=\"description\" content=\"Vosfox Medical a une politique de protection des donn\u00e9es, qui est publi\u00e9e sur notre site web. Nous nous conformerons au GDPR.\" \/>\n<meta name=\"robots\" content=\"noindex, nofollow\" \/>\n<meta property=\"og:locale\" content=\"fr_FR\" \/>\n<meta property=\"og:type\" content=\"article\" \/>\n<meta property=\"og:title\" content=\"Politique de protection des donn\u00e9es\" \/>\n<meta property=\"og:description\" content=\"Vosfox Medical a une politique de protection des donn\u00e9es, qui est publi\u00e9e sur notre site web. Nous nous conformerons au GDPR.\" \/>\n<meta property=\"og:url\" content=\"https:\/\/vosfoxmedical.com\/fr\/bienvenue-a-vosfox-medical\/politique-de-protection-des-donnees\/\" \/>\n<meta property=\"og:site_name\" content=\"Vosfox Medical\" \/>\n<meta property=\"article:publisher\" content=\"https:\/\/www.facebook.com\/Vosfoxmedical\" \/>\n<meta property=\"article:modified_time\" content=\"2024-10-09T14:12:33+00:00\" \/>\n<meta name=\"twitter:card\" content=\"summary_large_image\" \/>\n<meta name=\"twitter:site\" content=\"@svndevos\" \/>\n<meta name=\"twitter:label1\" content=\"Dur\u00e9e de lecture estim\u00e9e\" \/>\n\t<meta name=\"twitter:data1\" content=\"6 minutes\" \/>\n<script type=\"application\/ld+json\" class=\"yoast-schema-graph\">{\"@context\":\"https:\\\/\\\/schema.org\",\"@graph\":[{\"@type\":\"WebPage\",\"@id\":\"https:\\\/\\\/vosfoxmedical.com\\\/fr\\\/bienvenue-a-vosfox-medical\\\/politique-de-protection-des-donnees\\\/\",\"url\":\"https:\\\/\\\/vosfoxmedical.com\\\/fr\\\/bienvenue-a-vosfox-medical\\\/politique-de-protection-des-donnees\\\/\",\"name\":\"Politique de protection des donn\u00e9es - Vosfox Medical\",\"isPartOf\":{\"@id\":\"https:\\\/\\\/vosfoxmedical.com\\\/fr\\\/#website\"},\"datePublished\":\"2021-06-27T14:54:41+00:00\",\"dateModified\":\"2024-10-09T14:12:33+00:00\",\"description\":\"Vosfox Medical a une politique de protection des donn\u00e9es, qui est publi\u00e9e sur notre site web. Nous nous conformerons au GDPR.\",\"breadcrumb\":{\"@id\":\"https:\\\/\\\/vosfoxmedical.com\\\/fr\\\/bienvenue-a-vosfox-medical\\\/politique-de-protection-des-donnees\\\/#breadcrumb\"},\"inLanguage\":\"fr-FR\",\"potentialAction\":[{\"@type\":\"ReadAction\",\"target\":[\"https:\\\/\\\/vosfoxmedical.com\\\/fr\\\/bienvenue-a-vosfox-medical\\\/politique-de-protection-des-donnees\\\/\"]}]},{\"@type\":\"BreadcrumbList\",\"@id\":\"https:\\\/\\\/vosfoxmedical.com\\\/fr\\\/bienvenue-a-vosfox-medical\\\/politique-de-protection-des-donnees\\\/#breadcrumb\",\"itemListElement\":[{\"@type\":\"ListItem\",\"position\":1,\"name\":\"Home\",\"item\":\"https:\\\/\\\/vosfoxmedical.com\\\/fr\\\/\"},{\"@type\":\"ListItem\",\"position\":2,\"name\":\"Bienvenue \u00e0 Vosfox Medical\",\"item\":\"https:\\\/\\\/vosfoxmedical.com\\\/fr\\\/\"},{\"@type\":\"ListItem\",\"position\":3,\"name\":\"Politique de protection des donn\u00e9es\"}]},{\"@type\":\"WebSite\",\"@id\":\"https:\\\/\\\/vosfoxmedical.com\\\/fr\\\/#website\",\"url\":\"https:\\\/\\\/vosfoxmedical.com\\\/fr\\\/\",\"name\":\"vosfoxmedical.com\",\"description\":\"Low-volume contract manufacturing organisation\",\"publisher\":{\"@id\":\"https:\\\/\\\/vosfoxmedical.com\\\/fr\\\/#organization\"},\"potentialAction\":[{\"@type\":\"SearchAction\",\"target\":{\"@type\":\"EntryPoint\",\"urlTemplate\":\"https:\\\/\\\/vosfoxmedical.com\\\/fr\\\/?s={search_term_string}\"},\"query-input\":{\"@type\":\"PropertyValueSpecification\",\"valueRequired\":true,\"valueName\":\"search_term_string\"}}],\"inLanguage\":\"fr-FR\"},{\"@type\":\"Organization\",\"@id\":\"https:\\\/\\\/vosfoxmedical.com\\\/fr\\\/#organization\",\"name\":\"Vosfox Medical\",\"url\":\"https:\\\/\\\/vosfoxmedical.com\\\/fr\\\/\",\"logo\":{\"@type\":\"ImageObject\",\"inLanguage\":\"fr-FR\",\"@id\":\"https:\\\/\\\/vosfoxmedical.com\\\/fr\\\/#\\\/schema\\\/logo\\\/image\\\/\",\"url\":\"https:\\\/\\\/i0.wp.com\\\/vosfoxmedical.com\\\/wp-content\\\/uploads\\\/2021\\\/06\\\/vosfox_medical_logo.png?fit=8594%2C2813&ssl=1\",\"contentUrl\":\"https:\\\/\\\/i0.wp.com\\\/vosfoxmedical.com\\\/wp-content\\\/uploads\\\/2021\\\/06\\\/vosfox_medical_logo.png?fit=8594%2C2813&ssl=1\",\"width\":8594,\"height\":2813,\"caption\":\"Vosfox Medical\"},\"image\":{\"@id\":\"https:\\\/\\\/vosfoxmedical.com\\\/fr\\\/#\\\/schema\\\/logo\\\/image\\\/\"},\"sameAs\":[\"https:\\\/\\\/www.facebook.com\\\/Vosfoxmedical\",\"https:\\\/\\\/x.com\\\/svndevos\",\"https:\\\/\\\/www.instagram.com\\\/\",\"https:\\\/\\\/www.linkedin.com\\\/company\\\/11022599\\\/\"]}]}<\/script>\n<!-- \/ Yoast SEO Premium plugin. -->","yoast_head_json":{"title":"Politique de protection des donn\u00e9es - Vosfox Medical","description":"Vosfox Medical a une politique de protection des donn\u00e9es, qui est publi\u00e9e sur notre site web. Nous nous conformerons au GDPR.","robots":{"index":"noindex","follow":"nofollow"},"og_locale":"fr_FR","og_type":"article","og_title":"Politique de protection des donn\u00e9es","og_description":"Vosfox Medical a une politique de protection des donn\u00e9es, qui est publi\u00e9e sur notre site web. Nous nous conformerons au GDPR.","og_url":"https:\/\/vosfoxmedical.com\/fr\/bienvenue-a-vosfox-medical\/politique-de-protection-des-donnees\/","og_site_name":"Vosfox Medical","article_publisher":"https:\/\/www.facebook.com\/Vosfoxmedical","article_modified_time":"2024-10-09T14:12:33+00:00","twitter_card":"summary_large_image","twitter_site":"@svndevos","twitter_misc":{"Dur\u00e9e de lecture estim\u00e9e":"6 minutes"},"schema":{"@context":"https:\/\/schema.org","@graph":[{"@type":"WebPage","@id":"https:\/\/vosfoxmedical.com\/fr\/bienvenue-a-vosfox-medical\/politique-de-protection-des-donnees\/","url":"https:\/\/vosfoxmedical.com\/fr\/bienvenue-a-vosfox-medical\/politique-de-protection-des-donnees\/","name":"Politique de protection des donn\u00e9es - Vosfox Medical","isPartOf":{"@id":"https:\/\/vosfoxmedical.com\/fr\/#website"},"datePublished":"2021-06-27T14:54:41+00:00","dateModified":"2024-10-09T14:12:33+00:00","description":"Vosfox Medical a une politique de protection des donn\u00e9es, qui est publi\u00e9e sur notre site web. Nous nous conformerons au GDPR.","breadcrumb":{"@id":"https:\/\/vosfoxmedical.com\/fr\/bienvenue-a-vosfox-medical\/politique-de-protection-des-donnees\/#breadcrumb"},"inLanguage":"fr-FR","potentialAction":[{"@type":"ReadAction","target":["https:\/\/vosfoxmedical.com\/fr\/bienvenue-a-vosfox-medical\/politique-de-protection-des-donnees\/"]}]},{"@type":"BreadcrumbList","@id":"https:\/\/vosfoxmedical.com\/fr\/bienvenue-a-vosfox-medical\/politique-de-protection-des-donnees\/#breadcrumb","itemListElement":[{"@type":"ListItem","position":1,"name":"Home","item":"https:\/\/vosfoxmedical.com\/fr\/"},{"@type":"ListItem","position":2,"name":"Bienvenue \u00e0 Vosfox Medical","item":"https:\/\/vosfoxmedical.com\/fr\/"},{"@type":"ListItem","position":3,"name":"Politique de protection des donn\u00e9es"}]},{"@type":"WebSite","@id":"https:\/\/vosfoxmedical.com\/fr\/#website","url":"https:\/\/vosfoxmedical.com\/fr\/","name":"vosfoxmedical.com","description":"Low-volume contract manufacturing organisation","publisher":{"@id":"https:\/\/vosfoxmedical.com\/fr\/#organization"},"potentialAction":[{"@type":"SearchAction","target":{"@type":"EntryPoint","urlTemplate":"https:\/\/vosfoxmedical.com\/fr\/?s={search_term_string}"},"query-input":{"@type":"PropertyValueSpecification","valueRequired":true,"valueName":"search_term_string"}}],"inLanguage":"fr-FR"},{"@type":"Organization","@id":"https:\/\/vosfoxmedical.com\/fr\/#organization","name":"Vosfox Medical","url":"https:\/\/vosfoxmedical.com\/fr\/","logo":{"@type":"ImageObject","inLanguage":"fr-FR","@id":"https:\/\/vosfoxmedical.com\/fr\/#\/schema\/logo\/image\/","url":"https:\/\/i0.wp.com\/vosfoxmedical.com\/wp-content\/uploads\/2021\/06\/vosfox_medical_logo.png?fit=8594%2C2813&ssl=1","contentUrl":"https:\/\/i0.wp.com\/vosfoxmedical.com\/wp-content\/uploads\/2021\/06\/vosfox_medical_logo.png?fit=8594%2C2813&ssl=1","width":8594,"height":2813,"caption":"Vosfox Medical"},"image":{"@id":"https:\/\/vosfoxmedical.com\/fr\/#\/schema\/logo\/image\/"},"sameAs":["https:\/\/www.facebook.com\/Vosfoxmedical","https:\/\/x.com\/svndevos","https:\/\/www.instagram.com\/","https:\/\/www.linkedin.com\/company\/11022599\/"]}]}},"jetpack-related-posts":[],"jetpack_sharing_enabled":true,"_links":{"self":[{"href":"https:\/\/vosfoxmedical.com\/fr\/wp-json\/wp\/v2\/pages\/2486","targetHints":{"allow":["GET"]}}],"collection":[{"href":"https:\/\/vosfoxmedical.com\/fr\/wp-json\/wp\/v2\/pages"}],"about":[{"href":"https:\/\/vosfoxmedical.com\/fr\/wp-json\/wp\/v2\/types\/page"}],"author":[{"embeddable":true,"href":"https:\/\/vosfoxmedical.com\/fr\/wp-json\/wp\/v2\/users\/3"}],"replies":[{"embeddable":true,"href":"https:\/\/vosfoxmedical.com\/fr\/wp-json\/wp\/v2\/comments?post=2486"}],"version-history":[{"count":4,"href":"https:\/\/vosfoxmedical.com\/fr\/wp-json\/wp\/v2\/pages\/2486\/revisions"}],"predecessor-version":[{"id":2996,"href":"https:\/\/vosfoxmedical.com\/fr\/wp-json\/wp\/v2\/pages\/2486\/revisions\/2996"}],"up":[{"embeddable":true,"href":"https:\/\/vosfoxmedical.com\/fr\/wp-json\/wp\/v2\/pages\/2553"}],"wp:attachment":[{"href":"https:\/\/vosfoxmedical.com\/fr\/wp-json\/wp\/v2\/media?parent=2486"}],"curies":[{"name":"wp","href":"https:\/\/api.w.org\/{rel}","templated":true}]}}