{"id":2446,"date":"2021-06-27T15:49:04","date_gmt":"2021-06-27T14:49:04","guid":{"rendered":"https:\/\/vosfoxmedical.com\/contact\/"},"modified":"2025-02-26T14:14:10","modified_gmt":"2025-02-26T13:14:10","slug":"contact-us","status":"publish","type":"page","link":"https:\/\/vosfoxmedical.com\/fr\/contact-us\/","title":{"rendered":"Contact"},"content":{"rendered":"\t<section class=\"section dark\" id=\"section_2130575271\">\n\t\t<div class=\"bg section-bg fill bg-fill  \" >\n\n\t\t\t\n\t\t\t<div class=\"section-bg-overlay absolute fill\"><\/div>\n\t\t\t\n\n\t\t<\/div>\n\n\t\t\n\n\t\t<div class=\"section-content relative\">\n\t\t\t\n<div class=\"row\" style=\"max-width:1300px\" id=\"row-518600761\">\n\n\t<div id=\"col-1604523172\" class=\"col medium-12 small-12 large-6\"  >\n\t\t\t\t<div class=\"col-inner\"  >\n\t\t\t\n\t\t\t\n\t<div id=\"text-3239441327\" class=\"text\">\n\t\t\n<h1 class=\"entry-title\">Contact<\/h1>\n<h1 class=\"entry-title\">Vosfox Medical<\/h1>\n\t\t\n<style>\n#text-3239441327 {\n  font-size: 2.75rem;\n}\n<\/style>\n\t<\/div>\n\t\n\t\t<\/div>\n\t\t\t\t\t<\/div>\n\n\t\n<\/div>\n\t\t<\/div>\n\n\t\t\n<style>\n#section_2130575271 {\n  padding-top: 30px;\n  padding-bottom: 30px;\n  min-height: 400px;\n  background-color: #5a0958;\n}\n#section_2130575271 .section-bg-overlay {\n  background-color: #5a0958;\n}\n#section_2130575271 .section-bg.bg-loaded {\n  background-image: url(https:\/\/vosfoxmedical.com\/wp-content\/uploads\/2021\/06\/img-thunderstorm.jpg);\n}\n#section_2130575271 .section-bg {\n  background-position: 90% 59%;\n}\n#section_2130575271 .ux-shape-divider--top svg {\n  height: 150px;\n  --divider-top-width: 100%;\n}\n#section_2130575271 .ux-shape-divider--bottom svg {\n  height: 150px;\n  --divider-width: 100%;\n}\n@media (min-width:550px) {\n  #section_2130575271 {\n    min-height: 400px;\n  }\n}\n@media (min-width:850px) {\n  #section_2130575271 {\n    min-height: 600px;\n  }\n}\n<\/style>\n\t<\/section>\n\t\n<div class=\"row align-bottom\" style=\"max-width:1300px\" id=\"row-680251274\">\n\n\t<div id=\"col-2081901336\" class=\"col medium-12 small-12 large-4\"  >\n\t\t\t\t<div class=\"col-inner\"  >\n\t\t\t\n\t\t\t\n\t<div id=\"gap-1117242180\" class=\"gap-element clearfix\" style=\"display:block; height:auto;\">\n\t\t\n<style>\n#gap-1117242180 {\n  padding-top: 0px;\n}\n@media (min-width:550px) {\n  #gap-1117242180 {\n    padding-top: 0px;\n  }\n}\n@media (min-width:850px) {\n  #gap-1117242180 {\n    padding-top: 35px;\n  }\n}\n<\/style>\n\t<\/div>\n\t\n\t\t<\/div>\n\t\t\t\t\t<\/div>\n\n\t\n\n\t<div id=\"col-169565767\" class=\"col medium-12 small-12 large-8 medium-col-first\"  >\n\t\t\t\t<div class=\"col-inner\"  >\n\t\t\t\n\t\t\t\n\n  <div class=\"banner has-hover\" id=\"banner-1573424692\">\n          <div class=\"banner-inner fill\">\n        <div class=\"banner-bg fill\" >\n            <div class=\"bg fill bg-fill \"><\/div>\n                                    \n                    <\/div>\n\t\t\n        <div class=\"banner-layers container\">\n            <div class=\"fill banner-link\"><\/div>            \n        <\/div>\n      <\/div>\n\n            \n<style>\n#banner-1573424692 {\n  padding-top: 300px;\n  background-color: rgb(255,255,255);\n}\n#banner-1573424692 .bg.bg-loaded {\n  background-image: url(https:\/\/vosfoxmedical.com\/wp-content\/uploads\/2021\/06\/photo-contact-vosfox-medical.jpg);\n}\n#banner-1573424692 .bg {\n  background-position: 0% 5%;\n}\n#banner-1573424692 .ux-shape-divider--top svg {\n  height: 150px;\n  --divider-top-width: 100%;\n}\n#banner-1573424692 .ux-shape-divider--bottom svg {\n  height: 150px;\n  --divider-width: 100%;\n}\n@media (min-width:550px) {\n  #banner-1573424692 {\n    padding-top: 500px;\n  }\n}\n@media (min-width:850px) {\n  #banner-1573424692 {\n    padding-top: 600px;\n  }\n}\n<\/style>\n  <\/div>\n\n\n\t\t<\/div>\n\t\t\t\t\n<style>\n#col-169565767 > .col-inner {\n  margin: -120px 0px 0px 0px;\n}\n@media (min-width:550px) {\n  #col-169565767 > .col-inner {\n    margin: -120px 0px 0px 0px;\n  }\n}\n@media (min-width:850px) {\n  #col-169565767 > .col-inner {\n    margin: -500px 0px 0px 0px;\n  }\n}\n<\/style>\n\t<\/div>\n\n\t\n<\/div>\n\t<section class=\"section\" id=\"section_738592070\">\n\t\t<div class=\"bg section-bg fill bg-fill  bg-loaded\" >\n\n\t\t\t\n\t\t\t\n\t\t\t\n\n\t\t<\/div>\n\n\t\t\n\n\t\t<div class=\"section-content relative\">\n\t\t\t\n<div class=\"row row-small align-middle align-center\"  id=\"row-1002530493\">\n\n\t<div id=\"col-225468063\" class=\"col small-11 large-12 small-col-first\"  >\n\t\t\t\t<div class=\"col-inner\"  >\n\t\t\t\n\t\t\t\n<h2>Informations sur le contact<\/h2>\n\t<div id=\"gap-1992825263\" class=\"gap-element clearfix\" style=\"display:block; height:auto;\">\n\t\t\n<style>\n#gap-1992825263 {\n  padding-top: 6px;\n}\n<\/style>\n\t<\/div>\n\t\n\t\t<\/div>\n\t\t\t\t\n<style>\n#col-225468063 > .col-inner {\n  padding: 0px 0 0px 0px;\n}\n<\/style>\n\t<\/div>\n\n\t\n<\/div>\n<div class=\"row row-small align-center\"  id=\"row-332037432\">\n\n\t<div id=\"col-1633664340\" class=\"col medium-6 small-11 large-6 small-col-first\"  >\n\t\t\t\t<div class=\"col-inner\"  >\n\t\t\t\n\t\t\t\n<p>Si vous avez une question concernant nos <a href=\"https:\/\/vosfoxmedical.com\/services\/\">services<\/a>, nos <a href=\"https:\/\/vosfoxmedical.com\/fr\/technologies\/\">technologies<\/a> ou ce que nous pourrions faire pour vous, vous pouvez nous contacter de la mani\u00e8re que vous pr\u00e9f\u00e9rez (courriel, t\u00e9l\u00e9phone, formulaire de contact).<\/p>\n<p><strong><a href=\"mailto:info@vosfoxmedical.com\">info@vosfoxmedical.com<\/a><\/strong><\/p>\n<p><strong>Vosfox Medical BV<\/strong><br \/>\nUraniumweg 56M<br \/>\n3812 RK Amersfoort, Pays-Bas<\/p>\n<p><strong><a href=\"tel:+31332094068\"> +31 (0)33 209 4069<\/a><\/strong><\/p>\n<div class=\"social-icons follow-icons\" style=\"font-size:116%\"><span>Contactez nous :<\/span><a href=\"mailto:sales@vosfoxmedical.com\" data-label=\"E-mail\" rel=\"nofollow\" class=\"icon primary button circle  email tooltip\" title=\"Nous envoyer un email\" aria-label=\"Nous envoyer un email\"><i class=\"icon-envelop\" ><\/i><\/a><a href=\"tel:0031332094069\" target=\"_blank\" data-label=\"Phone\" rel=\"noopener noreferrer nofollow\" class=\"icon primary button circle  phone tooltip\" title=\"Call us\" aria-label=\"Call us\"><i class=\"icon-phone\" ><\/i><\/a><a href=\"https:\/\/www.linkedin.com\/company\/vosfox-medical\/\" target=\"_blank\" rel=\"noopener noreferrer nofollow\" data-label=\"LinkedIn\" class=\"icon primary button circle  linkedin tooltip\" title=\"Follow on LinkedIn\" aria-label=\"Follow on LinkedIn\"><i class=\"icon-linkedin\" ><\/i><\/a><\/div>\n\t<div id=\"gap-1847850084\" class=\"gap-element clearfix\" style=\"display:block; height:auto;\">\n\t\t\n<style>\n#gap-1847850084 {\n  padding-top: 30px;\n}\n<\/style>\n\t<\/div>\n\t\n<h3>Informations sur l&rsquo;entreprise<\/h3>\n<p>Num\u00e9ro de la Chambre de commerce (KvK) : 68897391<br \/>\nNum\u00e9ro de TVA (BTW) : NL857638208B01<br \/>\nNum\u00e9ro EORI : NL857638208<br \/>\nIBAN : NL50 RABO 0323 1597 96<br \/>\nBIC : RABONL2U<br \/>\nDUNS : 492340581<\/p>\n\t<div id=\"gap-937403556\" class=\"gap-element clearfix\" style=\"display:block; height:auto;\">\n\t\t\n<style>\n#gap-937403556 {\n  padding-top: 6px;\n}\n<\/style>\n\t<\/div>\n\t\n\t\t<\/div>\n\t\t\t\t\n<style>\n#col-1633664340 > .col-inner {\n  padding: 0px 0 0px 0px;\n}\n<\/style>\n\t<\/div>\n\n\t\n\n\t<div id=\"col-926957259\" class=\"col medium-6 small-12 large-6 small-col-first\"  >\n\t\t\t\t<div class=\"col-inner\"  >\n\t\t\t\n\t\t\t\n\n<div class=\"wpcf7 no-js\" id=\"wpcf7-f2613-o1\" lang=\"fr-FR\" dir=\"ltr\" data-wpcf7-id=\"2613\">\n<div class=\"screen-reader-response\"><p role=\"status\" aria-live=\"polite\" aria-atomic=\"true\"><\/p> <ul><\/ul><\/div>\n<form action=\"\/fr\/wp-json\/wp\/v2\/pages\/2446#wpcf7-f2613-o1\" method=\"post\" class=\"wpcf7-form init\" aria-label=\"Formulaire de contact\" novalidate=\"novalidate\" data-status=\"init\">\n<fieldset class=\"hidden-fields-container\"><input type=\"hidden\" name=\"_wpcf7\" value=\"2613\" \/><input type=\"hidden\" name=\"_wpcf7_version\" value=\"6.1.5\" \/><input type=\"hidden\" name=\"_wpcf7_locale\" value=\"fr_FR\" \/><input type=\"hidden\" name=\"_wpcf7_unit_tag\" value=\"wpcf7-f2613-o1\" \/><input type=\"hidden\" name=\"_wpcf7_container_post\" value=\"0\" \/><input type=\"hidden\" name=\"_wpcf7_posted_data_hash\" value=\"\" \/>\n<\/fieldset>\n<div class=\"form-flat\">\n\t<p><span class=\"wpcf7-form-control-wrap\" data-name=\"your-name\"><input size=\"40\" maxlength=\"400\" class=\"wpcf7-form-control wpcf7-text wpcf7-validates-as-required\" aria-required=\"true\" aria-invalid=\"false\" placeholder=\"Nom : (obligatoire)\" value=\"\" type=\"text\" name=\"your-name\" \/><\/span>\n\t<\/p>\n\t<p><span class=\"wpcf7-form-control-wrap\" data-name=\"your-email\"><input size=\"40\" maxlength=\"400\" class=\"wpcf7-form-control wpcf7-email wpcf7-validates-as-required wpcf7-text wpcf7-validates-as-email\" aria-required=\"true\" aria-invalid=\"false\" placeholder=\"Courriel : (obligatoire)\" value=\"\" type=\"email\" name=\"your-email\" \/><\/span>\n\t<\/p>\n\t<p><span class=\"wpcf7-form-control-wrap\" data-name=\"your-message\"><textarea cols=\"40\" rows=\"10\" maxlength=\"2000\" class=\"wpcf7-form-control wpcf7-textarea\" aria-invalid=\"false\" placeholder=\"Message :\" name=\"your-message\"><\/textarea><\/span>\n\t<\/p>\n\t<p><input class=\"wpcf7-form-control wpcf7-submit has-spinner button\" type=\"submit\" value=\"Soumettre\" \/>\n\t<\/p>\n<\/div><p style=\"display: none !important;\" class=\"akismet-fields-container\" data-prefix=\"_wpcf7_ak_\"><label>&#916;<textarea name=\"_wpcf7_ak_hp_textarea\" cols=\"45\" rows=\"8\" maxlength=\"100\"><\/textarea><\/label><input type=\"hidden\" id=\"ak_js_1\" name=\"_wpcf7_ak_js\" value=\"188\"\/><script>document.getElementById( \"ak_js_1\" ).setAttribute( \"value\", ( new Date() ).getTime() );<\/script><\/p><div class=\"wpcf7-response-output\" aria-hidden=\"true\"><\/div>\n<\/form>\n<\/div>\n\n\t\t<\/div>\n\t\t\t\t\t<\/div>\n\n\t\n<\/div>\n\t\t<\/div>\n\n\t\t\n<style>\n#section_738592070 {\n  padding-top: 30px;\n  padding-bottom: 30px;\n}\n#section_738592070 .ux-shape-divider--top svg {\n  height: 150px;\n  --divider-top-width: 100%;\n}\n#section_738592070 .ux-shape-divider--bottom svg {\n  height: 150px;\n  --divider-width: 100%;\n}\n@media (min-width:550px) {\n  #section_738592070 {\n    padding-top: 70px;\n    padding-bottom: 70px;\n  }\n}\n<\/style>\n\t<\/section>\n\t\n<div class=\"row\"  id=\"row-710123048\">\n\n\t<div id=\"col-1591319194\" class=\"col medium-6 small-12 large-6\"  >\n\t\t\t\t<div class=\"col-inner\"  >\n\t\t\t\n\t\t\t\n<a href=\"https:\/\/calendly.com\/sales-vosfoxmedical\/30min\" target=\"_self\" class=\"button primary\"  style=\"border-radius:10px;\">\n    <span>R\u00e9servez ici votre rendez-vous avec les vendeurs<\/span>\n  <\/a>\n\n\t\t<\/div>\n\t\t\t\t\t<\/div>\n\n\t\n\n\t<div id=\"col-120268436\" class=\"col medium-6 small-12 large-6\"  >\n\t\t\t\t<div class=\"col-inner\"  >\n\t\t\t\n\t\t\t\n\t\t<\/div>\n\t\t\t\t\t<\/div>\n\n\t\n<\/div>\n\t<div id=\"gap-1995646665\" class=\"gap-element clearfix hide-for-small\" style=\"display:block; height:auto;\">\n\t\t\n<style>\n#gap-1995646665 {\n  padding-top: 60px;\n}\n<\/style>\n\t<\/div>\n\t\n","protected":false},"excerpt":{"rendered":"","protected":false},"author":3,"featured_media":2192,"parent":0,"menu_order":0,"comment_status":"closed","ping_status":"closed","template":"page-blank.php","meta":{"footnotes":""},"class_list":["post-2446","page","type-page","status-publish","has-post-thumbnail","hentry"],"yoast_head":"<!-- This site is optimized with the Yoast SEO Premium plugin v24.2 (Yoast SEO v27.4) - https:\/\/yoast.com\/product\/yoast-seo-premium-wordpress\/ -->\n<title>Coordonn\u00e9es, formulaire de contact et num\u00e9ros de banque et d&#039;enregistrement<\/title>\n<meta name=\"description\" content=\"Informations sur la fa\u00e7on de contacter Vosfox medica, sur nos coordonn\u00e9es et informations g\u00e9n\u00e9rales sur la TVA et la chambre de commerce.\" \/>\n<meta name=\"robots\" content=\"index, follow, max-snippet:-1, max-image-preview:large, max-video-preview:-1\" \/>\n<link rel=\"canonical\" href=\"https:\/\/vosfoxmedical.com\/fr\/contact-us\/\" \/>\n<meta property=\"og:locale\" content=\"fr_FR\" \/>\n<meta property=\"og:type\" content=\"article\" \/>\n<meta property=\"og:title\" content=\"Contact\" \/>\n<meta property=\"og:description\" content=\"Informations sur la fa\u00e7on de contacter Vosfox medica, sur nos coordonn\u00e9es et informations g\u00e9n\u00e9rales sur la TVA et la chambre de commerce.\" \/>\n<meta property=\"og:url\" content=\"https:\/\/vosfoxmedical.com\/fr\/contact-us\/\" \/>\n<meta property=\"og:site_name\" content=\"Vosfox Medical\" \/>\n<meta property=\"article:publisher\" content=\"https:\/\/www.facebook.com\/Vosfoxmedical\" \/>\n<meta property=\"article:modified_time\" content=\"2025-02-26T13:14:10+00:00\" \/>\n<meta property=\"og:image\" content=\"https:\/\/vosfoxmedical.com\/wp-content\/uploads\/2021\/06\/photo-vosfox_medical_logo2.png\" \/>\n\t<meta property=\"og:image:width\" content=\"512\" \/>\n\t<meta property=\"og:image:height\" content=\"512\" \/>\n\t<meta property=\"og:image:type\" content=\"image\/png\" \/>\n<meta name=\"twitter:card\" content=\"summary_large_image\" \/>\n<meta name=\"twitter:site\" content=\"@svndevos\" \/>\n<meta name=\"twitter:label1\" content=\"Dur\u00e9e de lecture estim\u00e9e\" \/>\n\t<meta name=\"twitter:data1\" content=\"2 minutes\" \/>\n<script type=\"application\/ld+json\" class=\"yoast-schema-graph\">{\"@context\":\"https:\\\/\\\/schema.org\",\"@graph\":[{\"@type\":\"WebPage\",\"@id\":\"https:\\\/\\\/vosfoxmedical.com\\\/fr\\\/contact-us\\\/\",\"url\":\"https:\\\/\\\/vosfoxmedical.com\\\/fr\\\/contact-us\\\/\",\"name\":\"Coordonn\u00e9es, formulaire de contact et num\u00e9ros de banque et d'enregistrement\",\"isPartOf\":{\"@id\":\"https:\\\/\\\/vosfoxmedical.com\\\/fr\\\/#website\"},\"primaryImageOfPage\":{\"@id\":\"https:\\\/\\\/vosfoxmedical.com\\\/fr\\\/contact-us\\\/#primaryimage\"},\"image\":{\"@id\":\"https:\\\/\\\/vosfoxmedical.com\\\/fr\\\/contact-us\\\/#primaryimage\"},\"thumbnailUrl\":\"https:\\\/\\\/i0.wp.com\\\/vosfoxmedical.com\\\/wp-content\\\/uploads\\\/2021\\\/06\\\/photo-vosfox_medical_logo2.png?fit=512%2C512&ssl=1\",\"datePublished\":\"2021-06-27T14:49:04+00:00\",\"dateModified\":\"2025-02-26T13:14:10+00:00\",\"description\":\"Informations sur la fa\u00e7on de contacter Vosfox medica, sur nos coordonn\u00e9es et informations g\u00e9n\u00e9rales sur la TVA et la chambre de commerce.\",\"breadcrumb\":{\"@id\":\"https:\\\/\\\/vosfoxmedical.com\\\/fr\\\/contact-us\\\/#breadcrumb\"},\"inLanguage\":\"fr-FR\",\"potentialAction\":[{\"@type\":\"ReadAction\",\"target\":[\"https:\\\/\\\/vosfoxmedical.com\\\/fr\\\/contact-us\\\/\"]}]},{\"@type\":\"ImageObject\",\"inLanguage\":\"fr-FR\",\"@id\":\"https:\\\/\\\/vosfoxmedical.com\\\/fr\\\/contact-us\\\/#primaryimage\",\"url\":\"https:\\\/\\\/i0.wp.com\\\/vosfoxmedical.com\\\/wp-content\\\/uploads\\\/2021\\\/06\\\/photo-vosfox_medical_logo2.png?fit=512%2C512&ssl=1\",\"contentUrl\":\"https:\\\/\\\/i0.wp.com\\\/vosfoxmedical.com\\\/wp-content\\\/uploads\\\/2021\\\/06\\\/photo-vosfox_medical_logo2.png?fit=512%2C512&ssl=1\",\"width\":512,\"height\":512},{\"@type\":\"BreadcrumbList\",\"@id\":\"https:\\\/\\\/vosfoxmedical.com\\\/fr\\\/contact-us\\\/#breadcrumb\",\"itemListElement\":[{\"@type\":\"ListItem\",\"position\":1,\"name\":\"Home\",\"item\":\"https:\\\/\\\/vosfoxmedical.com\\\/fr\\\/\"},{\"@type\":\"ListItem\",\"position\":2,\"name\":\"Contact\"}]},{\"@type\":\"WebSite\",\"@id\":\"https:\\\/\\\/vosfoxmedical.com\\\/fr\\\/#website\",\"url\":\"https:\\\/\\\/vosfoxmedical.com\\\/fr\\\/\",\"name\":\"vosfoxmedical.com\",\"description\":\"Low-volume contract manufacturing organisation\",\"publisher\":{\"@id\":\"https:\\\/\\\/vosfoxmedical.com\\\/fr\\\/#organization\"},\"potentialAction\":[{\"@type\":\"SearchAction\",\"target\":{\"@type\":\"EntryPoint\",\"urlTemplate\":\"https:\\\/\\\/vosfoxmedical.com\\\/fr\\\/?s={search_term_string}\"},\"query-input\":{\"@type\":\"PropertyValueSpecification\",\"valueRequired\":true,\"valueName\":\"search_term_string\"}}],\"inLanguage\":\"fr-FR\"},{\"@type\":\"Organization\",\"@id\":\"https:\\\/\\\/vosfoxmedical.com\\\/fr\\\/#organization\",\"name\":\"Vosfox Medical\",\"url\":\"https:\\\/\\\/vosfoxmedical.com\\\/fr\\\/\",\"logo\":{\"@type\":\"ImageObject\",\"inLanguage\":\"fr-FR\",\"@id\":\"https:\\\/\\\/vosfoxmedical.com\\\/fr\\\/#\\\/schema\\\/logo\\\/image\\\/\",\"url\":\"https:\\\/\\\/i0.wp.com\\\/vosfoxmedical.com\\\/wp-content\\\/uploads\\\/2021\\\/06\\\/vosfox_medical_logo.png?fit=8594%2C2813&ssl=1\",\"contentUrl\":\"https:\\\/\\\/i0.wp.com\\\/vosfoxmedical.com\\\/wp-content\\\/uploads\\\/2021\\\/06\\\/vosfox_medical_logo.png?fit=8594%2C2813&ssl=1\",\"width\":8594,\"height\":2813,\"caption\":\"Vosfox Medical\"},\"image\":{\"@id\":\"https:\\\/\\\/vosfoxmedical.com\\\/fr\\\/#\\\/schema\\\/logo\\\/image\\\/\"},\"sameAs\":[\"https:\\\/\\\/www.facebook.com\\\/Vosfoxmedical\",\"https:\\\/\\\/x.com\\\/svndevos\",\"https:\\\/\\\/www.instagram.com\\\/\",\"https:\\\/\\\/www.linkedin.com\\\/company\\\/11022599\\\/\"]}]}<\/script>\n<!-- \/ Yoast SEO Premium plugin. -->","yoast_head_json":{"title":"Coordonn\u00e9es, formulaire de contact et num\u00e9ros de banque et d'enregistrement","description":"Informations sur la fa\u00e7on de contacter Vosfox medica, sur nos coordonn\u00e9es et informations g\u00e9n\u00e9rales sur la TVA et la chambre de commerce.","robots":{"index":"index","follow":"follow","max-snippet":"max-snippet:-1","max-image-preview":"max-image-preview:large","max-video-preview":"max-video-preview:-1"},"canonical":"https:\/\/vosfoxmedical.com\/fr\/contact-us\/","og_locale":"fr_FR","og_type":"article","og_title":"Contact","og_description":"Informations sur la fa\u00e7on de contacter Vosfox medica, sur nos coordonn\u00e9es et informations g\u00e9n\u00e9rales sur la TVA et la chambre de commerce.","og_url":"https:\/\/vosfoxmedical.com\/fr\/contact-us\/","og_site_name":"Vosfox Medical","article_publisher":"https:\/\/www.facebook.com\/Vosfoxmedical","article_modified_time":"2025-02-26T13:14:10+00:00","og_image":[{"width":512,"height":512,"url":"https:\/\/vosfoxmedical.com\/wp-content\/uploads\/2021\/06\/photo-vosfox_medical_logo2.png","type":"image\/png"}],"twitter_card":"summary_large_image","twitter_site":"@svndevos","twitter_misc":{"Dur\u00e9e de lecture estim\u00e9e":"2 minutes"},"schema":{"@context":"https:\/\/schema.org","@graph":[{"@type":"WebPage","@id":"https:\/\/vosfoxmedical.com\/fr\/contact-us\/","url":"https:\/\/vosfoxmedical.com\/fr\/contact-us\/","name":"Coordonn\u00e9es, formulaire de contact et num\u00e9ros de banque et d'enregistrement","isPartOf":{"@id":"https:\/\/vosfoxmedical.com\/fr\/#website"},"primaryImageOfPage":{"@id":"https:\/\/vosfoxmedical.com\/fr\/contact-us\/#primaryimage"},"image":{"@id":"https:\/\/vosfoxmedical.com\/fr\/contact-us\/#primaryimage"},"thumbnailUrl":"https:\/\/i0.wp.com\/vosfoxmedical.com\/wp-content\/uploads\/2021\/06\/photo-vosfox_medical_logo2.png?fit=512%2C512&ssl=1","datePublished":"2021-06-27T14:49:04+00:00","dateModified":"2025-02-26T13:14:10+00:00","description":"Informations sur la fa\u00e7on de contacter Vosfox medica, sur nos coordonn\u00e9es et informations g\u00e9n\u00e9rales sur la TVA et la chambre de commerce.","breadcrumb":{"@id":"https:\/\/vosfoxmedical.com\/fr\/contact-us\/#breadcrumb"},"inLanguage":"fr-FR","potentialAction":[{"@type":"ReadAction","target":["https:\/\/vosfoxmedical.com\/fr\/contact-us\/"]}]},{"@type":"ImageObject","inLanguage":"fr-FR","@id":"https:\/\/vosfoxmedical.com\/fr\/contact-us\/#primaryimage","url":"https:\/\/i0.wp.com\/vosfoxmedical.com\/wp-content\/uploads\/2021\/06\/photo-vosfox_medical_logo2.png?fit=512%2C512&ssl=1","contentUrl":"https:\/\/i0.wp.com\/vosfoxmedical.com\/wp-content\/uploads\/2021\/06\/photo-vosfox_medical_logo2.png?fit=512%2C512&ssl=1","width":512,"height":512},{"@type":"BreadcrumbList","@id":"https:\/\/vosfoxmedical.com\/fr\/contact-us\/#breadcrumb","itemListElement":[{"@type":"ListItem","position":1,"name":"Home","item":"https:\/\/vosfoxmedical.com\/fr\/"},{"@type":"ListItem","position":2,"name":"Contact"}]},{"@type":"WebSite","@id":"https:\/\/vosfoxmedical.com\/fr\/#website","url":"https:\/\/vosfoxmedical.com\/fr\/","name":"vosfoxmedical.com","description":"Low-volume contract manufacturing organisation","publisher":{"@id":"https:\/\/vosfoxmedical.com\/fr\/#organization"},"potentialAction":[{"@type":"SearchAction","target":{"@type":"EntryPoint","urlTemplate":"https:\/\/vosfoxmedical.com\/fr\/?s={search_term_string}"},"query-input":{"@type":"PropertyValueSpecification","valueRequired":true,"valueName":"search_term_string"}}],"inLanguage":"fr-FR"},{"@type":"Organization","@id":"https:\/\/vosfoxmedical.com\/fr\/#organization","name":"Vosfox Medical","url":"https:\/\/vosfoxmedical.com\/fr\/","logo":{"@type":"ImageObject","inLanguage":"fr-FR","@id":"https:\/\/vosfoxmedical.com\/fr\/#\/schema\/logo\/image\/","url":"https:\/\/i0.wp.com\/vosfoxmedical.com\/wp-content\/uploads\/2021\/06\/vosfox_medical_logo.png?fit=8594%2C2813&ssl=1","contentUrl":"https:\/\/i0.wp.com\/vosfoxmedical.com\/wp-content\/uploads\/2021\/06\/vosfox_medical_logo.png?fit=8594%2C2813&ssl=1","width":8594,"height":2813,"caption":"Vosfox Medical"},"image":{"@id":"https:\/\/vosfoxmedical.com\/fr\/#\/schema\/logo\/image\/"},"sameAs":["https:\/\/www.facebook.com\/Vosfoxmedical","https:\/\/x.com\/svndevos","https:\/\/www.instagram.com\/","https:\/\/www.linkedin.com\/company\/11022599\/"]}]}},"jetpack-related-posts":[],"jetpack_sharing_enabled":true,"_links":{"self":[{"href":"https:\/\/vosfoxmedical.com\/fr\/wp-json\/wp\/v2\/pages\/2446","targetHints":{"allow":["GET"]}}],"collection":[{"href":"https:\/\/vosfoxmedical.com\/fr\/wp-json\/wp\/v2\/pages"}],"about":[{"href":"https:\/\/vosfoxmedical.com\/fr\/wp-json\/wp\/v2\/types\/page"}],"author":[{"embeddable":true,"href":"https:\/\/vosfoxmedical.com\/fr\/wp-json\/wp\/v2\/users\/3"}],"replies":[{"embeddable":true,"href":"https:\/\/vosfoxmedical.com\/fr\/wp-json\/wp\/v2\/comments?post=2446"}],"version-history":[{"count":7,"href":"https:\/\/vosfoxmedical.com\/fr\/wp-json\/wp\/v2\/pages\/2446\/revisions"}],"predecessor-version":[{"id":3055,"href":"https:\/\/vosfoxmedical.com\/fr\/wp-json\/wp\/v2\/pages\/2446\/revisions\/3055"}],"wp:featuredmedia":[{"embeddable":true,"href":"https:\/\/vosfoxmedical.com\/fr\/wp-json\/wp\/v2\/media\/2192"}],"wp:attachment":[{"href":"https:\/\/vosfoxmedical.com\/fr\/wp-json\/wp\/v2\/media?parent=2446"}],"curies":[{"name":"wp","href":"https:\/\/api.w.org\/{rel}","templated":true}]}}