{"id":2919,"date":"2023-04-19T14:44:57","date_gmt":"2023-04-19T13:44:57","guid":{"rendered":"https:\/\/vosfoxmedical.com\/auftragsfertigung\/verpackung-und-etikettierung\/"},"modified":"2024-10-09T13:02:39","modified_gmt":"2024-10-09T12:02:39","slug":"verpackung-und-etikettierung","status":"publish","type":"page","link":"https:\/\/vosfoxmedical.com\/de\/dienstleistungen-2\/auftragsfertigung\/verpackung-und-etikettierung\/","title":{"rendered":"Verpackung und Etikettierung"},"content":{"rendered":"\t<section class=\"section dark\" id=\"section_1213223385\">\n\t\t<div class=\"bg section-bg fill bg-fill  \" >\n\n\t\t\t\n\t\t\t<div class=\"section-bg-overlay absolute fill\"><\/div>\n\t\t\t\n\n\t\t<\/div>\n\n\t\t\n\n\t\t<div class=\"section-content relative\">\n\t\t\t\n<div class=\"row\" style=\"max-width:1300px\" id=\"row-587068096\">\n\n\t<div id=\"col-971573757\" class=\"col medium-12 small-12 large-5\"  >\n\t\t\t\t<div class=\"col-inner\"  >\n\t\t\t\n\t\t\t\n\t<div id=\"text-4263033090\" class=\"text\">\n\t\t\n<h1 class=\"entry-title\">Verpackung und Etikettierung<\/h1>\n\t\t\n<style>\n#text-4263033090 {\n  font-size: 2.75rem;\n}\n<\/style>\n\t<\/div>\n\t\n\t\t<\/div>\n\t\t\t\t\t<\/div>\n\n\t\n<\/div>\n\t\t<\/div>\n\n\t\t\n<style>\n#section_1213223385 {\n  padding-top: 30px;\n  padding-bottom: 30px;\n  min-height: 400px;\n  background-color: rgb(44, 49, 63);\n}\n#section_1213223385 .section-bg-overlay {\n  background-color: rgb(44, 49, 63);\n}\n#section_1213223385 .section-bg.bg-loaded {\n  background-image: url(https:\/\/vosfoxmedical.com\/wp-content\/uploads\/2021\/06\/img-thunderstorm.jpg);\n}\n#section_1213223385 .section-bg {\n  background-position: 90% 59%;\n}\n#section_1213223385 .ux-shape-divider--top svg {\n  height: 150px;\n  --divider-top-width: 100%;\n}\n#section_1213223385 .ux-shape-divider--bottom svg {\n  height: 150px;\n  --divider-width: 100%;\n}\n@media (min-width:550px) {\n  #section_1213223385 {\n    min-height: 400px;\n  }\n}\n@media (min-width:850px) {\n  #section_1213223385 {\n    min-height: 600px;\n  }\n}\n<\/style>\n\t<\/section>\n\t\n<div class=\"row align-bottom\" style=\"max-width:1300px\" id=\"row-507123972\">\n\n\t<div id=\"col-277745317\" class=\"col medium-12 small-12 large-4\"  >\n\t\t\t\t<div class=\"col-inner\"  >\n\t\t\t\n\t\t\t\n\t<div id=\"gap-1906621887\" class=\"gap-element clearfix\" style=\"display:block; height:auto;\">\n\t\t\n<style>\n#gap-1906621887 {\n  padding-top: 0px;\n}\n@media (min-width:550px) {\n  #gap-1906621887 {\n    padding-top: 0px;\n  }\n}\n@media (min-width:850px) {\n  #gap-1906621887 {\n    padding-top: 35px;\n  }\n}\n<\/style>\n\t<\/div>\n\t\n\t\t<\/div>\n\t\t\t\t\t<\/div>\n\n\t\n\n\t<div id=\"col-1410501601\" class=\"col medium-12 small-12 large-8 medium-col-first\"  >\n\t\t\t\t<div class=\"col-inner\"  >\n\t\t\t\n\t\t\t\n\n  <div class=\"banner has-hover\" id=\"banner-1464634890\">\n          <div class=\"banner-inner fill\">\n        <div class=\"banner-bg fill\" >\n            <div class=\"bg fill bg-fill \"><\/div>\n                                    \n                    <\/div>\n\t\t\n        <div class=\"banner-layers container\">\n            <div class=\"fill banner-link\"><\/div>            \n        <\/div>\n      <\/div>\n\n            \n<style>\n#banner-1464634890 {\n  padding-top: 300px;\n  background-color: rgb(255,255,255);\n}\n#banner-1464634890 .bg.bg-loaded {\n  background-image: url(https:\/\/vosfoxmedical.com\/wp-content\/uploads\/2021\/06\/photo-packaging-and-labeling.jpg);\n}\n#banner-1464634890 .bg {\n  background-position: 68% 94%;\n}\n#banner-1464634890 .ux-shape-divider--top svg {\n  height: 150px;\n  --divider-top-width: 100%;\n}\n#banner-1464634890 .ux-shape-divider--bottom svg {\n  height: 150px;\n  --divider-width: 100%;\n}\n@media (min-width:550px) {\n  #banner-1464634890 {\n    padding-top: 600px;\n  }\n}\n<\/style>\n  <\/div>\n\n\n\t\t<\/div>\n\t\t\t\t\n<style>\n#col-1410501601 > .col-inner {\n  margin: -120px 0px 0px 0px;\n}\n@media (min-width:550px) {\n  #col-1410501601 > .col-inner {\n    margin: -120px 0px 0px 0px;\n  }\n}\n@media (min-width:850px) {\n  #col-1410501601 > .col-inner {\n    margin: -500px 0px 0px 0px;\n  }\n}\n<\/style>\n\t<\/div>\n\n\t\n<\/div>\n\t<section class=\"section\" id=\"section_2002603090\">\n\t\t<div class=\"bg section-bg fill bg-fill  bg-loaded\" >\n\n\t\t\t\n\t\t\t\n\t\t\t\n\n\t\t<\/div>\n\n\t\t\n\n\t\t<div class=\"section-content relative\">\n\t\t\t\n<div class=\"row\"  id=\"row-889720674\">\n\n\t<div id=\"col-921871524\" class=\"col small-12 large-12\"  >\n\t\t\t\t<div class=\"col-inner\"  >\n\t\t\t\n\t\t\t\n<p class=\"lead\">Verpackung und Etikettierung sind ein wesentlicher Bestandteil des Produktionsprozesses.<br \/>\nDies ist besonders wichtig f\u00fcr Produkte, die aseptisch oder steril sein m\u00fcssen.<br \/>\nDie Verpackung findet dann im Reinraum statt.<br \/>\nWir k\u00f6nnen uns aber auch um andere Verpackungen k\u00fcmmern, wie z.B. Kartons, IFUs hinzuf\u00fcgen, Etikettierung usw.   <\/p>\n\t\t<\/div>\n\t\t\t\t\t<\/div>\n\n\t\n<\/div>\n<div class=\"row\"  id=\"row-740823201\">\n\n\t<div id=\"col-1074376497\" class=\"col medium-6 small-12 large-6\"  >\n\t\t\t\t<div class=\"col-inner\"  >\n\t\t\t\n\t\t\t\n\n  <div class=\"banner has-hover\" id=\"banner-381261432\">\n          <div class=\"banner-inner fill\">\n        <div class=\"banner-bg fill\" >\n            <div class=\"bg fill bg-fill \"><\/div>\n                                    \n                    <\/div>\n\t\t\n        <div class=\"banner-layers container\">\n            <div class=\"fill banner-link\"><\/div>            \n   <div id=\"text-box-1287748088\" class=\"text-box banner-layer x50 md-x50 lg-x50 y50 md-y50 lg-y50 res-text\">\n                                <div class=\"text-box-content text dark\">\n              \n              <div class=\"text-inner text-center\">\n                  \n              <\/div>\n           <\/div>\n                            \n<style>\n#text-box-1287748088 {\n  width: 60%;\n}\n#text-box-1287748088 .text-box-content {\n  font-size: 100%;\n}\n<\/style>\n    <\/div>\n \n        <\/div>\n      <\/div>\n\n            \n<style>\n#banner-381261432 {\n  padding-top: 447px;\n}\n#banner-381261432 .bg.bg-loaded {\n  background-image: url(https:\/\/i0.wp.com\/vosfoxmedical.com\/wp-content\/uploads\/2023\/05\/img-sealing-pouch.jpg?fit=500%2C333&ssl=1);\n}\n#banner-381261432 .ux-shape-divider--top svg {\n  height: 150px;\n  --divider-top-width: 100%;\n}\n#banner-381261432 .ux-shape-divider--bottom svg {\n  height: 150px;\n  --divider-width: 100%;\n}\n<\/style>\n  <\/div>\n\n\n\t\t<\/div>\n\t\t\t\t\t<\/div>\n\n\t\n\n\t<div id=\"col-1674655806\" class=\"col medium-6 small-12 large-6\"  >\n\t\t\t\t<div class=\"col-inner\"  >\n\t\t\t\n\t\t\t\n<h2>Beutel<\/h2>\n<p>Bei Vosfox Medical k\u00f6nnen wir medizinische Ger\u00e4te oder Komponenten in Beuteln verpacken.<br \/>\nDie Versiegelungsmaschine befindet sich in einem Reinraum der ISO-Klasse 7, um sicherzustellen, dass die Produkte nicht kontaminiert werden. <\/p>\n<p>Dank des doppelten Siegelbalkens kann die Maschine verschiedene Materialien versiegeln, z.B. PE- oder Aluminium-Beutel.<\/p>\n<p>Die Maschine kann den Beutel einfach versiegeln, vakuumversiegeln oder mit einem Gas (z.B. Stickstoffgas) sp\u00fclen.<br \/>\nDie Gassp\u00fclung ist notwendig, wenn Sauerstoff f\u00fcr das Produkt sch\u00e4dlich ist.<br \/>\nNat\u00fcrlich verwenden wir Stickstoffgas in medizinischer Qualit\u00e4t und \u00fcberwachen die Partikel im Gas und die Bakterien (lebensf\u00e4hige und nicht lebensf\u00e4hige Partikel).  <\/p>\n<p>Wir verpacken die bei Vosfox Medical hergestellten Produkte, aber wenn Sie einen Verpackungsservice ben\u00f6tigen, helfen wir Ihnen gerne.<\/p>\n\t\t<\/div>\n\t\t\t\t\t<\/div>\n\n\t\n<\/div>\n\t<div id=\"gap-935335852\" class=\"gap-element clearfix\" style=\"display:block; height:auto;\">\n\t\t\n<style>\n#gap-935335852 {\n  padding-top: 70px;\n}\n<\/style>\n\t<\/div>\n\t\n<div class=\"row\"  id=\"row-640373236\">\n\n\t<div id=\"col-1629941688\" class=\"col medium-6 small-12 large-6\"  >\n\t\t\t\t<div class=\"col-inner\"  >\n\t\t\t\n\t\t\t\n<h2>Blisterformung und Versiegelung<\/h2>\n<p>Diese h\u00fcbsche kleine Maschine kann Blister formen und die Blister versiegeln, sobald sie mit dem Produkt gef\u00fcllt sind.<br \/>\nWir k\u00f6nnen auch doppelte Blisterverpackungen herstellen. <\/p>\n<p>Wir k\u00f6nnen die Form entweder in 3D drucken (f\u00fcr sehr kleine Mengen oder Versuche) oder wir fertigen eine Metallform an.  <\/p>\n<p>Verschiedene Materialien k\u00f6nnen zu Blistern geformt werden<\/p>\n<ul>\n<li>HAUSTIER (G, A, GAG)<\/li>\n<li>PVC<\/li>\n<\/ul>\n<p>Und f\u00fcr die Versiegelung k\u00f6nnen verschiedene Materialien verwendet werden<\/p>\n<ul>\n<li>Tyvek<\/li>\n<li>Medizinisches Papier<\/li>\n<li>Aluminium<\/li>\n<\/ul>\n\t\t<\/div>\n\t\t\t\t\t<\/div>\n\n\t\n\n\t<div id=\"col-918754840\" class=\"col medium-6 small-12 large-6\"  >\n\t\t\t\t<div class=\"col-inner\"  >\n\t\t\t\n\t\t\t\n\n  <div class=\"banner has-hover\" id=\"banner-769894899\">\n          <div class=\"banner-inner fill\">\n        <div class=\"banner-bg fill\" >\n            <div class=\"bg fill bg-fill \"><\/div>\n                                    \n                    <\/div>\n\t\t\n        <div class=\"banner-layers container\">\n            <div class=\"fill banner-link\"><\/div>            \n   <div id=\"text-box-195291561\" class=\"text-box banner-layer x50 md-x50 lg-x50 y50 md-y50 lg-y50 res-text\">\n                                <div class=\"text-box-content text dark\">\n              \n              <div class=\"text-inner text-center\">\n                  \n              <\/div>\n           <\/div>\n                            \n<style>\n#text-box-195291561 {\n  width: 60%;\n}\n#text-box-195291561 .text-box-content {\n  font-size: 100%;\n}\n<\/style>\n    <\/div>\n \n        <\/div>\n      <\/div>\n\n            \n<style>\n#banner-769894899 {\n  padding-top: 500px;\n}\n#banner-769894899 .bg.bg-loaded {\n  background-image: url(https:\/\/i0.wp.com\/vosfoxmedical.com\/wp-content\/uploads\/2023\/09\/Snapshot_1.jpg?fit=1020%2C574&ssl=1);\n}\n#banner-769894899 .ux-shape-divider--top svg {\n  height: 150px;\n  --divider-top-width: 100%;\n}\n#banner-769894899 .ux-shape-divider--bottom svg {\n  height: 150px;\n  --divider-width: 100%;\n}\n<\/style>\n  <\/div>\n\n\n\t\t<\/div>\n\t\t\t\t\t<\/div>\n\n\t\n<\/div>\n\t<div id=\"gap-1207894173\" class=\"gap-element clearfix\" style=\"display:block; height:auto;\">\n\t\t\n<style>\n#gap-1207894173 {\n  padding-top: 70px;\n}\n<\/style>\n\t<\/div>\n\t\n<div class=\"row\"  id=\"row-1953343367\">\n\n\t<div id=\"col-1545516215\" class=\"col medium-6 small-12 large-6\"  >\n\t\t\t\t<div class=\"col-inner\"  >\n\t\t\t\n\t\t\t\n\n  <div class=\"banner has-hover\" id=\"banner-967685238\">\n          <div class=\"banner-inner fill\">\n        <div class=\"banner-bg fill\" >\n            <div class=\"bg fill bg-fill \"><\/div>\n                                    \n                    <\/div>\n\t\t\n        <div class=\"banner-layers container\">\n            <div class=\"fill banner-link\"><\/div>            \n   <div id=\"text-box-320281554\" class=\"text-box banner-layer x50 md-x50 lg-x50 y50 md-y50 lg-y50 res-text\">\n                                <div class=\"text-box-content text dark\">\n              \n              <div class=\"text-inner text-center\">\n                  \n              <\/div>\n           <\/div>\n                            \n<style>\n#text-box-320281554 {\n  width: 60%;\n}\n#text-box-320281554 .text-box-content {\n  font-size: 100%;\n}\n<\/style>\n    <\/div>\n \n        <\/div>\n      <\/div>\n\n            \n<style>\n#banner-967685238 {\n  padding-top: 223px;\n}\n#banner-967685238 .bg.bg-loaded {\n  background-image: url(https:\/\/i0.wp.com\/vosfoxmedical.com\/wp-content\/uploads\/2023\/11\/photo-sealer-for-paper-laminate-e1699460869760.jpg?fit=682%2C351&ssl=1);\n}\n#banner-967685238 .ux-shape-divider--top svg {\n  height: 150px;\n  --divider-top-width: 100%;\n}\n#banner-967685238 .ux-shape-divider--bottom svg {\n  height: 150px;\n  --divider-width: 100%;\n}\n<\/style>\n  <\/div>\n\n\n\t\t<\/div>\n\t\t\t\t\t<\/div>\n\n\t\n\n\t<div id=\"col-1465462007\" class=\"col medium-6 small-12 large-6\"  >\n\t\t\t\t<div class=\"col-inner\"  >\n\t\t\t\n\t\t\t\n<h2>Papier-Laminat-Beutel<\/h2>\n<p>Beutel mit Papier oder Tyvek auf einer Seite und einer Polymerfolie (z.B. PE ) auf der anderen Seite erfordern eine spezielle Versiegelungsmaschine, die Vosfox Medical besitzt.<br \/>\nDer Druck von Informationen auf der Papierseite (z.B. Datum oder Uhrzeit) ist m\u00f6glich. <\/p>\n\t\t<\/div>\n\t\t\t\t\t<\/div>\n\n\t\n<\/div>\n\t<div id=\"gap-700144898\" class=\"gap-element clearfix\" style=\"display:block; height:auto;\">\n\t\t\n<style>\n#gap-700144898 {\n  padding-top: 70px;\n}\n<\/style>\n\t<\/div>\n\t\n<div class=\"row\"  id=\"row-763447194\">\n\n\t<div id=\"col-724208102\" class=\"col medium-6 small-12 large-6\"  >\n\t\t\t\t<div class=\"col-inner\"  >\n\t\t\t\n\t\t\t\n<h2>Etikettendruck<\/h2>\n<p>Der Etikettendruck ist ein wichtiger Teil des Produktionsprozesses, da er die R\u00fcckverfolgbarkeit gew\u00e4hrleistet.<br \/>\nWenn das Etikett entworfen ist, werden die Etiketten gekauft und k\u00f6nnen von einem externen Partner bedruckt werden (z.B. ein farbiges Logo).<br \/>\nBei Vosfox Medical m\u00fcssen wir jedoch mindestens die Chargennummer und das Produktions- oder Verfallsdatum hinzuf\u00fcgen.<br \/>\nHierf\u00fcr haben wir einen validierten Druckprozess.   <\/p>\n\t\t<\/div>\n\t\t\t\t\t<\/div>\n\n\t\n\n\t<div id=\"col-1652383244\" class=\"col medium-6 small-12 large-6\"  >\n\t\t\t\t<div class=\"col-inner\"  >\n\t\t\t\n\t\t\t\n\n  <div class=\"banner has-hover\" id=\"banner-1588362825\">\n          <div class=\"banner-inner fill\">\n        <div class=\"banner-bg fill\" >\n            <div class=\"bg fill bg-fill \"><\/div>\n                                    \n                    <\/div>\n\t\t\n        <div class=\"banner-layers container\">\n            <div class=\"fill banner-link\"><\/div>            \n   <div id=\"text-box-1209959278\" class=\"text-box banner-layer x50 md-x50 lg-x50 y50 md-y50 lg-y50 res-text\">\n                                <div class=\"text-box-content text dark\">\n              \n              <div class=\"text-inner text-center\">\n                  \n              <\/div>\n           <\/div>\n                            \n<style>\n#text-box-1209959278 {\n  width: 60%;\n}\n#text-box-1209959278 .text-box-content {\n  font-size: 100%;\n}\n<\/style>\n    <\/div>\n \n        <\/div>\n      <\/div>\n\n            \n<style>\n#banner-1588362825 {\n  padding-top: 270px;\n}\n#banner-1588362825 .bg.bg-loaded {\n  background-image: url(https:\/\/i0.wp.com\/vosfoxmedical.com\/wp-content\/uploads\/2023\/05\/img-label-printer.jpg?fit=640%2C640&ssl=1);\n}\n#banner-1588362825 .ux-shape-divider--top svg {\n  height: 150px;\n  --divider-top-width: 100%;\n}\n#banner-1588362825 .ux-shape-divider--bottom svg {\n  height: 150px;\n  --divider-width: 100%;\n}\n<\/style>\n  <\/div>\n\n\n\t\t<\/div>\n\t\t\t\t\t<\/div>\n\n\t\n<\/div>\n<div class=\"row\"  id=\"row-784376150\">\n\n\t<div id=\"col-1930098507\" class=\"col medium-6 small-12 large-6\"  >\n\t\t\t\t<div class=\"col-inner\"  >\n\t\t\t\n\t\t\t\n<a href=\"https:\/\/vosfoxmedical.com\/de\/auftragsfertigung\/\" target=\"_self\" class=\"button primary\"  >\n    <span>Zur\u00fcck zur \u00dcbersichtsseite Auftragsfertigung<\/span>\n  <\/a>\n\n\t\t<\/div>\n\t\t\t\t\t<\/div>\n\n\t\n\n\t<div id=\"col-1618010778\" class=\"col medium-6 small-12 large-6\"  >\n\t\t\t\t<div class=\"col-inner text-right\"  >\n\t\t\t\n\t\t\t\n<a href=\"https:\/\/vosfoxmedical.com\/contract-manufacturing\/technologies\" target=\"_self\" class=\"button primary\"  >\n    <span>Zur\u00fcck zur \u00dcbersichtsseite Technologie<\/span>\n  <\/a>\n\n\t\t<\/div>\n\t\t\t\t\t<\/div>\n\n\t\n<\/div>\n\t\t<\/div>\n\n\t\t\n<style>\n#section_2002603090 {\n  padding-top: 30px;\n  padding-bottom: 30px;\n}\n#section_2002603090 .ux-shape-divider--top svg {\n  height: 150px;\n  --divider-top-width: 100%;\n}\n#section_2002603090 .ux-shape-divider--bottom svg {\n  height: 150px;\n  --divider-width: 100%;\n}\n@media (min-width:550px) {\n  #section_2002603090 {\n    padding-top: 70px;\n    padding-bottom: 70px;\n  }\n}\n<\/style>\n\t<\/section>\n\t\n","protected":false},"excerpt":{"rendered":"","protected":false},"author":3,"featured_media":0,"parent":2467,"menu_order":0,"comment_status":"closed","ping_status":"closed","template":"page-blank.php","meta":{"footnotes":""},"class_list":["post-2919","page","type-page","status-publish","hentry"],"yoast_head":"<!-- This site is optimized with the Yoast SEO Premium plugin v24.2 (Yoast SEO v27.4) - https:\/\/yoast.com\/product\/yoast-seo-premium-wordpress\/ -->\n<title>Verpackung und Etikettierung | Blister, Beutel, Druck von Etiketten<\/title>\n<meta name=\"description\" content=\"Informationen \u00fcber die Verpackungs- und Etikettierungsm\u00f6glichkeiten und Dienstleistungen, die Vosfox Medical allen Kunden anbietet\" \/>\n<meta name=\"robots\" content=\"index, follow, max-snippet:-1, max-image-preview:large, max-video-preview:-1\" \/>\n<link rel=\"canonical\" href=\"https:\/\/vosfoxmedical.com\/de\/dienstleistungen-2\/auftragsfertigung\/verpackung-und-etikettierung\/\" \/>\n<meta property=\"og:locale\" content=\"de_DE\" \/>\n<meta property=\"og:type\" content=\"article\" \/>\n<meta property=\"og:title\" content=\"Verpackung und Etikettierung\" \/>\n<meta property=\"og:description\" content=\"Informationen \u00fcber die Verpackungs- und Etikettierungsm\u00f6glichkeiten und Dienstleistungen, die Vosfox Medical allen Kunden anbietet\" \/>\n<meta property=\"og:url\" content=\"https:\/\/vosfoxmedical.com\/de\/dienstleistungen-2\/auftragsfertigung\/verpackung-und-etikettierung\/\" \/>\n<meta property=\"og:site_name\" content=\"Vosfox Medical\" \/>\n<meta property=\"article:publisher\" content=\"https:\/\/www.facebook.com\/Vosfoxmedical\" \/>\n<meta property=\"article:modified_time\" content=\"2024-10-09T12:02:39+00:00\" \/>\n<meta name=\"twitter:card\" content=\"summary_large_image\" \/>\n<meta name=\"twitter:site\" content=\"@svndevos\" \/>\n<meta name=\"twitter:label1\" content=\"Gesch\u00e4tzte Lesezeit\" \/>\n\t<meta name=\"twitter:data1\" content=\"3\u00a0Minuten\" \/>\n<script type=\"application\/ld+json\" class=\"yoast-schema-graph\">{\"@context\":\"https:\\\/\\\/schema.org\",\"@graph\":[{\"@type\":\"WebPage\",\"@id\":\"https:\\\/\\\/vosfoxmedical.com\\\/de\\\/dienstleistungen-2\\\/auftragsfertigung\\\/verpackung-und-etikettierung\\\/\",\"url\":\"https:\\\/\\\/vosfoxmedical.com\\\/de\\\/dienstleistungen-2\\\/auftragsfertigung\\\/verpackung-und-etikettierung\\\/\",\"name\":\"Verpackung und Etikettierung | Blister, Beutel, Druck von Etiketten\",\"isPartOf\":{\"@id\":\"https:\\\/\\\/vosfoxmedical.com\\\/de\\\/#website\"},\"datePublished\":\"2023-04-19T13:44:57+00:00\",\"dateModified\":\"2024-10-09T12:02:39+00:00\",\"description\":\"Informationen \u00fcber die Verpackungs- und Etikettierungsm\u00f6glichkeiten und Dienstleistungen, die Vosfox Medical allen Kunden anbietet\",\"breadcrumb\":{\"@id\":\"https:\\\/\\\/vosfoxmedical.com\\\/de\\\/dienstleistungen-2\\\/auftragsfertigung\\\/verpackung-und-etikettierung\\\/#breadcrumb\"},\"inLanguage\":\"de\",\"potentialAction\":[{\"@type\":\"ReadAction\",\"target\":[\"https:\\\/\\\/vosfoxmedical.com\\\/de\\\/dienstleistungen-2\\\/auftragsfertigung\\\/verpackung-und-etikettierung\\\/\"]}]},{\"@type\":\"BreadcrumbList\",\"@id\":\"https:\\\/\\\/vosfoxmedical.com\\\/de\\\/dienstleistungen-2\\\/auftragsfertigung\\\/verpackung-und-etikettierung\\\/#breadcrumb\",\"itemListElement\":[{\"@type\":\"ListItem\",\"position\":1,\"name\":\"Home\",\"item\":\"https:\\\/\\\/vosfoxmedical.com\\\/de\\\/willkommen-bei-vosfox-medical\\\/\"},{\"@type\":\"ListItem\",\"position\":2,\"name\":\"Dienstleistungen\",\"item\":\"https:\\\/\\\/vosfoxmedical.com\\\/de\\\/dienstleistungen-2\\\/\"},{\"@type\":\"ListItem\",\"position\":3,\"name\":\"Herstellung\",\"item\":\"https:\\\/\\\/vosfoxmedical.com\\\/de\\\/dienstleistungen-2\\\/auftragsfertigung\\\/\"},{\"@type\":\"ListItem\",\"position\":4,\"name\":\"Verpackung und Etikettierung\"}]},{\"@type\":\"WebSite\",\"@id\":\"https:\\\/\\\/vosfoxmedical.com\\\/de\\\/#website\",\"url\":\"https:\\\/\\\/vosfoxmedical.com\\\/de\\\/\",\"name\":\"vosfoxmedical.com\",\"description\":\"Low-volume contract manufacturing organisation\",\"publisher\":{\"@id\":\"https:\\\/\\\/vosfoxmedical.com\\\/de\\\/#organization\"},\"potentialAction\":[{\"@type\":\"SearchAction\",\"target\":{\"@type\":\"EntryPoint\",\"urlTemplate\":\"https:\\\/\\\/vosfoxmedical.com\\\/de\\\/?s={search_term_string}\"},\"query-input\":{\"@type\":\"PropertyValueSpecification\",\"valueRequired\":true,\"valueName\":\"search_term_string\"}}],\"inLanguage\":\"de\"},{\"@type\":\"Organization\",\"@id\":\"https:\\\/\\\/vosfoxmedical.com\\\/de\\\/#organization\",\"name\":\"Vosfox Medical\",\"url\":\"https:\\\/\\\/vosfoxmedical.com\\\/de\\\/\",\"logo\":{\"@type\":\"ImageObject\",\"inLanguage\":\"de\",\"@id\":\"https:\\\/\\\/vosfoxmedical.com\\\/de\\\/#\\\/schema\\\/logo\\\/image\\\/\",\"url\":\"https:\\\/\\\/i0.wp.com\\\/vosfoxmedical.com\\\/wp-content\\\/uploads\\\/2021\\\/06\\\/vosfox_medical_logo.png?fit=8594%2C2813&ssl=1\",\"contentUrl\":\"https:\\\/\\\/i0.wp.com\\\/vosfoxmedical.com\\\/wp-content\\\/uploads\\\/2021\\\/06\\\/vosfox_medical_logo.png?fit=8594%2C2813&ssl=1\",\"width\":8594,\"height\":2813,\"caption\":\"Vosfox Medical\"},\"image\":{\"@id\":\"https:\\\/\\\/vosfoxmedical.com\\\/de\\\/#\\\/schema\\\/logo\\\/image\\\/\"},\"sameAs\":[\"https:\\\/\\\/www.facebook.com\\\/Vosfoxmedical\",\"https:\\\/\\\/x.com\\\/svndevos\",\"https:\\\/\\\/www.instagram.com\\\/\",\"https:\\\/\\\/www.linkedin.com\\\/company\\\/11022599\\\/\"]}]}<\/script>\n<!-- \/ Yoast SEO Premium plugin. -->","yoast_head_json":{"title":"Verpackung und Etikettierung | Blister, Beutel, Druck von Etiketten","description":"Informationen \u00fcber die Verpackungs- und Etikettierungsm\u00f6glichkeiten und Dienstleistungen, die Vosfox Medical allen Kunden anbietet","robots":{"index":"index","follow":"follow","max-snippet":"max-snippet:-1","max-image-preview":"max-image-preview:large","max-video-preview":"max-video-preview:-1"},"canonical":"https:\/\/vosfoxmedical.com\/de\/dienstleistungen-2\/auftragsfertigung\/verpackung-und-etikettierung\/","og_locale":"de_DE","og_type":"article","og_title":"Verpackung und Etikettierung","og_description":"Informationen \u00fcber die Verpackungs- und Etikettierungsm\u00f6glichkeiten und Dienstleistungen, die Vosfox Medical allen Kunden anbietet","og_url":"https:\/\/vosfoxmedical.com\/de\/dienstleistungen-2\/auftragsfertigung\/verpackung-und-etikettierung\/","og_site_name":"Vosfox Medical","article_publisher":"https:\/\/www.facebook.com\/Vosfoxmedical","article_modified_time":"2024-10-09T12:02:39+00:00","twitter_card":"summary_large_image","twitter_site":"@svndevos","twitter_misc":{"Gesch\u00e4tzte Lesezeit":"3\u00a0Minuten"},"schema":{"@context":"https:\/\/schema.org","@graph":[{"@type":"WebPage","@id":"https:\/\/vosfoxmedical.com\/de\/dienstleistungen-2\/auftragsfertigung\/verpackung-und-etikettierung\/","url":"https:\/\/vosfoxmedical.com\/de\/dienstleistungen-2\/auftragsfertigung\/verpackung-und-etikettierung\/","name":"Verpackung und Etikettierung | Blister, Beutel, Druck von Etiketten","isPartOf":{"@id":"https:\/\/vosfoxmedical.com\/de\/#website"},"datePublished":"2023-04-19T13:44:57+00:00","dateModified":"2024-10-09T12:02:39+00:00","description":"Informationen \u00fcber die Verpackungs- und Etikettierungsm\u00f6glichkeiten und Dienstleistungen, die Vosfox Medical allen Kunden anbietet","breadcrumb":{"@id":"https:\/\/vosfoxmedical.com\/de\/dienstleistungen-2\/auftragsfertigung\/verpackung-und-etikettierung\/#breadcrumb"},"inLanguage":"de","potentialAction":[{"@type":"ReadAction","target":["https:\/\/vosfoxmedical.com\/de\/dienstleistungen-2\/auftragsfertigung\/verpackung-und-etikettierung\/"]}]},{"@type":"BreadcrumbList","@id":"https:\/\/vosfoxmedical.com\/de\/dienstleistungen-2\/auftragsfertigung\/verpackung-und-etikettierung\/#breadcrumb","itemListElement":[{"@type":"ListItem","position":1,"name":"Home","item":"https:\/\/vosfoxmedical.com\/de\/willkommen-bei-vosfox-medical\/"},{"@type":"ListItem","position":2,"name":"Dienstleistungen","item":"https:\/\/vosfoxmedical.com\/de\/dienstleistungen-2\/"},{"@type":"ListItem","position":3,"name":"Herstellung","item":"https:\/\/vosfoxmedical.com\/de\/dienstleistungen-2\/auftragsfertigung\/"},{"@type":"ListItem","position":4,"name":"Verpackung und Etikettierung"}]},{"@type":"WebSite","@id":"https:\/\/vosfoxmedical.com\/de\/#website","url":"https:\/\/vosfoxmedical.com\/de\/","name":"vosfoxmedical.com","description":"Low-volume contract manufacturing organisation","publisher":{"@id":"https:\/\/vosfoxmedical.com\/de\/#organization"},"potentialAction":[{"@type":"SearchAction","target":{"@type":"EntryPoint","urlTemplate":"https:\/\/vosfoxmedical.com\/de\/?s={search_term_string}"},"query-input":{"@type":"PropertyValueSpecification","valueRequired":true,"valueName":"search_term_string"}}],"inLanguage":"de"},{"@type":"Organization","@id":"https:\/\/vosfoxmedical.com\/de\/#organization","name":"Vosfox Medical","url":"https:\/\/vosfoxmedical.com\/de\/","logo":{"@type":"ImageObject","inLanguage":"de","@id":"https:\/\/vosfoxmedical.com\/de\/#\/schema\/logo\/image\/","url":"https:\/\/i0.wp.com\/vosfoxmedical.com\/wp-content\/uploads\/2021\/06\/vosfox_medical_logo.png?fit=8594%2C2813&ssl=1","contentUrl":"https:\/\/i0.wp.com\/vosfoxmedical.com\/wp-content\/uploads\/2021\/06\/vosfox_medical_logo.png?fit=8594%2C2813&ssl=1","width":8594,"height":2813,"caption":"Vosfox Medical"},"image":{"@id":"https:\/\/vosfoxmedical.com\/de\/#\/schema\/logo\/image\/"},"sameAs":["https:\/\/www.facebook.com\/Vosfoxmedical","https:\/\/x.com\/svndevos","https:\/\/www.instagram.com\/","https:\/\/www.linkedin.com\/company\/11022599\/"]}]}},"jetpack-related-posts":[],"jetpack_sharing_enabled":true,"_links":{"self":[{"href":"https:\/\/vosfoxmedical.com\/de\/wp-json\/wp\/v2\/pages\/2919","targetHints":{"allow":["GET"]}}],"collection":[{"href":"https:\/\/vosfoxmedical.com\/de\/wp-json\/wp\/v2\/pages"}],"about":[{"href":"https:\/\/vosfoxmedical.com\/de\/wp-json\/wp\/v2\/types\/page"}],"author":[{"embeddable":true,"href":"https:\/\/vosfoxmedical.com\/de\/wp-json\/wp\/v2\/users\/3"}],"replies":[{"embeddable":true,"href":"https:\/\/vosfoxmedical.com\/de\/wp-json\/wp\/v2\/comments?post=2919"}],"version-history":[{"count":11,"href":"https:\/\/vosfoxmedical.com\/de\/wp-json\/wp\/v2\/pages\/2919\/revisions"}],"predecessor-version":[{"id":2959,"href":"https:\/\/vosfoxmedical.com\/de\/wp-json\/wp\/v2\/pages\/2919\/revisions\/2959"}],"up":[{"embeddable":true,"href":"https:\/\/vosfoxmedical.com\/de\/wp-json\/wp\/v2\/pages\/2467"}],"wp:attachment":[{"href":"https:\/\/vosfoxmedical.com\/de\/wp-json\/wp\/v2\/media?parent=2919"}],"curies":[{"name":"wp","href":"https:\/\/api.w.org\/{rel}","templated":true}]}}