{"id":2894,"date":"2023-06-01T16:56:09","date_gmt":"2023-06-01T15:56:09","guid":{"rendered":"https:\/\/vosfoxmedical.com\/technologien\/spritzgiessen\/"},"modified":"2024-10-09T13:01:59","modified_gmt":"2024-10-09T12:01:59","slug":"spritzgiessen","status":"publish","type":"page","link":"https:\/\/vosfoxmedical.com\/de\/technologien\/spritzgiessen\/","title":{"rendered":"Spritzgie\u00dfen"},"content":{"rendered":"\t<section class=\"section dark\" id=\"section_217541265\">\n\t\t<div class=\"bg section-bg fill bg-fill  \" >\n\n\t\t\t\n\t\t\t<div class=\"section-bg-overlay absolute fill\"><\/div>\n\t\t\t\n\n\t\t<\/div>\n\n\t\t\n\n\t\t<div class=\"section-content relative\">\n\t\t\t\n<div class=\"row\" style=\"max-width:1300px\" id=\"row-2056707691\">\n\n\t<div id=\"col-639384422\" class=\"col medium-12 small-12 large-8\"  >\n\t\t\t\t<div class=\"col-inner\"  >\n\t\t\t\n\t\t\t\n\t<div id=\"text-3943748058\" class=\"text\">\n\t\t\n<h1 class=\"entry-title\">Spritzgie\u00dfen<\/h1>\n\t\t\n<style>\n#text-3943748058 {\n  font-size: 2.75rem;\n}\n<\/style>\n\t<\/div>\n\t\n\t\t<\/div>\n\t\t\t\t\t<\/div>\n\n\t\n<\/div>\n\t\t<\/div>\n\n\t\t\n<style>\n#section_217541265 {\n  padding-top: 30px;\n  padding-bottom: 30px;\n  min-height: 400px;\n  background-color: rgb(44, 49, 63);\n}\n#section_217541265 .section-bg-overlay {\n  background-color: rgb(44, 49, 63);\n}\n#section_217541265 .section-bg.bg-loaded {\n  background-image: url(https:\/\/vosfoxmedical.com\/wp-content\/uploads\/2021\/06\/img-thunderstorm.jpg);\n}\n#section_217541265 .section-bg {\n  background-position: 90% 59%;\n}\n#section_217541265 .ux-shape-divider--top svg {\n  height: 150px;\n  --divider-top-width: 100%;\n}\n#section_217541265 .ux-shape-divider--bottom svg {\n  height: 150px;\n  --divider-width: 100%;\n}\n@media (min-width:550px) {\n  #section_217541265 {\n    min-height: 400px;\n  }\n}\n@media (min-width:850px) {\n  #section_217541265 {\n    min-height: 600px;\n  }\n}\n<\/style>\n\t<\/section>\n\t\n<div class=\"row align-bottom\" style=\"max-width:1300px\" id=\"row-536892594\">\n\n\t<div id=\"col-1550454086\" class=\"col medium-12 small-12 large-4\"  >\n\t\t\t\t<div class=\"col-inner\"  >\n\t\t\t\n\t\t\t\n\t<div id=\"gap-1718795799\" class=\"gap-element clearfix\" style=\"display:block; height:auto;\">\n\t\t\n<style>\n#gap-1718795799 {\n  padding-top: 0px;\n}\n@media (min-width:550px) {\n  #gap-1718795799 {\n    padding-top: 0px;\n  }\n}\n@media (min-width:850px) {\n  #gap-1718795799 {\n    padding-top: 35px;\n  }\n}\n<\/style>\n\t<\/div>\n\t\n\t\t<\/div>\n\t\t\t\t\t<\/div>\n\n\t\n\n\t<div id=\"col-1723685905\" class=\"col medium-12 small-12 large-8 medium-col-first\"  >\n\t\t\t\t<div class=\"col-inner\"  >\n\t\t\t\n\t\t\t\n\n  <div class=\"banner has-hover\" id=\"banner-28680871\">\n          <div class=\"banner-inner fill\">\n        <div class=\"banner-bg fill\" >\n            <div class=\"bg fill bg-fill \"><\/div>\n                                    \n                    <\/div>\n\t\t\n        <div class=\"banner-layers container\">\n            <div class=\"fill banner-link\"><\/div>            \n        <\/div>\n      <\/div>\n\n            \n<style>\n#banner-28680871 {\n  padding-top: 300px;\n  background-color: rgb(255, 255, 255);\n}\n#banner-28680871 .bg.bg-loaded {\n  background-image: url(https:\/\/vosfoxmedical.com\/wp-content\/uploads\/2021\/06\/img-injection-molding.jpg);\n}\n#banner-28680871 .bg {\n  background-position: 68% 94%;\n}\n#banner-28680871 .ux-shape-divider--top svg {\n  height: 150px;\n  --divider-top-width: 100%;\n}\n#banner-28680871 .ux-shape-divider--bottom svg {\n  height: 150px;\n  --divider-width: 100%;\n}\n@media (min-width:550px) {\n  #banner-28680871 {\n    padding-top: 600px;\n  }\n}\n<\/style>\n  <\/div>\n\n\n\t\t<\/div>\n\t\t\t\t\n<style>\n#col-1723685905 > .col-inner {\n  margin: -120px 0px 0px 0px;\n}\n@media (min-width:550px) {\n  #col-1723685905 > .col-inner {\n    margin: -120px 0px 0px 0px;\n  }\n}\n@media (min-width:850px) {\n  #col-1723685905 > .col-inner {\n    margin: -500px 0px 0px 0px;\n  }\n}\n<\/style>\n\t<\/div>\n\n\t\n<\/div>\n\t<section class=\"section\" id=\"section_1348914997\">\n\t\t<div class=\"bg section-bg fill bg-fill  bg-loaded\" >\n\n\t\t\t\n\t\t\t\n\t\t\t\n\n\t\t<\/div>\n\n\t\t\n\n\t\t<div class=\"section-content relative\">\n\t\t\t\n<div class=\"row row-large align-equal align-right\"  id=\"row-1931850939\">\n\n\t<div id=\"col-113301847\" class=\"col medium-12 small-12 large-12\"  >\n\t\t\t\t<div class=\"col-inner\"  >\n\t\t\t\n\t\t\t\n<p class=\"lead\">Vosfox Medical bietet Spritzguss f\u00fcr kleinere Volumen (1-10.000 St\u00fcck) kleinerer Teile, auch Mikrospritzguss genannt.<br \/>\nKomponenten in kleinen St\u00fcckzahlen k\u00f6nnen im 3D-Druck (SLA) oder im Spritzgussverfahren hergestellt werden.<br \/>\nWir helfen Ihnen bei der Auswahl der besten Technologie f\u00fcr Ihre Anwendung.  <\/p>\n<p class=\"lead\">Unsere Tisch-Spritzgie\u00dfmaschine ist perfekt f\u00fcr die Herstellung von Teilen in kleinen St\u00fcckzahlen.<br \/>\nEinen Artikel \u00fcber den Vergleich zwischen 3D-Druck und Spritzgie\u00dfen, einschlie\u00dflich eines Vergleichs zwischen gedruckten Kunststoffformen und Metallformen, finden Sie in <a href=\"https:\/\/vosfoxmedical.com\/de\/?page_id=2563\">unserem Artikelbereich<\/a>. <\/p>\n\t\t<\/div>\n\t\t\t\t\t<\/div>\n\n\t\n<\/div>\n<div class=\"row row-small\"  id=\"row-1524407488\">\n\n\t<div id=\"col-1374638177\" class=\"col medium-6 small-11 large-6\"  >\n\t\t\t\t<div class=\"col-inner\"  >\n\t\t\t\n\t\t\t\n\n  <div class=\"banner has-hover\" id=\"banner-1776080623\">\n          <div class=\"banner-inner fill\">\n        <div class=\"banner-bg fill\" >\n            <div class=\"bg fill bg-fill \"><\/div>\n                                    \n                    <\/div>\n\t\t\n        <div class=\"banner-layers container\">\n            <div class=\"fill banner-link\"><\/div>            \n   <div id=\"text-box-1143180454\" class=\"text-box banner-layer x50 md-x50 lg-x50 y50 md-y50 lg-y50 res-text\">\n                                <div class=\"text-box-content text dark\">\n              \n              <div class=\"text-inner text-center\">\n                  \n              <\/div>\n           <\/div>\n                            \n<style>\n#text-box-1143180454 {\n  width: 60%;\n}\n#text-box-1143180454 .text-box-content {\n  font-size: 100%;\n}\n<\/style>\n    <\/div>\n \n        <\/div>\n      <\/div>\n\n            \n<style>\n#banner-1776080623 {\n  padding-top: 127px;\n}\n#banner-1776080623 .bg.bg-loaded {\n  background-image: url(https:\/\/i0.wp.com\/vosfoxmedical.com\/wp-content\/uploads\/2023\/05\/img-types-of-3d-printers-e1684154889170.png?fit=203%2C200&ssl=1);\n}\n#banner-1776080623 .ux-shape-divider--top svg {\n  height: 150px;\n  --divider-top-width: 100%;\n}\n#banner-1776080623 .ux-shape-divider--bottom svg {\n  height: 150px;\n  --divider-width: 100%;\n}\n<\/style>\n  <\/div>\n\n\n<h2>3D-Druck versus Spritzgie\u00dfen<\/h2>\n<p>Die Kleinserienproduktion wird in der Regel f\u00fcr Prototypen, Spezialprodukte oder Nischenprodukte mit begrenzter Marktnachfrage verwendet.<br \/>\nDie Kleinserienproduktion kann mit traditionellen Herstellungsverfahren wie dem Spritzguss oder mit Methoden wie dem 3D-Druck erfolgen. <\/p>\n<p>Das Mikrospritzgie\u00dfen ist in den letzten Jahren immer beliebter geworden und erm\u00f6glicht die Herstellung kleinerer Teile zu niedrigeren Kosten als bei herk\u00f6mmlichen Verfahren.<br \/>\nDies hat das Spritzgie\u00dfen zu einer praktikableren Option f\u00fcr kleinere Produktionsl\u00e4ufe gemacht und die L\u00fccke zwischen Spritzgie\u00dfen und 3D-Druck f\u00fcr die Produktion kleiner Teile in kleinen St\u00fcckzahlen verkleinert.<br \/>\nEin weiterer Vorteil des Mikrospritzgusses ist die M\u00f6glichkeit, die Produktion bei unver\u00e4ndertem Design auf gro\u00dfe Mengen zu skalieren.  <\/p>\n\n  <div class=\"banner has-hover\" id=\"banner-79061957\">\n          <div class=\"banner-inner fill\">\n        <div class=\"banner-bg fill\" >\n            <div class=\"bg fill bg-fill \"><\/div>\n                                    \n                    <\/div>\n\t\t\n        <div class=\"banner-layers container\">\n            <div class=\"fill banner-link\"><\/div>            \n   <div id=\"text-box-1486415720\" class=\"text-box banner-layer x50 md-x50 lg-x50 y50 md-y50 lg-y50 res-text\">\n                                <div class=\"text-box-content text dark\">\n              \n              <div class=\"text-inner text-center\">\n                  \n              <\/div>\n           <\/div>\n                            \n<style>\n#text-box-1486415720 {\n  width: 60%;\n}\n#text-box-1486415720 .text-box-content {\n  font-size: 100%;\n}\n<\/style>\n    <\/div>\n \n        <\/div>\n      <\/div>\n\n            \n<style>\n#banner-79061957 {\n  padding-top: 133px;\n}\n#banner-79061957 .bg.bg-loaded {\n  background-image: url(https:\/\/i0.wp.com\/vosfoxmedical.com\/wp-content\/uploads\/2023\/06\/img-benchtop-injection-moulding.jpg?fit=338%2C188&ssl=1);\n}\n#banner-79061957 .ux-shape-divider--top svg {\n  height: 150px;\n  --divider-top-width: 100%;\n}\n#banner-79061957 .ux-shape-divider--bottom svg {\n  height: 150px;\n  --divider-width: 100%;\n}\n<\/style>\n  <\/div>\n\n\n<h2>Produktion im kleinen Ma\u00dfstab in einer Reinraumumgebung<\/h2>\n<p>Je nach Projekt und Anforderungen k\u00f6nnen wir die Maschinen innerhalb oder au\u00dferhalb des Reinraums aufstellen.<br \/>\nWenn die Teile innerhalb des Reinraums hergestellt werden, verpacken wir die Komponenten in versiegelte Beutel, um eine Kontamination zu vermeiden.<br \/>\nWir stellen sicher, dass die w\u00e4hrend der Produktion freigesetzten Partikel die<a href=\"https:\/\/vosfoxmedical.com\/de\/?page_id=2544\"> Reinraumklassifizierung<\/a> nicht beeintr\u00e4chtigen oder andere Produkte verunreinigen.  <\/p>\n<p>Wenn die von Ihnen ben\u00f6tigten Mengen zu gegebener Zeit unsere Tischmaschine \u00fcbersteigen, k\u00f6nnen wir besprechen, ob wir mit Ihnen zu einer gr\u00f6\u00dferen Spritzgie\u00dfmaschine wachsen oder ob wir den Transfer zu einem anderen CMO unterst\u00fctzen.<\/p>\n\t\t<\/div>\n\t\t\t\t\n<style>\n#col-1374638177 > .col-inner {\n  padding: 0px 0px 0px 0;\n}\n@media (min-width:550px) {\n  #col-1374638177 > .col-inner {\n    padding: 0px 0px 0px 0;\n  }\n}\n<\/style>\n\t<\/div>\n\n\t\n\n\t<div id=\"col-1518211414\" class=\"col medium-6 small-11 large-6\"  >\n\t\t\t\t<div class=\"col-inner\"  >\n\t\t\t\n\t\t\t\n\n  <div class=\"banner has-hover\" id=\"banner-1591715389\">\n          <div class=\"banner-inner fill\">\n        <div class=\"banner-bg fill\" >\n            <div class=\"bg fill bg-fill \"><\/div>\n                                    \n                    <\/div>\n\t\t\n        <div class=\"banner-layers container\">\n            <div class=\"fill banner-link\"><\/div>            \n   <div id=\"text-box-2014068543\" class=\"text-box banner-layer x50 md-x50 lg-x50 y50 md-y50 lg-y50 res-text\">\n                                <div class=\"text-box-content text dark\">\n              \n              <div class=\"text-inner text-center\">\n                  \n              <\/div>\n           <\/div>\n                            \n<style>\n#text-box-2014068543 {\n  width: 60%;\n}\n#text-box-2014068543 .text-box-content {\n  font-size: 100%;\n}\n<\/style>\n    <\/div>\n \n        <\/div>\n      <\/div>\n\n            \n<style>\n#banner-1591715389 {\n  padding-top: 126px;\n}\n#banner-1591715389 .bg.bg-loaded {\n  background-image: url(https:\/\/i0.wp.com\/vosfoxmedical.com\/wp-content\/uploads\/2023\/03\/photo-im-plastic-mould.jpg?fit=610%2C498&ssl=1);\n}\n#banner-1591715389 .ux-shape-divider--top svg {\n  height: 150px;\n  --divider-top-width: 100%;\n}\n#banner-1591715389 .ux-shape-divider--bottom svg {\n  height: 150px;\n  --divider-width: 100%;\n}\n<\/style>\n  <\/div>\n\n\n<h2>Gedruckte Formen versus Metallformen<\/h2>\n<p><strong>Kunststoffformen<\/strong> werden in der Regel f\u00fcr das Spritzgie\u00dfen von sehr kleinen St\u00fcckzahlen verwendet.<br \/>\nDie genaue Anzahl der Produkte, die aus der Form hergestellt werden, h\u00e4ngt von verschiedenen Aspekten ab (Material, Temperatur, Form, erforderliche Genauigkeit), aber man sollte mit einigen 100 St\u00fcck rechnen, bevor die Form abgenutzt ist.<br \/>\nEine gedruckte Form bietet in der Regel eine geringere Produktionsgeschwindigkeit und weniger Genauigkeit als Metallformen.<br \/>\nDie Vorlaufzeit f\u00fcr den Entwurf und die Herstellung von 3D-gedruckten Formen ist viel k\u00fcrzer als bei Metallformen.<br \/>\nDaher k\u00f6nnen 3D-gedruckte Formen f\u00fcr das Prototyping und die Erstproduktion in Betracht gezogen werden.    <\/p>\n<p><strong>Metallformen<\/strong> werden immer f\u00fcr die Gro\u00dfserienproduktion mit einer oder mehreren Kavit\u00e4ten pro Form verwendet.<br \/>\nStahl ist teurer als Aluminium, aber auch haltbarer.<br \/>\nDie Genauigkeit von Metallformen ist h\u00f6her als die von 3D-gedruckten Formen.<br \/>\nDie Komplexit\u00e4t der Teilegeometrie, die gew\u00fcnschten Toleranzen und die St\u00fcckzahl spielen bei der Wahl der Form eine Rolle.<br \/>\nMetallformen sind f\u00fcr ihre lange Lebensdauer (Hunderttausende oder Millionen von Zyklen) und Best\u00e4ndigkeit bekannt.    <\/p>\n<p>Die Lebensdauer einer Gussform h\u00e4ngt vom Material der Gussform, dem zu verarbeitenden Polymermaterial, den Betriebsbedingungen und dem Wartungsplan ab. <strong>Aluminiumformen<\/strong> sind weniger kostspielig und k\u00f6nnen f\u00fcr mittlere St\u00fcckzahlen von Zehntausenden bis zu einigen Hunderttausend Teilen verwendet werden. Formen <strong>aus Edelstahl<\/strong> halten den hohen Temperaturen und Dr\u00fccken, die f\u00fcr das Spritzgie\u00dfen erforderlich sind, am besten stand.<\/p>\n\t\t<\/div>\n\t\t\t\t\n<style>\n#col-1518211414 > .col-inner {\n  padding: 0px 0px 0px 0;\n}\n@media (min-width:550px) {\n  #col-1518211414 > .col-inner {\n    padding: 0px 0px 0px 0;\n  }\n}\n<\/style>\n\t<\/div>\n\n\t\n<\/div>\n<div class=\"row\"  id=\"row-1908753180\">\n\n\t<div id=\"col-789355992\" class=\"col medium-6 small-12 large-6\"  >\n\t\t\t\t<div class=\"col-inner\"  >\n\t\t\t\n\t\t\t\n<a href=\"https:\/\/vosfoxmedical.com\/de\/auftragsfertigung\/\" target=\"_self\" class=\"button primary\"  >\n    <span>Zur\u00fcck zur \u00dcbersichtsseite Auftragsfertigung<\/span>\n  <\/a>\n\n\t\t<\/div>\n\t\t\t\t\t<\/div>\n\n\t\n\n\t<div id=\"col-1516034663\" class=\"col medium-5 small-12 large-5\"  >\n\t\t\t\t<div class=\"col-inner\"  >\n\t\t\t\n\t\t\t\n<a href=\"https:\/\/vosfoxmedical.com\/de\/?page_id=2492\" target=\"_self\" class=\"button primary\"  >\n    <span>Zur\u00fcck zur \u00dcbersichtsseite Technologie<\/span>\n  <\/a>\n\n\t\t<\/div>\n\t\t\t\t\t<\/div>\n\n\t\n<\/div>\n\t\t<\/div>\n\n\t\t\n<style>\n#section_1348914997 {\n  padding-top: 30px;\n  padding-bottom: 30px;\n}\n#section_1348914997 .ux-shape-divider--top svg {\n  height: 150px;\n  --divider-top-width: 100%;\n}\n#section_1348914997 .ux-shape-divider--bottom svg {\n  height: 150px;\n  --divider-width: 100%;\n}\n@media (min-width:550px) {\n  #section_1348914997 {\n    padding-top: 70px;\n    padding-bottom: 70px;\n  }\n}\n<\/style>\n\t<\/section>\n\t\n","protected":false},"excerpt":{"rendered":"","protected":false},"author":3,"featured_media":0,"parent":2492,"menu_order":0,"comment_status":"closed","ping_status":"closed","template":"page-blank.php","meta":{"footnotes":""},"class_list":["post-2894","page","type-page","status-publish","hentry"],"yoast_head":"<!-- This site is optimized with the Yoast SEO Premium plugin v24.2 (Yoast SEO v27.5) - https:\/\/yoast.com\/product\/yoast-seo-premium-wordpress\/ -->\n<title>Spritzgie\u00dfen | kleine St\u00fcckzahlen | kleine Teile | Mikroformen<\/title>\n<meta name=\"description\" content=\"Vosfox Medical kann Komponenten f\u00fcr medizinische Ger\u00e4te mit 3D-Druck und Spritzguss herstellen. Lassen Sie uns besprechen, was die beste Wahl f\u00fcr Sie ist.\" \/>\n<meta name=\"robots\" content=\"index, follow, max-snippet:-1, max-image-preview:large, max-video-preview:-1\" \/>\n<link rel=\"canonical\" href=\"https:\/\/vosfoxmedical.com\/de\/technologien\/spritzgiessen\/\" \/>\n<meta property=\"og:locale\" content=\"de_DE\" \/>\n<meta property=\"og:type\" content=\"article\" \/>\n<meta property=\"og:title\" content=\"Spritzgie\u00dfen\" \/>\n<meta property=\"og:description\" content=\"Vosfox Medical kann Komponenten f\u00fcr medizinische Ger\u00e4te mit 3D-Druck und Spritzguss herstellen. Lassen Sie uns besprechen, was die beste Wahl f\u00fcr Sie ist.\" \/>\n<meta property=\"og:url\" content=\"https:\/\/vosfoxmedical.com\/de\/technologien\/spritzgiessen\/\" \/>\n<meta property=\"og:site_name\" content=\"Vosfox Medical\" \/>\n<meta property=\"article:publisher\" content=\"https:\/\/www.facebook.com\/Vosfoxmedical\" \/>\n<meta property=\"article:modified_time\" content=\"2024-10-09T12:01:59+00:00\" \/>\n<meta name=\"twitter:card\" content=\"summary_large_image\" \/>\n<meta name=\"twitter:site\" content=\"@svndevos\" \/>\n<meta name=\"twitter:label1\" content=\"Gesch\u00e4tzte Lesezeit\" \/>\n\t<meta name=\"twitter:data1\" content=\"4\u00a0Minuten\" \/>\n<script type=\"application\/ld+json\" class=\"yoast-schema-graph\">{\"@context\":\"https:\\\/\\\/schema.org\",\"@graph\":[{\"@type\":\"WebPage\",\"@id\":\"https:\\\/\\\/vosfoxmedical.com\\\/de\\\/technologien\\\/spritzgiessen\\\/\",\"url\":\"https:\\\/\\\/vosfoxmedical.com\\\/de\\\/technologien\\\/spritzgiessen\\\/\",\"name\":\"Spritzgie\u00dfen | kleine St\u00fcckzahlen | kleine Teile | Mikroformen\",\"isPartOf\":{\"@id\":\"https:\\\/\\\/vosfoxmedical.com\\\/de\\\/#website\"},\"datePublished\":\"2023-06-01T15:56:09+00:00\",\"dateModified\":\"2024-10-09T12:01:59+00:00\",\"description\":\"Vosfox Medical kann Komponenten f\u00fcr medizinische Ger\u00e4te mit 3D-Druck und Spritzguss herstellen. Lassen Sie uns besprechen, was die beste Wahl f\u00fcr Sie ist.\",\"breadcrumb\":{\"@id\":\"https:\\\/\\\/vosfoxmedical.com\\\/de\\\/technologien\\\/spritzgiessen\\\/#breadcrumb\"},\"inLanguage\":\"de\",\"potentialAction\":[{\"@type\":\"ReadAction\",\"target\":[\"https:\\\/\\\/vosfoxmedical.com\\\/de\\\/technologien\\\/spritzgiessen\\\/\"]}]},{\"@type\":\"BreadcrumbList\",\"@id\":\"https:\\\/\\\/vosfoxmedical.com\\\/de\\\/technologien\\\/spritzgiessen\\\/#breadcrumb\",\"itemListElement\":[{\"@type\":\"ListItem\",\"position\":1,\"name\":\"Home\",\"item\":\"https:\\\/\\\/vosfoxmedical.com\\\/de\\\/willkommen-bei-vosfox-medical\\\/\"},{\"@type\":\"ListItem\",\"position\":2,\"name\":\"Technologien\",\"item\":\"https:\\\/\\\/vosfoxmedical.com\\\/de\\\/?page_id=2492\"},{\"@type\":\"ListItem\",\"position\":3,\"name\":\"Spritzgie\u00dfen\"}]},{\"@type\":\"WebSite\",\"@id\":\"https:\\\/\\\/vosfoxmedical.com\\\/de\\\/#website\",\"url\":\"https:\\\/\\\/vosfoxmedical.com\\\/de\\\/\",\"name\":\"vosfoxmedical.com\",\"description\":\"Low-volume contract manufacturing organisation\",\"publisher\":{\"@id\":\"https:\\\/\\\/vosfoxmedical.com\\\/de\\\/#organization\"},\"potentialAction\":[{\"@type\":\"SearchAction\",\"target\":{\"@type\":\"EntryPoint\",\"urlTemplate\":\"https:\\\/\\\/vosfoxmedical.com\\\/de\\\/?s={search_term_string}\"},\"query-input\":{\"@type\":\"PropertyValueSpecification\",\"valueRequired\":true,\"valueName\":\"search_term_string\"}}],\"inLanguage\":\"de\"},{\"@type\":\"Organization\",\"@id\":\"https:\\\/\\\/vosfoxmedical.com\\\/de\\\/#organization\",\"name\":\"Vosfox Medical\",\"url\":\"https:\\\/\\\/vosfoxmedical.com\\\/de\\\/\",\"logo\":{\"@type\":\"ImageObject\",\"inLanguage\":\"de\",\"@id\":\"https:\\\/\\\/vosfoxmedical.com\\\/de\\\/#\\\/schema\\\/logo\\\/image\\\/\",\"url\":\"https:\\\/\\\/i0.wp.com\\\/vosfoxmedical.com\\\/wp-content\\\/uploads\\\/2021\\\/06\\\/vosfox_medical_logo.png?fit=8594%2C2813&ssl=1\",\"contentUrl\":\"https:\\\/\\\/i0.wp.com\\\/vosfoxmedical.com\\\/wp-content\\\/uploads\\\/2021\\\/06\\\/vosfox_medical_logo.png?fit=8594%2C2813&ssl=1\",\"width\":8594,\"height\":2813,\"caption\":\"Vosfox Medical\"},\"image\":{\"@id\":\"https:\\\/\\\/vosfoxmedical.com\\\/de\\\/#\\\/schema\\\/logo\\\/image\\\/\"},\"sameAs\":[\"https:\\\/\\\/www.facebook.com\\\/Vosfoxmedical\",\"https:\\\/\\\/x.com\\\/svndevos\",\"https:\\\/\\\/www.instagram.com\\\/\",\"https:\\\/\\\/www.linkedin.com\\\/company\\\/11022599\\\/\"]}]}<\/script>\n<!-- \/ Yoast SEO Premium plugin. -->","yoast_head_json":{"title":"Spritzgie\u00dfen | kleine St\u00fcckzahlen | kleine Teile | Mikroformen","description":"Vosfox Medical kann Komponenten f\u00fcr medizinische Ger\u00e4te mit 3D-Druck und Spritzguss herstellen. Lassen Sie uns besprechen, was die beste Wahl f\u00fcr Sie ist.","robots":{"index":"index","follow":"follow","max-snippet":"max-snippet:-1","max-image-preview":"max-image-preview:large","max-video-preview":"max-video-preview:-1"},"canonical":"https:\/\/vosfoxmedical.com\/de\/technologien\/spritzgiessen\/","og_locale":"de_DE","og_type":"article","og_title":"Spritzgie\u00dfen","og_description":"Vosfox Medical kann Komponenten f\u00fcr medizinische Ger\u00e4te mit 3D-Druck und Spritzguss herstellen. Lassen Sie uns besprechen, was die beste Wahl f\u00fcr Sie ist.","og_url":"https:\/\/vosfoxmedical.com\/de\/technologien\/spritzgiessen\/","og_site_name":"Vosfox Medical","article_publisher":"https:\/\/www.facebook.com\/Vosfoxmedical","article_modified_time":"2024-10-09T12:01:59+00:00","twitter_card":"summary_large_image","twitter_site":"@svndevos","twitter_misc":{"Gesch\u00e4tzte Lesezeit":"4\u00a0Minuten"},"schema":{"@context":"https:\/\/schema.org","@graph":[{"@type":"WebPage","@id":"https:\/\/vosfoxmedical.com\/de\/technologien\/spritzgiessen\/","url":"https:\/\/vosfoxmedical.com\/de\/technologien\/spritzgiessen\/","name":"Spritzgie\u00dfen | kleine St\u00fcckzahlen | kleine Teile | Mikroformen","isPartOf":{"@id":"https:\/\/vosfoxmedical.com\/de\/#website"},"datePublished":"2023-06-01T15:56:09+00:00","dateModified":"2024-10-09T12:01:59+00:00","description":"Vosfox Medical kann Komponenten f\u00fcr medizinische Ger\u00e4te mit 3D-Druck und Spritzguss herstellen. Lassen Sie uns besprechen, was die beste Wahl f\u00fcr Sie ist.","breadcrumb":{"@id":"https:\/\/vosfoxmedical.com\/de\/technologien\/spritzgiessen\/#breadcrumb"},"inLanguage":"de","potentialAction":[{"@type":"ReadAction","target":["https:\/\/vosfoxmedical.com\/de\/technologien\/spritzgiessen\/"]}]},{"@type":"BreadcrumbList","@id":"https:\/\/vosfoxmedical.com\/de\/technologien\/spritzgiessen\/#breadcrumb","itemListElement":[{"@type":"ListItem","position":1,"name":"Home","item":"https:\/\/vosfoxmedical.com\/de\/willkommen-bei-vosfox-medical\/"},{"@type":"ListItem","position":2,"name":"Technologien","item":"https:\/\/vosfoxmedical.com\/de\/?page_id=2492"},{"@type":"ListItem","position":3,"name":"Spritzgie\u00dfen"}]},{"@type":"WebSite","@id":"https:\/\/vosfoxmedical.com\/de\/#website","url":"https:\/\/vosfoxmedical.com\/de\/","name":"vosfoxmedical.com","description":"Low-volume contract manufacturing organisation","publisher":{"@id":"https:\/\/vosfoxmedical.com\/de\/#organization"},"potentialAction":[{"@type":"SearchAction","target":{"@type":"EntryPoint","urlTemplate":"https:\/\/vosfoxmedical.com\/de\/?s={search_term_string}"},"query-input":{"@type":"PropertyValueSpecification","valueRequired":true,"valueName":"search_term_string"}}],"inLanguage":"de"},{"@type":"Organization","@id":"https:\/\/vosfoxmedical.com\/de\/#organization","name":"Vosfox Medical","url":"https:\/\/vosfoxmedical.com\/de\/","logo":{"@type":"ImageObject","inLanguage":"de","@id":"https:\/\/vosfoxmedical.com\/de\/#\/schema\/logo\/image\/","url":"https:\/\/i0.wp.com\/vosfoxmedical.com\/wp-content\/uploads\/2021\/06\/vosfox_medical_logo.png?fit=8594%2C2813&ssl=1","contentUrl":"https:\/\/i0.wp.com\/vosfoxmedical.com\/wp-content\/uploads\/2021\/06\/vosfox_medical_logo.png?fit=8594%2C2813&ssl=1","width":8594,"height":2813,"caption":"Vosfox Medical"},"image":{"@id":"https:\/\/vosfoxmedical.com\/de\/#\/schema\/logo\/image\/"},"sameAs":["https:\/\/www.facebook.com\/Vosfoxmedical","https:\/\/x.com\/svndevos","https:\/\/www.instagram.com\/","https:\/\/www.linkedin.com\/company\/11022599\/"]}]}},"jetpack-related-posts":[],"jetpack_sharing_enabled":true,"_links":{"self":[{"href":"https:\/\/vosfoxmedical.com\/de\/wp-json\/wp\/v2\/pages\/2894","targetHints":{"allow":["GET"]}}],"collection":[{"href":"https:\/\/vosfoxmedical.com\/de\/wp-json\/wp\/v2\/pages"}],"about":[{"href":"https:\/\/vosfoxmedical.com\/de\/wp-json\/wp\/v2\/types\/page"}],"author":[{"embeddable":true,"href":"https:\/\/vosfoxmedical.com\/de\/wp-json\/wp\/v2\/users\/3"}],"replies":[{"embeddable":true,"href":"https:\/\/vosfoxmedical.com\/de\/wp-json\/wp\/v2\/comments?post=2894"}],"version-history":[{"count":2,"href":"https:\/\/vosfoxmedical.com\/de\/wp-json\/wp\/v2\/pages\/2894\/revisions"}],"predecessor-version":[{"id":2905,"href":"https:\/\/vosfoxmedical.com\/de\/wp-json\/wp\/v2\/pages\/2894\/revisions\/2905"}],"up":[{"embeddable":true,"href":"https:\/\/vosfoxmedical.com\/de\/wp-json\/wp\/v2\/pages\/2492"}],"wp:attachment":[{"href":"https:\/\/vosfoxmedical.com\/de\/wp-json\/wp\/v2\/media?parent=2894"}],"curies":[{"name":"wp","href":"https:\/\/api.w.org\/{rel}","templated":true}]}}