{"id":2881,"date":"2023-05-15T11:41:07","date_gmt":"2023-05-15T10:41:07","guid":{"rendered":"https:\/\/vosfoxmedical.com\/entwicklung\/auswahl-von-material-und-lieferanten\/"},"modified":"2024-10-09T13:01:58","modified_gmt":"2024-10-09T12:01:58","slug":"auswahl-von-material-und-lieferanten","status":"publish","type":"page","link":"https:\/\/vosfoxmedical.com\/de\/dienstleistungen-2\/entwicklung\/auswahl-von-material-und-lieferanten\/","title":{"rendered":"Auswahl von Material und Lieferanten"},"content":{"rendered":"\t<section class=\"section dark\" id=\"section_1579881828\">\n\t\t<div class=\"bg section-bg fill bg-fill  \" >\n\n\t\t\t\n\t\t\t<div class=\"section-bg-overlay absolute fill\"><\/div>\n\t\t\t\n\n\t\t<\/div>\n\n\t\t\n\n\t\t<div class=\"section-content relative\">\n\t\t\t\n<div class=\"row\" style=\"max-width:1300px\" id=\"row-759988274\">\n\n\t<div id=\"col-2104417165\" class=\"col medium-12 small-12 large-8\"  >\n\t\t\t\t<div class=\"col-inner\"  >\n\t\t\t\n\t\t\t\n\t<div id=\"text-2578603765\" class=\"text\">\n\t\t\n<h1 class=\"entry-title\">Auswahl von Material und Lieferanten<\/h1>\n\t\t\n<style>\n#text-2578603765 {\n  font-size: 2.75rem;\n}\n<\/style>\n\t<\/div>\n\t\n\t\t<\/div>\n\t\t\t\t\t<\/div>\n\n\t\n<\/div>\n\t\t<\/div>\n\n\t\t\n<style>\n#section_1579881828 {\n  padding-top: 30px;\n  padding-bottom: 30px;\n  min-height: 400px;\n  background-color: rgb(239, 167, 0);\n}\n#section_1579881828 .section-bg-overlay {\n  background-color: rgba(239, 167, 0, 0.773);\n}\n#section_1579881828 .section-bg.bg-loaded {\n  background-image: url(https:\/\/vosfoxmedical.com\/wp-content\/uploads\/2021\/06\/img-thunderstorm.jpg);\n}\n#section_1579881828 .section-bg {\n  background-position: 90% 59%;\n}\n#section_1579881828 .ux-shape-divider--top svg {\n  height: 150px;\n  --divider-top-width: 100%;\n}\n#section_1579881828 .ux-shape-divider--bottom svg {\n  height: 150px;\n  --divider-width: 100%;\n}\n@media (min-width:550px) {\n  #section_1579881828 {\n    min-height: 400px;\n  }\n}\n@media (min-width:850px) {\n  #section_1579881828 {\n    min-height: 600px;\n  }\n}\n<\/style>\n\t<\/section>\n\t\n<div class=\"row align-bottom\" style=\"max-width:1300px\" id=\"row-879293135\">\n\n\t<div id=\"col-401879843\" class=\"col medium-12 small-12 large-4\"  >\n\t\t\t\t<div class=\"col-inner\"  >\n\t\t\t\n\t\t\t\n\t<div id=\"gap-1593447483\" class=\"gap-element clearfix\" style=\"display:block; height:auto;\">\n\t\t\n<style>\n#gap-1593447483 {\n  padding-top: 0px;\n}\n@media (min-width:550px) {\n  #gap-1593447483 {\n    padding-top: 0px;\n  }\n}\n@media (min-width:850px) {\n  #gap-1593447483 {\n    padding-top: 35px;\n  }\n}\n<\/style>\n\t<\/div>\n\t\n\t\t<\/div>\n\t\t\t\t\t<\/div>\n\n\t\n\n\t<div id=\"col-999332172\" class=\"col medium-12 small-12 large-8 medium-col-first\"  >\n\t\t\t\t<div class=\"col-inner\"  >\n\t\t\t\n\t\t\t\n\n  <div class=\"banner has-hover\" id=\"banner-1541554264\">\n          <div class=\"banner-inner fill\">\n        <div class=\"banner-bg fill\" >\n            <div class=\"bg fill bg-fill \"><\/div>\n                                    \n                    <\/div>\n\t\t\n        <div class=\"banner-layers container\">\n            <div class=\"fill banner-link\"><\/div>            \n        <\/div>\n      <\/div>\n\n            \n<style>\n#banner-1541554264 {\n  padding-top: 300px;\n  background-color: rgb(255,255,255);\n}\n#banner-1541554264 .bg.bg-loaded {\n  background-image: url(https:\/\/vosfoxmedical.com\/wp-content\/uploads\/2023\/09\/ropes-material-selection-scaled.jpg);\n}\n#banner-1541554264 .bg {\n  background-position: 68% 94%;\n}\n#banner-1541554264 .ux-shape-divider--top svg {\n  height: 150px;\n  --divider-top-width: 100%;\n}\n#banner-1541554264 .ux-shape-divider--bottom svg {\n  height: 150px;\n  --divider-width: 100%;\n}\n@media (min-width:550px) {\n  #banner-1541554264 {\n    padding-top: 600px;\n  }\n}\n<\/style>\n  <\/div>\n\n\n\t\t<\/div>\n\t\t\t\t\n<style>\n#col-999332172 > .col-inner {\n  margin: -120px 0px 0px 0px;\n}\n@media (min-width:550px) {\n  #col-999332172 > .col-inner {\n    margin: -120px 0px 0px 0px;\n  }\n}\n@media (min-width:850px) {\n  #col-999332172 > .col-inner {\n    margin: -500px 0px 0px 0px;\n  }\n}\n<\/style>\n\t<\/div>\n\n\t\n<\/div>\n\t<section class=\"section\" id=\"section_2110270907\">\n\t\t<div class=\"bg section-bg fill bg-fill  bg-loaded\" >\n\n\t\t\t\n\t\t\t\n\t\t\t\n\n\t\t<\/div>\n\n\t\t\n\n\t\t<div class=\"section-content relative\">\n\t\t\t\n<div class=\"row row-large align-equal align-right\"  id=\"row-1668585606\">\n\n\t<div id=\"col-1495230387\" class=\"col medium-12 small-12 large-12\"  >\n\t\t\t\t<div class=\"col-inner\"  >\n\t\t\t\n\t\t\t\n<p class=\"lead\">Einer der ersten Schritte auf dem Weg zu klinischen Produkten ist die Auswahl von Materialien und Lieferanten.<br \/>\nF\u00fcr Vosfox Medical spielt es keine Rolle, ob Sie noch nicht wissen, welches Material Sie verwenden m\u00f6chten oder ob das Material und der Lieferant bereits feststehen.<br \/>\nWir k\u00f6nnen Sie mit den folgenden Dienstleistungen unterst\u00fctzen.  <\/p>\n\t<div id=\"gap-598082840\" class=\"gap-element clearfix\" style=\"display:block; height:auto;\">\n\t\t\n<style>\n#gap-598082840 {\n  padding-top: 70px;\n}\n<\/style>\n\t<\/div>\n\t\n\t\t<\/div>\n\t\t\t\t\t<\/div>\n\n\t\n<\/div>\n<div class=\"row\"  id=\"row-1602250228\">\n\n\t<div id=\"col-1894381049\" class=\"col medium-6 small-12 large-6\"  >\n\t\t\t\t<div class=\"col-inner\"  >\n\t\t\t\n\t\t\t\n\n  <div class=\"banner has-hover\" id=\"banner-1875189908\">\n          <div class=\"banner-inner fill\">\n        <div class=\"banner-bg fill\" >\n            <div class=\"bg fill bg-fill \"><\/div>\n                                    \n                    <\/div>\n\t\t\n        <div class=\"banner-layers container\">\n            <div class=\"fill banner-link\"><\/div>            \n   <div id=\"text-box-47473997\" class=\"text-box banner-layer x50 md-x50 lg-x50 y50 md-y50 lg-y50 res-text\">\n                                <div class=\"text-box-content text dark\">\n              \n              <div class=\"text-inner text-center\">\n                  \n              <\/div>\n           <\/div>\n                            \n<style>\n#text-box-47473997 {\n  width: 60%;\n}\n#text-box-47473997 .text-box-content {\n  font-size: 100%;\n}\n<\/style>\n    <\/div>\n \n        <\/div>\n      <\/div>\n\n            \n<style>\n#banner-1875189908 {\n  padding-top: 195px;\n}\n#banner-1875189908 .bg.bg-loaded {\n  background-image: url(https:\/\/i0.wp.com\/vosfoxmedical.com\/wp-content\/uploads\/2023\/09\/cups-blue-polymers-material-selection-scaled.jpeg?fit=1020%2C681&ssl=1);\n}\n#banner-1875189908 .ux-shape-divider--top svg {\n  height: 150px;\n  --divider-top-width: 100%;\n}\n#banner-1875189908 .ux-shape-divider--bottom svg {\n  height: 150px;\n  --divider-width: 100%;\n}\n<\/style>\n  <\/div>\n\n\n\t\t<\/div>\n\t\t\t\t\t<\/div>\n\n\t\n\n\t<div id=\"col-856696334\" class=\"col medium-6 small-12 large-6\"  >\n\t\t\t\t<div class=\"col-inner\"  >\n\t\t\t\n\t\t\t\n<h2>Materialauswahl<\/h2>\n<p>Sie haben einen Entwurf und sogar einige Muster angefertigt, aber die endg\u00fcltige Wahl der Materialien ist noch nicht getroffen.<br \/>\nWir k\u00f6nnen Ihnen bei der Materialauswahl helfen, je nach den Anforderungen und der Anwendung Ihres Ger\u00e4ts oder Ihrer Komponente.<br \/>\nWir k\u00f6nnen Tests durchf\u00fchren oder organisieren, um die Eignung des gew\u00e4hlten Materials zu best\u00e4tigen.<br \/>\nNat\u00fcrlich k\u00f6nnen wir Ihnen auch einen Lieferanten vorschlagen.   <\/p>\n\t\t<\/div>\n\t\t\t\t\t<\/div>\n\n\t\n<\/div>\n\t<div id=\"gap-1973445744\" class=\"gap-element clearfix\" style=\"display:block; height:auto;\">\n\t\t\n<style>\n#gap-1973445744 {\n  padding-top: 70px;\n}\n<\/style>\n\t<\/div>\n\t\n<div class=\"row row-small\"  id=\"row-1132028733\">\n\n\t<div id=\"col-702408636\" class=\"col medium-6 small-11 large-6\"  >\n\t\t\t\t<div class=\"col-inner\"  >\n\t\t\t\n\t\t\t\n<h2>Auswahl und Qualifizierung von Lieferanten<\/h2>\n<p>Vielleicht wissen Sie bereits, welches Material Sie verwenden m\u00f6chten.<br \/>\nSie haben bereits mehrere Versuche mit diesem Material durchgef\u00fchrt.<br \/>\nBisher haben Sie jedoch Materialien in technischer oder Laborqualit\u00e4t verwendet.<br \/>\nDies ist vielleicht nicht die richtige Qualit\u00e4t f\u00fcr Ihre Anwendung oder der Lieferant kann die gesetzlichen und qualitativen Anforderungen (wie z.B. \u00c4nderungskontrolle) nicht erf\u00fcllen.<br \/>\nWir k\u00f6nnen einen Lieferanten f\u00fcr Sie finden.    <\/p>\n<p>Alle kritischen Lieferanten m\u00fcssen qualifiziert sein.<br \/>\nWir holen die erforderlichen Informationen \u00fcber das Produkt und den Lieferanten ein, z. B. technische und Sicherheitsdatenbl\u00e4tter, ISO-Zertifikate, REACH- oder andere Erkl\u00e4rungen.<br \/>\nF\u00fcr kritische Produkte und Unterlieferanten schlie\u00dfen wir eine Qualit\u00e4tssicherungsvereinbarung (QAA) mit dem Lieferanten ab und k\u00f6nnen Lieferantenaudits durchf\u00fchren.  <\/p>\n\t\t<\/div>\n\t\t\t\t\n<style>\n#col-702408636 > .col-inner {\n  padding: 0px 0px 0px 0;\n}\n@media (min-width:550px) {\n  #col-702408636 > .col-inner {\n    padding: 0px 0px 0px 0;\n  }\n}\n<\/style>\n\t<\/div>\n\n\t\n\n\t<div id=\"col-2002806304\" class=\"col medium-6 small-11 large-6\"  >\n\t\t\t\t<div class=\"col-inner\"  >\n\t\t\t\n\t\t\t\n\n  <div class=\"banner has-hover\" id=\"banner-1702834590\">\n          <div class=\"banner-inner fill\">\n        <div class=\"banner-bg fill\" >\n            <div class=\"bg fill bg-fill \"><\/div>\n                                    \n                    <\/div>\n\t\t\n        <div class=\"banner-layers container\">\n            <div class=\"fill banner-link\"><\/div>            \n   <div id=\"text-box-1856472474\" class=\"text-box banner-layer x50 md-x50 lg-x50 y50 md-y50 lg-y50 res-text\">\n                                <div class=\"text-box-content text dark\">\n              \n              <div class=\"text-inner text-center\">\n                  \n              <\/div>\n           <\/div>\n                            \n<style>\n#text-box-1856472474 {\n  width: 60%;\n}\n#text-box-1856472474 .text-box-content {\n  font-size: 100%;\n}\n<\/style>\n    <\/div>\n \n        <\/div>\n      <\/div>\n\n            \n<style>\n#banner-1702834590 {\n  padding-top: 402px;\n}\n#banner-1702834590 .bg.bg-loaded {\n  background-image: url(https:\/\/i0.wp.com\/vosfoxmedical.com\/wp-content\/uploads\/2023\/09\/top-rated-seller.jpg?fit=642%2C640&ssl=1);\n}\n#banner-1702834590 .ux-shape-divider--top svg {\n  height: 150px;\n  --divider-top-width: 100%;\n}\n#banner-1702834590 .ux-shape-divider--bottom svg {\n  height: 150px;\n  --divider-width: 100%;\n}\n<\/style>\n  <\/div>\n\n\n\t\t<\/div>\n\t\t\t\t\n<style>\n#col-2002806304 > .col-inner {\n  padding: 0px 0px 0px 0;\n}\n@media (min-width:550px) {\n  #col-2002806304 > .col-inner {\n    padding: 0px 0px 0px 0;\n  }\n}\n<\/style>\n\t<\/div>\n\n\t\n<\/div>\n\t<div id=\"gap-1615275530\" class=\"gap-element clearfix\" style=\"display:block; height:auto;\">\n\t\t\n<style>\n#gap-1615275530 {\n  padding-top: 70px;\n}\n<\/style>\n\t<\/div>\n\t\n<div class=\"row\"  id=\"row-1506641950\">\n\n\t<div id=\"col-594567199\" class=\"col medium-6 small-12 large-6\"  >\n\t\t\t\t<div class=\"col-inner\"  >\n\t\t\t\n\t\t\t\n\n  <div class=\"banner has-hover\" id=\"banner-993852206\">\n          <div class=\"banner-inner fill\">\n        <div class=\"banner-bg fill\" >\n            <div class=\"bg fill bg-fill \"><\/div>\n                                    \n                    <\/div>\n\t\t\n        <div class=\"banner-layers container\">\n            <div class=\"fill banner-link\"><\/div>            \n   <div id=\"text-box-1279751449\" class=\"text-box banner-layer x50 md-x50 lg-x50 y50 md-y50 lg-y50 res-text\">\n                                <div class=\"text-box-content text dark\">\n              \n              <div class=\"text-inner text-center\">\n                  \n              <\/div>\n           <\/div>\n                            \n<style>\n#text-box-1279751449 {\n  width: 60%;\n}\n#text-box-1279751449 .text-box-content {\n  font-size: 100%;\n}\n<\/style>\n    <\/div>\n \n        <\/div>\n      <\/div>\n\n            \n<style>\n#banner-993852206 {\n  padding-top: 325px;\n}\n#banner-993852206 .bg.bg-loaded {\n  background-image: url(https:\/\/i0.wp.com\/vosfoxmedical.com\/wp-content\/uploads\/2023\/09\/Photo-Monitoring-scaled.jpeg?fit=1020%2C680&ssl=1);\n}\n#banner-993852206 .ux-shape-divider--top svg {\n  height: 150px;\n  --divider-top-width: 100%;\n}\n#banner-993852206 .ux-shape-divider--bottom svg {\n  height: 150px;\n  --divider-width: 100%;\n}\n<\/style>\n  <\/div>\n\n\n\t\t<\/div>\n\t\t\t\t\t<\/div>\n\n\t\n\n\t<div id=\"col-1473539241\" class=\"col medium-6 small-12 large-6\"  >\n\t\t\t\t<div class=\"col-inner\"  >\n\t\t\t\n\t\t\t\n<h2>\u00dcberwachung<\/h2>\n<p>Die \u00dcberwachung von Lieferanten ist ein wesentlicher Bestandteil des Qualit\u00e4tssystems.<br \/>\nDie \u00dcberwachungsaktivit\u00e4ten h\u00e4ngen vom Risiko, der Kritikalit\u00e4t des Produkts und der Leistung des Lieferanten im vorangegangenen Zeitraum ab.<br \/>\nDie \u00dcberwachung kann durch die \u00dcberpr\u00fcfung und Bewertung der Leistung des Lieferanten, durch das Versenden von Frageb\u00f6gen oder durch ein Audit vor Ort erfolgen.  <\/p>\n\t\t<\/div>\n\t\t\t\t\t<\/div>\n\n\t\n<\/div>\n<div class=\"row\"  id=\"row-760668663\">\n\n\t<div id=\"col-1614727146\" class=\"col medium-6 small-12 large-6\"  >\n\t\t\t\t<div class=\"col-inner\"  >\n\t\t\t\n\t\t\t\n\t\t<\/div>\n\t\t\t\t\t<\/div>\n\n\t\n\n\t<div id=\"col-240753734\" class=\"col medium-6 small-12 large-6\"  >\n\t\t\t\t<div class=\"col-inner\"  >\n\t\t\t\n\t\t\t\n<a href=\"https:\/\/vosfoxmedical.com\/services\/\" target=\"_self\" class=\"button primary\"  >\n    <span>Zur\u00fcck zur \u00dcbersichtsseite Entwicklung<\/span>\n  <\/a>\n\n\t\t<\/div>\n\t\t\t\t\t<\/div>\n\n\t\n<\/div>\n\t\t<\/div>\n\n\t\t\n<style>\n#section_2110270907 {\n  padding-top: 30px;\n  padding-bottom: 30px;\n}\n#section_2110270907 .ux-shape-divider--top svg {\n  height: 150px;\n  --divider-top-width: 100%;\n}\n#section_2110270907 .ux-shape-divider--bottom svg {\n  height: 150px;\n  --divider-width: 100%;\n}\n@media (min-width:550px) {\n  #section_2110270907 {\n    padding-top: 70px;\n    padding-bottom: 70px;\n  }\n}\n<\/style>\n\t<\/section>\n\t\n","protected":false},"excerpt":{"rendered":"","protected":false},"author":3,"featured_media":0,"parent":2791,"menu_order":0,"comment_status":"closed","ping_status":"closed","template":"page-blank.php","meta":{"footnotes":""},"class_list":["post-2881","page","type-page","status-publish","hentry"],"yoast_head":"<!-- This site is optimized with the Yoast SEO Premium plugin v24.2 (Yoast SEO v27.6) - https:\/\/yoast.com\/product\/yoast-seo-premium-wordpress\/ -->\n<title>Auswahl von Material und Lieferanten | Weg zum klinischen Produkt<\/title>\n<meta name=\"description\" content=\"Auf dem Weg zur klinischen Produktion ist die Material- und Lieferantenauswahl wichtig, bei der Vosfox Medical Sie unterst\u00fctzen kann.\" \/>\n<meta name=\"robots\" content=\"index, follow, max-snippet:-1, max-image-preview:large, max-video-preview:-1\" \/>\n<link rel=\"canonical\" href=\"https:\/\/vosfoxmedical.com\/de\/dienstleistungen-2\/entwicklung\/auswahl-von-material-und-lieferanten\/\" \/>\n<meta property=\"og:locale\" content=\"de_DE\" \/>\n<meta property=\"og:type\" content=\"article\" \/>\n<meta property=\"og:title\" content=\"Auswahl von Material und Lieferanten\" \/>\n<meta property=\"og:description\" content=\"Auf dem Weg zur klinischen Produktion ist die Material- und Lieferantenauswahl wichtig, bei der Vosfox Medical Sie unterst\u00fctzen kann.\" \/>\n<meta property=\"og:url\" content=\"https:\/\/vosfoxmedical.com\/de\/dienstleistungen-2\/entwicklung\/auswahl-von-material-und-lieferanten\/\" \/>\n<meta property=\"og:site_name\" content=\"Vosfox Medical\" \/>\n<meta property=\"article:publisher\" content=\"https:\/\/www.facebook.com\/Vosfoxmedical\" \/>\n<meta property=\"article:modified_time\" content=\"2024-10-09T12:01:58+00:00\" \/>\n<meta name=\"twitter:card\" content=\"summary_large_image\" \/>\n<meta name=\"twitter:site\" content=\"@svndevos\" \/>\n<meta name=\"twitter:label1\" content=\"Gesch\u00e4tzte Lesezeit\" \/>\n\t<meta name=\"twitter:data1\" content=\"3\u00a0Minuten\" \/>\n<script type=\"application\/ld+json\" class=\"yoast-schema-graph\">{\"@context\":\"https:\\\/\\\/schema.org\",\"@graph\":[{\"@type\":\"WebPage\",\"@id\":\"https:\\\/\\\/vosfoxmedical.com\\\/de\\\/dienstleistungen-2\\\/entwicklung\\\/auswahl-von-material-und-lieferanten\\\/\",\"url\":\"https:\\\/\\\/vosfoxmedical.com\\\/de\\\/dienstleistungen-2\\\/entwicklung\\\/auswahl-von-material-und-lieferanten\\\/\",\"name\":\"Auswahl von Material und Lieferanten | Weg zum klinischen Produkt\",\"isPartOf\":{\"@id\":\"https:\\\/\\\/vosfoxmedical.com\\\/de\\\/#website\"},\"datePublished\":\"2023-05-15T10:41:07+00:00\",\"dateModified\":\"2024-10-09T12:01:58+00:00\",\"description\":\"Auf dem Weg zur klinischen Produktion ist die Material- und Lieferantenauswahl wichtig, bei der Vosfox Medical Sie unterst\u00fctzen kann.\",\"breadcrumb\":{\"@id\":\"https:\\\/\\\/vosfoxmedical.com\\\/de\\\/dienstleistungen-2\\\/entwicklung\\\/auswahl-von-material-und-lieferanten\\\/#breadcrumb\"},\"inLanguage\":\"de\",\"potentialAction\":[{\"@type\":\"ReadAction\",\"target\":[\"https:\\\/\\\/vosfoxmedical.com\\\/de\\\/dienstleistungen-2\\\/entwicklung\\\/auswahl-von-material-und-lieferanten\\\/\"]}]},{\"@type\":\"BreadcrumbList\",\"@id\":\"https:\\\/\\\/vosfoxmedical.com\\\/de\\\/dienstleistungen-2\\\/entwicklung\\\/auswahl-von-material-und-lieferanten\\\/#breadcrumb\",\"itemListElement\":[{\"@type\":\"ListItem\",\"position\":1,\"name\":\"Home\",\"item\":\"https:\\\/\\\/vosfoxmedical.com\\\/de\\\/willkommen-bei-vosfox-medical\\\/\"},{\"@type\":\"ListItem\",\"position\":2,\"name\":\"Dienstleistungen\",\"item\":\"https:\\\/\\\/vosfoxmedical.com\\\/de\\\/dienstleistungen-2\\\/\"},{\"@type\":\"ListItem\",\"position\":3,\"name\":\"Entwicklung\",\"item\":\"https:\\\/\\\/vosfoxmedical.com\\\/de\\\/dienstleistungen-2\\\/entwicklung\\\/\"},{\"@type\":\"ListItem\",\"position\":4,\"name\":\"Auswahl von Material und Lieferanten\"}]},{\"@type\":\"WebSite\",\"@id\":\"https:\\\/\\\/vosfoxmedical.com\\\/de\\\/#website\",\"url\":\"https:\\\/\\\/vosfoxmedical.com\\\/de\\\/\",\"name\":\"vosfoxmedical.com\",\"description\":\"Low-volume contract manufacturing organisation\",\"publisher\":{\"@id\":\"https:\\\/\\\/vosfoxmedical.com\\\/de\\\/#organization\"},\"potentialAction\":[{\"@type\":\"SearchAction\",\"target\":{\"@type\":\"EntryPoint\",\"urlTemplate\":\"https:\\\/\\\/vosfoxmedical.com\\\/de\\\/?s={search_term_string}\"},\"query-input\":{\"@type\":\"PropertyValueSpecification\",\"valueRequired\":true,\"valueName\":\"search_term_string\"}}],\"inLanguage\":\"de\"},{\"@type\":\"Organization\",\"@id\":\"https:\\\/\\\/vosfoxmedical.com\\\/de\\\/#organization\",\"name\":\"Vosfox Medical\",\"url\":\"https:\\\/\\\/vosfoxmedical.com\\\/de\\\/\",\"logo\":{\"@type\":\"ImageObject\",\"inLanguage\":\"de\",\"@id\":\"https:\\\/\\\/vosfoxmedical.com\\\/de\\\/#\\\/schema\\\/logo\\\/image\\\/\",\"url\":\"https:\\\/\\\/i0.wp.com\\\/vosfoxmedical.com\\\/wp-content\\\/uploads\\\/2021\\\/06\\\/vosfox_medical_logo.png?fit=8594%2C2813&ssl=1\",\"contentUrl\":\"https:\\\/\\\/i0.wp.com\\\/vosfoxmedical.com\\\/wp-content\\\/uploads\\\/2021\\\/06\\\/vosfox_medical_logo.png?fit=8594%2C2813&ssl=1\",\"width\":8594,\"height\":2813,\"caption\":\"Vosfox Medical\"},\"image\":{\"@id\":\"https:\\\/\\\/vosfoxmedical.com\\\/de\\\/#\\\/schema\\\/logo\\\/image\\\/\"},\"sameAs\":[\"https:\\\/\\\/www.facebook.com\\\/Vosfoxmedical\",\"https:\\\/\\\/x.com\\\/svndevos\",\"https:\\\/\\\/www.instagram.com\\\/\",\"https:\\\/\\\/www.linkedin.com\\\/company\\\/11022599\\\/\"]}]}<\/script>\n<!-- \/ Yoast SEO Premium plugin. -->","yoast_head_json":{"title":"Auswahl von Material und Lieferanten | Weg zum klinischen Produkt","description":"Auf dem Weg zur klinischen Produktion ist die Material- und Lieferantenauswahl wichtig, bei der Vosfox Medical Sie unterst\u00fctzen kann.","robots":{"index":"index","follow":"follow","max-snippet":"max-snippet:-1","max-image-preview":"max-image-preview:large","max-video-preview":"max-video-preview:-1"},"canonical":"https:\/\/vosfoxmedical.com\/de\/dienstleistungen-2\/entwicklung\/auswahl-von-material-und-lieferanten\/","og_locale":"de_DE","og_type":"article","og_title":"Auswahl von Material und Lieferanten","og_description":"Auf dem Weg zur klinischen Produktion ist die Material- und Lieferantenauswahl wichtig, bei der Vosfox Medical Sie unterst\u00fctzen kann.","og_url":"https:\/\/vosfoxmedical.com\/de\/dienstleistungen-2\/entwicklung\/auswahl-von-material-und-lieferanten\/","og_site_name":"Vosfox Medical","article_publisher":"https:\/\/www.facebook.com\/Vosfoxmedical","article_modified_time":"2024-10-09T12:01:58+00:00","twitter_card":"summary_large_image","twitter_site":"@svndevos","twitter_misc":{"Gesch\u00e4tzte Lesezeit":"3\u00a0Minuten"},"schema":{"@context":"https:\/\/schema.org","@graph":[{"@type":"WebPage","@id":"https:\/\/vosfoxmedical.com\/de\/dienstleistungen-2\/entwicklung\/auswahl-von-material-und-lieferanten\/","url":"https:\/\/vosfoxmedical.com\/de\/dienstleistungen-2\/entwicklung\/auswahl-von-material-und-lieferanten\/","name":"Auswahl von Material und Lieferanten | Weg zum klinischen Produkt","isPartOf":{"@id":"https:\/\/vosfoxmedical.com\/de\/#website"},"datePublished":"2023-05-15T10:41:07+00:00","dateModified":"2024-10-09T12:01:58+00:00","description":"Auf dem Weg zur klinischen Produktion ist die Material- und Lieferantenauswahl wichtig, bei der Vosfox Medical Sie unterst\u00fctzen kann.","breadcrumb":{"@id":"https:\/\/vosfoxmedical.com\/de\/dienstleistungen-2\/entwicklung\/auswahl-von-material-und-lieferanten\/#breadcrumb"},"inLanguage":"de","potentialAction":[{"@type":"ReadAction","target":["https:\/\/vosfoxmedical.com\/de\/dienstleistungen-2\/entwicklung\/auswahl-von-material-und-lieferanten\/"]}]},{"@type":"BreadcrumbList","@id":"https:\/\/vosfoxmedical.com\/de\/dienstleistungen-2\/entwicklung\/auswahl-von-material-und-lieferanten\/#breadcrumb","itemListElement":[{"@type":"ListItem","position":1,"name":"Home","item":"https:\/\/vosfoxmedical.com\/de\/willkommen-bei-vosfox-medical\/"},{"@type":"ListItem","position":2,"name":"Dienstleistungen","item":"https:\/\/vosfoxmedical.com\/de\/dienstleistungen-2\/"},{"@type":"ListItem","position":3,"name":"Entwicklung","item":"https:\/\/vosfoxmedical.com\/de\/dienstleistungen-2\/entwicklung\/"},{"@type":"ListItem","position":4,"name":"Auswahl von Material und Lieferanten"}]},{"@type":"WebSite","@id":"https:\/\/vosfoxmedical.com\/de\/#website","url":"https:\/\/vosfoxmedical.com\/de\/","name":"vosfoxmedical.com","description":"Low-volume contract manufacturing organisation","publisher":{"@id":"https:\/\/vosfoxmedical.com\/de\/#organization"},"potentialAction":[{"@type":"SearchAction","target":{"@type":"EntryPoint","urlTemplate":"https:\/\/vosfoxmedical.com\/de\/?s={search_term_string}"},"query-input":{"@type":"PropertyValueSpecification","valueRequired":true,"valueName":"search_term_string"}}],"inLanguage":"de"},{"@type":"Organization","@id":"https:\/\/vosfoxmedical.com\/de\/#organization","name":"Vosfox Medical","url":"https:\/\/vosfoxmedical.com\/de\/","logo":{"@type":"ImageObject","inLanguage":"de","@id":"https:\/\/vosfoxmedical.com\/de\/#\/schema\/logo\/image\/","url":"https:\/\/i0.wp.com\/vosfoxmedical.com\/wp-content\/uploads\/2021\/06\/vosfox_medical_logo.png?fit=8594%2C2813&ssl=1","contentUrl":"https:\/\/i0.wp.com\/vosfoxmedical.com\/wp-content\/uploads\/2021\/06\/vosfox_medical_logo.png?fit=8594%2C2813&ssl=1","width":8594,"height":2813,"caption":"Vosfox Medical"},"image":{"@id":"https:\/\/vosfoxmedical.com\/de\/#\/schema\/logo\/image\/"},"sameAs":["https:\/\/www.facebook.com\/Vosfoxmedical","https:\/\/x.com\/svndevos","https:\/\/www.instagram.com\/","https:\/\/www.linkedin.com\/company\/11022599\/"]}]}},"jetpack-related-posts":[],"jetpack_sharing_enabled":true,"_links":{"self":[{"href":"https:\/\/vosfoxmedical.com\/de\/wp-json\/wp\/v2\/pages\/2881","targetHints":{"allow":["GET"]}}],"collection":[{"href":"https:\/\/vosfoxmedical.com\/de\/wp-json\/wp\/v2\/pages"}],"about":[{"href":"https:\/\/vosfoxmedical.com\/de\/wp-json\/wp\/v2\/types\/page"}],"author":[{"embeddable":true,"href":"https:\/\/vosfoxmedical.com\/de\/wp-json\/wp\/v2\/users\/3"}],"replies":[{"embeddable":true,"href":"https:\/\/vosfoxmedical.com\/de\/wp-json\/wp\/v2\/comments?post=2881"}],"version-history":[{"count":2,"href":"https:\/\/vosfoxmedical.com\/de\/wp-json\/wp\/v2\/pages\/2881\/revisions"}],"predecessor-version":[{"id":2887,"href":"https:\/\/vosfoxmedical.com\/de\/wp-json\/wp\/v2\/pages\/2881\/revisions\/2887"}],"up":[{"embeddable":true,"href":"https:\/\/vosfoxmedical.com\/de\/wp-json\/wp\/v2\/pages\/2791"}],"wp:attachment":[{"href":"https:\/\/vosfoxmedical.com\/de\/wp-json\/wp\/v2\/media?parent=2881"}],"curies":[{"name":"wp","href":"https:\/\/api.w.org\/{rel}","templated":true}]}}