{"id":2862,"date":"2023-05-15T15:07:22","date_gmt":"2023-05-15T14:07:22","guid":{"rendered":"https:\/\/vosfoxmedical.com\/validierung\/validierung-von-verpackung-und-transport\/"},"modified":"2024-10-09T13:01:58","modified_gmt":"2024-10-09T12:01:58","slug":"validierung-von-verpackung-und-transport","status":"publish","type":"page","link":"https:\/\/vosfoxmedical.com\/de\/dienstleistungen-2\/validierung\/validierung-von-verpackung-und-transport\/","title":{"rendered":"Validierung von Verpackung und Transport"},"content":{"rendered":"\t<section class=\"section dark\" id=\"section_597759522\">\n\t\t<div class=\"bg section-bg fill bg-fill  bg-loaded\" >\n\n\t\t\t\n\t\t\t<div class=\"section-bg-overlay absolute fill\"><\/div>\n\t\t\t\n\n\t\t<\/div>\n\n\t\t\n\n\t\t<div class=\"section-content relative\">\n\t\t\t\n<div class=\"row\" style=\"max-width:1300px\" id=\"row-1620538230\">\n\n\t<div id=\"col-1982984899\" class=\"col medium-12 small-12 large-8\"  >\n\t\t\t\t<div class=\"col-inner\"  >\n\t\t\t\n\t\t\t\n\t<div id=\"text-3073123371\" class=\"text\">\n\t\t\n<h1 class=\"entry-title\">Validierung von Verpackung und Transport<\/h1>\n\t\t\n<style>\n#text-3073123371 {\n  font-size: 2.75rem;\n}\n<\/style>\n\t<\/div>\n\t\n\t\t<\/div>\n\t\t\t\t\t<\/div>\n\n\t\n<\/div>\n\t\t<\/div>\n\n\t\t\n<style>\n#section_597759522 {\n  padding-top: 30px;\n  padding-bottom: 30px;\n  min-height: 400px;\n  background-color: rgb(239, 167, 0);\n}\n#section_597759522 .section-bg-overlay {\n  background-color: rgba(239, 167, 0, 0.773);\n}\n#section_597759522 .ux-shape-divider--top svg {\n  height: 150px;\n  --divider-top-width: 100%;\n}\n#section_597759522 .ux-shape-divider--bottom svg {\n  height: 150px;\n  --divider-width: 100%;\n}\n@media (min-width:550px) {\n  #section_597759522 {\n    min-height: 400px;\n  }\n}\n@media (min-width:850px) {\n  #section_597759522 {\n    min-height: 600px;\n  }\n}\n<\/style>\n\t<\/section>\n\t\n<div class=\"row align-bottom\" style=\"max-width:1300px\" id=\"row-2081365898\">\n\n\t<div id=\"col-673737864\" class=\"col medium-12 small-12 large-4\"  >\n\t\t\t\t<div class=\"col-inner\"  >\n\t\t\t\n\t\t\t\n\t<div id=\"gap-1135686228\" class=\"gap-element clearfix\" style=\"display:block; height:auto;\">\n\t\t\n<style>\n#gap-1135686228 {\n  padding-top: 0px;\n}\n@media (min-width:550px) {\n  #gap-1135686228 {\n    padding-top: 0px;\n  }\n}\n@media (min-width:850px) {\n  #gap-1135686228 {\n    padding-top: 35px;\n  }\n}\n<\/style>\n\t<\/div>\n\t\n\t\t<\/div>\n\t\t\t\t\t<\/div>\n\n\t\n\n\t<div id=\"col-2004893992\" class=\"col medium-12 small-12 large-8 medium-col-first\"  >\n\t\t\t\t<div class=\"col-inner\"  >\n\t\t\t\n\t\t\t\n\n  <div class=\"banner has-hover\" id=\"banner-963276523\">\n          <div class=\"banner-inner fill\">\n        <div class=\"banner-bg fill\" >\n            <div class=\"bg fill bg-fill \"><\/div>\n                                    \n                    <\/div>\n\t\t\n        <div class=\"banner-layers container\">\n            <div class=\"fill banner-link\"><\/div>            \n        <\/div>\n      <\/div>\n\n            \n<style>\n#banner-963276523 {\n  padding-top: 300px;\n  background-color: rgb(255,255,255);\n}\n#banner-963276523 .bg.bg-loaded {\n  background-image: url(https:\/\/vosfoxmedical.com\/wp-content\/uploads\/2023\/05\/photo-packaging-validation.jpg);\n}\n#banner-963276523 .bg {\n  background-position: 68% 94%;\n}\n#banner-963276523 .ux-shape-divider--top svg {\n  height: 150px;\n  --divider-top-width: 100%;\n}\n#banner-963276523 .ux-shape-divider--bottom svg {\n  height: 150px;\n  --divider-width: 100%;\n}\n@media (min-width:550px) {\n  #banner-963276523 {\n    padding-top: 600px;\n  }\n}\n<\/style>\n  <\/div>\n\n\n\t\t<\/div>\n\t\t\t\t\n<style>\n#col-2004893992 > .col-inner {\n  margin: -120px 0px 0px 0px;\n}\n@media (min-width:550px) {\n  #col-2004893992 > .col-inner {\n    margin: -120px 0px 0px 0px;\n  }\n}\n@media (min-width:850px) {\n  #col-2004893992 > .col-inner {\n    margin: -500px 0px 0px 0px;\n  }\n}\n<\/style>\n\t<\/div>\n\n\t\n<\/div>\n\t<section class=\"section\" id=\"section_1863410103\">\n\t\t<div class=\"bg section-bg fill bg-fill  bg-loaded\" >\n\n\t\t\t\n\t\t\t\n\t\t\t\n\n\t\t<\/div>\n\n\t\t\n\n\t\t<div class=\"section-content relative\">\n\t\t\t\n<div class=\"row row-large align-equal align-right\"  id=\"row-1327426550\">\n\n\t<div id=\"col-1004428929\" class=\"col medium-12 small-12 large-12\"  >\n\t\t\t\t<div class=\"col-inner\"  >\n\t\t\t\n\t\t\t\n<p class=\"lead\">Wenn eine Validierung von Verpackung und Transport erforderlich ist, kann Vosfox Medical Sie bei der Erstellung des Protokolls und der Organisation der Tests unterst\u00fctzen.<br \/>\nWir k\u00f6nnen Standards wie ISO 11607 oder ASTM D-4169 befolgen. <\/p>\n<p class=\"lead\">Die Richtlinie \u00fcber Medizinprodukte enth\u00e4lt Anforderungen an die Verpackung von Medizinprodukten;<\/p>\n<ul>\n<li>\n<p class=\"lead\">Die Produkte sind so zu verpacken, dass ihre Eigenschaften und ihre Leistung w\u00e4hrend ihrer bestimmungsgem\u00e4\u00dfen Verwendung w\u00e4hrend des Transports und der Lagerung nicht beeintr\u00e4chtigt werden.<\/p>\n<\/li>\n<li>\n<p class=\"lead\">Produkte mit einem bestimmten mikrobiellen Status m\u00fcssen so verpackt werden, dass sie unter Transport- und Lagerbedingungen in diesem Zustand bleiben, wenn sie in Verkehr gebracht werden.<\/p>\n<\/li>\n<li>\n<p class=\"lead\">Die Verpackung muss sicherstellen, dass sie den sterilen Zustand bis zum Aufbrechen der Verpackung beibeh\u00e4lt.<\/p>\n<\/li>\n<\/ul>\n\t<div id=\"gap-798438352\" class=\"gap-element clearfix\" style=\"display:block; height:auto;\">\n\t\t\n<style>\n#gap-798438352 {\n  padding-top: 70px;\n}\n<\/style>\n\t<\/div>\n\t\n<div class=\"row\"  id=\"row-382017035\">\n\n\t<div id=\"col-545085266\" class=\"col medium-6 small-12 large-6\"  >\n\t\t\t\t<div class=\"col-inner\"  >\n\t\t\t\n\t\t\t\n\n  <div class=\"banner has-hover\" id=\"banner-1746727412\">\n          <div class=\"banner-inner fill\">\n        <div class=\"banner-bg fill\" >\n            <div class=\"bg fill bg-fill \"><\/div>\n                                    \n                    <\/div>\n\t\t\n        <div class=\"banner-layers container\">\n            <div class=\"fill banner-link\"><\/div>            \n   <div id=\"text-box-260340039\" class=\"text-box banner-layer x50 md-x50 lg-x50 y50 md-y50 lg-y50 res-text\">\n                                <div class=\"text-box-content text dark\">\n              \n              <div class=\"text-inner text-center\">\n                  \n              <\/div>\n           <\/div>\n                            \n<style>\n#text-box-260340039 {\n  width: 60%;\n}\n#text-box-260340039 .text-box-content {\n  font-size: 100%;\n}\n<\/style>\n    <\/div>\n \n        <\/div>\n      <\/div>\n\n            \n<style>\n#banner-1746727412 {\n  padding-top: 471px;\n}\n#banner-1746727412 .bg.bg-loaded {\n  background-image: url(https:\/\/i0.wp.com\/vosfoxmedical.com\/wp-content\/uploads\/2023\/05\/img-seal-strength.jpg?fit=950%2C633&ssl=1);\n}\n#banner-1746727412 .ux-shape-divider--top svg {\n  height: 150px;\n  --divider-top-width: 100%;\n}\n#banner-1746727412 .ux-shape-divider--bottom svg {\n  height: 150px;\n  --divider-width: 100%;\n}\n<\/style>\n  <\/div>\n\n\n\t\t<\/div>\n\t\t\t\t\t<\/div>\n\n\t\n\n\t<div id=\"col-1955381893\" class=\"col medium-6 small-12 large-6\"  >\n\t\t\t\t<div class=\"col-inner\"  >\n\t\t\t\n\t\t\t\n<h2>Verpackungsvalidierung &#8211; Siegelintegrit\u00e4t<\/h2>\n<p>  Wenn ein Produkt sterilisiert werden muss, muss das Produkt nach dem Sterilisationsprozess steril bleiben.<br \/>\nDaher wird eine Art von Sterilbarriereverpackung ausgew\u00e4hlt und getestet.<br \/>\nDie Siegel von Beuteln oder Blistern m\u00fcssen von guter Qualit\u00e4t sein, damit die sterile Barrierefunktion erhalten bleibt.<br \/>\nTests von Siegeln bestehen aus einer visuellen Inspektion, bei der gepr\u00fcft wird, ob:     <\/p>\n<ul>\n<li>unversiegelte Fl\u00e4chen<\/li>\n<li>inhomogene oder unterversiegelte Fl\u00e4chen<\/li>\n<li>\u00fcberwachte Bereiche<\/li>\n<li>schmale Siegel<\/li>\n<li>Kan\u00e4le<\/li>\n<li>Falten, F\u00e4ltchen oder Risse<\/li>\n<li>Risse oder Nadell\u00f6cher<\/li>\n<\/ul>\n<p>  Anschlie\u00dfend wird die Integrit\u00e4t des Siegels gepr\u00fcft, in der Regel durch Zugtests.<br \/>\nDie Mindestanforderungen an die Siegelst\u00e4rke als Akzeptanzkriterien werden mit den Ergebnissen einer Reihe von Proben verglichen.<\/p>\n\t\t<\/div>\n\t\t\t\t\t<\/div>\n\n\t\n<\/div>\n\t<div id=\"gap-769349414\" class=\"gap-element clearfix\" style=\"display:block; height:auto;\">\n\t\t\n<style>\n#gap-769349414 {\n  padding-top: 70px;\n}\n<\/style>\n\t<\/div>\n\t\n<div class=\"row\"  id=\"row-1358835507\">\n\n\t<div id=\"col-604147128\" class=\"col medium-6 small-12 large-6\"  >\n\t\t\t\t<div class=\"col-inner\"  >\n\t\t\t\n\t\t\t\n<h2>Verpackungsvalidierung &#8211; Integrit\u00e4t der Verpackung<\/h2>\n<p>  Es gibt mehrere Arten von Integrit\u00e4tstests.<br \/>\nBei diesen Tests wird die Integrit\u00e4t der gesamten Verpackung gepr\u00fcft, nicht nur die des Siegels.<br \/>\nG\u00e4ngige Arten von Tests sind:    <\/p>\n<ul>\n<li>Blasenlecktest<\/li>\n<li>Vakuum-Zerfallstests<\/li>\n<li>Farbeindringtests<\/li>\n<li>Burst-Tests.<\/li>\n<\/ul>\n<p>  Die Unversehrtheit des Siegels und der Verpackung muss \u00fcber den gesamten Zeitraum der Haltbarkeit getestet werden.<br \/>\nDie ausgew\u00e4hlten Tests werden zum Zeitpunkt 0 und zu ausgew\u00e4hlten Zeitpunkten f\u00fcr beschleunigte und Echtzeit-Tests getestet.<\/p>\n\t\t<\/div>\n\t\t\t\t\t<\/div>\n\n\t\n\n\t<div id=\"col-1918783988\" class=\"col medium-6 small-12 large-6\"  >\n\t\t\t\t<div class=\"col-inner\"  >\n\t\t\t\n\t\t\t\n\n  <div class=\"banner has-hover\" id=\"banner-1869971300\">\n          <div class=\"banner-inner fill\">\n        <div class=\"banner-bg fill\" >\n            <div class=\"bg fill bg-fill \"><\/div>\n                                    \n                    <\/div>\n\t\t\n        <div class=\"banner-layers container\">\n            <div class=\"fill banner-link\"><\/div>            \n   <div id=\"text-box-1510882953\" class=\"text-box banner-layer x50 md-x50 lg-x50 y50 md-y50 lg-y50 res-text\">\n                                <div class=\"text-box-content text dark\">\n              \n              <div class=\"text-inner text-center\">\n                  \n              <\/div>\n           <\/div>\n                            \n<style>\n#text-box-1510882953 {\n  width: 60%;\n}\n#text-box-1510882953 .text-box-content {\n  font-size: 100%;\n}\n<\/style>\n    <\/div>\n \n        <\/div>\n      <\/div>\n\n            \n<style>\n#banner-1869971300 {\n  padding-top: 400px;\n}\n#banner-1869971300 .bg.bg-loaded {\n  background-image: url(https:\/\/i0.wp.com\/vosfoxmedical.com\/wp-content\/uploads\/2023\/05\/img-bubble-leak-tester.png?fit=1000%2C600&ssl=1);\n}\n#banner-1869971300 .ux-shape-divider--top svg {\n  height: 150px;\n  --divider-top-width: 100%;\n}\n#banner-1869971300 .ux-shape-divider--bottom svg {\n  height: 150px;\n  --divider-width: 100%;\n}\n<\/style>\n  <\/div>\n\n\n\t\t<\/div>\n\t\t\t\t\t<\/div>\n\n\t\n<\/div>\n\t<div id=\"gap-1152942764\" class=\"gap-element clearfix\" style=\"display:block; height:auto;\">\n\t\t\n<style>\n#gap-1152942764 {\n  padding-top: 70px;\n}\n<\/style>\n\t<\/div>\n\t\n\t\t<\/div>\n\t\t\t\t\t<\/div>\n\n\t\n<\/div>\n<div class=\"row\"  id=\"row-1597127464\">\n\n\t<div id=\"col-483840691\" class=\"col medium-6 small-12 large-6\"  >\n\t\t\t\t<div class=\"col-inner\"  >\n\t\t\t\n\t\t\t\n\n  <div class=\"banner has-hover\" id=\"banner-719758803\">\n          <div class=\"banner-inner fill\">\n        <div class=\"banner-bg fill\" >\n            <div class=\"bg fill bg-fill \"><\/div>\n                                    \n                    <\/div>\n\t\t\n        <div class=\"banner-layers container\">\n            <div class=\"fill banner-link\"><\/div>            \n   <div id=\"text-box-1328021625\" class=\"text-box banner-layer x50 md-x50 lg-x50 y50 md-y50 lg-y50 res-text\">\n                                <div class=\"text-box-content text dark\">\n              \n              <div class=\"text-inner text-center\">\n                  \n              <\/div>\n           <\/div>\n                            \n<style>\n#text-box-1328021625 {\n  width: 60%;\n}\n#text-box-1328021625 .text-box-content {\n  font-size: 100%;\n}\n<\/style>\n    <\/div>\n \n        <\/div>\n      <\/div>\n\n            \n<style>\n#banner-719758803 {\n  padding-top: 489px;\n}\n#banner-719758803 .bg.bg-loaded {\n  background-image: url(https:\/\/i0.wp.com\/vosfoxmedical.com\/wp-content\/uploads\/2023\/05\/img-transport-testing.jpg?fit=400%2C266&ssl=1);\n}\n#banner-719758803 .ux-shape-divider--top svg {\n  height: 150px;\n  --divider-top-width: 100%;\n}\n#banner-719758803 .ux-shape-divider--bottom svg {\n  height: 150px;\n  --divider-width: 100%;\n}\n<\/style>\n  <\/div>\n\n\n\t\t<\/div>\n\t\t\t\t\t<\/div>\n\n\t\n\n\t<div id=\"col-322931610\" class=\"col medium-6 small-12 large-6\"  >\n\t\t\t\t<div class=\"col-inner\"  >\n\t\t\t\n\t\t\t\n<h2>Transport Validierung<\/h2>\n<p>  Die Art des Transporttests h\u00e4ngt von dem Risiko ab, dass das Produkt oder die Verpackung besch\u00e4digt wird, und von der Art des Transports.<br \/>\nEs ist m\u00f6glich, Fall- oder Sch\u00fctteltests durchzuf\u00fchren.<br \/>\nAuch Transporttests in Echtzeit, bei denen Standardkuriere eingesetzt werden und Pakete an die unsichersten Orte geschickt werden, k\u00f6nnen Teil der Validierungstests sein.<br \/>\nEs ist auch m\u00f6glich, Labortests gem\u00e4\u00df ASTM D4169 durchzuf\u00fchren, wobei die folgenden Tests durchgef\u00fchrt werden:     <\/p>\n<ul>\n<li>Falltest<\/li>\n<li>Vibrationstest<\/li>\n<li>Kompressionstest\/ Stapeln von Fahrzeugen<\/li>\n<li>H\u00f6hentest<\/li>\n<li>Test der klimatischen Bedingungen<\/li>\n<li>Horizontale Aufpralltests<\/li>\n<\/ul>\n<p>  Mit Ihrem Spezialisten f\u00fcr Regulierungsfragen k\u00f6nnen wir die notwendigen Tests besprechen.<\/p>\n\t\t<\/div>\n\t\t\t\t\t<\/div>\n\n\t\n<\/div>\n<div class=\"row\"  id=\"row-1868679541\">\n\n\t<div id=\"col-1278219005\" class=\"col medium-6 small-12 large-6\"  >\n\t\t\t\t<div class=\"col-inner\"  >\n\t\t\t\n\t\t\t\n\t\t<\/div>\n\t\t\t\t\t<\/div>\n\n\t\n\n\t<div id=\"col-198371294\" class=\"col medium-6 small-12 large-6\"  >\n\t\t\t\t<div class=\"col-inner\"  >\n\t\t\t\n\t\t\t\n<a href=\"https:\/\/vosfoxmedical.com\/services\/\" target=\"_self\" class=\"button primary\"  >\n    <span>Zur\u00fcck zur \u00dcbersichtsseite Pre-Production Development<\/span>\n  <\/a>\n\n\t\t<\/div>\n\t\t\t\t\t<\/div>\n\n\t\n<\/div>\n\t\t<\/div>\n\n\t\t\n<style>\n#section_1863410103 {\n  padding-top: 30px;\n  padding-bottom: 30px;\n}\n#section_1863410103 .ux-shape-divider--top svg {\n  height: 150px;\n  --divider-top-width: 100%;\n}\n#section_1863410103 .ux-shape-divider--bottom svg {\n  height: 150px;\n  --divider-width: 100%;\n}\n@media (min-width:550px) {\n  #section_1863410103 {\n    padding-top: 70px;\n    padding-bottom: 70px;\n  }\n}\n<\/style>\n\t<\/section>\n\t\n","protected":false},"excerpt":{"rendered":"","protected":false},"author":3,"featured_media":0,"parent":2476,"menu_order":0,"comment_status":"closed","ping_status":"closed","template":"page-blank.php","meta":{"footnotes":""},"class_list":["post-2862","page","type-page","status-publish","hentry"],"yoast_head":"<!-- This site is optimized with the Yoast SEO Premium plugin v24.2 (Yoast SEO v27.5) - https:\/\/yoast.com\/product\/yoast-seo-premium-wordpress\/ -->\n<title>Validierung von Verpackung und Transport<\/title>\n<meta name=\"description\" content=\"Einer der erforderlichen Schritte zur Herstellung klinisch verwendbarer Produkte ist die Validierung von Verpackung und Transport. Kontaktieren Sie Vosfox medical.\" \/>\n<meta name=\"robots\" content=\"index, follow, max-snippet:-1, max-image-preview:large, max-video-preview:-1\" \/>\n<link rel=\"canonical\" href=\"https:\/\/vosfoxmedical.com\/de\/dienstleistungen-2\/validierung\/validierung-von-verpackung-und-transport\/\" \/>\n<meta property=\"og:locale\" content=\"de_DE\" \/>\n<meta property=\"og:type\" content=\"article\" \/>\n<meta property=\"og:title\" content=\"Validierung von Verpackung und Transport\" \/>\n<meta property=\"og:description\" content=\"Einer der erforderlichen Schritte zur Herstellung klinisch verwendbarer Produkte ist die Validierung von Verpackung und Transport. Kontaktieren Sie Vosfox medical.\" \/>\n<meta property=\"og:url\" content=\"https:\/\/vosfoxmedical.com\/de\/dienstleistungen-2\/validierung\/validierung-von-verpackung-und-transport\/\" \/>\n<meta property=\"og:site_name\" content=\"Vosfox Medical\" \/>\n<meta property=\"article:publisher\" content=\"https:\/\/www.facebook.com\/Vosfoxmedical\" \/>\n<meta property=\"article:modified_time\" content=\"2024-10-09T12:01:58+00:00\" \/>\n<meta name=\"twitter:card\" content=\"summary_large_image\" \/>\n<meta name=\"twitter:site\" content=\"@svndevos\" \/>\n<meta name=\"twitter:label1\" content=\"Gesch\u00e4tzte Lesezeit\" \/>\n\t<meta name=\"twitter:data1\" content=\"3\u00a0Minuten\" \/>\n<script type=\"application\/ld+json\" class=\"yoast-schema-graph\">{\"@context\":\"https:\\\/\\\/schema.org\",\"@graph\":[{\"@type\":\"WebPage\",\"@id\":\"https:\\\/\\\/vosfoxmedical.com\\\/de\\\/dienstleistungen-2\\\/validierung\\\/validierung-von-verpackung-und-transport\\\/\",\"url\":\"https:\\\/\\\/vosfoxmedical.com\\\/de\\\/dienstleistungen-2\\\/validierung\\\/validierung-von-verpackung-und-transport\\\/\",\"name\":\"Validierung von Verpackung und Transport\",\"isPartOf\":{\"@id\":\"https:\\\/\\\/vosfoxmedical.com\\\/de\\\/#website\"},\"datePublished\":\"2023-05-15T14:07:22+00:00\",\"dateModified\":\"2024-10-09T12:01:58+00:00\",\"description\":\"Einer der erforderlichen Schritte zur Herstellung klinisch verwendbarer Produkte ist die Validierung von Verpackung und Transport. Kontaktieren Sie Vosfox medical.\",\"breadcrumb\":{\"@id\":\"https:\\\/\\\/vosfoxmedical.com\\\/de\\\/dienstleistungen-2\\\/validierung\\\/validierung-von-verpackung-und-transport\\\/#breadcrumb\"},\"inLanguage\":\"de\",\"potentialAction\":[{\"@type\":\"ReadAction\",\"target\":[\"https:\\\/\\\/vosfoxmedical.com\\\/de\\\/dienstleistungen-2\\\/validierung\\\/validierung-von-verpackung-und-transport\\\/\"]}]},{\"@type\":\"BreadcrumbList\",\"@id\":\"https:\\\/\\\/vosfoxmedical.com\\\/de\\\/dienstleistungen-2\\\/validierung\\\/validierung-von-verpackung-und-transport\\\/#breadcrumb\",\"itemListElement\":[{\"@type\":\"ListItem\",\"position\":1,\"name\":\"Home\",\"item\":\"https:\\\/\\\/vosfoxmedical.com\\\/de\\\/willkommen-bei-vosfox-medical\\\/\"},{\"@type\":\"ListItem\",\"position\":2,\"name\":\"Dienstleistungen\",\"item\":\"https:\\\/\\\/vosfoxmedical.com\\\/de\\\/dienstleistungen-2\\\/\"},{\"@type\":\"ListItem\",\"position\":3,\"name\":\"Validierung\",\"item\":\"https:\\\/\\\/vosfoxmedical.com\\\/de\\\/dienstleistungen-2\\\/validierung\\\/\"},{\"@type\":\"ListItem\",\"position\":4,\"name\":\"Validierung von Verpackung und Transport\"}]},{\"@type\":\"WebSite\",\"@id\":\"https:\\\/\\\/vosfoxmedical.com\\\/de\\\/#website\",\"url\":\"https:\\\/\\\/vosfoxmedical.com\\\/de\\\/\",\"name\":\"vosfoxmedical.com\",\"description\":\"Low-volume contract manufacturing organisation\",\"publisher\":{\"@id\":\"https:\\\/\\\/vosfoxmedical.com\\\/de\\\/#organization\"},\"potentialAction\":[{\"@type\":\"SearchAction\",\"target\":{\"@type\":\"EntryPoint\",\"urlTemplate\":\"https:\\\/\\\/vosfoxmedical.com\\\/de\\\/?s={search_term_string}\"},\"query-input\":{\"@type\":\"PropertyValueSpecification\",\"valueRequired\":true,\"valueName\":\"search_term_string\"}}],\"inLanguage\":\"de\"},{\"@type\":\"Organization\",\"@id\":\"https:\\\/\\\/vosfoxmedical.com\\\/de\\\/#organization\",\"name\":\"Vosfox Medical\",\"url\":\"https:\\\/\\\/vosfoxmedical.com\\\/de\\\/\",\"logo\":{\"@type\":\"ImageObject\",\"inLanguage\":\"de\",\"@id\":\"https:\\\/\\\/vosfoxmedical.com\\\/de\\\/#\\\/schema\\\/logo\\\/image\\\/\",\"url\":\"https:\\\/\\\/i0.wp.com\\\/vosfoxmedical.com\\\/wp-content\\\/uploads\\\/2021\\\/06\\\/vosfox_medical_logo.png?fit=8594%2C2813&ssl=1\",\"contentUrl\":\"https:\\\/\\\/i0.wp.com\\\/vosfoxmedical.com\\\/wp-content\\\/uploads\\\/2021\\\/06\\\/vosfox_medical_logo.png?fit=8594%2C2813&ssl=1\",\"width\":8594,\"height\":2813,\"caption\":\"Vosfox Medical\"},\"image\":{\"@id\":\"https:\\\/\\\/vosfoxmedical.com\\\/de\\\/#\\\/schema\\\/logo\\\/image\\\/\"},\"sameAs\":[\"https:\\\/\\\/www.facebook.com\\\/Vosfoxmedical\",\"https:\\\/\\\/x.com\\\/svndevos\",\"https:\\\/\\\/www.instagram.com\\\/\",\"https:\\\/\\\/www.linkedin.com\\\/company\\\/11022599\\\/\"]}]}<\/script>\n<!-- \/ Yoast SEO Premium plugin. -->","yoast_head_json":{"title":"Validierung von Verpackung und Transport","description":"Einer der erforderlichen Schritte zur Herstellung klinisch verwendbarer Produkte ist die Validierung von Verpackung und Transport. Kontaktieren Sie Vosfox medical.","robots":{"index":"index","follow":"follow","max-snippet":"max-snippet:-1","max-image-preview":"max-image-preview:large","max-video-preview":"max-video-preview:-1"},"canonical":"https:\/\/vosfoxmedical.com\/de\/dienstleistungen-2\/validierung\/validierung-von-verpackung-und-transport\/","og_locale":"de_DE","og_type":"article","og_title":"Validierung von Verpackung und Transport","og_description":"Einer der erforderlichen Schritte zur Herstellung klinisch verwendbarer Produkte ist die Validierung von Verpackung und Transport. Kontaktieren Sie Vosfox medical.","og_url":"https:\/\/vosfoxmedical.com\/de\/dienstleistungen-2\/validierung\/validierung-von-verpackung-und-transport\/","og_site_name":"Vosfox Medical","article_publisher":"https:\/\/www.facebook.com\/Vosfoxmedical","article_modified_time":"2024-10-09T12:01:58+00:00","twitter_card":"summary_large_image","twitter_site":"@svndevos","twitter_misc":{"Gesch\u00e4tzte Lesezeit":"3\u00a0Minuten"},"schema":{"@context":"https:\/\/schema.org","@graph":[{"@type":"WebPage","@id":"https:\/\/vosfoxmedical.com\/de\/dienstleistungen-2\/validierung\/validierung-von-verpackung-und-transport\/","url":"https:\/\/vosfoxmedical.com\/de\/dienstleistungen-2\/validierung\/validierung-von-verpackung-und-transport\/","name":"Validierung von Verpackung und Transport","isPartOf":{"@id":"https:\/\/vosfoxmedical.com\/de\/#website"},"datePublished":"2023-05-15T14:07:22+00:00","dateModified":"2024-10-09T12:01:58+00:00","description":"Einer der erforderlichen Schritte zur Herstellung klinisch verwendbarer Produkte ist die Validierung von Verpackung und Transport. Kontaktieren Sie Vosfox medical.","breadcrumb":{"@id":"https:\/\/vosfoxmedical.com\/de\/dienstleistungen-2\/validierung\/validierung-von-verpackung-und-transport\/#breadcrumb"},"inLanguage":"de","potentialAction":[{"@type":"ReadAction","target":["https:\/\/vosfoxmedical.com\/de\/dienstleistungen-2\/validierung\/validierung-von-verpackung-und-transport\/"]}]},{"@type":"BreadcrumbList","@id":"https:\/\/vosfoxmedical.com\/de\/dienstleistungen-2\/validierung\/validierung-von-verpackung-und-transport\/#breadcrumb","itemListElement":[{"@type":"ListItem","position":1,"name":"Home","item":"https:\/\/vosfoxmedical.com\/de\/willkommen-bei-vosfox-medical\/"},{"@type":"ListItem","position":2,"name":"Dienstleistungen","item":"https:\/\/vosfoxmedical.com\/de\/dienstleistungen-2\/"},{"@type":"ListItem","position":3,"name":"Validierung","item":"https:\/\/vosfoxmedical.com\/de\/dienstleistungen-2\/validierung\/"},{"@type":"ListItem","position":4,"name":"Validierung von Verpackung und Transport"}]},{"@type":"WebSite","@id":"https:\/\/vosfoxmedical.com\/de\/#website","url":"https:\/\/vosfoxmedical.com\/de\/","name":"vosfoxmedical.com","description":"Low-volume contract manufacturing organisation","publisher":{"@id":"https:\/\/vosfoxmedical.com\/de\/#organization"},"potentialAction":[{"@type":"SearchAction","target":{"@type":"EntryPoint","urlTemplate":"https:\/\/vosfoxmedical.com\/de\/?s={search_term_string}"},"query-input":{"@type":"PropertyValueSpecification","valueRequired":true,"valueName":"search_term_string"}}],"inLanguage":"de"},{"@type":"Organization","@id":"https:\/\/vosfoxmedical.com\/de\/#organization","name":"Vosfox Medical","url":"https:\/\/vosfoxmedical.com\/de\/","logo":{"@type":"ImageObject","inLanguage":"de","@id":"https:\/\/vosfoxmedical.com\/de\/#\/schema\/logo\/image\/","url":"https:\/\/i0.wp.com\/vosfoxmedical.com\/wp-content\/uploads\/2021\/06\/vosfox_medical_logo.png?fit=8594%2C2813&ssl=1","contentUrl":"https:\/\/i0.wp.com\/vosfoxmedical.com\/wp-content\/uploads\/2021\/06\/vosfox_medical_logo.png?fit=8594%2C2813&ssl=1","width":8594,"height":2813,"caption":"Vosfox Medical"},"image":{"@id":"https:\/\/vosfoxmedical.com\/de\/#\/schema\/logo\/image\/"},"sameAs":["https:\/\/www.facebook.com\/Vosfoxmedical","https:\/\/x.com\/svndevos","https:\/\/www.instagram.com\/","https:\/\/www.linkedin.com\/company\/11022599\/"]}]}},"jetpack-related-posts":[],"jetpack_sharing_enabled":true,"_links":{"self":[{"href":"https:\/\/vosfoxmedical.com\/de\/wp-json\/wp\/v2\/pages\/2862","targetHints":{"allow":["GET"]}}],"collection":[{"href":"https:\/\/vosfoxmedical.com\/de\/wp-json\/wp\/v2\/pages"}],"about":[{"href":"https:\/\/vosfoxmedical.com\/de\/wp-json\/wp\/v2\/types\/page"}],"author":[{"embeddable":true,"href":"https:\/\/vosfoxmedical.com\/de\/wp-json\/wp\/v2\/users\/3"}],"replies":[{"embeddable":true,"href":"https:\/\/vosfoxmedical.com\/de\/wp-json\/wp\/v2\/comments?post=2862"}],"version-history":[{"count":11,"href":"https:\/\/vosfoxmedical.com\/de\/wp-json\/wp\/v2\/pages\/2862\/revisions"}],"predecessor-version":[{"id":2910,"href":"https:\/\/vosfoxmedical.com\/de\/wp-json\/wp\/v2\/pages\/2862\/revisions\/2910"}],"up":[{"embeddable":true,"href":"https:\/\/vosfoxmedical.com\/de\/wp-json\/wp\/v2\/pages\/2476"}],"wp:attachment":[{"href":"https:\/\/vosfoxmedical.com\/de\/wp-json\/wp\/v2\/media?parent=2862"}],"curies":[{"name":"wp","href":"https:\/\/api.w.org\/{rel}","templated":true}]}}