{"id":2849,"date":"2023-05-15T12:26:55","date_gmt":"2023-05-15T11:26:55","guid":{"rendered":"https:\/\/vosfoxmedical.com\/auftragsfertigung\/sterilisation-und-transport\/"},"modified":"2024-10-09T13:01:49","modified_gmt":"2024-10-09T12:01:49","slug":"sterilisation-und-transport","status":"publish","type":"page","link":"https:\/\/vosfoxmedical.com\/de\/dienstleistungen-2\/auftragsfertigung\/sterilisation-und-transport\/","title":{"rendered":"Sterilisation und Transport"},"content":{"rendered":"\t<section class=\"section dark\" id=\"section_1701591855\">\n\t\t<div class=\"bg section-bg fill bg-fill  \" >\n\n\t\t\t\n\t\t\t<div class=\"section-bg-overlay absolute fill\"><\/div>\n\t\t\t\n\n\t\t<\/div>\n\n\t\t\n\n\t\t<div class=\"section-content relative\">\n\t\t\t\n<div class=\"row\" style=\"max-width:1300px\" id=\"row-1930120626\">\n\n\t<div id=\"col-1753013725\" class=\"col medium-12 small-12 large-5\"  >\n\t\t\t\t<div class=\"col-inner\"  >\n\t\t\t\n\t\t\t\n\t<div id=\"text-2099312126\" class=\"text\">\n\t\t\n<h1 class=\"entry-title\">Sterilisation Transport<\/h1>\n\t\t\n<style>\n#text-2099312126 {\n  font-size: 2.75rem;\n}\n<\/style>\n\t<\/div>\n\t\n\t\t<\/div>\n\t\t\t\t\t<\/div>\n\n\t\n<\/div>\n\t\t<\/div>\n\n\t\t\n<style>\n#section_1701591855 {\n  padding-top: 30px;\n  padding-bottom: 30px;\n  min-height: 400px;\n  background-color: rgb(44, 49, 63);\n}\n#section_1701591855 .section-bg-overlay {\n  background-color: rgb(44, 49, 63);\n}\n#section_1701591855 .section-bg.bg-loaded {\n  background-image: url(https:\/\/vosfoxmedical.com\/wp-content\/uploads\/2021\/06\/img-thunderstorm.jpg);\n}\n#section_1701591855 .section-bg {\n  background-position: 90% 59%;\n}\n#section_1701591855 .ux-shape-divider--top svg {\n  height: 150px;\n  --divider-top-width: 100%;\n}\n#section_1701591855 .ux-shape-divider--bottom svg {\n  height: 150px;\n  --divider-width: 100%;\n}\n@media (min-width:550px) {\n  #section_1701591855 {\n    min-height: 400px;\n  }\n}\n@media (min-width:850px) {\n  #section_1701591855 {\n    min-height: 600px;\n  }\n}\n<\/style>\n\t<\/section>\n\t\n<div class=\"row align-bottom\" style=\"max-width:1300px\" id=\"row-1363292457\">\n\n\t<div id=\"col-1504765168\" class=\"col medium-12 small-12 large-4\"  >\n\t\t\t\t<div class=\"col-inner\"  >\n\t\t\t\n\t\t\t\n\t<div id=\"gap-1266430768\" class=\"gap-element clearfix\" style=\"display:block; height:auto;\">\n\t\t\n<style>\n#gap-1266430768 {\n  padding-top: 0px;\n}\n@media (min-width:550px) {\n  #gap-1266430768 {\n    padding-top: 0px;\n  }\n}\n@media (min-width:850px) {\n  #gap-1266430768 {\n    padding-top: 35px;\n  }\n}\n<\/style>\n\t<\/div>\n\t\n\t\t<\/div>\n\t\t\t\t\t<\/div>\n\n\t\n\n\t<div id=\"col-24145828\" class=\"col medium-12 small-12 large-8 medium-col-first\"  >\n\t\t\t\t<div class=\"col-inner\"  >\n\t\t\t\n\t\t\t\n\n  <div class=\"banner has-hover\" id=\"banner-677872688\">\n          <div class=\"banner-inner fill\">\n        <div class=\"banner-bg fill\" >\n            <div class=\"bg fill bg-fill \"><\/div>\n                                    \n                    <\/div>\n\t\t\n        <div class=\"banner-layers container\">\n            <div class=\"fill banner-link\"><\/div>            \n        <\/div>\n      <\/div>\n\n            \n<style>\n#banner-677872688 {\n  padding-top: 300px;\n  background-color: #5a0958;\n}\n#banner-677872688 .bg.bg-loaded {\n  background-image: url(https:\/\/vosfoxmedical.com\/wp-content\/uploads\/2023\/04\/photo-yellow-indicator.png);\n}\n#banner-677872688 .bg {\n  background-position: 68% 94%;\n}\n#banner-677872688 .ux-shape-divider--top svg {\n  height: 150px;\n  --divider-top-width: 100%;\n}\n#banner-677872688 .ux-shape-divider--bottom svg {\n  height: 150px;\n  --divider-width: 100%;\n}\n@media (min-width:550px) {\n  #banner-677872688 {\n    padding-top: 600px;\n  }\n}\n<\/style>\n  <\/div>\n\n\n\t\t<\/div>\n\t\t\t\t\n<style>\n#col-24145828 > .col-inner {\n  margin: -120px 0px 0px 0px;\n}\n@media (min-width:550px) {\n  #col-24145828 > .col-inner {\n    margin: -120px 0px 0px 0px;\n  }\n}\n@media (min-width:850px) {\n  #col-24145828 > .col-inner {\n    margin: -500px 0px 0px 0px;\n  }\n}\n<\/style>\n\t<\/div>\n\n\t\n<\/div>\n<div class=\"row\"  id=\"row-268571478\">\n\n\t<div id=\"col-953189691\" class=\"col small-12 large-12\"  >\n\t\t\t\t<div class=\"col-inner\"  >\n\t\t\t\n\t\t\t\n<p class=\"lead\">Vosfox Medical kann den Sterilisationsprozess f\u00fcr Sie organisieren, wenn Ihr Produkt steril sein muss.<br \/>\nWir unterst\u00fctzen alle Arten von Sterilisationsverfahren und arbeiten mit zuverl\u00e4ssigen Partnern zusammen.<br \/>\nWir k\u00f6nnen auch den Transport Ihrer Produkte zu Ihnen oder Ihren Kunden organisieren, bei Bedarf auch in einer kontrollierten Umgebung.  <\/p>\n\t\t<\/div>\n\t\t\t\t\t<\/div>\n\n\t\n<\/div>\n<div class=\"row\"  id=\"row-340329069\">\n\n\t<div id=\"col-452318840\" class=\"col medium-6 small-12 large-6\"  >\n\t\t\t\t<div class=\"col-inner\"  >\n\t\t\t\n\t\t\t\n\n  <div class=\"banner has-hover\" id=\"banner-1386984783\">\n          <div class=\"banner-inner fill\">\n        <div class=\"banner-bg fill\" >\n            <div class=\"bg fill bg-fill \"><\/div>\n                                    \n                    <\/div>\n\t\t\n        <div class=\"banner-layers container\">\n            <div class=\"fill banner-link\"><\/div>            \n   <div id=\"text-box-1316630021\" class=\"text-box banner-layer x100 md-x100 lg-x100 y95 md-y95 lg-y95 res-text\">\n                                <div class=\"text-box-content text dark\">\n              \n              <div class=\"text-inner text-center\">\n                  \n              <\/div>\n           <\/div>\n                            \n<style>\n#text-box-1316630021 {\n  width: 60%;\n}\n#text-box-1316630021 .text-box-content {\n  font-size: 100%;\n}\n<\/style>\n    <\/div>\n \n        <\/div>\n      <\/div>\n\n            \n<style>\n#banner-1386984783 {\n  padding-top: 357px;\n}\n#banner-1386984783 .bg.bg-loaded {\n  background-image: url(https:\/\/i0.wp.com\/vosfoxmedical.com\/wp-content\/uploads\/2023\/05\/img-uv-light-sterilisation.jpg?fit=1020%2C574&ssl=1);\n}\n#banner-1386984783 .ux-shape-divider--top svg {\n  height: 150px;\n  --divider-top-width: 100%;\n}\n#banner-1386984783 .ux-shape-divider--bottom svg {\n  height: 150px;\n  --divider-width: 100%;\n}\n<\/style>\n  <\/div>\n\n\n\t\t<\/div>\n\t\t\t\t\t<\/div>\n\n\t\n\n\t<div id=\"col-519559962\" class=\"col medium-6 small-12 large-6\"  >\n\t\t\t\t<div class=\"col-inner\"  >\n\t\t\t\n\t\t\t\n<h2>Sterilisationsprozess<\/h2>\n<p>Wir unterst\u00fctzen alle Arten der Sterilisation, wie Bestrahlung (Gamma, Beta, R\u00f6ntgen), Ethylenoxid oder Dampf.<br \/>\nDer erste Schritt ist die <a href=\"https:\/\/vosfoxmedical.com\/de\/?page_id=2815\">Validierung<\/a> des Sterilisationsprozesses.<br \/>\nWenn der Prozess validiert ist, stellen wir sicher, dass der Subunternehmer die korrekte Methode\/das korrekte Protokoll anwendet, und geben die Bestellung auf.<br \/>\nDoch bevor wir die Produkte zur Sterilisation schicken, stellen wir sicher, dass die Produkte von guter Qualit\u00e4t sind und von der QS freigegeben werden.     <\/p>\n<p>Nach Erhalt der Best\u00e4tigung, dass die Produkte behandelt wurden, \u00fcberpr\u00fcfen wir das Sterilisationszertifikat, um sicherzustellen, dass die Anforderungen erf\u00fcllt sind.<br \/>\nDie Produkte k\u00f6nnen direkt an den Kunden verschickt werden oder an Vosfox Medical, wenn wir die Logistik zu Ihren Kunden \u00fcbernehmen.<br \/>\nWenn die Produkte direkt an unseren Kunden geschickt werden, sorgen wir daf\u00fcr, dass Sie das Sterilisationszertifikat f\u00fcr die endg\u00fcltige Freigabe des Produkts erhalten.    <\/p>\n<p>Wenn die Produkte an Vosfox Medical zur\u00fcckgeschickt werden, werden wir die Kartons und die Indikatoren visuell \u00fcberpr\u00fcfen.<br \/>\nAnschlie\u00dfend geben wir die Waren nach der Sterilisation frei.<br \/>\nLetztendlich sind Sie als rechtm\u00e4\u00dfiger Hersteller f\u00fcr die endg\u00fcltige Freigabe der Waren verantwortlich.<br \/>\nSelbstverst\u00e4ndlich stellen wir Ihnen alle erforderlichen Unterlagen zur Verf\u00fcgung.   <\/p>\n\t\t<\/div>\n\t\t\t\t\t<\/div>\n\n\t\n<\/div>\n\t<div id=\"gap-1132125493\" class=\"gap-element clearfix\" style=\"display:block; height:auto;\">\n\t\t\n<style>\n#gap-1132125493 {\n  padding-top: 70px;\n}\n<\/style>\n\t<\/div>\n\t\n<div class=\"row\"  id=\"row-38855228\">\n\n\t<div id=\"col-1870464983\" class=\"col medium-6 small-12 large-6\"  >\n\t\t\t\t<div class=\"col-inner\"  >\n\t\t\t\n\t\t\t\n\n  <div class=\"banner has-hover\" id=\"banner-2059524638\">\n          <div class=\"banner-inner fill\">\n        <div class=\"banner-bg fill\" >\n            <div class=\"bg fill bg-fill \"><\/div>\n                                    \n                    <\/div>\n\t\t\n        <div class=\"banner-layers container\">\n            <div class=\"fill banner-link\"><\/div>            \n   <div id=\"text-box-2087572429\" class=\"text-box banner-layer x50 md-x50 lg-x50 y50 md-y50 lg-y50 res-text\">\n                                <div class=\"text-box-content text dark\">\n              \n              <div class=\"text-inner text-center\">\n                  \n              <\/div>\n           <\/div>\n                            \n<style>\n#text-box-2087572429 {\n  width: 60%;\n}\n#text-box-2087572429 .text-box-content {\n  font-size: 100%;\n}\n<\/style>\n    <\/div>\n \n        <\/div>\n      <\/div>\n\n            \n<style>\n#banner-2059524638 {\n  padding-top: 297px;\n}\n#banner-2059524638 .bg.bg-loaded {\n  background-image: url(https:\/\/i0.wp.com\/vosfoxmedical.com\/wp-content\/uploads\/2023\/05\/img-eo-steriliser.jpg?fit=300%2C225&ssl=1);\n}\n#banner-2059524638 .ux-shape-divider--top svg {\n  height: 150px;\n  --divider-top-width: 100%;\n}\n#banner-2059524638 .ux-shape-divider--bottom svg {\n  height: 150px;\n  --divider-width: 100%;\n}\n<\/style>\n  <\/div>\n\n\n\t\t<\/div>\n\t\t\t\t\t<\/div>\n\n\t\n\n\t<div id=\"col-1891544396\" class=\"col medium-6 small-12 large-6\"  >\n\t\t\t\t<div class=\"col-inner\"  >\n\t\t\t\n\t\t\t\n<h2>\u00dcberwachung des Prozesses<\/h2>\n<p>Wenn die Sterilisationsvalidierung abgeschlossen ist, wird die H\u00e4ufigkeit der \u00dcberwachung des Prozesses festgelegt.<br \/>\nDie \u00dcberwachung durch eine einfache \u00dcberpr\u00fcfung des Sterilisationszertifikats ist nicht ausreichend.<br \/>\nEs m\u00fcssen mehrere \u00dcberwachungstests pro Jahr durchgef\u00fchrt werden.<br \/>\nDiese Anzahl liegt oft bei 4x pro Jahr, h\u00e4ngt jedoch von der Risikobewertung ab und wird w\u00e4hrend der Validierung festgelegt, vorbehaltlich von Nichtkonformit\u00e4ten.   <\/p>\n\t\t<\/div>\n\t\t\t\t\t<\/div>\n\n\t\n<\/div>\n\t<div id=\"gap-131369120\" class=\"gap-element clearfix\" style=\"display:block; height:auto;\">\n\t\t\n<style>\n#gap-131369120 {\n  padding-top: 70px;\n}\n<\/style>\n\t<\/div>\n\t\n<div class=\"row\"  id=\"row-1521736692\">\n\n\t<div id=\"col-553681476\" class=\"col medium-6 small-12 large-6\"  >\n\t\t\t\t<div class=\"col-inner\"  >\n\t\t\t\n\t\t\t\n<h2>Logistik<\/h2>\n<p>Nach der endg\u00fcltigen Freigabe der Produkte k\u00f6nnen wir den Versand an Sie oder an Ihre Kunden organisieren.<br \/>\nSie \u00fcbermitteln uns die Bestellungen, und wir sorgen daf\u00fcr, dass die Kartons an die gew\u00fcnschten Orte geschickt werden. <\/p>\n<p>Wenn wir die Produkte an Ihren Kunden verschicken, kann ein Umpacken in kleinere Transportkisten erforderlich sein.<\/p>\n<p>Wenn ein Transport in einer kontrollierten Umgebung (Temperatur und Luftfeuchtigkeit) erforderlich ist, k\u00f6nnen wir auf Transportunternehmen zur\u00fcckgreifen, die auf vollst\u00e4ndig kontrollierte, \u00fcberwachte Transporte mit Dokumentation spezialisiert sind.<\/p>\n\t\t<\/div>\n\t\t\t\t\t<\/div>\n\n\t\n\n\t<div id=\"col-1624113806\" class=\"col medium-6 small-12 large-6\"  >\n\t\t\t\t<div class=\"col-inner\"  >\n\t\t\t\n\t\t\t\n\n  <div class=\"banner has-hover\" id=\"banner-817587105\">\n          <div class=\"banner-inner fill\">\n        <div class=\"banner-bg fill\" >\n            <div class=\"bg fill bg-fill \"><\/div>\n                                    \n                    <\/div>\n\t\t\n        <div class=\"banner-layers container\">\n            <div class=\"fill banner-link\"><\/div>            \n   <div id=\"text-box-793802616\" class=\"text-box banner-layer x50 md-x50 lg-x50 y50 md-y50 lg-y50 res-text\">\n                                <div class=\"text-box-content text dark\">\n              \n              <div class=\"text-inner text-center\">\n                  \n              <\/div>\n           <\/div>\n                            \n<style>\n#text-box-793802616 {\n  width: 60%;\n}\n#text-box-793802616 .text-box-content {\n  font-size: 100%;\n}\n<\/style>\n    <\/div>\n \n        <\/div>\n      <\/div>\n\n            \n<style>\n#banner-817587105 {\n  padding-top: 332px;\n}\n#banner-817587105 .bg.bg-loaded {\n  background-image: url(https:\/\/i0.wp.com\/vosfoxmedical.com\/wp-content\/uploads\/2023\/05\/img-refrigerated-truck.png?fit=689%2C427&ssl=1);\n}\n#banner-817587105 .ux-shape-divider--top svg {\n  height: 150px;\n  --divider-top-width: 100%;\n}\n#banner-817587105 .ux-shape-divider--bottom svg {\n  height: 150px;\n  --divider-width: 100%;\n}\n<\/style>\n  <\/div>\n\n\n\t\t<\/div>\n\t\t\t\t\t<\/div>\n\n\t\n<\/div>\n<div class=\"row\"  id=\"row-963060004\">\n\n\t<div id=\"col-2140118618\" class=\"col medium-6 small-12 large-6\"  >\n\t\t\t\t<div class=\"col-inner\"  >\n\t\t\t\n\t\t\t\n<a href=\"https:\/\/vosfoxmedical.com\/de\/auftragsfertigung\/\" target=\"_self\" class=\"button primary\"  >\n    <span>Zur\u00fcck zur \u00dcbersichtsseite Auftragsfertigung<\/span>\n  <\/a>\n\n\t\t<\/div>\n\t\t\t\t\t<\/div>\n\n\t\n\n\t<div id=\"col-1454938024\" class=\"col medium-6 small-12 large-6\"  >\n\t\t\t\t<div class=\"col-inner\"  >\n\t\t\t\n\t\t\t\n\t\t<\/div>\n\t\t\t\t\t<\/div>\n\n\t\n<\/div>\n","protected":false},"excerpt":{"rendered":"","protected":false},"author":3,"featured_media":0,"parent":2467,"menu_order":0,"comment_status":"closed","ping_status":"closed","template":"page-blank.php","meta":{"footnotes":""},"class_list":["post-2849","page","type-page","status-publish","hentry"],"yoast_head":"<!-- This site is optimized with the Yoast SEO Premium plugin v24.2 (Yoast SEO v27.5) - https:\/\/yoast.com\/product\/yoast-seo-premium-wordpress\/ -->\n<title>Sterilisation und Transport | Gamma-\/EO-Sterilisationsdienste<\/title>\n<meta name=\"description\" content=\"Vosfox Medical bietet den Service, die Sterilisation Ihrer Produkte zu organisieren, einschlie\u00dflich der Freigabe der Produkte und des Transports\" \/>\n<meta name=\"robots\" content=\"index, follow, max-snippet:-1, max-image-preview:large, max-video-preview:-1\" \/>\n<link rel=\"canonical\" href=\"https:\/\/vosfoxmedical.com\/de\/dienstleistungen-2\/auftragsfertigung\/sterilisation-und-transport\/\" \/>\n<meta property=\"og:locale\" content=\"de_DE\" \/>\n<meta property=\"og:type\" content=\"article\" \/>\n<meta property=\"og:title\" content=\"Sterilisation und Transport\" \/>\n<meta property=\"og:description\" content=\"Vosfox Medical bietet den Service, die Sterilisation Ihrer Produkte zu organisieren, einschlie\u00dflich der Freigabe der Produkte und des Transports\" \/>\n<meta property=\"og:url\" content=\"https:\/\/vosfoxmedical.com\/de\/dienstleistungen-2\/auftragsfertigung\/sterilisation-und-transport\/\" \/>\n<meta property=\"og:site_name\" content=\"Vosfox Medical\" \/>\n<meta property=\"article:publisher\" content=\"https:\/\/www.facebook.com\/Vosfoxmedical\" \/>\n<meta property=\"article:modified_time\" content=\"2024-10-09T12:01:49+00:00\" \/>\n<meta name=\"twitter:card\" content=\"summary_large_image\" \/>\n<meta name=\"twitter:site\" content=\"@svndevos\" \/>\n<meta name=\"twitter:label1\" content=\"Gesch\u00e4tzte Lesezeit\" \/>\n\t<meta name=\"twitter:data1\" content=\"3\u00a0Minuten\" \/>\n<script type=\"application\/ld+json\" class=\"yoast-schema-graph\">{\"@context\":\"https:\\\/\\\/schema.org\",\"@graph\":[{\"@type\":\"WebPage\",\"@id\":\"https:\\\/\\\/vosfoxmedical.com\\\/de\\\/dienstleistungen-2\\\/auftragsfertigung\\\/sterilisation-und-transport\\\/\",\"url\":\"https:\\\/\\\/vosfoxmedical.com\\\/de\\\/dienstleistungen-2\\\/auftragsfertigung\\\/sterilisation-und-transport\\\/\",\"name\":\"Sterilisation und Transport | Gamma-\\\/EO-Sterilisationsdienste\",\"isPartOf\":{\"@id\":\"https:\\\/\\\/vosfoxmedical.com\\\/de\\\/#website\"},\"datePublished\":\"2023-05-15T11:26:55+00:00\",\"dateModified\":\"2024-10-09T12:01:49+00:00\",\"description\":\"Vosfox Medical bietet den Service, die Sterilisation Ihrer Produkte zu organisieren, einschlie\u00dflich der Freigabe der Produkte und des Transports\",\"breadcrumb\":{\"@id\":\"https:\\\/\\\/vosfoxmedical.com\\\/de\\\/dienstleistungen-2\\\/auftragsfertigung\\\/sterilisation-und-transport\\\/#breadcrumb\"},\"inLanguage\":\"de\",\"potentialAction\":[{\"@type\":\"ReadAction\",\"target\":[\"https:\\\/\\\/vosfoxmedical.com\\\/de\\\/dienstleistungen-2\\\/auftragsfertigung\\\/sterilisation-und-transport\\\/\"]}]},{\"@type\":\"BreadcrumbList\",\"@id\":\"https:\\\/\\\/vosfoxmedical.com\\\/de\\\/dienstleistungen-2\\\/auftragsfertigung\\\/sterilisation-und-transport\\\/#breadcrumb\",\"itemListElement\":[{\"@type\":\"ListItem\",\"position\":1,\"name\":\"Home\",\"item\":\"https:\\\/\\\/vosfoxmedical.com\\\/de\\\/willkommen-bei-vosfox-medical\\\/\"},{\"@type\":\"ListItem\",\"position\":2,\"name\":\"Dienstleistungen\",\"item\":\"https:\\\/\\\/vosfoxmedical.com\\\/de\\\/dienstleistungen-2\\\/\"},{\"@type\":\"ListItem\",\"position\":3,\"name\":\"Herstellung\",\"item\":\"https:\\\/\\\/vosfoxmedical.com\\\/de\\\/dienstleistungen-2\\\/auftragsfertigung\\\/\"},{\"@type\":\"ListItem\",\"position\":4,\"name\":\"Sterilisation und Transport\"}]},{\"@type\":\"WebSite\",\"@id\":\"https:\\\/\\\/vosfoxmedical.com\\\/de\\\/#website\",\"url\":\"https:\\\/\\\/vosfoxmedical.com\\\/de\\\/\",\"name\":\"vosfoxmedical.com\",\"description\":\"Low-volume contract manufacturing organisation\",\"publisher\":{\"@id\":\"https:\\\/\\\/vosfoxmedical.com\\\/de\\\/#organization\"},\"potentialAction\":[{\"@type\":\"SearchAction\",\"target\":{\"@type\":\"EntryPoint\",\"urlTemplate\":\"https:\\\/\\\/vosfoxmedical.com\\\/de\\\/?s={search_term_string}\"},\"query-input\":{\"@type\":\"PropertyValueSpecification\",\"valueRequired\":true,\"valueName\":\"search_term_string\"}}],\"inLanguage\":\"de\"},{\"@type\":\"Organization\",\"@id\":\"https:\\\/\\\/vosfoxmedical.com\\\/de\\\/#organization\",\"name\":\"Vosfox Medical\",\"url\":\"https:\\\/\\\/vosfoxmedical.com\\\/de\\\/\",\"logo\":{\"@type\":\"ImageObject\",\"inLanguage\":\"de\",\"@id\":\"https:\\\/\\\/vosfoxmedical.com\\\/de\\\/#\\\/schema\\\/logo\\\/image\\\/\",\"url\":\"https:\\\/\\\/i0.wp.com\\\/vosfoxmedical.com\\\/wp-content\\\/uploads\\\/2021\\\/06\\\/vosfox_medical_logo.png?fit=8594%2C2813&ssl=1\",\"contentUrl\":\"https:\\\/\\\/i0.wp.com\\\/vosfoxmedical.com\\\/wp-content\\\/uploads\\\/2021\\\/06\\\/vosfox_medical_logo.png?fit=8594%2C2813&ssl=1\",\"width\":8594,\"height\":2813,\"caption\":\"Vosfox Medical\"},\"image\":{\"@id\":\"https:\\\/\\\/vosfoxmedical.com\\\/de\\\/#\\\/schema\\\/logo\\\/image\\\/\"},\"sameAs\":[\"https:\\\/\\\/www.facebook.com\\\/Vosfoxmedical\",\"https:\\\/\\\/x.com\\\/svndevos\",\"https:\\\/\\\/www.instagram.com\\\/\",\"https:\\\/\\\/www.linkedin.com\\\/company\\\/11022599\\\/\"]}]}<\/script>\n<!-- \/ Yoast SEO Premium plugin. -->","yoast_head_json":{"title":"Sterilisation und Transport | Gamma-\/EO-Sterilisationsdienste","description":"Vosfox Medical bietet den Service, die Sterilisation Ihrer Produkte zu organisieren, einschlie\u00dflich der Freigabe der Produkte und des Transports","robots":{"index":"index","follow":"follow","max-snippet":"max-snippet:-1","max-image-preview":"max-image-preview:large","max-video-preview":"max-video-preview:-1"},"canonical":"https:\/\/vosfoxmedical.com\/de\/dienstleistungen-2\/auftragsfertigung\/sterilisation-und-transport\/","og_locale":"de_DE","og_type":"article","og_title":"Sterilisation und Transport","og_description":"Vosfox Medical bietet den Service, die Sterilisation Ihrer Produkte zu organisieren, einschlie\u00dflich der Freigabe der Produkte und des Transports","og_url":"https:\/\/vosfoxmedical.com\/de\/dienstleistungen-2\/auftragsfertigung\/sterilisation-und-transport\/","og_site_name":"Vosfox Medical","article_publisher":"https:\/\/www.facebook.com\/Vosfoxmedical","article_modified_time":"2024-10-09T12:01:49+00:00","twitter_card":"summary_large_image","twitter_site":"@svndevos","twitter_misc":{"Gesch\u00e4tzte Lesezeit":"3\u00a0Minuten"},"schema":{"@context":"https:\/\/schema.org","@graph":[{"@type":"WebPage","@id":"https:\/\/vosfoxmedical.com\/de\/dienstleistungen-2\/auftragsfertigung\/sterilisation-und-transport\/","url":"https:\/\/vosfoxmedical.com\/de\/dienstleistungen-2\/auftragsfertigung\/sterilisation-und-transport\/","name":"Sterilisation und Transport | Gamma-\/EO-Sterilisationsdienste","isPartOf":{"@id":"https:\/\/vosfoxmedical.com\/de\/#website"},"datePublished":"2023-05-15T11:26:55+00:00","dateModified":"2024-10-09T12:01:49+00:00","description":"Vosfox Medical bietet den Service, die Sterilisation Ihrer Produkte zu organisieren, einschlie\u00dflich der Freigabe der Produkte und des Transports","breadcrumb":{"@id":"https:\/\/vosfoxmedical.com\/de\/dienstleistungen-2\/auftragsfertigung\/sterilisation-und-transport\/#breadcrumb"},"inLanguage":"de","potentialAction":[{"@type":"ReadAction","target":["https:\/\/vosfoxmedical.com\/de\/dienstleistungen-2\/auftragsfertigung\/sterilisation-und-transport\/"]}]},{"@type":"BreadcrumbList","@id":"https:\/\/vosfoxmedical.com\/de\/dienstleistungen-2\/auftragsfertigung\/sterilisation-und-transport\/#breadcrumb","itemListElement":[{"@type":"ListItem","position":1,"name":"Home","item":"https:\/\/vosfoxmedical.com\/de\/willkommen-bei-vosfox-medical\/"},{"@type":"ListItem","position":2,"name":"Dienstleistungen","item":"https:\/\/vosfoxmedical.com\/de\/dienstleistungen-2\/"},{"@type":"ListItem","position":3,"name":"Herstellung","item":"https:\/\/vosfoxmedical.com\/de\/dienstleistungen-2\/auftragsfertigung\/"},{"@type":"ListItem","position":4,"name":"Sterilisation und Transport"}]},{"@type":"WebSite","@id":"https:\/\/vosfoxmedical.com\/de\/#website","url":"https:\/\/vosfoxmedical.com\/de\/","name":"vosfoxmedical.com","description":"Low-volume contract manufacturing organisation","publisher":{"@id":"https:\/\/vosfoxmedical.com\/de\/#organization"},"potentialAction":[{"@type":"SearchAction","target":{"@type":"EntryPoint","urlTemplate":"https:\/\/vosfoxmedical.com\/de\/?s={search_term_string}"},"query-input":{"@type":"PropertyValueSpecification","valueRequired":true,"valueName":"search_term_string"}}],"inLanguage":"de"},{"@type":"Organization","@id":"https:\/\/vosfoxmedical.com\/de\/#organization","name":"Vosfox Medical","url":"https:\/\/vosfoxmedical.com\/de\/","logo":{"@type":"ImageObject","inLanguage":"de","@id":"https:\/\/vosfoxmedical.com\/de\/#\/schema\/logo\/image\/","url":"https:\/\/i0.wp.com\/vosfoxmedical.com\/wp-content\/uploads\/2021\/06\/vosfox_medical_logo.png?fit=8594%2C2813&ssl=1","contentUrl":"https:\/\/i0.wp.com\/vosfoxmedical.com\/wp-content\/uploads\/2021\/06\/vosfox_medical_logo.png?fit=8594%2C2813&ssl=1","width":8594,"height":2813,"caption":"Vosfox Medical"},"image":{"@id":"https:\/\/vosfoxmedical.com\/de\/#\/schema\/logo\/image\/"},"sameAs":["https:\/\/www.facebook.com\/Vosfoxmedical","https:\/\/x.com\/svndevos","https:\/\/www.instagram.com\/","https:\/\/www.linkedin.com\/company\/11022599\/"]}]}},"jetpack-related-posts":[],"jetpack_sharing_enabled":true,"_links":{"self":[{"href":"https:\/\/vosfoxmedical.com\/de\/wp-json\/wp\/v2\/pages\/2849","targetHints":{"allow":["GET"]}}],"collection":[{"href":"https:\/\/vosfoxmedical.com\/de\/wp-json\/wp\/v2\/pages"}],"about":[{"href":"https:\/\/vosfoxmedical.com\/de\/wp-json\/wp\/v2\/types\/page"}],"author":[{"embeddable":true,"href":"https:\/\/vosfoxmedical.com\/de\/wp-json\/wp\/v2\/users\/3"}],"replies":[{"embeddable":true,"href":"https:\/\/vosfoxmedical.com\/de\/wp-json\/wp\/v2\/comments?post=2849"}],"version-history":[{"count":2,"href":"https:\/\/vosfoxmedical.com\/de\/wp-json\/wp\/v2\/pages\/2849\/revisions"}],"predecessor-version":[{"id":2855,"href":"https:\/\/vosfoxmedical.com\/de\/wp-json\/wp\/v2\/pages\/2849\/revisions\/2855"}],"up":[{"embeddable":true,"href":"https:\/\/vosfoxmedical.com\/de\/wp-json\/wp\/v2\/pages\/2467"}],"wp:attachment":[{"href":"https:\/\/vosfoxmedical.com\/de\/wp-json\/wp\/v2\/media?parent=2849"}],"curies":[{"name":"wp","href":"https:\/\/api.w.org\/{rel}","templated":true}]}}