{"id":2791,"date":"2023-05-27T16:41:52","date_gmt":"2023-05-27T15:41:52","guid":{"rendered":"https:\/\/vosfoxmedical.com\/entwicklung\/"},"modified":"2025-03-05T14:48:20","modified_gmt":"2025-03-05T13:48:20","slug":"entwicklung","status":"publish","type":"page","link":"https:\/\/vosfoxmedical.com\/de\/dienstleistungen-2\/entwicklung\/","title":{"rendered":"Entwicklung"},"content":{"rendered":"\t<section class=\"section dark\" id=\"section_1394638560\">\n\t\t<div class=\"bg section-bg fill bg-fill  \" >\n\n\t\t\t\n\t\t\t<div class=\"section-bg-overlay absolute fill\"><\/div>\n\t\t\t\n\n\t\t<\/div>\n\n\t\t\n\n\t\t<div class=\"section-content relative\">\n\t\t\t\n<div class=\"row\" style=\"max-width:1300px\" id=\"row-704623804\">\n\n\t<div id=\"col-1020893490\" class=\"col medium-12 small-12 large-8\"  >\n\t\t\t\t<div class=\"col-inner\"  >\n\t\t\t\n\t\t\t\n\t<div id=\"text-92081748\" class=\"text\">\n\t\t\n<h1 class=\"entry-title\">Entwicklungsdienste<\/h1>\n\t\t\n<style>\n#text-92081748 {\n  font-size: 2.75rem;\n}\n<\/style>\n\t<\/div>\n\t\n\t\t<\/div>\n\t\t\t\t\t<\/div>\n\n\t\n<\/div>\n\t\t<\/div>\n\n\t\t\n<style>\n#section_1394638560 {\n  padding-top: 30px;\n  padding-bottom: 30px;\n  min-height: 400px;\n  background-color: rgb(239, 167, 0);\n}\n#section_1394638560 .section-bg-overlay {\n  background-color: rgba(239, 167, 0, 0.773);\n}\n#section_1394638560 .section-bg.bg-loaded {\n  background-image: url(https:\/\/vosfoxmedical.com\/wp-content\/uploads\/2021\/06\/img-thunderstorm.jpg);\n}\n#section_1394638560 .section-bg {\n  background-position: 90% 59%;\n}\n#section_1394638560 .ux-shape-divider--top svg {\n  height: 150px;\n  --divider-top-width: 100%;\n}\n#section_1394638560 .ux-shape-divider--bottom svg {\n  height: 150px;\n  --divider-width: 100%;\n}\n@media (min-width:550px) {\n  #section_1394638560 {\n    min-height: 400px;\n  }\n}\n@media (min-width:850px) {\n  #section_1394638560 {\n    min-height: 600px;\n  }\n}\n<\/style>\n\t<\/section>\n\t\n<div class=\"row align-bottom\" style=\"max-width:1300px\" id=\"row-452631335\">\n\n\t<div id=\"col-957291988\" class=\"col medium-12 small-12 large-8 medium-col-first\"  >\n\t\t\t\t<div class=\"col-inner\"  >\n\t\t\t\n\t\t\t\n\n  <div class=\"banner has-hover\" id=\"banner-714373109\">\n          <div class=\"banner-inner fill\">\n        <div class=\"banner-bg fill\" >\n            <div class=\"bg fill bg-fill \"><\/div>\n                        <div class=\"overlay\"><\/div>            \n                    <\/div>\n\t\t\n        <div class=\"banner-layers container\">\n            <div class=\"fill banner-link\"><\/div>            \n        <\/div>\n      <\/div>\n\n            \n<style>\n#banner-714373109 {\n  padding-top: 300px;\n  background-color: rgb(255,255,255);\n}\n#banner-714373109 .bg.bg-loaded {\n  background-image: url(https:\/\/vosfoxmedical.com\/wp-content\/uploads\/2021\/06\/photo-services.jpg);\n}\n#banner-714373109 .overlay {\n  background-color: rgba(0, 0, 0, 0.366);\n}\n#banner-714373109 .bg {\n  background-position: 68% 94%;\n}\n#banner-714373109 .ux-shape-divider--top svg {\n  height: 150px;\n  --divider-top-width: 100%;\n}\n#banner-714373109 .ux-shape-divider--bottom svg {\n  height: 150px;\n  --divider-width: 100%;\n}\n@media (min-width:550px) {\n  #banner-714373109 {\n    padding-top: 600px;\n  }\n}\n<\/style>\n  <\/div>\n\n\n\t\t<\/div>\n\t\t\t\t\n<style>\n#col-957291988 > .col-inner {\n  margin: -120px 0px 0px 0px;\n}\n@media (min-width:550px) {\n  #col-957291988 > .col-inner {\n    margin: -120px 0px 0px 0px;\n  }\n}\n@media (min-width:850px) {\n  #col-957291988 > .col-inner {\n    margin: -500px 0px 0px 0px;\n  }\n}\n<\/style>\n\t<\/div>\n\n\t\n<\/div>\n\t<section class=\"section\" id=\"section_1312383646\">\n\t\t<div class=\"bg section-bg fill bg-fill  bg-loaded\" >\n\n\t\t\t\n\t\t\t\n\t\t\t\n\n\t\t<\/div>\n\n\t\t\n\n\t\t<div class=\"section-content relative\">\n\t\t\t\n<div class=\"row row-large align-equal align-right\"  id=\"row-552739069\">\n\n\t<div id=\"col-1250998232\" class=\"col medium-12 small-12 large-12\"  >\n\t\t\t\t<div class=\"col-inner\"  >\n\t\t\t\n\t\t\t\n<p class=\"lead\">Entwicklungsschritte sind die ersten Schritte von Laborproben bis zur klinischen Produktion von Medizinprodukten. Neben dem Produktdesign sind auch andere Entwicklungsschritte, wie die Prozess- oder Verpackungsentwicklung, erforderlich. Im Folgenden finden Sie die zu ber\u00fccksichtigenden Schritte. Vosfox Medical bietet Ihnen diese Dienstleistungen an.  <\/p>\n\t\t<\/div>\n\t\t\t\t\t<\/div>\n\n\t\n<\/div>\n<div class=\"row row-small align-middle align-center\"  id=\"row-1604674565\">\n\n\t<div id=\"col-1406133586\" class=\"col medium-5 small-12 large-5\"  >\n\t\t\t\t<div class=\"col-inner\"  >\n\t\t\t\n\t\t\t\n\n  <div class=\"banner has-hover\" id=\"banner-170370786\">\n          <div class=\"banner-inner fill\">\n        <div class=\"banner-bg fill\" >\n            <div class=\"bg fill bg-fill \"><\/div>\n                                    \n                    <\/div>\n\t\t\n        <div class=\"banner-layers container\">\n            <div class=\"fill banner-link\"><\/div>            \n        <\/div>\n      <\/div>\n\n            \n<style>\n#banner-170370786 {\n  padding-top: 99.99%;\n}\n#banner-170370786 .bg.bg-loaded {\n  background-image: url(https:\/\/vosfoxmedical.com\/wp-content\/uploads\/2021\/06\/img-process-development.jpeg);\n}\n#banner-170370786 .bg {\n  background-position: 55% 12%;\n}\n#banner-170370786 .ux-shape-divider--top svg {\n  height: 150px;\n  --divider-top-width: 100%;\n}\n#banner-170370786 .ux-shape-divider--bottom svg {\n  height: 150px;\n  --divider-width: 100%;\n}\n<\/style>\n  <\/div>\n\n\n\t\t<\/div>\n\t\t\t\t\t<\/div>\n\n\t\n\n\t<div id=\"col-691879741\" class=\"col medium-7 small-11 large-7\"  >\n\t\t\t\t<div class=\"col-inner\"  >\n\t\t\t\n\t\t\t\n<h2>Prozessentwicklung<\/h2>\n<p>Unsere Ingenieure bei Vosfox Medical haben Erfahrung in der Entwicklung von Herstellungs- und Montageprozessen f\u00fcr medizinische Ger\u00e4te und Komponenten. Wir k\u00f6nnen Sie auch bei Prozessen unterst\u00fctzen wie; <\/p>\n<ul>\n<li>Auswahl des Prozesses oder der Ausr\u00fcstung<\/li>\n<li>Auswahl von Materialien oder Lieferanten<\/li>\n<li>Eine URS definieren<\/li>\n<li>(Ausr\u00fcstung) Designpr\u00fcfungen<\/li>\n<li>Skalierung von Prozessen<\/li>\n<li>FAT \/ SAT (Abnahmepr\u00fcfung der Ausr\u00fcstung)<\/li>\n<\/ul>\n<a href=\"https:\/\/vosfoxmedical.com\/services\/process-development\/\" target=\"_self\" class=\"button secondary is-bevel\"  >\n    <span>Mehr lesen<\/span>\n  <\/a>\n\n\t<div id=\"gap-1240698841\" class=\"gap-element clearfix\" style=\"display:block; height:auto;\">\n\t\t\n<style>\n#gap-1240698841 {\n  padding-top: 6px;\n}\n<\/style>\n\t<\/div>\n\t\n\t\t<\/div>\n\t\t\t\t\n<style>\n#col-691879741 > .col-inner {\n  padding: 0px 0px 0px 0;\n}\n@media (min-width:550px) {\n  #col-691879741 > .col-inner {\n    padding: 0px 0px 0px 50px;\n  }\n}\n<\/style>\n\t<\/div>\n\n\t\n<\/div>\n\t<div id=\"gap-1767480634\" class=\"gap-element clearfix hide-for-small\" style=\"display:block; height:auto;\">\n\t\t\n<style>\n#gap-1767480634 {\n  padding-top: 70px;\n}\n<\/style>\n\t<\/div>\n\t\n<div class=\"row row-small align-middle align-center\"  id=\"row-1679176136\">\n\n\t<div id=\"col-1576756948\" class=\"col medium-7 small-11 large-7\"  >\n\t\t\t\t<div class=\"col-inner\"  >\n\t\t\t\n\t\t\t\n<h2>Entwicklung von Verpackungen<\/h2>\n<p>Wenn Sie unsicher sind, welche Verpackung f\u00fcr Ihr Medizinprodukt am besten geeignet ist, kann Vosfox Medical Sie bei der Suche nach geeigneten Verpackungen und Etiketten unterst\u00fctzen.<\/p>\n<p>Gemeinsam legen wir die Anforderungen an die Verpackung fest, z. B. Sauerstoff- oder Feuchtigkeitsbarriere, mechanische Integrit\u00e4t und Sterilisationsverfahren. Dann werden die geeigneten Lieferanten und Materialien f\u00fcr Blister, Beutel oder Schachteln ausgew\u00e4hlt und ein Verpackungsdesign erstellt. Die Verpackung muss f\u00fcr die gew\u00e4hlte Methode geeignet sein und die Sterilisations- und Transportvalidierung bestehen.  <\/p>\n<p>Anschlie\u00dfend werden die Etiketten ausgew\u00e4hlt und gestaltet. Die Etiketten m\u00fcssen gem\u00e4\u00df der Medizinprodukteverordnung mit den richtigen Symbolen und den UDI-Nummern gestaltet werden. <\/p>\n\t<div id=\"gap-1873520916\" class=\"gap-element clearfix\" style=\"display:block; height:auto;\">\n\t\t\n<style>\n#gap-1873520916 {\n  padding-top: 6px;\n}\n<\/style>\n\t<\/div>\n\t\n<a href=\"\/development\/packaging-development\/\" target=\"_self\" class=\"button secondary is-bevel\"  >\n    <span>Mehr lesen<\/span>\n  <\/a>\n\n\t\t<\/div>\n\t\t\t\t\n<style>\n#col-1576756948 > .col-inner {\n  padding: 0px 0 0px 0px;\n}\n@media (min-width:550px) {\n  #col-1576756948 > .col-inner {\n    padding: 0px 50px 0px 0;\n  }\n}\n<\/style>\n\t<\/div>\n\n\t\n\n\t<div id=\"col-23800650\" class=\"col medium-5 small-12 large-5 small-col-first\"  >\n\t\t\t\t<div class=\"col-inner\"  >\n\t\t\t\n\t\t\t\n\n  <div class=\"banner has-hover\" id=\"banner-616571258\">\n          <div class=\"banner-inner fill\">\n        <div class=\"banner-bg fill\" >\n            <div class=\"bg fill bg-fill \"><\/div>\n                                    \n                    <\/div>\n\t\t\n        <div class=\"banner-layers container\">\n            <div class=\"fill banner-link\"><\/div>            \n        <\/div>\n      <\/div>\n\n            \n<style>\n#banner-616571258 {\n  padding-top: 99.99%;\n}\n#banner-616571258 .bg.bg-loaded {\n  background-image: url(https:\/\/vosfoxmedical.com\/wp-content\/uploads\/2021\/06\/img-packaging-development.jpg);\n}\n#banner-616571258 .bg {\n  background-position: 40% 12%;\n}\n#banner-616571258 .ux-shape-divider--top svg {\n  height: 150px;\n  --divider-top-width: 100%;\n}\n#banner-616571258 .ux-shape-divider--bottom svg {\n  height: 150px;\n  --divider-width: 100%;\n}\n<\/style>\n  <\/div>\n\n\n\t\t<\/div>\n\t\t\t\t\t<\/div>\n\n\t\n<\/div>\n\t<div id=\"gap-1086706313\" class=\"gap-element clearfix hide-for-small\" style=\"display:block; height:auto;\">\n\t\t\n<style>\n#gap-1086706313 {\n  padding-top: 70px;\n}\n<\/style>\n\t<\/div>\n\t\n<div class=\"row row-small align-middle align-center\"  id=\"row-2075635724\">\n\n\t<div id=\"col-1541294653\" class=\"col medium-5 small-12 large-5\"  >\n\t\t\t\t<div class=\"col-inner\"  >\n\t\t\t\n\t\t\t\n\n  <div class=\"banner has-hover\" id=\"banner-1638130399\">\n          <div class=\"banner-inner fill\">\n        <div class=\"banner-bg fill\" >\n            <div class=\"bg fill bg-fill \"><\/div>\n                                    \n                    <\/div>\n\t\t\n        <div class=\"banner-layers container\">\n            <div class=\"fill banner-link\"><\/div>            \n        <\/div>\n      <\/div>\n\n            \n<style>\n#banner-1638130399 {\n  padding-top: 99.99%;\n}\n#banner-1638130399 .bg.bg-loaded {\n  background-image: url(https:\/\/vosfoxmedical.com\/wp-content\/uploads\/2023\/09\/ropes-material-selection-scaled.jpg);\n}\n#banner-1638130399 .bg {\n  background-position: 55% 12%;\n}\n#banner-1638130399 .ux-shape-divider--top svg {\n  height: 150px;\n  --divider-top-width: 100%;\n}\n#banner-1638130399 .ux-shape-divider--bottom svg {\n  height: 150px;\n  --divider-width: 100%;\n}\n<\/style>\n  <\/div>\n\n\n\t\t<\/div>\n\t\t\t\t\t<\/div>\n\n\t\n\n\t<div id=\"col-1827812166\" class=\"col medium-7 small-11 large-7\"  >\n\t\t\t\t<div class=\"col-inner\"  >\n\t\t\t\n\t\t\t\n<h2>Auswahl von Rohstoffen und Lieferanten<\/h2>\n<p>Wenn Sie nicht wissen, welches Material f\u00fcr Ihre Anwendung am besten geeignet ist, k\u00f6nnen wir Ihnen Vorschl\u00e4ge unterbreiten und einige Versuche f\u00fcr Sie durchf\u00fchren. Die meisten Kunden wissen, welches Material sie verwenden m\u00f6chten, da sie es bereits in der Produktentwicklungsphase verwendet haben, aber nur Materialien in technischer Qualit\u00e4t. Wir k\u00f6nnen Ihnen helfen, medizinisch hochwertige Materialien und zuverl\u00e4ssige Lieferanten zu finden:  <\/p>\n<ul>\n<li>Rohmaterialien<\/li>\n<li>Ihr Verpackungsmaterial, Silikonbeutel<\/li>\n<li>Etiketten, Indikatoren<\/li>\n<\/ul>\n<p>Vosfox Medical \u00fcbernimmt die Auswahl, Genehmigung und \u00dcberwachung der Lieferanten und wir k\u00f6nnen f\u00fcr Sie Lieferantenaudits durch unseren zertifizierten Auditor durchf\u00fchren.<\/p>\n<a href=\"https:\/\/vosfoxmedical.com\/services\/material-supplier-selection\/\" target=\"_self\" class=\"button secondary is-bevel\"  >\n    <span>Mehr lesen<\/span>\n  <\/a>\n\n\t\t<\/div>\n\t\t\t\t\n<style>\n#col-1827812166 > .col-inner {\n  padding: 0px 0px 0px 0;\n}\n@media (min-width:550px) {\n  #col-1827812166 > .col-inner {\n    padding: 0px 0px 0px 50px;\n  }\n}\n<\/style>\n\t<\/div>\n\n\t\n<\/div>\n\t<div id=\"gap-1086660592\" class=\"gap-element clearfix\" style=\"display:block; height:auto;\">\n\t\t\n<style>\n#gap-1086660592 {\n  padding-top: 70px;\n}\n<\/style>\n\t<\/div>\n\t\n<div class=\"row align-middle\"  id=\"row-1460092633\">\n\n\t<div id=\"col-1262274146\" class=\"col medium-7 small-12 large-7\"  >\n\t\t\t\t<div class=\"col-inner\"  >\n\t\t\t\n\t\t\t\n<h2>Pr\u00e4klinische Chargenproduktion<\/h2>\n<p>Wenn Sie Produkte f\u00fcr Tests oder eine Studie ben\u00f6tigen, k\u00f6nnen wir diese f\u00fcr Sie herstellen. Pr\u00e4klinische Chargen sind nicht vollst\u00e4ndig validiert und d\u00fcrfen nicht f\u00fcr den menschlichen Gebrauch verwendet werden, aber sie haben eine viel h\u00f6here Zuverl\u00e4ssigkeit als im Labor hergestellte Proben. Wir k\u00f6nnen diese Proben im Reinraum herstellen, die vollst\u00e4ndige R\u00fcckverfolgbarkeit der Rohmaterialien sicherstellen, sie in Verpackungsmaterialien von akzeptabler Qualit\u00e4t verpacken und alle Produktions- und Testergebnisse in Chargenprotokollen aufzeichnen. Vosfox Medical kann bei Bedarf die Sterilisation veranlassen. Wir stellen Ihnen kein Analyse- oder Konformit\u00e4tszertifikat aus, sondern kennzeichnen alle Produkte mit dem Warnhinweis NOT FOR HUMAN USE.<\/p>\n\t\t<\/div>\n\t\t\t\t\t<\/div>\n\n\t\n\n\t<div id=\"col-548814372\" class=\"col medium-5 small-12 large-5\"  >\n\t\t\t\t<div class=\"col-inner\"  >\n\t\t\t\n\t\t\t\n\n  <div class=\"banner has-hover\" id=\"banner-1372277330\">\n          <div class=\"banner-inner fill\">\n        <div class=\"banner-bg fill\" >\n            <div class=\"bg fill bg-fill \"><\/div>\n                                    \n                    <\/div>\n\t\t\n        <div class=\"banner-layers container\">\n            <div class=\"fill banner-link\"><\/div>            \n   <div id=\"text-box-1161979333\" class=\"text-box banner-layer x50 md-x50 lg-x50 y50 md-y50 lg-y50 res-text\">\n                                <div class=\"text-box-content text dark\">\n              \n              <div class=\"text-inner text-center\">\n                  \n              <\/div>\n           <\/div>\n                            \n<style>\n#text-box-1161979333 {\n  width: 60%;\n}\n#text-box-1161979333 .text-box-content {\n  font-size: 100%;\n}\n<\/style>\n    <\/div>\n \n        <\/div>\n      <\/div>\n\n            \n<style>\n#banner-1372277330 {\n  padding-top: 99.99%;\n}\n#banner-1372277330 .bg.bg-loaded {\n  background-image: url(https:\/\/i0.wp.com\/vosfoxmedical.com\/wp-content\/uploads\/2023\/09\/Snapshot_3.jpg?fit=1020%2C574&ssl=1);\n}\n#banner-1372277330 .ux-shape-divider--top svg {\n  height: 150px;\n  --divider-top-width: 100%;\n}\n#banner-1372277330 .ux-shape-divider--bottom svg {\n  height: 150px;\n  --divider-width: 100%;\n}\n<\/style>\n  <\/div>\n\n\n\t\t<\/div>\n\t\t\t\t\t<\/div>\n\n\t\n<\/div>\n\t\t<\/div>\n\n\t\t\n<style>\n#section_1312383646 {\n  padding-top: 30px;\n  padding-bottom: 30px;\n}\n#section_1312383646 .ux-shape-divider--top svg {\n  height: 150px;\n  --divider-top-width: 100%;\n}\n#section_1312383646 .ux-shape-divider--bottom svg {\n  height: 150px;\n  --divider-width: 100%;\n}\n@media (min-width:550px) {\n  #section_1312383646 {\n    padding-top: 70px;\n    padding-bottom: 70px;\n  }\n}\n<\/style>\n\t<\/section>\n\t\n","protected":false},"excerpt":{"rendered":"","protected":false},"author":3,"featured_media":0,"parent":3145,"menu_order":0,"comment_status":"closed","ping_status":"closed","template":"page-blank.php","meta":{"footnotes":""},"class_list":["post-2791","page","type-page","status-publish","hentry"],"yoast_head":"<!-- This site is optimized with the Yoast SEO Premium plugin v24.2 (Yoast SEO v27.4) - https:\/\/yoast.com\/product\/yoast-seo-premium-wordpress\/ -->\n<title>Entwicklung | Schritte auf dem Weg zu klinischen Produkten<\/title>\n<meta name=\"description\" content=\"\u00dcbersichtsseite \u00fcber die verschiedenen Entwicklungsschritte, die bei der Vorbereitung der Herstellung von f\u00fcr die klinische Anwendung geeigneten Medizinprodukten in Angriff genommen werden m\u00fcssen.\" \/>\n<meta name=\"robots\" content=\"index, follow, max-snippet:-1, max-image-preview:large, max-video-preview:-1\" \/>\n<link rel=\"canonical\" href=\"https:\/\/vosfoxmedical.com\/de\/dienstleistungen-2\/entwicklung\/\" \/>\n<meta property=\"og:locale\" content=\"de_DE\" \/>\n<meta property=\"og:type\" content=\"article\" \/>\n<meta property=\"og:title\" content=\"Entwicklung\" \/>\n<meta property=\"og:description\" content=\"\u00dcbersichtsseite \u00fcber die verschiedenen Entwicklungsschritte, die bei der Vorbereitung der Herstellung von f\u00fcr die klinische Anwendung geeigneten Medizinprodukten in Angriff genommen werden m\u00fcssen.\" \/>\n<meta property=\"og:url\" content=\"https:\/\/vosfoxmedical.com\/de\/dienstleistungen-2\/entwicklung\/\" \/>\n<meta property=\"og:site_name\" content=\"Vosfox Medical\" \/>\n<meta property=\"article:publisher\" content=\"https:\/\/www.facebook.com\/Vosfoxmedical\" \/>\n<meta property=\"article:modified_time\" content=\"2025-03-05T13:48:20+00:00\" \/>\n<meta name=\"twitter:card\" content=\"summary_large_image\" \/>\n<meta name=\"twitter:site\" content=\"@svndevos\" \/>\n<meta name=\"twitter:label1\" content=\"Gesch\u00e4tzte Lesezeit\" \/>\n\t<meta name=\"twitter:data1\" content=\"4\u00a0Minuten\" \/>\n<script type=\"application\/ld+json\" class=\"yoast-schema-graph\">{\"@context\":\"https:\\\/\\\/schema.org\",\"@graph\":[{\"@type\":\"WebPage\",\"@id\":\"https:\\\/\\\/vosfoxmedical.com\\\/de\\\/dienstleistungen-2\\\/entwicklung\\\/\",\"url\":\"https:\\\/\\\/vosfoxmedical.com\\\/de\\\/dienstleistungen-2\\\/entwicklung\\\/\",\"name\":\"Entwicklung | Schritte auf dem Weg zu klinischen Produkten\",\"isPartOf\":{\"@id\":\"https:\\\/\\\/vosfoxmedical.com\\\/de\\\/#website\"},\"datePublished\":\"2023-05-27T15:41:52+00:00\",\"dateModified\":\"2025-03-05T13:48:20+00:00\",\"description\":\"\u00dcbersichtsseite \u00fcber die verschiedenen Entwicklungsschritte, die bei der Vorbereitung der Herstellung von f\u00fcr die klinische Anwendung geeigneten Medizinprodukten in Angriff genommen werden m\u00fcssen.\",\"breadcrumb\":{\"@id\":\"https:\\\/\\\/vosfoxmedical.com\\\/de\\\/dienstleistungen-2\\\/entwicklung\\\/#breadcrumb\"},\"inLanguage\":\"de\",\"potentialAction\":[{\"@type\":\"ReadAction\",\"target\":[\"https:\\\/\\\/vosfoxmedical.com\\\/de\\\/dienstleistungen-2\\\/entwicklung\\\/\"]}]},{\"@type\":\"BreadcrumbList\",\"@id\":\"https:\\\/\\\/vosfoxmedical.com\\\/de\\\/dienstleistungen-2\\\/entwicklung\\\/#breadcrumb\",\"itemListElement\":[{\"@type\":\"ListItem\",\"position\":1,\"name\":\"Home\",\"item\":\"https:\\\/\\\/vosfoxmedical.com\\\/de\\\/willkommen-bei-vosfox-medical\\\/\"},{\"@type\":\"ListItem\",\"position\":2,\"name\":\"Dienstleistungen\",\"item\":\"https:\\\/\\\/vosfoxmedical.com\\\/de\\\/dienstleistungen-2\\\/\"},{\"@type\":\"ListItem\",\"position\":3,\"name\":\"Entwicklung\"}]},{\"@type\":\"WebSite\",\"@id\":\"https:\\\/\\\/vosfoxmedical.com\\\/de\\\/#website\",\"url\":\"https:\\\/\\\/vosfoxmedical.com\\\/de\\\/\",\"name\":\"vosfoxmedical.com\",\"description\":\"Low-volume contract manufacturing organisation\",\"publisher\":{\"@id\":\"https:\\\/\\\/vosfoxmedical.com\\\/de\\\/#organization\"},\"potentialAction\":[{\"@type\":\"SearchAction\",\"target\":{\"@type\":\"EntryPoint\",\"urlTemplate\":\"https:\\\/\\\/vosfoxmedical.com\\\/de\\\/?s={search_term_string}\"},\"query-input\":{\"@type\":\"PropertyValueSpecification\",\"valueRequired\":true,\"valueName\":\"search_term_string\"}}],\"inLanguage\":\"de\"},{\"@type\":\"Organization\",\"@id\":\"https:\\\/\\\/vosfoxmedical.com\\\/de\\\/#organization\",\"name\":\"Vosfox Medical\",\"url\":\"https:\\\/\\\/vosfoxmedical.com\\\/de\\\/\",\"logo\":{\"@type\":\"ImageObject\",\"inLanguage\":\"de\",\"@id\":\"https:\\\/\\\/vosfoxmedical.com\\\/de\\\/#\\\/schema\\\/logo\\\/image\\\/\",\"url\":\"https:\\\/\\\/i0.wp.com\\\/vosfoxmedical.com\\\/wp-content\\\/uploads\\\/2021\\\/06\\\/vosfox_medical_logo.png?fit=8594%2C2813&ssl=1\",\"contentUrl\":\"https:\\\/\\\/i0.wp.com\\\/vosfoxmedical.com\\\/wp-content\\\/uploads\\\/2021\\\/06\\\/vosfox_medical_logo.png?fit=8594%2C2813&ssl=1\",\"width\":8594,\"height\":2813,\"caption\":\"Vosfox Medical\"},\"image\":{\"@id\":\"https:\\\/\\\/vosfoxmedical.com\\\/de\\\/#\\\/schema\\\/logo\\\/image\\\/\"},\"sameAs\":[\"https:\\\/\\\/www.facebook.com\\\/Vosfoxmedical\",\"https:\\\/\\\/x.com\\\/svndevos\",\"https:\\\/\\\/www.instagram.com\\\/\",\"https:\\\/\\\/www.linkedin.com\\\/company\\\/11022599\\\/\"]}]}<\/script>\n<!-- \/ Yoast SEO Premium plugin. -->","yoast_head_json":{"title":"Entwicklung | Schritte auf dem Weg zu klinischen Produkten","description":"\u00dcbersichtsseite \u00fcber die verschiedenen Entwicklungsschritte, die bei der Vorbereitung der Herstellung von f\u00fcr die klinische Anwendung geeigneten Medizinprodukten in Angriff genommen werden m\u00fcssen.","robots":{"index":"index","follow":"follow","max-snippet":"max-snippet:-1","max-image-preview":"max-image-preview:large","max-video-preview":"max-video-preview:-1"},"canonical":"https:\/\/vosfoxmedical.com\/de\/dienstleistungen-2\/entwicklung\/","og_locale":"de_DE","og_type":"article","og_title":"Entwicklung","og_description":"\u00dcbersichtsseite \u00fcber die verschiedenen Entwicklungsschritte, die bei der Vorbereitung der Herstellung von f\u00fcr die klinische Anwendung geeigneten Medizinprodukten in Angriff genommen werden m\u00fcssen.","og_url":"https:\/\/vosfoxmedical.com\/de\/dienstleistungen-2\/entwicklung\/","og_site_name":"Vosfox Medical","article_publisher":"https:\/\/www.facebook.com\/Vosfoxmedical","article_modified_time":"2025-03-05T13:48:20+00:00","twitter_card":"summary_large_image","twitter_site":"@svndevos","twitter_misc":{"Gesch\u00e4tzte Lesezeit":"4\u00a0Minuten"},"schema":{"@context":"https:\/\/schema.org","@graph":[{"@type":"WebPage","@id":"https:\/\/vosfoxmedical.com\/de\/dienstleistungen-2\/entwicklung\/","url":"https:\/\/vosfoxmedical.com\/de\/dienstleistungen-2\/entwicklung\/","name":"Entwicklung | Schritte auf dem Weg zu klinischen Produkten","isPartOf":{"@id":"https:\/\/vosfoxmedical.com\/de\/#website"},"datePublished":"2023-05-27T15:41:52+00:00","dateModified":"2025-03-05T13:48:20+00:00","description":"\u00dcbersichtsseite \u00fcber die verschiedenen Entwicklungsschritte, die bei der Vorbereitung der Herstellung von f\u00fcr die klinische Anwendung geeigneten Medizinprodukten in Angriff genommen werden m\u00fcssen.","breadcrumb":{"@id":"https:\/\/vosfoxmedical.com\/de\/dienstleistungen-2\/entwicklung\/#breadcrumb"},"inLanguage":"de","potentialAction":[{"@type":"ReadAction","target":["https:\/\/vosfoxmedical.com\/de\/dienstleistungen-2\/entwicklung\/"]}]},{"@type":"BreadcrumbList","@id":"https:\/\/vosfoxmedical.com\/de\/dienstleistungen-2\/entwicklung\/#breadcrumb","itemListElement":[{"@type":"ListItem","position":1,"name":"Home","item":"https:\/\/vosfoxmedical.com\/de\/willkommen-bei-vosfox-medical\/"},{"@type":"ListItem","position":2,"name":"Dienstleistungen","item":"https:\/\/vosfoxmedical.com\/de\/dienstleistungen-2\/"},{"@type":"ListItem","position":3,"name":"Entwicklung"}]},{"@type":"WebSite","@id":"https:\/\/vosfoxmedical.com\/de\/#website","url":"https:\/\/vosfoxmedical.com\/de\/","name":"vosfoxmedical.com","description":"Low-volume contract manufacturing organisation","publisher":{"@id":"https:\/\/vosfoxmedical.com\/de\/#organization"},"potentialAction":[{"@type":"SearchAction","target":{"@type":"EntryPoint","urlTemplate":"https:\/\/vosfoxmedical.com\/de\/?s={search_term_string}"},"query-input":{"@type":"PropertyValueSpecification","valueRequired":true,"valueName":"search_term_string"}}],"inLanguage":"de"},{"@type":"Organization","@id":"https:\/\/vosfoxmedical.com\/de\/#organization","name":"Vosfox Medical","url":"https:\/\/vosfoxmedical.com\/de\/","logo":{"@type":"ImageObject","inLanguage":"de","@id":"https:\/\/vosfoxmedical.com\/de\/#\/schema\/logo\/image\/","url":"https:\/\/i0.wp.com\/vosfoxmedical.com\/wp-content\/uploads\/2021\/06\/vosfox_medical_logo.png?fit=8594%2C2813&ssl=1","contentUrl":"https:\/\/i0.wp.com\/vosfoxmedical.com\/wp-content\/uploads\/2021\/06\/vosfox_medical_logo.png?fit=8594%2C2813&ssl=1","width":8594,"height":2813,"caption":"Vosfox Medical"},"image":{"@id":"https:\/\/vosfoxmedical.com\/de\/#\/schema\/logo\/image\/"},"sameAs":["https:\/\/www.facebook.com\/Vosfoxmedical","https:\/\/x.com\/svndevos","https:\/\/www.instagram.com\/","https:\/\/www.linkedin.com\/company\/11022599\/"]}]}},"jetpack-related-posts":[],"jetpack_sharing_enabled":true,"_links":{"self":[{"href":"https:\/\/vosfoxmedical.com\/de\/wp-json\/wp\/v2\/pages\/2791","targetHints":{"allow":["GET"]}}],"collection":[{"href":"https:\/\/vosfoxmedical.com\/de\/wp-json\/wp\/v2\/pages"}],"about":[{"href":"https:\/\/vosfoxmedical.com\/de\/wp-json\/wp\/v2\/types\/page"}],"author":[{"embeddable":true,"href":"https:\/\/vosfoxmedical.com\/de\/wp-json\/wp\/v2\/users\/3"}],"replies":[{"embeddable":true,"href":"https:\/\/vosfoxmedical.com\/de\/wp-json\/wp\/v2\/comments?post=2791"}],"version-history":[{"count":10,"href":"https:\/\/vosfoxmedical.com\/de\/wp-json\/wp\/v2\/pages\/2791\/revisions"}],"predecessor-version":[{"id":3199,"href":"https:\/\/vosfoxmedical.com\/de\/wp-json\/wp\/v2\/pages\/2791\/revisions\/3199"}],"up":[{"embeddable":true,"href":"https:\/\/vosfoxmedical.com\/de\/wp-json\/wp\/v2\/pages\/3145"}],"wp:attachment":[{"href":"https:\/\/vosfoxmedical.com\/de\/wp-json\/wp\/v2\/media?parent=2791"}],"curies":[{"name":"wp","href":"https:\/\/api.w.org\/{rel}","templated":true}]}}