{"id":2780,"date":"2023-06-01T17:37:09","date_gmt":"2023-06-01T16:37:09","guid":{"rendered":"https:\/\/vosfoxmedical.com\/technologien\/ihre-technologie\/"},"modified":"2024-10-09T12:53:23","modified_gmt":"2024-10-09T11:53:23","slug":"ihre-technologie","status":"publish","type":"page","link":"https:\/\/vosfoxmedical.com\/de\/technologien\/ihre-technologie\/","title":{"rendered":"Ihre Technologie"},"content":{"rendered":"\t<section class=\"section dark\" id=\"section_504297052\">\n\t\t<div class=\"bg section-bg fill bg-fill  \" >\n\n\t\t\t\n\t\t\t<div class=\"section-bg-overlay absolute fill\"><\/div>\n\t\t\t\n\n\t\t<\/div>\n\n\t\t\n\n\t\t<div class=\"section-content relative\">\n\t\t\t\n<div class=\"row align-middle align-center\" style=\"max-width:1300px\" id=\"row-479747994\">\n\n\t<div id=\"col-687030404\" class=\"col medium-12 small-12 large-12\"  >\n\t\t\t\t<div class=\"col-inner text-left\"  >\n\t\t\t\n\t\t\t\n\t<div id=\"text-2124191058\" class=\"text\">\n\t\t\n<h1 class=\"entry-title\">Ihre Technologie<\/h1>\n\t\t\n<style>\n#text-2124191058 {\n  font-size: 1rem;\n}\n@media (min-width:550px) {\n  #text-2124191058 {\n    font-size: 1.25rem;\n  }\n}\n@media (min-width:850px) {\n  #text-2124191058 {\n    font-size: 2.75rem;\n  }\n}\n<\/style>\n\t<\/div>\n\t\n\t\t<\/div>\n\t\t\t\t\n<style>\n#col-687030404 > .col-inner {\n  margin: 0px 0px -40px 0px;\n}\n@media (min-width:550px) {\n  #col-687030404 > .col-inner {\n    margin: 0px 0px 0px 0px;\n  }\n}\n@media (min-width:850px) {\n  #col-687030404 > .col-inner {\n    margin: -5px 0px 0px 0px;\n  }\n}\n<\/style>\n\t<\/div>\n\n\t\n<\/div>\n\t\t<\/div>\n\n\t\t\n<style>\n#section_504297052 {\n  padding-top: 30px;\n  padding-bottom: 30px;\n  min-height: 400px;\n  background-color: rgb(44, 49, 63);\n}\n#section_504297052 .section-bg-overlay {\n  background-color: rgba(44, 49, 63, 0.93);\n}\n#section_504297052 .section-bg.bg-loaded {\n  background-image: url(https:\/\/vosfoxmedical.com\/wp-content\/uploads\/2021\/06\/img-thunderstorm.jpg);\n}\n#section_504297052 .section-bg {\n  background-position: 90% 59%;\n}\n#section_504297052 .ux-shape-divider--top svg {\n  height: 150px;\n  --divider-top-width: 100%;\n}\n#section_504297052 .ux-shape-divider--bottom svg {\n  height: 150px;\n  --divider-width: 100%;\n}\n@media (min-width:550px) {\n  #section_504297052 {\n    min-height: 300px;\n  }\n}\n@media (min-width:850px) {\n  #section_504297052 {\n    min-height: 600px;\n  }\n}\n<\/style>\n\t<\/section>\n\t\n<div class=\"row align-bottom\" style=\"max-width:1300px\" id=\"row-371228837\">\n\n\t<div id=\"col-2974078\" class=\"col medium-12 small-12 large-8 medium-col-first\"  >\n\t\t\t\t<div class=\"col-inner\"  >\n\t\t\t\n\t\t\t\n\n  <div class=\"banner has-hover\" id=\"banner-871560343\">\n          <div class=\"banner-inner fill\">\n        <div class=\"banner-bg fill\" >\n            <div class=\"bg fill bg-fill \"><\/div>\n                                    \n                    <\/div>\n\t\t\n        <div class=\"banner-layers container\">\n            <div class=\"fill banner-link\"><\/div>            \n        <\/div>\n      <\/div>\n\n            \n<style>\n#banner-871560343 {\n  padding-top: 300px;\n  background-color: rgb(255,255,255);\n}\n#banner-871560343 .bg.bg-loaded {\n  background-image: url(https:\/\/vosfoxmedical.com\/wp-content\/uploads\/2023\/06\/combined-picture.png);\n}\n#banner-871560343 .ux-shape-divider--top svg {\n  height: 150px;\n  --divider-top-width: 100%;\n}\n#banner-871560343 .ux-shape-divider--bottom svg {\n  height: 150px;\n  --divider-width: 100%;\n}\n@media (min-width:550px) {\n  #banner-871560343 {\n    padding-top: 600px;\n  }\n}\n<\/style>\n  <\/div>\n\n\n\t\t<\/div>\n\t\t\t\t\n<style>\n#col-2974078 > .col-inner {\n  margin: -120px 0px 0px 0px;\n}\n@media (min-width:550px) {\n  #col-2974078 > .col-inner {\n    margin: -120px 0px 0px 0px;\n  }\n}\n@media (min-width:850px) {\n  #col-2974078 > .col-inner {\n    margin: -500px 0px 0px 0px;\n  }\n}\n<\/style>\n\t<\/div>\n\n\t\n<\/div>\n\t<section class=\"section\" id=\"section_958967540\">\n\t\t<div class=\"bg section-bg fill bg-fill  bg-loaded\" >\n\n\t\t\t\n\t\t\t\n\t\t\t\n\n\t\t<\/div>\n\n\t\t\n\n\t\t<div class=\"section-content relative\">\n\t\t\t\n<div class=\"row row-large align-equal align-right\"  id=\"row-2001940613\">\n\n\t<div id=\"col-1332892102\" class=\"col medium-12 small-12 large-12\"  >\n\t\t\t\t<div class=\"col-inner\"  >\n\t\t\t\n\t\t\t\n<p class=\"has-text-align-left lead\">Ist Ihre Technologie nicht auf unserer Website (siehe <a href=\"https:\/\/vosfoxmedical.com\/de\/?page_id=2492\">\u00dcbersichtsseite)<\/a>, aber wenn Sie einen Auftragshersteller ben\u00f6tigen, dann k\u00f6nnen wir Ihnen vielleicht helfen.<br \/>\nWir sind es gewohnt, alle Arten von Technologien zu entwickeln und mit ihnen zu arbeiten.<br \/>\nWir k\u00f6nnen Ihre klinischen Produkte herstellen, wenn die Maschine in unsere Einrichtungen passt.  <\/p>\n<p class=\"lead\">Nachstehend finden Sie einige Beispiele f\u00fcr Technologien, an denen wir gearbeitet haben.<\/p>\n<div class=\"row\"  id=\"row-24576278\">\n\n\t<div id=\"col-237132883\" class=\"col medium-6 small-12 large-6\"  >\n\t\t\t\t<div class=\"col-inner\"  >\n\t\t\t\n\t\t\t\n\n  <div class=\"banner has-hover\" id=\"banner-51385649\">\n          <div class=\"banner-inner fill\">\n        <div class=\"banner-bg fill\" >\n            <div class=\"bg fill bg-fill \"><\/div>\n                                    \n                    <\/div>\n\t\t\n        <div class=\"banner-layers container\">\n            <div class=\"fill banner-link\"><\/div>            \n        <\/div>\n      <\/div>\n\n            \n<style>\n#banner-51385649 {\n  padding-top: 37.7%;\n}\n#banner-51385649 .bg.bg-loaded {\n  background-image: url(https:\/\/i0.wp.com\/vosfoxmedical.com\/wp-content\/uploads\/2023\/06\/powder.jpg?fit=480%2C400&ssl=1);\n}\n#banner-51385649 .ux-shape-divider--top svg {\n  height: 150px;\n  --divider-top-width: 100%;\n}\n#banner-51385649 .ux-shape-divider--bottom svg {\n  height: 150px;\n  --divider-width: 100%;\n}\n<\/style>\n  <\/div>\n\n\n<h3>Pulver dispergierend<\/h3>\n<p>  F\u00fcr einen Kunden setzten wir eine handels\u00fcbliche Pulververteilungsmaschine ein, die mit Hochspannungs-Wechselstrom arbeitet, um Pulver in eine Struktur zu laden.<br \/>\nWir haben das Pulver fixiert und das Produkt getrocknet.<\/p>\n\t\t<\/div>\n\t\t\t\t\t<\/div>\n\n\t\n\n\t<div id=\"col-545803891\" class=\"col medium-6 small-12 large-6\"  >\n\t\t\t\t<div class=\"col-inner\"  >\n\t\t\t\n\t\t\t\n\n  <div class=\"banner has-hover\" id=\"banner-1076393945\">\n          <div class=\"banner-inner fill\">\n        <div class=\"banner-bg fill\" >\n            <div class=\"bg fill bg-fill \"><\/div>\n                                    \n                    <\/div>\n\t\t\n        <div class=\"banner-layers container\">\n            <div class=\"fill banner-link\"><\/div>            \n        <\/div>\n      <\/div>\n\n            \n<style>\n#banner-1076393945 {\n  padding-top: 37.7%;\n}\n#banner-1076393945 .bg.bg-loaded {\n  background-image: url(https:\/\/vosfoxmedical.com\/wp-content\/uploads\/2023\/06\/img-radiotherapy-tattoo.jpeg);\n}\n#banner-1076393945 .bg {\n  background-position: 55% 30%;\n}\n#banner-1076393945 .ux-shape-divider--top svg {\n  height: 150px;\n  --divider-top-width: 100%;\n}\n#banner-1076393945 .ux-shape-divider--bottom svg {\n  height: 150px;\n  --divider-width: 100%;\n}\n<\/style>\n  <\/div>\n\n\n<h3 id=\"h-medical-models\">Medizinische Tinte f\u00fcr T\u00e4towierungen<\/h3>\n<p id=\"h-a-short-description-of-your-company-and-the-services-you-offer\" class=\"has-custom-font\">F\u00fcr einen Kunden haben wir daran gearbeitet, die verschiedenen Komponenten einer medizinischen T\u00e4towiertinte zu mischen.<br \/>\nDer Kunde bat uns, eine kommerzielle T\u00e4towiertinte zu kopieren und sie unter ISO13485 in einem Reinraum herzustellen. <\/p>\n\t\t<\/div>\n\t\t\t\t\t<\/div>\n\n\t\n<\/div>\n<div class=\"row\"  id=\"row-1504972224\">\n\n\t<div id=\"col-858296144\" class=\"col medium-6 small-12 large-6\"  >\n\t\t\t\t<div class=\"col-inner\"  >\n\t\t\t\n\t\t\t\n\n  <div class=\"banner has-hover\" id=\"banner-743301544\">\n          <div class=\"banner-inner fill\">\n        <div class=\"banner-bg fill\" >\n            <div class=\"bg fill bg-fill \"><\/div>\n                                    \n                    <\/div>\n\t\t\n        <div class=\"banner-layers container\">\n            <div class=\"fill banner-link\"><\/div>            \n        <\/div>\n      <\/div>\n\n            \n<style>\n#banner-743301544 {\n  padding-top: 37.7%;\n}\n#banner-743301544 .bg.bg-loaded {\n  background-image: url(https:\/\/i0.wp.com\/vosfoxmedical.com\/wp-content\/uploads\/2023\/06\/img-solvent-cast-printing.jpg?fit=701%2C257&ssl=1);\n}\n#banner-743301544 .ux-shape-divider--top svg {\n  height: 150px;\n  --divider-top-width: 100%;\n}\n#banner-743301544 .ux-shape-divider--bottom svg {\n  height: 150px;\n  --divider-width: 100%;\n}\n<\/style>\n  <\/div>\n\n\n<h3>L\u00f6sungsmittel-Gussdruck<\/h3>\n<p>  F\u00fcr einen Kunden haben wir das Verfahren f\u00fcr den L\u00f6sungsmittelgussdruck mitentwickelt.<br \/>\nWir haben Ger\u00e4te ausgew\u00e4hlt und getestet, die wir f\u00fcr die Anwendung f\u00fcr geeignet hielten.<br \/>\nWir haben Produkthalter und Spritzen aus rostfreiem Stahl entwickelt, um ein Produkt zu garantieren, das nicht verunreinigt ist.<\/p>\n\t\t<\/div>\n\t\t\t\t\t<\/div>\n\n\t\n\n\t<div id=\"col-338437364\" class=\"col medium-6 small-12 large-6\"  >\n\t\t\t\t<div class=\"col-inner\"  >\n\t\t\t\n\t\t\t\n\n  <div class=\"banner has-hover\" id=\"banner-1274022765\">\n          <div class=\"banner-inner fill\">\n        <div class=\"banner-bg fill\" >\n            <div class=\"bg fill bg-fill \"><\/div>\n                                    \n                    <\/div>\n\t\t\n        <div class=\"banner-layers container\">\n            <div class=\"fill banner-link\"><\/div>            \n        <\/div>\n      <\/div>\n\n            \n<style>\n#banner-1274022765 {\n  padding-top: 37.7%;\n}\n#banner-1274022765 .bg.bg-loaded {\n  background-image: url(https:\/\/vosfoxmedical.com\/wp-content\/uploads\/2023\/06\/img-printed-drugs.jpeg);\n}\n#banner-1274022765 .bg {\n  background-position: 55% 12%;\n}\n#banner-1274022765 .ux-shape-divider--top svg {\n  height: 150px;\n  --divider-top-width: 100%;\n}\n#banner-1274022765 .ux-shape-divider--bottom svg {\n  height: 150px;\n  --divider-width: 100%;\n}\n<\/style>\n  <\/div>\n\n\n<h3>Drucken mit Drogen<\/h3>\n<p>  F\u00fcr einen Kunden haben wir ein biologisch abbaubares Implantat gedruckt, das mit einem Medikament zur lokalen Wirkstofffreisetzung beladen war.<br \/>\nDas Medikament wurde mit einem resorbierbaren Polymer in einem bestimmten Polymer-Wirkstoff-Verh\u00e4ltnis gemischt und in einer bestimmten Form gedruckt.<\/p>\n\t\t<\/div>\n\t\t\t\t\t<\/div>\n\n\t\n<\/div>\n\t\t<\/div>\n\t\t\t\t\t<\/div>\n\n\t\n<\/div>\n<div class=\"row\"  id=\"row-358744365\">\n\n\t<div id=\"col-339460824\" class=\"col small-12 large-12\"  >\n\t\t\t\t<div class=\"col-inner\"  >\n\t\t\t\n\t\t\t\n<div class=\"row\"  id=\"row-1844583138\">\n\n\t<div id=\"col-2057891197\" class=\"col medium-6 small-12 large-6\"  >\n\t\t\t\t<div class=\"col-inner\"  >\n\t\t\t\n\t\t\t\n<a href=\"https:\/\/vosfoxmedical.com\/contract-manufacturing\/technologies\/\" target=\"_self\" class=\"button primary\"  >\n    <span>Zur\u00fcck zur \u00dcbersichtsseite Technologien<\/span>\n  <\/a>\n\n\t\t<\/div>\n\t\t\t\t\t<\/div>\n\n\t\n\n\t<div id=\"col-1184793255\" class=\"col medium-6 small-12 large-6\"  >\n\t\t\t\t<div class=\"col-inner text-right\"  >\n\t\t\t\n\t\t\t\n<a href=\"https:\/\/vosfoxmedical.com\/de\/?page_id=2467\" target=\"_self\" class=\"button primary\"  >\n    <span>Zur\u00fcck zur \u00dcbersichtsseite Auftragsfertigung<\/span>\n  <\/a>\n\n\t\t<\/div>\n\t\t\t\t\t<\/div>\n\n\t\n<\/div>\n\t\t<\/div>\n\t\t\t\t\t<\/div>\n\n\t\n<\/div>\n\t\t<\/div>\n\n\t\t\n<style>\n#section_958967540 {\n  padding-top: 30px;\n  padding-bottom: 30px;\n}\n#section_958967540 .ux-shape-divider--top svg {\n  height: 150px;\n  --divider-top-width: 100%;\n}\n#section_958967540 .ux-shape-divider--bottom svg {\n  height: 150px;\n  --divider-width: 100%;\n}\n@media (min-width:550px) {\n  #section_958967540 {\n    padding-top: 70px;\n    padding-bottom: 70px;\n  }\n}\n<\/style>\n\t<\/section>\n\t\n\t<section class=\"section\" id=\"section_107182182\">\n\t\t<div class=\"bg section-bg fill bg-fill  bg-loaded\" >\n\n\t\t\t\n\t\t\t\n\t\t\t\n\n\t\t<\/div>\n\n\t\t\n\n\t\t<div class=\"section-content relative\">\n\t\t\t\n\t<div id=\"gap-1575413187\" class=\"gap-element clearfix hide-for-small\" style=\"display:block; height:auto;\">\n\t\t\n<style>\n#gap-1575413187 {\n  padding-top: 90px;\n}\n<\/style>\n\t<\/div>\n\t\n<div class=\"row\"  id=\"row-597761150\">\n\n\t<div id=\"col-285901832\" class=\"col medium-4 small-11 large-4\"  >\n\t\t\t\t<div class=\"col-inner\"  >\n\t\t\t\n\t\t\t\n\t<div id=\"gap-38616054\" class=\"gap-element clearfix\" style=\"display:block; height:auto;\">\n\t\t\n<style>\n#gap-38616054 {\n  padding-top: 30px;\n}\n<\/style>\n\t<\/div>\n\t\n\t\t<\/div>\n\t\t\t\t\n<style>\n#col-285901832 > .col-inner {\n  padding: 0px 0px 0px 0;\n}\n@media (min-width:550px) {\n  #col-285901832 > .col-inner {\n    padding: 0px 0px 0px 0;\n  }\n}\n<\/style>\n\t<\/div>\n\n\t\n\n\t<div id=\"col-1725228604\" class=\"col medium-4 small-11 large-4\"  >\n\t\t\t\t<div class=\"col-inner\"  >\n\t\t\t\n\t\t\t\n\t<div id=\"gap-1317174881\" class=\"gap-element clearfix\" style=\"display:block; height:auto;\">\n\t\t\n<style>\n#gap-1317174881 {\n  padding-top: 30px;\n}\n<\/style>\n\t<\/div>\n\t\n[\/ux_text]\n\t\t<\/div>\n\t\t\t\t\n<style>\n#col-1725228604 > .col-inner {\n  padding: 0px 0px 0px 0;\n}\n@media (min-width:550px) {\n  #col-1725228604 > .col-inner {\n    padding: 0px 0px 0px 0;\n  }\n}\n<\/style>\n\t<\/div>\n\n\t\n<\/div>\n<div class=\"row align-center\"  id=\"row-178087666\">\n\n\t<div id=\"col-1964691921\" class=\"col medium-10 small-12 large-7\"  >\n\t\t\t\t<div class=\"col-inner text-center dark\"  >\n\t\t\t\n\t\t\t\n\n<div class=\"wpcf7 no-js\" id=\"wpcf7-f2617-o1\" lang=\"de-DE\" dir=\"ltr\" data-wpcf7-id=\"2617\">\n<div class=\"screen-reader-response\"><p role=\"status\" aria-live=\"polite\" aria-atomic=\"true\"><\/p> <ul><\/ul><\/div>\n<form action=\"\/de\/wp-json\/wp\/v2\/pages\/2780#wpcf7-f2617-o1\" method=\"post\" class=\"wpcf7-form init\" aria-label=\"Kontaktformular\" novalidate=\"novalidate\" data-status=\"init\">\n<fieldset class=\"hidden-fields-container\"><input type=\"hidden\" name=\"_wpcf7\" value=\"2617\" \/><input type=\"hidden\" name=\"_wpcf7_version\" value=\"6.1.5\" \/><input type=\"hidden\" name=\"_wpcf7_locale\" value=\"de_DE\" \/><input type=\"hidden\" name=\"_wpcf7_unit_tag\" value=\"wpcf7-f2617-o1\" \/><input type=\"hidden\" name=\"_wpcf7_container_post\" value=\"0\" \/><input type=\"hidden\" name=\"_wpcf7_posted_data_hash\" value=\"\" \/>\n<\/fieldset>\n<div class=\"form-flat\">\n\t<p><span class=\"wpcf7-form-control-wrap\" data-name=\"your-name\"><input size=\"40\" maxlength=\"400\" class=\"wpcf7-form-control wpcf7-text wpcf7-validates-as-required\" aria-required=\"true\" aria-invalid=\"false\" placeholder=\"Name: (erforderlich)\" value=\"\" type=\"text\" name=\"your-name\" \/><\/span>\n\t<\/p>\n\t<p><span class=\"wpcf7-form-control-wrap\" data-name=\"your-email\"><input size=\"40\" maxlength=\"400\" class=\"wpcf7-form-control wpcf7-email wpcf7-validates-as-required wpcf7-text wpcf7-validates-as-email\" aria-required=\"true\" aria-invalid=\"false\" placeholder=\"E-Mail: (erforderlich)\" value=\"\" type=\"email\" name=\"your-email\" \/><\/span>\n\t<\/p>\n\t<p><span class=\"wpcf7-form-control-wrap\" data-name=\"your-message\"><textarea cols=\"40\" rows=\"10\" maxlength=\"2000\" class=\"wpcf7-form-control wpcf7-textarea\" aria-invalid=\"false\" placeholder=\"Nachricht:\" name=\"your-message\"><\/textarea><\/span>\n\t<\/p>\n\t<p><input class=\"wpcf7-form-control wpcf7-submit has-spinner button\" type=\"submit\" value=\"Einreichen\" \/>\n\t<\/p>\n<\/div><p style=\"display: none !important;\" class=\"akismet-fields-container\" data-prefix=\"_wpcf7_ak_\"><label>&#916;<textarea name=\"_wpcf7_ak_hp_textarea\" cols=\"45\" rows=\"8\" maxlength=\"100\"><\/textarea><\/label><input type=\"hidden\" id=\"ak_js_1\" name=\"_wpcf7_ak_js\" value=\"207\"\/><script type=\"text\/javascript\">\n\/* <![CDATA[ *\/\ndocument.getElementById( \"ak_js_1\" ).setAttribute( \"value\", ( new Date() ).getTime() );\n\/* ]]> *\/\n<\/script>\n<\/p><div class=\"wpcf7-response-output\" aria-hidden=\"true\"><\/div>\n<\/form>\n<\/div>\n\n\t\t<\/div>\n\t\t\t\t\t<\/div>\n\n\t\n<\/div>\n\t<div id=\"gap-87334053\" class=\"gap-element clearfix hide-for-small\" style=\"display:block; height:auto;\">\n\t\t\n<style>\n#gap-87334053 {\n  padding-top: 60px;\n}\n<\/style>\n\t<\/div>\n\t\n\t\t<\/div>\n\n\t\t\n<style>\n#section_107182182 {\n  padding-top: 50px;\n  padding-bottom: 50px;\n  background-color: #2c313f;\n}\n#section_107182182 .ux-shape-divider--top svg {\n  height: 150px;\n  --divider-top-width: 100%;\n}\n#section_107182182 .ux-shape-divider--bottom svg {\n  height: 150px;\n  --divider-width: 100%;\n}\n@media (min-width:550px) {\n  #section_107182182 {\n    padding-top: 0px;\n    padding-bottom: 0px;\n  }\n}\n<\/style>\n\t<\/section>\n\t\n","protected":false},"excerpt":{"rendered":"","protected":false},"author":3,"featured_media":0,"parent":2492,"menu_order":0,"comment_status":"closed","ping_status":"closed","template":"page-blank.php","meta":{"footnotes":""},"class_list":["post-2780","page","type-page","status-publish","hentry"],"yoast_head":"<!-- This site is optimized with the Yoast SEO Premium plugin v24.2 (Yoast SEO v27.6) - https:\/\/yoast.com\/product\/yoast-seo-premium-wordpress\/ -->\n<title>Ihre Technologie | wir verwenden es, um Ihr Ger\u00e4t herzustellen.<\/title>\n<meta name=\"description\" content=\"Sie ben\u00f6tigen eine Technologie, die nicht in unserem Standardangebot enthalten ist. Kein Problem, wir arbeiten mit Ihnen zusammen, um Ihr Medizinprodukt herzustellen.\" \/>\n<meta name=\"robots\" content=\"index, follow, max-snippet:-1, max-image-preview:large, max-video-preview:-1\" \/>\n<link rel=\"canonical\" href=\"https:\/\/vosfoxmedical.com\/de\/technologien\/ihre-technologie\/\" \/>\n<meta property=\"og:locale\" content=\"de_DE\" \/>\n<meta property=\"og:type\" content=\"article\" \/>\n<meta property=\"og:title\" content=\"Ihre Technologie\" \/>\n<meta property=\"og:description\" content=\"Sie ben\u00f6tigen eine Technologie, die nicht in unserem Standardangebot enthalten ist. Kein Problem, wir arbeiten mit Ihnen zusammen, um Ihr Medizinprodukt herzustellen.\" \/>\n<meta property=\"og:url\" content=\"https:\/\/vosfoxmedical.com\/de\/technologien\/ihre-technologie\/\" \/>\n<meta property=\"og:site_name\" content=\"Vosfox Medical\" \/>\n<meta property=\"article:publisher\" content=\"https:\/\/www.facebook.com\/Vosfoxmedical\" \/>\n<meta property=\"article:modified_time\" content=\"2024-10-09T11:53:23+00:00\" \/>\n<meta name=\"twitter:card\" content=\"summary_large_image\" \/>\n<meta name=\"twitter:site\" content=\"@svndevos\" \/>\n<meta name=\"twitter:label1\" content=\"Gesch\u00e4tzte Lesezeit\" \/>\n\t<meta name=\"twitter:data1\" content=\"3\u00a0Minuten\" \/>\n<script type=\"application\/ld+json\" class=\"yoast-schema-graph\">{\"@context\":\"https:\\\/\\\/schema.org\",\"@graph\":[{\"@type\":\"WebPage\",\"@id\":\"https:\\\/\\\/vosfoxmedical.com\\\/de\\\/technologien\\\/ihre-technologie\\\/\",\"url\":\"https:\\\/\\\/vosfoxmedical.com\\\/de\\\/technologien\\\/ihre-technologie\\\/\",\"name\":\"Ihre Technologie | wir verwenden es, um Ihr Ger\u00e4t herzustellen.\",\"isPartOf\":{\"@id\":\"https:\\\/\\\/vosfoxmedical.com\\\/de\\\/#website\"},\"datePublished\":\"2023-06-01T16:37:09+00:00\",\"dateModified\":\"2024-10-09T11:53:23+00:00\",\"description\":\"Sie ben\u00f6tigen eine Technologie, die nicht in unserem Standardangebot enthalten ist. Kein Problem, wir arbeiten mit Ihnen zusammen, um Ihr Medizinprodukt herzustellen.\",\"breadcrumb\":{\"@id\":\"https:\\\/\\\/vosfoxmedical.com\\\/de\\\/technologien\\\/ihre-technologie\\\/#breadcrumb\"},\"inLanguage\":\"de\",\"potentialAction\":[{\"@type\":\"ReadAction\",\"target\":[\"https:\\\/\\\/vosfoxmedical.com\\\/de\\\/technologien\\\/ihre-technologie\\\/\"]}]},{\"@type\":\"BreadcrumbList\",\"@id\":\"https:\\\/\\\/vosfoxmedical.com\\\/de\\\/technologien\\\/ihre-technologie\\\/#breadcrumb\",\"itemListElement\":[{\"@type\":\"ListItem\",\"position\":1,\"name\":\"Home\",\"item\":\"https:\\\/\\\/vosfoxmedical.com\\\/de\\\/willkommen-bei-vosfox-medical\\\/\"},{\"@type\":\"ListItem\",\"position\":2,\"name\":\"Technologien\",\"item\":\"https:\\\/\\\/vosfoxmedical.com\\\/de\\\/?page_id=2492\"},{\"@type\":\"ListItem\",\"position\":3,\"name\":\"Ihre Technologie\"}]},{\"@type\":\"WebSite\",\"@id\":\"https:\\\/\\\/vosfoxmedical.com\\\/de\\\/#website\",\"url\":\"https:\\\/\\\/vosfoxmedical.com\\\/de\\\/\",\"name\":\"vosfoxmedical.com\",\"description\":\"Low-volume contract manufacturing organisation\",\"publisher\":{\"@id\":\"https:\\\/\\\/vosfoxmedical.com\\\/de\\\/#organization\"},\"potentialAction\":[{\"@type\":\"SearchAction\",\"target\":{\"@type\":\"EntryPoint\",\"urlTemplate\":\"https:\\\/\\\/vosfoxmedical.com\\\/de\\\/?s={search_term_string}\"},\"query-input\":{\"@type\":\"PropertyValueSpecification\",\"valueRequired\":true,\"valueName\":\"search_term_string\"}}],\"inLanguage\":\"de\"},{\"@type\":\"Organization\",\"@id\":\"https:\\\/\\\/vosfoxmedical.com\\\/de\\\/#organization\",\"name\":\"Vosfox Medical\",\"url\":\"https:\\\/\\\/vosfoxmedical.com\\\/de\\\/\",\"logo\":{\"@type\":\"ImageObject\",\"inLanguage\":\"de\",\"@id\":\"https:\\\/\\\/vosfoxmedical.com\\\/de\\\/#\\\/schema\\\/logo\\\/image\\\/\",\"url\":\"https:\\\/\\\/i0.wp.com\\\/vosfoxmedical.com\\\/wp-content\\\/uploads\\\/2021\\\/06\\\/vosfox_medical_logo.png?fit=8594%2C2813&ssl=1\",\"contentUrl\":\"https:\\\/\\\/i0.wp.com\\\/vosfoxmedical.com\\\/wp-content\\\/uploads\\\/2021\\\/06\\\/vosfox_medical_logo.png?fit=8594%2C2813&ssl=1\",\"width\":8594,\"height\":2813,\"caption\":\"Vosfox Medical\"},\"image\":{\"@id\":\"https:\\\/\\\/vosfoxmedical.com\\\/de\\\/#\\\/schema\\\/logo\\\/image\\\/\"},\"sameAs\":[\"https:\\\/\\\/www.facebook.com\\\/Vosfoxmedical\",\"https:\\\/\\\/x.com\\\/svndevos\",\"https:\\\/\\\/www.instagram.com\\\/\",\"https:\\\/\\\/www.linkedin.com\\\/company\\\/11022599\\\/\"]}]}<\/script>\n<!-- \/ Yoast SEO Premium plugin. -->","yoast_head_json":{"title":"Ihre Technologie | wir verwenden es, um Ihr Ger\u00e4t herzustellen.","description":"Sie ben\u00f6tigen eine Technologie, die nicht in unserem Standardangebot enthalten ist. Kein Problem, wir arbeiten mit Ihnen zusammen, um Ihr Medizinprodukt herzustellen.","robots":{"index":"index","follow":"follow","max-snippet":"max-snippet:-1","max-image-preview":"max-image-preview:large","max-video-preview":"max-video-preview:-1"},"canonical":"https:\/\/vosfoxmedical.com\/de\/technologien\/ihre-technologie\/","og_locale":"de_DE","og_type":"article","og_title":"Ihre Technologie","og_description":"Sie ben\u00f6tigen eine Technologie, die nicht in unserem Standardangebot enthalten ist. Kein Problem, wir arbeiten mit Ihnen zusammen, um Ihr Medizinprodukt herzustellen.","og_url":"https:\/\/vosfoxmedical.com\/de\/technologien\/ihre-technologie\/","og_site_name":"Vosfox Medical","article_publisher":"https:\/\/www.facebook.com\/Vosfoxmedical","article_modified_time":"2024-10-09T11:53:23+00:00","twitter_card":"summary_large_image","twitter_site":"@svndevos","twitter_misc":{"Gesch\u00e4tzte Lesezeit":"3\u00a0Minuten"},"schema":{"@context":"https:\/\/schema.org","@graph":[{"@type":"WebPage","@id":"https:\/\/vosfoxmedical.com\/de\/technologien\/ihre-technologie\/","url":"https:\/\/vosfoxmedical.com\/de\/technologien\/ihre-technologie\/","name":"Ihre Technologie | wir verwenden es, um Ihr Ger\u00e4t herzustellen.","isPartOf":{"@id":"https:\/\/vosfoxmedical.com\/de\/#website"},"datePublished":"2023-06-01T16:37:09+00:00","dateModified":"2024-10-09T11:53:23+00:00","description":"Sie ben\u00f6tigen eine Technologie, die nicht in unserem Standardangebot enthalten ist. Kein Problem, wir arbeiten mit Ihnen zusammen, um Ihr Medizinprodukt herzustellen.","breadcrumb":{"@id":"https:\/\/vosfoxmedical.com\/de\/technologien\/ihre-technologie\/#breadcrumb"},"inLanguage":"de","potentialAction":[{"@type":"ReadAction","target":["https:\/\/vosfoxmedical.com\/de\/technologien\/ihre-technologie\/"]}]},{"@type":"BreadcrumbList","@id":"https:\/\/vosfoxmedical.com\/de\/technologien\/ihre-technologie\/#breadcrumb","itemListElement":[{"@type":"ListItem","position":1,"name":"Home","item":"https:\/\/vosfoxmedical.com\/de\/willkommen-bei-vosfox-medical\/"},{"@type":"ListItem","position":2,"name":"Technologien","item":"https:\/\/vosfoxmedical.com\/de\/?page_id=2492"},{"@type":"ListItem","position":3,"name":"Ihre Technologie"}]},{"@type":"WebSite","@id":"https:\/\/vosfoxmedical.com\/de\/#website","url":"https:\/\/vosfoxmedical.com\/de\/","name":"vosfoxmedical.com","description":"Low-volume contract manufacturing organisation","publisher":{"@id":"https:\/\/vosfoxmedical.com\/de\/#organization"},"potentialAction":[{"@type":"SearchAction","target":{"@type":"EntryPoint","urlTemplate":"https:\/\/vosfoxmedical.com\/de\/?s={search_term_string}"},"query-input":{"@type":"PropertyValueSpecification","valueRequired":true,"valueName":"search_term_string"}}],"inLanguage":"de"},{"@type":"Organization","@id":"https:\/\/vosfoxmedical.com\/de\/#organization","name":"Vosfox Medical","url":"https:\/\/vosfoxmedical.com\/de\/","logo":{"@type":"ImageObject","inLanguage":"de","@id":"https:\/\/vosfoxmedical.com\/de\/#\/schema\/logo\/image\/","url":"https:\/\/i0.wp.com\/vosfoxmedical.com\/wp-content\/uploads\/2021\/06\/vosfox_medical_logo.png?fit=8594%2C2813&ssl=1","contentUrl":"https:\/\/i0.wp.com\/vosfoxmedical.com\/wp-content\/uploads\/2021\/06\/vosfox_medical_logo.png?fit=8594%2C2813&ssl=1","width":8594,"height":2813,"caption":"Vosfox Medical"},"image":{"@id":"https:\/\/vosfoxmedical.com\/de\/#\/schema\/logo\/image\/"},"sameAs":["https:\/\/www.facebook.com\/Vosfoxmedical","https:\/\/x.com\/svndevos","https:\/\/www.instagram.com\/","https:\/\/www.linkedin.com\/company\/11022599\/"]}]}},"jetpack-related-posts":[],"jetpack_sharing_enabled":true,"_links":{"self":[{"href":"https:\/\/vosfoxmedical.com\/de\/wp-json\/wp\/v2\/pages\/2780","targetHints":{"allow":["GET"]}}],"collection":[{"href":"https:\/\/vosfoxmedical.com\/de\/wp-json\/wp\/v2\/pages"}],"about":[{"href":"https:\/\/vosfoxmedical.com\/de\/wp-json\/wp\/v2\/types\/page"}],"author":[{"embeddable":true,"href":"https:\/\/vosfoxmedical.com\/de\/wp-json\/wp\/v2\/users\/3"}],"replies":[{"embeddable":true,"href":"https:\/\/vosfoxmedical.com\/de\/wp-json\/wp\/v2\/comments?post=2780"}],"version-history":[{"count":2,"href":"https:\/\/vosfoxmedical.com\/de\/wp-json\/wp\/v2\/pages\/2780\/revisions"}],"predecessor-version":[{"id":2785,"href":"https:\/\/vosfoxmedical.com\/de\/wp-json\/wp\/v2\/pages\/2780\/revisions\/2785"}],"up":[{"embeddable":true,"href":"https:\/\/vosfoxmedical.com\/de\/wp-json\/wp\/v2\/pages\/2492"}],"wp:attachment":[{"href":"https:\/\/vosfoxmedical.com\/de\/wp-json\/wp\/v2\/media?parent=2780"}],"curies":[{"name":"wp","href":"https:\/\/api.w.org\/{rel}","templated":true}]}}