{"id":2506,"date":"2021-06-27T16:31:02","date_gmt":"2021-06-27T15:31:02","guid":{"rendered":"https:\/\/vosfoxmedical.com\/technologien\/extrusion\/"},"modified":"2024-10-07T07:52:28","modified_gmt":"2024-10-07T06:52:28","slug":"extrusion","status":"publish","type":"page","link":"https:\/\/vosfoxmedical.com\/de\/technologien\/extrusion\/","title":{"rendered":"Extrusion"},"content":{"rendered":"\t<section class=\"section dark\" id=\"section_696831408\">\n\t\t<div class=\"bg section-bg fill bg-fill  \" >\n\n\t\t\t\n\t\t\t<div class=\"section-bg-overlay absolute fill\"><\/div>\n\t\t\t\n\n\t\t<\/div>\n\n\t\t\n\n\t\t<div class=\"section-content relative\">\n\t\t\t\n<div class=\"row\" style=\"max-width:1300px\" id=\"row-1150428930\">\n\n\t<div id=\"col-1418661885\" class=\"col medium-12 small-12 large-8\"  >\n\t\t\t\t<div class=\"col-inner\"  >\n\t\t\t\n\t\t\t\n\t<div id=\"text-2610501712\" class=\"text\">\n\t\t\n<h1 class=\"entry-title\"><span style=\"font-size: 100%;\">Extrusion<\/span><\/h1>\n\t\t\n<style>\n#text-2610501712 {\n  font-size: 2.75rem;\n}\n<\/style>\n\t<\/div>\n\t\n\t\t<\/div>\n\t\t\t\t\t<\/div>\n\n\t\n<\/div>\n\t\t<\/div>\n\n\t\t\n<style>\n#section_696831408 {\n  padding-top: 30px;\n  padding-bottom: 30px;\n  min-height: 400px;\n  background-color: #5a0958;\n}\n#section_696831408 .section-bg-overlay {\n  background-color: rgba(90, 9, 88, 0.89);\n}\n#section_696831408 .section-bg.bg-loaded {\n  background-image: url(https:\/\/vosfoxmedical.com\/wp-content\/uploads\/2021\/06\/img-thunderstorm.jpg);\n}\n#section_696831408 .section-bg {\n  background-position: 90% 59%;\n}\n#section_696831408 .ux-shape-divider--top svg {\n  height: 150px;\n  --divider-top-width: 100%;\n}\n#section_696831408 .ux-shape-divider--bottom svg {\n  height: 150px;\n  --divider-width: 100%;\n}\n@media (min-width:550px) {\n  #section_696831408 {\n    min-height: 400px;\n  }\n}\n@media (min-width:850px) {\n  #section_696831408 {\n    min-height: 600px;\n  }\n}\n<\/style>\n\t<\/section>\n\t\n<div class=\"row align-bottom\" style=\"max-width:1300px\" id=\"row-1188832264\">\n\n\t<div id=\"col-392070589\" class=\"col medium-12 small-12 large-8 medium-col-first\"  >\n\t\t\t\t<div class=\"col-inner\"  >\n\t\t\t\n\t\t\t\n\n  <div class=\"banner has-hover\" id=\"banner-2084873712\">\n          <div class=\"banner-inner fill\">\n        <div class=\"banner-bg fill\" >\n            <div class=\"bg fill bg-fill \"><\/div>\n                                    \n                    <\/div>\n\t\t\n        <div class=\"banner-layers container\">\n            <div class=\"fill banner-link\"><\/div>            \n        <\/div>\n      <\/div>\n\n            \n<style>\n#banner-2084873712 {\n  padding-top: 300px;\n  background-color: rgb(255,255,255);\n}\n#banner-2084873712 .bg.bg-loaded {\n  background-image: url(https:\/\/vosfoxmedical.com\/wp-content\/uploads\/2021\/06\/photo-filament-extrusion.jpg);\n}\n#banner-2084873712 .ux-shape-divider--top svg {\n  height: 150px;\n  --divider-top-width: 100%;\n}\n#banner-2084873712 .ux-shape-divider--bottom svg {\n  height: 150px;\n  --divider-width: 100%;\n}\n@media (min-width:550px) {\n  #banner-2084873712 {\n    padding-top: 600px;\n  }\n}\n<\/style>\n  <\/div>\n\n\n\t\t<\/div>\n\t\t\t\t\n<style>\n#col-392070589 > .col-inner {\n  margin: -120px 0px 0px 0px;\n}\n@media (min-width:550px) {\n  #col-392070589 > .col-inner {\n    margin: -120px 0px 0px 0px;\n  }\n}\n@media (min-width:850px) {\n  #col-392070589 > .col-inner {\n    margin: -500px 0px 0px 0px;\n  }\n}\n<\/style>\n\t<\/div>\n\n\t\n<\/div>\n\t<section class=\"section\" id=\"section_289445125\">\n\t\t<div class=\"bg section-bg fill bg-fill  bg-loaded\" >\n\n\t\t\t\n\t\t\t\n\t\t\t\n\n\t\t<\/div>\n\n\t\t\n\n\t\t<div class=\"section-content relative\">\n\t\t\t\n<div class=\"row row-large align-equal align-right\"  id=\"row-1301252939\">\n\n\t<div id=\"col-1135340295\" class=\"col medium-12 small-12 large-12\"  >\n\t\t\t\t<div class=\"col-inner\"  >\n\t\t\t\n\t\t\t\n<p class=\"lead\">Auf dieser Seite erfahren Sie mehr \u00fcber die Extrusionsdienstleistungen, die Vosfox Medical anbietet.<br \/>\nWir verf\u00fcgen \u00fcber einen kleinen Extruder f\u00fcr die Herstellung von medizinischen Ger\u00e4ten, Zwischenprodukten oder Teilen.<br \/>\nDer Extruder befindet sich au\u00dferhalb des Reinraums, w\u00e4hrend die Produkte innerhalb eines Reinraums verpackt werden k\u00f6nnen.<br \/>\nWir k\u00f6nnen verschiedene Formen von Polymerprodukten herstellen, z.B. Rohre, St\u00e4be oder F\u00e4den.<br \/>\nTeilen Sie uns mit, welche Form Sie ben\u00f6tigen und welche Art von Material, und wir werden Ihnen mitteilen, ob wir es herstellen k\u00f6nnen.    <\/p>\n\t\t<\/div>\n\t\t\t\t\t<\/div>\n\n\t\n<\/div>\n<div class=\"row row-small\"  id=\"row-170598807\">\n\n\t<div id=\"col-2018211865\" class=\"col medium-6 small-11 large-6\"  >\n\t\t\t\t<div class=\"col-inner\"  >\n\t\t\t\n\t\t\t\n<h2>Unser Leistungsverm\u00f6gen<\/h2>\n<p>  Unser flexibler kleiner Extruder kann f\u00fcr verschiedene Zwecke verwendet werden.<br \/>\nWenn Ihre Anwendung hier nicht aufgef\u00fchrt ist, lassen Sie uns besprechen, ob wir Ihre Anwendung herstellen k\u00f6nnen. Wir versuchen es gerne f\u00fcr Sie.   <\/p>\n<ol>\n<li>Medizinisches Filament f\u00fcr den 3D-Druck<\/li>\n<li>Vor-Extrusion f\u00fcr Formpresschargen<\/li>\n<li>Kurze Stangen<\/li>\n<\/ol>\n\t\t<\/div>\n\t\t\t\t\n<style>\n#col-2018211865 > .col-inner {\n  padding: 0px 0px 0px 0;\n}\n@media (min-width:550px) {\n  #col-2018211865 > .col-inner {\n    padding: 0px 0px 0px 0;\n  }\n}\n<\/style>\n\t<\/div>\n\n\t\n\n\t<div id=\"col-2094720263\" class=\"col medium-6 small-11 large-6\"  >\n\t\t\t\t<div class=\"col-inner\"  >\n\t\t\t\n\t\t\t\n\n  <div class=\"banner has-hover\" id=\"banner-317536949\">\n          <div class=\"banner-inner fill\">\n        <div class=\"banner-bg fill\" >\n            <div class=\"bg fill bg-fill \"><\/div>\n                                    \n                    <\/div>\n\t\t\n        <div class=\"banner-layers container\">\n            <div class=\"fill banner-link\"><\/div>            \n   <div id=\"text-box-1416743430\" class=\"text-box banner-layer x50 md-x50 lg-x50 y50 md-y50 lg-y50 res-text\">\n                                <div class=\"text-box-content text dark\">\n              \n              <div class=\"text-inner text-center\">\n                  \n              <\/div>\n           <\/div>\n                            \n<style>\n#text-box-1416743430 {\n  width: 60%;\n}\n#text-box-1416743430 .text-box-content {\n  font-size: 100%;\n}\n<\/style>\n    <\/div>\n \n        <\/div>\n      <\/div>\n\n            \n<style>\n#banner-317536949 {\n  padding-top: 354px;\n}\n#banner-317536949 .bg.bg-loaded {\n  background-image: url(https:\/\/i0.wp.com\/vosfoxmedical.com\/wp-content\/uploads\/2023\/05\/img-3d-filament.jpg?fit=800%2C750&ssl=1);\n}\n#banner-317536949 .ux-shape-divider--top svg {\n  height: 150px;\n  --divider-top-width: 100%;\n}\n#banner-317536949 .ux-shape-divider--bottom svg {\n  height: 150px;\n  --divider-width: 100%;\n}\n<\/style>\n  <\/div>\n\n\n\t\t<\/div>\n\t\t\t\t\n<style>\n#col-2094720263 > .col-inner {\n  padding: 0px 0px 0px 0;\n}\n@media (min-width:550px) {\n  #col-2094720263 > .col-inner {\n    padding: 0px 0px 0px 0;\n  }\n}\n<\/style>\n\t<\/div>\n\n\t\n<\/div>\n\t<div id=\"gap-123757660\" class=\"gap-element clearfix\" style=\"display:block; height:auto;\">\n\t\t\n<style>\n#gap-123757660 {\n  padding-top: 70px;\n}\n<\/style>\n\t<\/div>\n\t\n<div class=\"row\"  id=\"row-103100060\">\n\n\t<div id=\"col-863782534\" class=\"col medium-6 small-12 large-6\"  >\n\t\t\t\t<div class=\"col-inner\"  >\n\t\t\t\n\t\t\t\n\n  <div class=\"banner has-hover\" id=\"banner-110275349\">\n          <div class=\"banner-inner fill\">\n        <div class=\"banner-bg fill\" >\n            <div class=\"bg fill bg-fill \"><\/div>\n                                    \n                    <\/div>\n\t\t\n        <div class=\"banner-layers container\">\n            <div class=\"fill banner-link\"><\/div>            \n   <div id=\"text-box-87755621\" class=\"text-box banner-layer x50 md-x50 lg-x50 y50 md-y50 lg-y50 res-text\">\n                                <div class=\"text-box-content text dark\">\n              \n              <div class=\"text-inner text-center\">\n                  \n              <\/div>\n           <\/div>\n                            \n<style>\n#text-box-87755621 {\n  width: 60%;\n}\n#text-box-87755621 .text-box-content {\n  font-size: 100%;\n}\n<\/style>\n    <\/div>\n \n        <\/div>\n      <\/div>\n\n            \n<style>\n#banner-110275349 {\n  padding-top: 436px;\n}\n#banner-110275349 .bg.bg-loaded {\n  background-image: url(https:\/\/i0.wp.com\/vosfoxmedical.com\/wp-content\/uploads\/2023\/05\/img-polymer-granules.jpg?fit=1020%2C765&ssl=1);\n}\n#banner-110275349 .ux-shape-divider--top svg {\n  height: 150px;\n  --divider-top-width: 100%;\n}\n#banner-110275349 .ux-shape-divider--bottom svg {\n  height: 150px;\n  --divider-width: 100%;\n}\n<\/style>\n  <\/div>\n\n\n\t\t<\/div>\n\t\t\t\t\t<\/div>\n\n\t\n\n\t<div id=\"col-632470922\" class=\"col medium-6 small-12 large-6\"  >\n\t\t\t\t<div class=\"col-inner\"  >\n\t\t\t\n\t\t\t\n<h2>Materialien f\u00fcr die Extrusion<\/h2>\n<p>  Beispiele f\u00fcr Materialien, die wir extrudieren k\u00f6nnen, sind unten aufgef\u00fchrt.<br \/>\nWir k\u00f6nnen jedoch jedes Material oder jeden Verbundstoff, den Sie f\u00fcr Ihre Anwendung ben\u00f6tigen, herstellen oder ausprobieren.<br \/>\nAu\u00dferdem k\u00f6nnen wir Sie bei der Suche nach einem geeigneten Material unterst\u00fctzen.    <\/p>\n<ul>\n<li>PCL (Poly Caprolacton)<\/li>\n<li>PLA (Polymilchs\u00e4ure)<\/li>\n<li>PEEK (Polyetheretherketon)<\/li>\n<li>ABS (Acrylnitril-Butadien-Styrol)<\/li>\n<li>PA (Polyamid)<\/li>\n<li>PMMA (Poly(methylmethacrylat))<\/li>\n<li>TPU (Thermoplastisches Polyurethan)<\/li>\n<li>PE (Polyethylen)<\/li>\n<\/ul>\n\t\t<\/div>\n\t\t\t\t\t<\/div>\n\n\t\n<\/div>\n\t<div id=\"gap-991780046\" class=\"gap-element clearfix\" style=\"display:block; height:auto;\">\n\t\t\n<style>\n#gap-991780046 {\n  padding-top: 70px;\n}\n<\/style>\n\t<\/div>\n\t\n<div class=\"row\"  id=\"row-286137929\">\n\n\t<div id=\"col-1093736384\" class=\"col medium-6 small-12 large-6\"  >\n\t\t\t\t<div class=\"col-inner\"  >\n\t\t\t\n\t\t\t\n<h2>Produktion im kleinen Ma\u00dfstab in einer Reinraumumgebung<\/h2>\n<p>  Unser Extruder ist relativ klein, was bei kleinen Auftr\u00e4gen oder teuren Rohstoffen von Vorteil ist.<br \/>\nDer Abfall, der beim Starten und Stoppen des Extruders entsteht, ist daher geringer.<br \/>\nDer Extruder befindet sich au\u00dferhalb des Reinraums, aber die kritischen Teile (wie die Filamentaufwicklung) befinden sich in einer<a href=\"https:\/\/vosfoxmedical.com\/contract-manufacturing\/facilities\/\"> sauberen Umgebung<\/a>, wodurch sich dieser Extruder f\u00fcr die Produktion von Medizinprodukten eignet.<br \/>\nWenn die Mengen, die Sie f\u00fcr Ihr Produkt ben\u00f6tigen, unseren Extruder \u00fcbersteigen, k\u00f6nnen wir gemeinsam besprechen, ob wir mit Ihnen auf einen gr\u00f6\u00dferen Extruder wachsen oder den Transfer zu einer anderen CMO unterst\u00fctzen.<\/p>\n\t\t<\/div>\n\t\t\t\t\t<\/div>\n\n\t\n\n\t<div id=\"col-1787289369\" class=\"col medium-6 small-12 large-6\"  >\n\t\t\t\t<div class=\"col-inner\"  >\n\t\t\t\n\t\t\t\n\n  <div class=\"banner has-hover\" id=\"banner-475561340\">\n          <div class=\"banner-inner fill\">\n        <div class=\"banner-bg fill\" >\n            <div class=\"bg fill bg-fill \"><\/div>\n                                    \n                    <\/div>\n\t\t\n        <div class=\"banner-layers container\">\n            <div class=\"fill banner-link\"><\/div>            \n   <div id=\"text-box-255672674\" class=\"text-box banner-layer x50 md-x50 lg-x50 y50 md-y50 lg-y50 res-text\">\n                                <div class=\"text-box-content text dark\">\n              \n              <div class=\"text-inner text-center\">\n                  \n              <\/div>\n           <\/div>\n                            \n<style>\n#text-box-255672674 {\n  width: 60%;\n}\n#text-box-255672674 .text-box-content {\n  font-size: 100%;\n}\n<\/style>\n    <\/div>\n \n        <\/div>\n      <\/div>\n\n            \n<style>\n#banner-475561340 {\n  padding-top: 347px;\n}\n#banner-475561340 .bg.bg-loaded {\n  background-image: url(https:\/\/i0.wp.com\/vosfoxmedical.com\/wp-content\/uploads\/2021\/06\/photo-contract-manufacturing.jpg?fit=1020%2C680&ssl=1);\n}\n#banner-475561340 .ux-shape-divider--top svg {\n  height: 150px;\n  --divider-top-width: 100%;\n}\n#banner-475561340 .ux-shape-divider--bottom svg {\n  height: 150px;\n  --divider-width: 100%;\n}\n<\/style>\n  <\/div>\n\n\n\t\t<\/div>\n\t\t\t\t\t<\/div>\n\n\t\n<\/div>\n<div class=\"row\"  id=\"row-1392287890\">\n\n\t<div id=\"col-941375975\" class=\"col medium-6 small-12 large-6\"  >\n\t\t\t\t<div class=\"col-inner\"  >\n\t\t\t\n\t\t\t\n<a href=\"https:\/\/vosfoxmedical.com\/contract-manufacturing\/technologies\/\" target=\"_self\" class=\"button primary\"  >\n    <span>Zur\u00fcck zur \u00dcbersichtsseite Technologie<\/span>\n  <\/a>\n\n\t\t<\/div>\n\t\t\t\t\t<\/div>\n\n\t\n\n\t<div id=\"col-437067659\" class=\"col medium-6 small-12 large-6\"  >\n\t\t\t\t<div class=\"col-inner\"  >\n\t\t\t\n\t\t\t\n<a href=\"https:\/\/vosfoxmedical.com\/contract-manufacturing\/\" target=\"_self\" class=\"button primary\"  >\n    <span>Zur\u00fcck zur \u00dcbersichtsseite Auftragsfertigung<\/span>\n  <\/a>\n\n\t\t<\/div>\n\t\t\t\t\t<\/div>\n\n\t\n<\/div>\n\t\t<\/div>\n\n\t\t\n<style>\n#section_289445125 {\n  padding-top: 30px;\n  padding-bottom: 30px;\n}\n#section_289445125 .ux-shape-divider--top svg {\n  height: 150px;\n  --divider-top-width: 100%;\n}\n#section_289445125 .ux-shape-divider--bottom svg {\n  height: 150px;\n  --divider-width: 100%;\n}\n@media (min-width:550px) {\n  #section_289445125 {\n    padding-top: 70px;\n    padding-bottom: 70px;\n  }\n}\n<\/style>\n\t<\/section>\n\t\n","protected":false},"excerpt":{"rendered":"","protected":false},"author":3,"featured_media":0,"parent":2492,"menu_order":0,"comment_status":"closed","ping_status":"closed","template":"page-blank.php","meta":{"footnotes":""},"class_list":["post-2506","page","type-page","status-publish","hentry"],"yoast_head":"<!-- This site is optimized with the Yoast SEO Premium plugin v24.2 (Yoast SEO v27.5) - https:\/\/yoast.com\/product\/yoast-seo-premium-wordpress\/ -->\n<title>Extrusionsm\u00f6glichkeiten f\u00fcr medizinische 3D-gedruckte Medizinprodukte<\/title>\n<meta name=\"description\" content=\"Diese Seite beschreibt die Extrusionsm\u00f6glichkeiten bei Vosfox Medical. Wir k\u00f6nnen Filamente, St\u00e4be oder Rohre aus verschiedenen Materialien herstellen.\" \/>\n<meta name=\"robots\" content=\"index, follow, max-snippet:-1, max-image-preview:large, max-video-preview:-1\" \/>\n<link rel=\"canonical\" href=\"https:\/\/vosfoxmedical.com\/de\/technologien\/extrusion\/\" \/>\n<meta property=\"og:locale\" content=\"de_DE\" \/>\n<meta property=\"og:type\" content=\"article\" \/>\n<meta property=\"og:title\" content=\"Extrusion\" \/>\n<meta property=\"og:description\" content=\"Diese Seite beschreibt die Extrusionsm\u00f6glichkeiten bei Vosfox Medical. Wir k\u00f6nnen Filamente, St\u00e4be oder Rohre aus verschiedenen Materialien herstellen.\" \/>\n<meta property=\"og:url\" content=\"https:\/\/vosfoxmedical.com\/de\/technologien\/extrusion\/\" \/>\n<meta property=\"og:site_name\" content=\"Vosfox Medical\" \/>\n<meta property=\"article:publisher\" content=\"https:\/\/www.facebook.com\/Vosfoxmedical\" \/>\n<meta property=\"article:modified_time\" content=\"2024-10-07T06:52:28+00:00\" \/>\n<meta name=\"twitter:card\" content=\"summary_large_image\" \/>\n<meta name=\"twitter:site\" content=\"@svndevos\" \/>\n<meta name=\"twitter:label1\" content=\"Gesch\u00e4tzte Lesezeit\" \/>\n\t<meta name=\"twitter:data1\" content=\"3\u00a0Minuten\" \/>\n<script type=\"application\/ld+json\" class=\"yoast-schema-graph\">{\"@context\":\"https:\\\/\\\/schema.org\",\"@graph\":[{\"@type\":\"WebPage\",\"@id\":\"https:\\\/\\\/vosfoxmedical.com\\\/de\\\/technologien\\\/extrusion\\\/\",\"url\":\"https:\\\/\\\/vosfoxmedical.com\\\/de\\\/technologien\\\/extrusion\\\/\",\"name\":\"Extrusionsm\u00f6glichkeiten f\u00fcr medizinische 3D-gedruckte Medizinprodukte\",\"isPartOf\":{\"@id\":\"https:\\\/\\\/vosfoxmedical.com\\\/de\\\/#website\"},\"datePublished\":\"2021-06-27T15:31:02+00:00\",\"dateModified\":\"2024-10-07T06:52:28+00:00\",\"description\":\"Diese Seite beschreibt die Extrusionsm\u00f6glichkeiten bei Vosfox Medical. Wir k\u00f6nnen Filamente, St\u00e4be oder Rohre aus verschiedenen Materialien herstellen.\",\"breadcrumb\":{\"@id\":\"https:\\\/\\\/vosfoxmedical.com\\\/de\\\/technologien\\\/extrusion\\\/#breadcrumb\"},\"inLanguage\":\"de\",\"potentialAction\":[{\"@type\":\"ReadAction\",\"target\":[\"https:\\\/\\\/vosfoxmedical.com\\\/de\\\/technologien\\\/extrusion\\\/\"]}]},{\"@type\":\"BreadcrumbList\",\"@id\":\"https:\\\/\\\/vosfoxmedical.com\\\/de\\\/technologien\\\/extrusion\\\/#breadcrumb\",\"itemListElement\":[{\"@type\":\"ListItem\",\"position\":1,\"name\":\"Home\",\"item\":\"https:\\\/\\\/vosfoxmedical.com\\\/de\\\/willkommen-bei-vosfox-medical\\\/\"},{\"@type\":\"ListItem\",\"position\":2,\"name\":\"Technologien\",\"item\":\"https:\\\/\\\/vosfoxmedical.com\\\/de\\\/?page_id=2492\"},{\"@type\":\"ListItem\",\"position\":3,\"name\":\"Extrusion\"}]},{\"@type\":\"WebSite\",\"@id\":\"https:\\\/\\\/vosfoxmedical.com\\\/de\\\/#website\",\"url\":\"https:\\\/\\\/vosfoxmedical.com\\\/de\\\/\",\"name\":\"vosfoxmedical.com\",\"description\":\"Low-volume contract manufacturing organisation\",\"publisher\":{\"@id\":\"https:\\\/\\\/vosfoxmedical.com\\\/de\\\/#organization\"},\"potentialAction\":[{\"@type\":\"SearchAction\",\"target\":{\"@type\":\"EntryPoint\",\"urlTemplate\":\"https:\\\/\\\/vosfoxmedical.com\\\/de\\\/?s={search_term_string}\"},\"query-input\":{\"@type\":\"PropertyValueSpecification\",\"valueRequired\":true,\"valueName\":\"search_term_string\"}}],\"inLanguage\":\"de\"},{\"@type\":\"Organization\",\"@id\":\"https:\\\/\\\/vosfoxmedical.com\\\/de\\\/#organization\",\"name\":\"Vosfox Medical\",\"url\":\"https:\\\/\\\/vosfoxmedical.com\\\/de\\\/\",\"logo\":{\"@type\":\"ImageObject\",\"inLanguage\":\"de\",\"@id\":\"https:\\\/\\\/vosfoxmedical.com\\\/de\\\/#\\\/schema\\\/logo\\\/image\\\/\",\"url\":\"https:\\\/\\\/i0.wp.com\\\/vosfoxmedical.com\\\/wp-content\\\/uploads\\\/2021\\\/06\\\/vosfox_medical_logo.png?fit=8594%2C2813&ssl=1\",\"contentUrl\":\"https:\\\/\\\/i0.wp.com\\\/vosfoxmedical.com\\\/wp-content\\\/uploads\\\/2021\\\/06\\\/vosfox_medical_logo.png?fit=8594%2C2813&ssl=1\",\"width\":8594,\"height\":2813,\"caption\":\"Vosfox Medical\"},\"image\":{\"@id\":\"https:\\\/\\\/vosfoxmedical.com\\\/de\\\/#\\\/schema\\\/logo\\\/image\\\/\"},\"sameAs\":[\"https:\\\/\\\/www.facebook.com\\\/Vosfoxmedical\",\"https:\\\/\\\/x.com\\\/svndevos\",\"https:\\\/\\\/www.instagram.com\\\/\",\"https:\\\/\\\/www.linkedin.com\\\/company\\\/11022599\\\/\"]}]}<\/script>\n<!-- \/ Yoast SEO Premium plugin. -->","yoast_head_json":{"title":"Extrusionsm\u00f6glichkeiten f\u00fcr medizinische 3D-gedruckte Medizinprodukte","description":"Diese Seite beschreibt die Extrusionsm\u00f6glichkeiten bei Vosfox Medical. Wir k\u00f6nnen Filamente, St\u00e4be oder Rohre aus verschiedenen Materialien herstellen.","robots":{"index":"index","follow":"follow","max-snippet":"max-snippet:-1","max-image-preview":"max-image-preview:large","max-video-preview":"max-video-preview:-1"},"canonical":"https:\/\/vosfoxmedical.com\/de\/technologien\/extrusion\/","og_locale":"de_DE","og_type":"article","og_title":"Extrusion","og_description":"Diese Seite beschreibt die Extrusionsm\u00f6glichkeiten bei Vosfox Medical. Wir k\u00f6nnen Filamente, St\u00e4be oder Rohre aus verschiedenen Materialien herstellen.","og_url":"https:\/\/vosfoxmedical.com\/de\/technologien\/extrusion\/","og_site_name":"Vosfox Medical","article_publisher":"https:\/\/www.facebook.com\/Vosfoxmedical","article_modified_time":"2024-10-07T06:52:28+00:00","twitter_card":"summary_large_image","twitter_site":"@svndevos","twitter_misc":{"Gesch\u00e4tzte Lesezeit":"3\u00a0Minuten"},"schema":{"@context":"https:\/\/schema.org","@graph":[{"@type":"WebPage","@id":"https:\/\/vosfoxmedical.com\/de\/technologien\/extrusion\/","url":"https:\/\/vosfoxmedical.com\/de\/technologien\/extrusion\/","name":"Extrusionsm\u00f6glichkeiten f\u00fcr medizinische 3D-gedruckte Medizinprodukte","isPartOf":{"@id":"https:\/\/vosfoxmedical.com\/de\/#website"},"datePublished":"2021-06-27T15:31:02+00:00","dateModified":"2024-10-07T06:52:28+00:00","description":"Diese Seite beschreibt die Extrusionsm\u00f6glichkeiten bei Vosfox Medical. Wir k\u00f6nnen Filamente, St\u00e4be oder Rohre aus verschiedenen Materialien herstellen.","breadcrumb":{"@id":"https:\/\/vosfoxmedical.com\/de\/technologien\/extrusion\/#breadcrumb"},"inLanguage":"de","potentialAction":[{"@type":"ReadAction","target":["https:\/\/vosfoxmedical.com\/de\/technologien\/extrusion\/"]}]},{"@type":"BreadcrumbList","@id":"https:\/\/vosfoxmedical.com\/de\/technologien\/extrusion\/#breadcrumb","itemListElement":[{"@type":"ListItem","position":1,"name":"Home","item":"https:\/\/vosfoxmedical.com\/de\/willkommen-bei-vosfox-medical\/"},{"@type":"ListItem","position":2,"name":"Technologien","item":"https:\/\/vosfoxmedical.com\/de\/?page_id=2492"},{"@type":"ListItem","position":3,"name":"Extrusion"}]},{"@type":"WebSite","@id":"https:\/\/vosfoxmedical.com\/de\/#website","url":"https:\/\/vosfoxmedical.com\/de\/","name":"vosfoxmedical.com","description":"Low-volume contract manufacturing organisation","publisher":{"@id":"https:\/\/vosfoxmedical.com\/de\/#organization"},"potentialAction":[{"@type":"SearchAction","target":{"@type":"EntryPoint","urlTemplate":"https:\/\/vosfoxmedical.com\/de\/?s={search_term_string}"},"query-input":{"@type":"PropertyValueSpecification","valueRequired":true,"valueName":"search_term_string"}}],"inLanguage":"de"},{"@type":"Organization","@id":"https:\/\/vosfoxmedical.com\/de\/#organization","name":"Vosfox Medical","url":"https:\/\/vosfoxmedical.com\/de\/","logo":{"@type":"ImageObject","inLanguage":"de","@id":"https:\/\/vosfoxmedical.com\/de\/#\/schema\/logo\/image\/","url":"https:\/\/i0.wp.com\/vosfoxmedical.com\/wp-content\/uploads\/2021\/06\/vosfox_medical_logo.png?fit=8594%2C2813&ssl=1","contentUrl":"https:\/\/i0.wp.com\/vosfoxmedical.com\/wp-content\/uploads\/2021\/06\/vosfox_medical_logo.png?fit=8594%2C2813&ssl=1","width":8594,"height":2813,"caption":"Vosfox Medical"},"image":{"@id":"https:\/\/vosfoxmedical.com\/de\/#\/schema\/logo\/image\/"},"sameAs":["https:\/\/www.facebook.com\/Vosfoxmedical","https:\/\/x.com\/svndevos","https:\/\/www.instagram.com\/","https:\/\/www.linkedin.com\/company\/11022599\/"]}]}},"jetpack-related-posts":[],"jetpack_sharing_enabled":true,"_links":{"self":[{"href":"https:\/\/vosfoxmedical.com\/de\/wp-json\/wp\/v2\/pages\/2506","targetHints":{"allow":["GET"]}}],"collection":[{"href":"https:\/\/vosfoxmedical.com\/de\/wp-json\/wp\/v2\/pages"}],"about":[{"href":"https:\/\/vosfoxmedical.com\/de\/wp-json\/wp\/v2\/types\/page"}],"author":[{"embeddable":true,"href":"https:\/\/vosfoxmedical.com\/de\/wp-json\/wp\/v2\/users\/3"}],"replies":[{"embeddable":true,"href":"https:\/\/vosfoxmedical.com\/de\/wp-json\/wp\/v2\/comments?post=2506"}],"version-history":[{"count":3,"href":"https:\/\/vosfoxmedical.com\/de\/wp-json\/wp\/v2\/pages\/2506\/revisions"}],"predecessor-version":[{"id":2509,"href":"https:\/\/vosfoxmedical.com\/de\/wp-json\/wp\/v2\/pages\/2506\/revisions\/2509"}],"up":[{"embeddable":true,"href":"https:\/\/vosfoxmedical.com\/de\/wp-json\/wp\/v2\/pages\/2492"}],"wp:attachment":[{"href":"https:\/\/vosfoxmedical.com\/de\/wp-json\/wp\/v2\/media?parent=2506"}],"curies":[{"name":"wp","href":"https:\/\/api.w.org\/{rel}","templated":true}]}}