{"id":2490,"date":"2021-06-27T16:24:28","date_gmt":"2021-06-27T15:24:28","guid":{"rendered":"https:\/\/vosfoxmedical.com\/wissen\/"},"modified":"2025-04-30T15:02:37","modified_gmt":"2025-04-30T14:02:37","slug":"wissen","status":"publish","type":"page","link":"https:\/\/vosfoxmedical.com\/de\/willkommen-bei-vosfox-medical\/wissen\/","title":{"rendered":"Wissen"},"content":{"rendered":"\t<section class=\"section dark\" id=\"section_688385309\">\n\t\t<div class=\"bg section-bg fill bg-fill  \" >\n\n\t\t\t\n\t\t\t<div class=\"section-bg-overlay absolute fill\"><\/div>\n\t\t\t\n\n\t\t<\/div>\n\n\t\t\n\n\t\t<div class=\"section-content relative\">\n\t\t\t\n<div class=\"row\" style=\"max-width:1300px\" id=\"row-608384767\">\n\n\t<div id=\"col-357167632\" class=\"col hide-for-small medium-12 small-12 large-8\"  >\n\t\t\t\t<div class=\"col-inner\"  >\n\t\t\t\n\t\t\t\n\t<div id=\"text-1541672533\" class=\"text\">\n\t\t\n<h1 class=\"entry-title\"><span style=\"font-size: 100%;\">Wissen teilen<\/span><\/h1>\n\t\t\n<style>\n#text-1541672533 {\n  font-size: 2.75rem;\n}\n<\/style>\n\t<\/div>\n\t\n\t\t<\/div>\n\t\t\t\t\t<\/div>\n\n\t\n\n\t<div id=\"col-735831059\" class=\"col show-for-small medium-12 small-12 large-8\"  >\n\t\t\t\t<div class=\"col-inner\"  >\n\t\t\t\n\t\t\t\n\t<div id=\"text-437942653\" class=\"text\">\n\t\t\n<h4 class=\"entry-title\"><span style=\"font-size: 100%;\">Wissen \/ Artikel<\/span><\/h4>\n\t\t\n<style>\n#text-437942653 {\n  font-size: 2.25rem;\n}\n@media (min-width:550px) {\n  #text-437942653 {\n    font-size: 2.75rem;\n  }\n}\n<\/style>\n\t<\/div>\n\t\n\t\t<\/div>\n\t\t\t\t\t<\/div>\n\n\t\n<\/div>\n\t\t<\/div>\n\n\t\t\n<style>\n#section_688385309 {\n  padding-top: 30px;\n  padding-bottom: 30px;\n  min-height: 400px;\n  background-color: rgb(44, 49, 63);\n}\n#section_688385309 .section-bg-overlay {\n  background-color: rgba(44, 49, 63, 0.93);\n}\n#section_688385309 .section-bg.bg-loaded {\n  background-image: url(https:\/\/vosfoxmedical.com\/wp-content\/uploads\/2021\/06\/img-thunderstorm.jpg);\n}\n#section_688385309 .section-bg {\n  background-position: 90% 59%;\n}\n#section_688385309 .ux-shape-divider--top svg {\n  height: 150px;\n  --divider-top-width: 100%;\n}\n#section_688385309 .ux-shape-divider--bottom svg {\n  height: 150px;\n  --divider-width: 100%;\n}\n@media (min-width:550px) {\n  #section_688385309 {\n    min-height: 400px;\n  }\n}\n@media (min-width:850px) {\n  #section_688385309 {\n    min-height: 600px;\n  }\n}\n<\/style>\n\t<\/section>\n\t\n<div class=\"row align-bottom\" style=\"max-width:1300px\" id=\"row-843269869\">\n\n\t<div id=\"col-1366622437\" class=\"col medium-12 small-12 large-8 medium-col-first\"  >\n\t\t\t\t<div class=\"col-inner\"  >\n\t\t\t\n\t\t\t\n\n  <div class=\"banner has-hover\" id=\"banner-603464593\">\n          <div class=\"banner-inner fill\">\n        <div class=\"banner-bg fill\" >\n            <div class=\"bg fill bg-fill \"><\/div>\n                                    \n                    <\/div>\n\t\t\n        <div class=\"banner-layers container\">\n            <div class=\"fill banner-link\"><\/div>            \n        <\/div>\n      <\/div>\n\n            \n<style>\n#banner-603464593 {\n  padding-top: 300px;\n  background-color: rgb(255,255,255);\n}\n#banner-603464593 .bg.bg-loaded {\n  background-image: url(https:\/\/vosfoxmedical.com\/wp-content\/uploads\/2021\/06\/photo-knowledge-articles.jpg);\n}\n#banner-603464593 .ux-shape-divider--top svg {\n  height: 150px;\n  --divider-top-width: 100%;\n}\n#banner-603464593 .ux-shape-divider--bottom svg {\n  height: 150px;\n  --divider-width: 100%;\n}\n@media (min-width:550px) {\n  #banner-603464593 {\n    padding-top: 600px;\n  }\n}\n<\/style>\n  <\/div>\n\n\n\t\t<\/div>\n\t\t\t\t\n<style>\n#col-1366622437 > .col-inner {\n  margin: -120px 0px 0px 0px;\n}\n@media (min-width:550px) {\n  #col-1366622437 > .col-inner {\n    margin: -120px 0px 0px 0px;\n  }\n}\n@media (min-width:850px) {\n  #col-1366622437 > .col-inner {\n    margin: -500px 0px 0px 0px;\n  }\n}\n<\/style>\n\t<\/div>\n\n\t\n<\/div>\n\t<section class=\"section\" id=\"section_2027625578\">\n\t\t<div class=\"bg section-bg fill bg-fill  bg-loaded\" >\n\n\t\t\t\n\t\t\t\n\t\t\t\n\n\t\t<\/div>\n\n\t\t\n\n\t\t<div class=\"section-content relative\">\n\t\t\t\n<div class=\"row row-small align-equal align-right\" style=\"max-width:1050px\" id=\"row-2009529359\">\n\n\t<div id=\"col-1189981403\" class=\"col medium-12 small-12 large-12\"  >\n\t\t\t\t<div class=\"col-inner\"  >\n\t\t\t\n\t\t\t\n\t<div id=\"text-2564808212\" class=\"text\">\n\t\t\n<h3>Lesen Sie unsere Artikel!<\/h3>\n<p>  Wir m\u00f6chten unser Wissen mit der Gemeinschaft teilen.<br \/>\nDeshalb schreiben wir diese Artikel f\u00fcr Sie.<br \/>\nMehr wird kommen.<br \/>\nBitte hinterlassen Sie einen Kommentar oder schlagen Sie Themen f\u00fcr neue Artikel vor.<br \/>\n\t\t\n<style>\n#text-2564808212 {\n  font-size: 1.45rem;\n}\n<\/style>\n\t<\/div>\n\t\n\t\t<\/div>\n\t\t\t\t\t<\/div>\n\n\t\n<\/div>\n<div class=\"row row-small\" style=\"max-width:1050px\" id=\"row-1908693513\">\n\n\t<div id=\"col-1689203817\" class=\"col medium-4 small-11 large-4\"  >\n\t\t\t\t<div class=\"col-inner\"  >\n\t\t\t\n\t\t\t\n<h2>Prozessvalidierung &#8211; Wie man<\/h2>\n<p>Wenn Sie als Einsteiger in die Medizintechnik mehr Fragen als Antworten zu Themen der Qualit\u00e4tssicherung haben, lesen Sie meine Blogs und schauen Sie, ob Ihnen das ein wenig weiterhilft.<br \/>\nLesen mag langweilig sein (ich fange schon an zu g\u00e4hnen), aber es ist f\u00fcr den Erfolg Ihres Unternehmens unerl\u00e4sslich. <\/p>\n<a href=\"\/articles\/process-validation\/\" target=\"_self\" class=\"button secondary is-bevel knowledge\"  >\n    <span>Weiter lesen<\/span>\n  <\/a>\n\n\t\t<\/div>\n\t\t\t\t\n<style>\n#col-1689203817 > .col-inner {\n  padding: 0px 0px 0px 0;\n}\n@media (min-width:550px) {\n  #col-1689203817 > .col-inner {\n    padding: 0px 0px 0px 0;\n  }\n}\n<\/style>\n\t<\/div>\n\n\t\n\n\t<div id=\"col-1214942158\" class=\"col medium-4 small-11 large-4\"  >\n\t\t\t\t<div class=\"col-inner\"  >\n\t\t\t\n\t\t\t\n<h2>Herausforderungen der Prozessvalidierung f\u00fcr den medizinischen 3d-Druck<\/h2>\n<p>Prozessvalidierung ist eine Herausforderung f\u00fcr alle Ingenieure und alle Prozesse, aber f\u00fcr 3D-Druckingenieure ist die Herausforderung noch gr\u00f6\u00dfer.<\/p>\n<a href=\"\/articles\/process-validation-for-medical-3d-printing\/\" target=\"_self\" class=\"button secondary is-bevel knowledge\"  >\n    <span>Weiter lesen<\/span>\n  <\/a>\n\n\t\t<\/div>\n\t\t\t\t\n<style>\n#col-1214942158 > .col-inner {\n  padding: 0px 0px 0px 0;\n}\n@media (min-width:550px) {\n  #col-1214942158 > .col-inner {\n    padding: 0px 0px 0px 0;\n  }\n}\n<\/style>\n\t<\/div>\n\n\t\n\n\t<div id=\"col-1873268733\" class=\"col medium-4 small-11 large-4\"  >\n\t\t\t\t<div class=\"col-inner\"  >\n\t\t\t\n\t\t\t\n<h2>Validierung von Testmethoden; leicht zu \u00fcbersehen<\/h2>\n<p>Alle Qualit\u00e4tskontrolltests, die im Rahmen der Freigabe von Medizinprodukten durchgef\u00fchrt werden, m\u00fcssen validiert werden; Validierung von Testmethoden.<\/p>\n<a href=\"https:\/\/vosfoxmedical.com\/de\/willkommen-bei-vosfox-medical\/wissen\/validierung-der-testmethode\/\" target=\"_self\" class=\"button secondary is-bevel\"  >\n    <span>Weiter lesen<\/span>\n  <\/a>\n\n\t\t<\/div>\n\t\t\t\t\n<style>\n#col-1873268733 > .col-inner {\n  padding: 0px 0px 0px 0;\n}\n@media (min-width:550px) {\n  #col-1873268733 > .col-inner {\n    padding: 0px 0px 0px 0;\n  }\n}\n<\/style>\n\t<\/div>\n\n\t\n\n\t<div id=\"col-661861929\" class=\"col medium-4 small-11 large-4\"  >\n\t\t\t\t<div class=\"col-inner\"  >\n\t\t\t\n\t\t\t\n<h2>Risikomanagement-Prozess<\/h2>\n<p>Mit den neuesten Versionen der ISO 13485, der Qualit\u00e4tsmanagementnorm f\u00fcr die Medizinprodukteindustrie, wird das Risikomanagement immer wichtiger.<br \/>\nBahnbrechende Neuigkeiten?<br \/>\nNein, nicht wirklich, aber dennoch tun sich viele Unternehmen schwer mit einem guten Risikomanagementprozess, nicht nur die Anf\u00e4nger.<br \/>\nDieser Artikel erkl\u00e4rt den Prozess.   <\/p>\n<a href=\"\/articles\/risk-management-process\/\" target=\"_self\" class=\"button secondary is-bevel knowledge\"  >\n    <span>Weiter lesen<\/span>\n  <\/a>\n\n\t\t<\/div>\n\t\t\t\t\n<style>\n#col-661861929 > .col-inner {\n  padding: 0px 0px 0px 0;\n}\n@media (min-width:550px) {\n  #col-661861929 > .col-inner {\n    padding: 0px 0px 0px 0;\n  }\n}\n<\/style>\n\t<\/div>\n\n\t\n\n\t<div id=\"col-1957564281\" class=\"col medium-4 small-11 large-4\"  >\n\t\t\t\t<div class=\"col-inner\"  >\n\t\t\t\n\t\t\t\n<h2>Spritzgie\u00dfen und 3D-Druck im Vergleich: Produktion von kleinen und gro\u00dfen Mengen<\/h2>\n<p>W\u00e4hrend das Spritzgie\u00dfen bereits ein beliebtes Herstellungsverfahren f\u00fcr medizinische Ger\u00e4te ist, wird auch der 3D-Druck immer beliebter.<br \/>\nBeide Verfahren haben Vor- und Nachteile. Unternehmen m\u00fcssen verschiedene Faktoren sorgf\u00e4ltig abw\u00e4gen, um zu entscheiden, welches Verfahren am besten f\u00fcr ihre Bed\u00fcrfnisse geeignet ist. <\/p>\n<a href=\"https:\/\/vosfoxmedical.com\/articles\/comparing-injection-moulding-and-3d-printing-for-small-and-large-volume-production\/\" target=\"_self\" class=\"button secondary is-bevel knowledge\"  >\n    <span>Weiter lesen<\/span>\n  <\/a>\n\n\t\t<\/div>\n\t\t\t\t\n<style>\n#col-1957564281 > .col-inner {\n  padding: 0px 0px 0px 0;\n}\n@media (min-width:550px) {\n  #col-1957564281 > .col-inner {\n    padding: 0px 0px 0px 0;\n  }\n}\n<\/style>\n\t<\/div>\n\n\t\n\n\t<div id=\"col-1632493187\" class=\"col medium-4 small-11 large-4\"  >\n\t\t\t\t<div class=\"col-inner\"  >\n\t\t\t\n\t\t\t\n<h2>Was CDMOs zu bieten haben<\/h2>\n<p>Auftragsentwicklungs- und -herstellungsunternehmen (Contract Development and Manufacturing Organizations, CDMOs) spielen eine entscheidende Rolle in der Medizinprodukteindustrie, da sie spezialisierte Dienstleistungen und Fachwissen anbieten, die den Medizinprodukteunternehmen helfen, ihre Produkte schneller auf den Markt zu bringen.<\/p>\n<a href=\"https:\/\/vosfoxmedical.com\/de\/willkommen-bei-vosfox-medical\/wissen\/cdmo\/\" target=\"_self\" class=\"button secondary\"  >\n    <span>Weiter lesen<\/span>\n  <\/a>\n\n\t\t<\/div>\n\t\t\t\t\n<style>\n#col-1632493187 > .col-inner {\n  padding: 0px 0px 0px 0;\n}\n@media (min-width:550px) {\n  #col-1632493187 > .col-inner {\n    padding: 0px 0px 0px 0;\n  }\n}\n<\/style>\n\t<\/div>\n\n\t\n\n\t<div id=\"col-1555274889\" class=\"col medium-4 small-11 large-4\"  >\n\t\t\t\t<div class=\"col-inner\"  >\n\t\t\t\n\t\t\t\n<h2>Design und Entwicklung<\/h2>\n<p>Sind Sie ein Student oder Forscher, der eine Erfindung zu einem Medizinprodukt machen will?<br \/>\nDann lesen Sie diesen Artikel \u00fcber den Design- und Entwicklungsprozess und wenden Sie sich an uns, wenn Sie weitere Hilfe ben\u00f6tigen.<br \/>\nWir k\u00f6nnen Sie beim Design- und Entwicklungsprozess (D&amp;D) unterst\u00fctzen.  <\/p>\n<a href=\"\/knowledge\/design-and-development\/\" target=\"_self\" class=\"button secondary is-bevel knowledge\"  >\n    <span>Weiter lesen<\/span>\n  <\/a>\n\n\t\t<\/div>\n\t\t\t\t\n<style>\n#col-1555274889 > .col-inner {\n  padding: 0px 0px 0px 0;\n}\n@media (min-width:550px) {\n  #col-1555274889 > .col-inner {\n    padding: 0px 0px 0px 0;\n  }\n}\n<\/style>\n\t<\/div>\n\n\t\n\n\t<div id=\"col-1491196475\" class=\"col medium-4 small-12 large-4\"  >\n\t\t\t\t<div class=\"col-inner\"  >\n\t\t\t\n\t\t\t\n<h2>Wie Sie mit Biokompatibilit\u00e4tstests beginnen<\/h2>\n<p>Bei Biokompatibilit\u00e4tstests wird gepr\u00fcft, ob Ihr Medizinprodukt mit lebendem Gewebe und Systemen kompatibel ist.<br \/>\nBei Medizinprodukten sollte der Hersteller des Medizinprodukts diese Tests gem\u00e4\u00df ISO10993 durchf\u00fchren.<br \/>\nDie Norm besteht aus 20 Teilen und kann ziemlich verwirrend sein.<br \/>\nIn diesem Artikel versuchen wir, Ihnen einen guten \u00dcberblick zu geben.   <\/p>\n<a href=\"\/knowledge\/design-and-development\/\" target=\"_self\" class=\"button secondary is-bevel knowledge\"  >\n    <span>Weiter lesen<\/span>\n  <\/a>\n\n\t\t<\/div>\n\t\t\t\t\t<\/div>\n\n\t\n<\/div>\n\t\t<\/div>\n\n\t\t\n<style>\n#section_2027625578 {\n  padding-top: 30px;\n  padding-bottom: 30px;\n}\n#section_2027625578 .ux-shape-divider--top svg {\n  height: 150px;\n  --divider-top-width: 100%;\n}\n#section_2027625578 .ux-shape-divider--bottom svg {\n  height: 150px;\n  --divider-width: 100%;\n}\n@media (min-width:550px) {\n  #section_2027625578 {\n    padding-top: 70px;\n    padding-bottom: 70px;\n  }\n}\n<\/style>\n\t<\/section>\n\t\n","protected":false},"excerpt":{"rendered":"","protected":false},"author":3,"featured_media":0,"parent":2564,"menu_order":0,"comment_status":"closed","ping_status":"closed","template":"page-blank.php","meta":{"footnotes":""},"class_list":["post-2490","page","type-page","status-publish","hentry"],"yoast_head":"<!-- This site is optimized with the Yoast SEO Premium plugin v24.2 (Yoast SEO v27.4) - https:\/\/yoast.com\/product\/yoast-seo-premium-wordpress\/ -->\n<title>Wissen | informative Artikel | freier Zugang<\/title>\n<meta name=\"description\" content=\"Auf dieser Seite finden Sie informative Artikel zu verschiedenen Themen der Qualit\u00e4tssicherung, Technologien und anderen interessanten Themen.\" \/>\n<meta name=\"robots\" content=\"index, follow, max-snippet:-1, max-image-preview:large, max-video-preview:-1\" \/>\n<link rel=\"canonical\" href=\"https:\/\/vosfoxmedical.com\/de\/willkommen-bei-vosfox-medical\/wissen\/\" \/>\n<meta property=\"og:locale\" content=\"de_DE\" \/>\n<meta property=\"og:type\" content=\"article\" \/>\n<meta property=\"og:title\" content=\"Wissen\" \/>\n<meta property=\"og:description\" content=\"Auf dieser Seite finden Sie informative Artikel zu verschiedenen Themen der Qualit\u00e4tssicherung, Technologien und anderen interessanten Themen.\" \/>\n<meta property=\"og:url\" content=\"https:\/\/vosfoxmedical.com\/de\/willkommen-bei-vosfox-medical\/wissen\/\" \/>\n<meta property=\"og:site_name\" content=\"Vosfox Medical\" \/>\n<meta property=\"article:publisher\" content=\"https:\/\/www.facebook.com\/Vosfoxmedical\" \/>\n<meta property=\"article:modified_time\" content=\"2025-04-30T14:02:37+00:00\" \/>\n<meta name=\"twitter:card\" content=\"summary_large_image\" \/>\n<meta name=\"twitter:site\" content=\"@svndevos\" \/>\n<meta name=\"twitter:label1\" content=\"Gesch\u00e4tzte Lesezeit\" \/>\n\t<meta name=\"twitter:data1\" content=\"4\u00a0Minuten\" \/>\n<script type=\"application\/ld+json\" class=\"yoast-schema-graph\">{\"@context\":\"https:\\\/\\\/schema.org\",\"@graph\":[{\"@type\":\"WebPage\",\"@id\":\"https:\\\/\\\/vosfoxmedical.com\\\/de\\\/willkommen-bei-vosfox-medical\\\/wissen\\\/\",\"url\":\"https:\\\/\\\/vosfoxmedical.com\\\/de\\\/willkommen-bei-vosfox-medical\\\/wissen\\\/\",\"name\":\"Wissen | informative Artikel | freier Zugang\",\"isPartOf\":{\"@id\":\"https:\\\/\\\/vosfoxmedical.com\\\/de\\\/#website\"},\"datePublished\":\"2021-06-27T15:24:28+00:00\",\"dateModified\":\"2025-04-30T14:02:37+00:00\",\"description\":\"Auf dieser Seite finden Sie informative Artikel zu verschiedenen Themen der Qualit\u00e4tssicherung, Technologien und anderen interessanten Themen.\",\"breadcrumb\":{\"@id\":\"https:\\\/\\\/vosfoxmedical.com\\\/de\\\/willkommen-bei-vosfox-medical\\\/wissen\\\/#breadcrumb\"},\"inLanguage\":\"de\",\"potentialAction\":[{\"@type\":\"ReadAction\",\"target\":[\"https:\\\/\\\/vosfoxmedical.com\\\/de\\\/willkommen-bei-vosfox-medical\\\/wissen\\\/\"]}]},{\"@type\":\"BreadcrumbList\",\"@id\":\"https:\\\/\\\/vosfoxmedical.com\\\/de\\\/willkommen-bei-vosfox-medical\\\/wissen\\\/#breadcrumb\",\"itemListElement\":[{\"@type\":\"ListItem\",\"position\":1,\"name\":\"Home\",\"item\":\"https:\\\/\\\/vosfoxmedical.com\\\/de\\\/willkommen-bei-vosfox-medical\\\/\"},{\"@type\":\"ListItem\",\"position\":2,\"name\":\"Willkommen bei Vosfox Medical\",\"item\":\"https:\\\/\\\/vosfoxmedical.com\\\/de\\\/willkommen-bei-vosfox-medical\\\/\"},{\"@type\":\"ListItem\",\"position\":3,\"name\":\"Wissen\"}]},{\"@type\":\"WebSite\",\"@id\":\"https:\\\/\\\/vosfoxmedical.com\\\/de\\\/#website\",\"url\":\"https:\\\/\\\/vosfoxmedical.com\\\/de\\\/\",\"name\":\"vosfoxmedical.com\",\"description\":\"Low-volume contract manufacturing organisation\",\"publisher\":{\"@id\":\"https:\\\/\\\/vosfoxmedical.com\\\/de\\\/#organization\"},\"potentialAction\":[{\"@type\":\"SearchAction\",\"target\":{\"@type\":\"EntryPoint\",\"urlTemplate\":\"https:\\\/\\\/vosfoxmedical.com\\\/de\\\/?s={search_term_string}\"},\"query-input\":{\"@type\":\"PropertyValueSpecification\",\"valueRequired\":true,\"valueName\":\"search_term_string\"}}],\"inLanguage\":\"de\"},{\"@type\":\"Organization\",\"@id\":\"https:\\\/\\\/vosfoxmedical.com\\\/de\\\/#organization\",\"name\":\"Vosfox Medical\",\"url\":\"https:\\\/\\\/vosfoxmedical.com\\\/de\\\/\",\"logo\":{\"@type\":\"ImageObject\",\"inLanguage\":\"de\",\"@id\":\"https:\\\/\\\/vosfoxmedical.com\\\/de\\\/#\\\/schema\\\/logo\\\/image\\\/\",\"url\":\"https:\\\/\\\/i0.wp.com\\\/vosfoxmedical.com\\\/wp-content\\\/uploads\\\/2021\\\/06\\\/vosfox_medical_logo.png?fit=8594%2C2813&ssl=1\",\"contentUrl\":\"https:\\\/\\\/i0.wp.com\\\/vosfoxmedical.com\\\/wp-content\\\/uploads\\\/2021\\\/06\\\/vosfox_medical_logo.png?fit=8594%2C2813&ssl=1\",\"width\":8594,\"height\":2813,\"caption\":\"Vosfox Medical\"},\"image\":{\"@id\":\"https:\\\/\\\/vosfoxmedical.com\\\/de\\\/#\\\/schema\\\/logo\\\/image\\\/\"},\"sameAs\":[\"https:\\\/\\\/www.facebook.com\\\/Vosfoxmedical\",\"https:\\\/\\\/x.com\\\/svndevos\",\"https:\\\/\\\/www.instagram.com\\\/\",\"https:\\\/\\\/www.linkedin.com\\\/company\\\/11022599\\\/\"]}]}<\/script>\n<!-- \/ Yoast SEO Premium plugin. -->","yoast_head_json":{"title":"Wissen | informative Artikel | freier Zugang","description":"Auf dieser Seite finden Sie informative Artikel zu verschiedenen Themen der Qualit\u00e4tssicherung, Technologien und anderen interessanten Themen.","robots":{"index":"index","follow":"follow","max-snippet":"max-snippet:-1","max-image-preview":"max-image-preview:large","max-video-preview":"max-video-preview:-1"},"canonical":"https:\/\/vosfoxmedical.com\/de\/willkommen-bei-vosfox-medical\/wissen\/","og_locale":"de_DE","og_type":"article","og_title":"Wissen","og_description":"Auf dieser Seite finden Sie informative Artikel zu verschiedenen Themen der Qualit\u00e4tssicherung, Technologien und anderen interessanten Themen.","og_url":"https:\/\/vosfoxmedical.com\/de\/willkommen-bei-vosfox-medical\/wissen\/","og_site_name":"Vosfox Medical","article_publisher":"https:\/\/www.facebook.com\/Vosfoxmedical","article_modified_time":"2025-04-30T14:02:37+00:00","twitter_card":"summary_large_image","twitter_site":"@svndevos","twitter_misc":{"Gesch\u00e4tzte Lesezeit":"4\u00a0Minuten"},"schema":{"@context":"https:\/\/schema.org","@graph":[{"@type":"WebPage","@id":"https:\/\/vosfoxmedical.com\/de\/willkommen-bei-vosfox-medical\/wissen\/","url":"https:\/\/vosfoxmedical.com\/de\/willkommen-bei-vosfox-medical\/wissen\/","name":"Wissen | informative Artikel | freier Zugang","isPartOf":{"@id":"https:\/\/vosfoxmedical.com\/de\/#website"},"datePublished":"2021-06-27T15:24:28+00:00","dateModified":"2025-04-30T14:02:37+00:00","description":"Auf dieser Seite finden Sie informative Artikel zu verschiedenen Themen der Qualit\u00e4tssicherung, Technologien und anderen interessanten Themen.","breadcrumb":{"@id":"https:\/\/vosfoxmedical.com\/de\/willkommen-bei-vosfox-medical\/wissen\/#breadcrumb"},"inLanguage":"de","potentialAction":[{"@type":"ReadAction","target":["https:\/\/vosfoxmedical.com\/de\/willkommen-bei-vosfox-medical\/wissen\/"]}]},{"@type":"BreadcrumbList","@id":"https:\/\/vosfoxmedical.com\/de\/willkommen-bei-vosfox-medical\/wissen\/#breadcrumb","itemListElement":[{"@type":"ListItem","position":1,"name":"Home","item":"https:\/\/vosfoxmedical.com\/de\/willkommen-bei-vosfox-medical\/"},{"@type":"ListItem","position":2,"name":"Willkommen bei Vosfox Medical","item":"https:\/\/vosfoxmedical.com\/de\/willkommen-bei-vosfox-medical\/"},{"@type":"ListItem","position":3,"name":"Wissen"}]},{"@type":"WebSite","@id":"https:\/\/vosfoxmedical.com\/de\/#website","url":"https:\/\/vosfoxmedical.com\/de\/","name":"vosfoxmedical.com","description":"Low-volume contract manufacturing organisation","publisher":{"@id":"https:\/\/vosfoxmedical.com\/de\/#organization"},"potentialAction":[{"@type":"SearchAction","target":{"@type":"EntryPoint","urlTemplate":"https:\/\/vosfoxmedical.com\/de\/?s={search_term_string}"},"query-input":{"@type":"PropertyValueSpecification","valueRequired":true,"valueName":"search_term_string"}}],"inLanguage":"de"},{"@type":"Organization","@id":"https:\/\/vosfoxmedical.com\/de\/#organization","name":"Vosfox Medical","url":"https:\/\/vosfoxmedical.com\/de\/","logo":{"@type":"ImageObject","inLanguage":"de","@id":"https:\/\/vosfoxmedical.com\/de\/#\/schema\/logo\/image\/","url":"https:\/\/i0.wp.com\/vosfoxmedical.com\/wp-content\/uploads\/2021\/06\/vosfox_medical_logo.png?fit=8594%2C2813&ssl=1","contentUrl":"https:\/\/i0.wp.com\/vosfoxmedical.com\/wp-content\/uploads\/2021\/06\/vosfox_medical_logo.png?fit=8594%2C2813&ssl=1","width":8594,"height":2813,"caption":"Vosfox Medical"},"image":{"@id":"https:\/\/vosfoxmedical.com\/de\/#\/schema\/logo\/image\/"},"sameAs":["https:\/\/www.facebook.com\/Vosfoxmedical","https:\/\/x.com\/svndevos","https:\/\/www.instagram.com\/","https:\/\/www.linkedin.com\/company\/11022599\/"]}]}},"jetpack-related-posts":[],"jetpack_sharing_enabled":true,"_links":{"self":[{"href":"https:\/\/vosfoxmedical.com\/de\/wp-json\/wp\/v2\/pages\/2490","targetHints":{"allow":["GET"]}}],"collection":[{"href":"https:\/\/vosfoxmedical.com\/de\/wp-json\/wp\/v2\/pages"}],"about":[{"href":"https:\/\/vosfoxmedical.com\/de\/wp-json\/wp\/v2\/types\/page"}],"author":[{"embeddable":true,"href":"https:\/\/vosfoxmedical.com\/de\/wp-json\/wp\/v2\/users\/3"}],"replies":[{"embeddable":true,"href":"https:\/\/vosfoxmedical.com\/de\/wp-json\/wp\/v2\/comments?post=2490"}],"version-history":[{"count":6,"href":"https:\/\/vosfoxmedical.com\/de\/wp-json\/wp\/v2\/pages\/2490\/revisions"}],"predecessor-version":[{"id":3384,"href":"https:\/\/vosfoxmedical.com\/de\/wp-json\/wp\/v2\/pages\/2490\/revisions\/3384"}],"up":[{"embeddable":true,"href":"https:\/\/vosfoxmedical.com\/de\/wp-json\/wp\/v2\/pages\/2564"}],"wp:attachment":[{"href":"https:\/\/vosfoxmedical.com\/de\/wp-json\/wp\/v2\/media?parent=2490"}],"curies":[{"name":"wp","href":"https:\/\/api.w.org\/{rel}","templated":true}]}}