{"id":2473,"date":"2021-06-27T15:54:41","date_gmt":"2021-06-27T14:54:41","guid":{"rendered":"https:\/\/vosfoxmedical.com\/datenschutzpolitik\/"},"modified":"2024-10-09T15:14:27","modified_gmt":"2024-10-09T14:14:27","slug":"datenschutzpolitik","status":"publish","type":"page","link":"https:\/\/vosfoxmedical.com\/de\/willkommen-bei-vosfox-medical\/datenschutzpolitik\/","title":{"rendered":"Datenschutzpolitik"},"content":{"rendered":"\t<section class=\"section dark\" id=\"section_1121364347\">\n\t\t<div class=\"bg section-bg fill bg-fill  \" >\n\n\t\t\t\n\t\t\t<div class=\"section-bg-overlay absolute fill\"><\/div>\n\t\t\t\n\n\t\t<\/div>\n\n\t\t\n\n\t\t<div class=\"section-content relative\">\n\t\t\t\n<div class=\"row\" style=\"max-width:1300px\" id=\"row-120900805\">\n\n\t<div id=\"col-1880625630\" class=\"col medium-12 small-12 large-8\"  >\n\t\t\t\t<div class=\"col-inner\"  >\n\t\t\t\n\t\t\t\n\t<div id=\"text-3750736630\" class=\"text\">\n\t\t\n<h1 class=\"entry-title\"><span style=\"font-size: 100%;\">Datenschutzpolitik<\/span><\/h1>\n\t\t\n<style>\n#text-3750736630 {\n  font-size: 2.75rem;\n}\n<\/style>\n\t<\/div>\n\t\n\t\t<\/div>\n\t\t\t\t\t<\/div>\n\n\t\n<\/div>\n\t\t<\/div>\n\n\t\t\n<style>\n#section_1121364347 {\n  padding-top: 30px;\n  padding-bottom: 30px;\n  min-height: 400px;\n  background-color: #5a0958;\n}\n#section_1121364347 .section-bg-overlay {\n  background-color: rgba(90, 9, 88, 0.89);\n}\n#section_1121364347 .section-bg.bg-loaded {\n  background-image: url(https:\/\/vosfoxmedical.com\/wp-content\/uploads\/2021\/06\/img-thunderstorm.jpg);\n}\n#section_1121364347 .section-bg {\n  background-position: 90% 59%;\n}\n#section_1121364347 .ux-shape-divider--top svg {\n  height: 150px;\n  --divider-top-width: 100%;\n}\n#section_1121364347 .ux-shape-divider--bottom svg {\n  height: 150px;\n  --divider-width: 100%;\n}\n@media (min-width:550px) {\n  #section_1121364347 {\n    min-height: 400px;\n  }\n}\n@media (min-width:850px) {\n  #section_1121364347 {\n    min-height: 600px;\n  }\n}\n<\/style>\n\t<\/section>\n\t\n<div class=\"row align-bottom\" style=\"max-width:1300px\" id=\"row-1614249619\">\n\n\t<div id=\"col-635418333\" class=\"col medium-12 small-12 large-8 medium-col-first\"  >\n\t\t\t\t<div class=\"col-inner\"  >\n\t\t\t\n\t\t\t\n\n  <div class=\"banner has-hover\" id=\"banner-8232703\">\n          <div class=\"banner-inner fill\">\n        <div class=\"banner-bg fill\" >\n            <div class=\"bg fill bg-fill \"><\/div>\n                        <div class=\"overlay\"><\/div>            \n                    <\/div>\n\t\t\n        <div class=\"banner-layers container\">\n            <div class=\"fill banner-link\"><\/div>            \n        <\/div>\n      <\/div>\n\n            \n<style>\n#banner-8232703 {\n  padding-top: 300px;\n  background-color: rgb(255,255,255);\n}\n#banner-8232703 .bg.bg-loaded {\n  background-image: url(https:\/\/vosfoxmedical.com\/wp-content\/uploads\/2021\/06\/photo-data-protection.jpg);\n}\n#banner-8232703 .overlay {\n  background-color: rgba(0, 0, 0, 0.145);\n}\n#banner-8232703 .ux-shape-divider--top svg {\n  height: 150px;\n  --divider-top-width: 100%;\n}\n#banner-8232703 .ux-shape-divider--bottom svg {\n  height: 150px;\n  --divider-width: 100%;\n}\n@media (min-width:550px) {\n  #banner-8232703 {\n    padding-top: 600px;\n  }\n}\n<\/style>\n  <\/div>\n\n\n\t\t<\/div>\n\t\t\t\t\n<style>\n#col-635418333 > .col-inner {\n  margin: -120px 0px 0px 0px;\n}\n@media (min-width:550px) {\n  #col-635418333 > .col-inner {\n    margin: -120px 0px 0px 0px;\n  }\n}\n@media (min-width:850px) {\n  #col-635418333 > .col-inner {\n    margin: -500px 0px 0px 0px;\n  }\n}\n<\/style>\n\t<\/div>\n\n\t\n<\/div>\n\t<section class=\"section\" id=\"section_534929834\">\n\t\t<div class=\"bg section-bg fill bg-fill  bg-loaded\" >\n\n\t\t\t\n\t\t\t\n\t\t\t\n\n\t\t<\/div>\n\n\t\t\n\n\t\t<div class=\"section-content relative\">\n\t\t\t\n<div class=\"row row-small align-equal\"  id=\"row-1953907964\">\n\n\t<div id=\"col-1543572101\" class=\"col sticky hide-for-small medium-4 small-12 large-4\"  >\n\t\t\t\t<div class=\"col-inner\"  >\n\t\t\t\n\t\t\t\n<ul class=\"sidebar-wrapper ul-reset\"><div id=\"text-12\">\t\t\t<div class=\"textwidget\"><h3 id=\"h-who-we-are\" class=\"has-text-align-left\"><a href=\"#wer sind\">Wer wir sind<\/a><\/h3>\n<h3 id=\"h-personal-data-we-collect\"><a href=\"#personal\">Pers\u00f6nliche Daten<\/a><\/h3>\n<h3><a href=\"#embedded\">Eingebettete Inhalte von anderen Websites<\/a><\/h3>\n<h3 id=\"h-automated-decissions\"><a href=\"#automated\">Automatisierte Entscheidungen<\/a><\/h3>\n<h3 id=\"h-sharing-data\"><a href=\"#sharing\">Weitergabe von Daten<\/a><\/h3>\n<h3 id=\"h-retention-times\"><a href=\"#retention\">Aufbewahrungszeite<\/a><\/h3>\n<h3><a href=\"#yourrights\">Ihre Rechte<\/a><\/h3>\n<h3><a href=\"#senddata\">Wohin senden wir Ihre Daten<\/a><\/h3>\n<h3 id=\"h-contact-information\"><a href=\"#contact\">Kontaktinformationen<\/a><\/h3>\n<h3><a href=\"#databreach\">Verfahren bei Datenschutzverletzungen<\/a><\/h3>\n<\/div>\n\t\t<\/div><\/ul>\n\t\t<\/div>\n\t\t\t\t\t<\/div>\n\n\t\n\n\t<div id=\"col-474845639\" class=\"col medium-8 small-12 large-8\"  >\n\t\t\t\t<div class=\"col-inner\"  >\n\t\t\t\n\t\t\t\n<span class=\"scroll-to\" data-label=\"Scroll to: #wer-sind\" data-bullet=\"false\" data-link=\"#wer-sind\" data-title=\"Wer sind\"><a name=\"wer-sind\"><\/a><\/span>\n<p id=\"h-vosfox-medical-bv-is-a-dutch-based-limited-liability-company-our-website-address-is-https-vosfoxmedical-com\"><strong>Wer wir sind<\/strong> Vosfox Medical BV ist eine Gesellschaft mit beschr\u00e4nkter Haftung mit Sitz in den Niederlanden.<br \/>\nUnsere Website-Adresse lautet <a href=\"https:\/\/vosfoxmedical.com\/de\/\" rel=\"nofollow\">https:\/\/vosfoxmedical.com.<\/a> <\/p>\n<span class=\"scroll-to\" data-label=\"Scroll to: #personal\" data-bullet=\"false\" data-link=\"#personal\" data-title=\"Scrollen Sie zu Dies\"><a name=\"personal\"><\/a><\/span>\n<p><strong>Pers\u00f6nliche Daten, die wir sammeln<\/strong> Die Inhalte, die Sie \u00fcber unsere Websites bereitstellen:<em> <\/em>Zu den Diensten geh\u00f6ren auch unsere Websites, die uns geh\u00f6ren oder von uns betrieben werden.<br \/>\nWir erfassen andere Inhalte, die Sie an diese Websites \u00fcbermitteln, einschlie\u00dflich der von uns betriebenen Websites f\u00fcr soziale Medien oder soziale Netzwerke.<br \/>\nSie stellen uns zum Beispiel Inhalte zur Verf\u00fcgung, wenn Sie uns Feedback geben oder das <span style=\"text-decoration: underline;\"><strong><a href=\"https:\/\/vosfoxmedical.com\/de\/?page_id=2447\">Kontaktformular<\/a> verwenden.<\/strong><\/span><strong>Konto- und Profilinformationen:<\/strong>  <em><strong> <\/strong><\/em>Wir erfassen Informationen \u00fcber Sie, wenn Sie sich f\u00fcr ein Konto registrieren, Ihr Profil erstellen oder \u00e4ndern, Pr\u00e4ferenzen festlegen, sich f\u00fcr die Services anmelden oder \u00fcber die Services Eink\u00e4ufe t\u00e4tigen.<br \/>\nBei der Registrierung f\u00fcr die Dienste geben Sie beispielsweise Ihre Kontaktinformationen und in einigen F\u00e4llen auch Rechnungsdaten an.<br \/>\nSie k\u00f6nnen auch einen Anzeigenamen, ein Profilfoto, eine Berufsbezeichnung und andere Details zu Ihren Profilinformationen hinzuf\u00fcgen, die in unseren Diensten angezeigt werden sollen.<br \/>\nWir behalten Ihre Pr\u00e4ferenzen im Auge, wenn Sie Einstellungen innerhalb der Dienste ausw\u00e4hlen.<\/p>\n<span class=\"scroll-to\" data-label=\"Scroll to: #embedded\" data-bullet=\"false\" data-link=\"#embedded\" data-title=\"Scrollen Sie zu Dies\"><a name=\"embedded\"><\/a><\/span>\n<p><strong>Eingebettete Inhalte von anderen Websites <\/strong>Artikel auf dieser Website k\u00f6nnen eingebettete Inhalte (z.B. Videos, Bilder, Artikel usw.) enthalten.<br \/>\nEingebettete Inhalte von anderen Websites verhalten sich genau so, als ob der Besucher die andere Website besucht h\u00e4tte.<br \/>\nDiese Websites k\u00f6nnen Daten \u00fcber Sie sammeln, Cookies verwenden, zus\u00e4tzliche Trackingfunktionen von Dritten einbetten und Ihre Interaktion mit diesen eingebetteten Inhalten \u00fcberwachen, einschlie\u00dflich der Verfolgung Ihrer Interaktion mit den eingebetteten Inhalten, wenn Sie ein Konto haben und auf dieser Website angemeldet sind.<\/p>\n<span class=\"scroll-to\" data-label=\"Scroll to: #automated\" data-bullet=\"false\" data-link=\"#automated\" data-title=\"Scrollen Sie zu Dies\"><a name=\"automated\"><\/a><\/span>\n<p><strong>Automatisierte Entscheidungen<\/strong> Wir verwenden keine Daten f\u00fcr automatisierte Entscheidungen.<\/p>\n<span class=\"scroll-to\" data-label=\"Scroll to: #sharing\" data-bullet=\"false\" data-link=\"#sharing\" data-title=\"Scrollen Sie zu Dies\"><a name=\"sharing\"><\/a><\/span>\n<p><strong>Weitergabe von Daten<\/strong> Wir geben keine Ihrer Daten an Dritte weiter, es sei denn, dies wird von Aufsichtsbeh\u00f6rden verlangt.<\/p>\n<span class=\"scroll-to\" data-label=\"Scroll to: #retention\" data-bullet=\"false\" data-link=\"#retention\" data-title=\"Scrollen Sie zu Dies\"><a name=\"retention\"><\/a><\/span>\n<p><strong>Aufbewahrungszeiten<\/strong> Der Kommentar und seine Metadaten werden auf unbestimmte Zeit aufbewahrt, wenn Sie einen Kommentar hinterlassen.<br \/>\nAuf diese Weise k\u00f6nnen wir Folgekommentare automatisch erkennen und genehmigen, anstatt sie in einer Moderationswarteschlange zu halten.<\/p>\n<span class=\"scroll-to\" data-label=\"Scroll to: #yourrights\" data-bullet=\"false\" data-link=\"#yourrights\" data-title=\"Scrollen Sie zu Dies\"><a name=\"yourrights\"><\/a><\/span>\n<p><strong>Ihre Rechte<\/strong> Wenn Sie einen Kommentar hinterlassen haben, k\u00f6nnen Sie beantragen, eine exportierte Datei der personenbezogenen Daten zu erhalten, die wir \u00fcber Sie gespeichert haben, einschlie\u00dflich aller Daten, die Sie uns zur Verf\u00fcgung gestellt haben.<br \/>\nSie k\u00f6nnen auch verlangen, dass wir alle personenbezogenen Daten, die wir \u00fcber Sie gespeichert haben, l\u00f6schen.<br \/>\nDies gilt nicht f\u00fcr Daten, die wir aus administrativen, rechtlichen oder Sicherheitsgr\u00fcnden aufbewahren m\u00fcssen.<br \/>\nNach der DSGVO haben Sie acht Rechte, die im Folgenden aufgef\u00fchrt sind.           <\/p>\n<ol>\n<li>Das Recht, informiert zu werden: Jeder, der Ihre pers\u00f6nlichen Daten verarbeitet, muss deutlich machen, was er verarbeitet, warum er es tut und an wen die Daten weitergegeben werden k\u00f6nnen.<\/li>\n<li>Das Auskunftsrecht; das ist Ihr Recht, zu erfahren, welche Daten \u00fcber Sie bei einem Data Controller gespeichert sind.<\/li>\n<li>Das Recht auf Berichtigung; das Recht, Ihre Daten zu korrigieren oder zu \u00e4ndern, wenn die gespeicherten Daten falsch sind.<\/li>\n<li>Das Recht auf L\u00f6schung; unter bestimmten Umst\u00e4nden k\u00f6nnen Sie die L\u00f6schung Ihrer personenbezogenen Daten verlangen.<br \/>\nDies wird auch &#8222;Recht auf Vergessenwerden&#8220; genannt.<br \/>\nDies gilt, wenn die personenbezogenen Daten f\u00fcr die Zwecke, f\u00fcr die sie erhoben wurden, nicht mehr ben\u00f6tigt werden, oder wenn Sie Ihre Zustimmung zur Verarbeitung dieser Daten zur\u00fcckgezogen haben, oder wenn die personenbezogenen Daten unrechtm\u00e4\u00dfig verarbeitet wurden.  <\/li>\n<li>Das Recht, die Verarbeitung einzuschr\u00e4nken; dies gibt der betroffenen Person das Recht, einen vor\u00fcbergehenden Stopp der Verarbeitung personenbezogener Daten zu verlangen, z.B. wenn ein Streitfall oder ein Rechtsfall abgeschlossen werden muss oder die Daten korrigiert werden.<\/li>\n<li>Das Recht auf Daten\u00fcbertragbarkeit; eine betroffene Person hat das Recht, zu verlangen, dass die von ihr direkt an den f\u00fcr die Verarbeitung Verantwortlichen \u00fcbermittelten Daten in einem strukturierten, allgemein verwendeten und maschinenlesbaren Format bereitgestellt werden.<\/li>\n<li>Das Widerspruchsrecht; die betroffene Person hat das Recht, der Weiterverarbeitung ihrer Daten zu widersprechen, die mit dem Hauptzweck, f\u00fcr den sie erhoben wurden, unvereinbar ist, einschlie\u00dflich Profiling, Automatisierung und Direktmarketing.<\/li>\n<li>Rechte in Bezug auf automatisierte Entscheidungsfindung und Profiling; Betroffene Personen haben das Recht, nicht einer Entscheidung unterworfen zu werden, die ausschlie\u00dflich auf einer automatisierten Verarbeitung beruht.<\/li>\n<li>Rechte in Bezug auf automatisierte Entscheidungsfindung und Profiling<\/li>\n<\/ol>\n<span class=\"scroll-to\" data-label=\"Scroll to: #senddata\" data-bullet=\"false\" data-link=\"#senddata\" data-title=\"Scrollen Sie zu Dies\"><a name=\"senddata\"><\/a><\/span>\n<p><strong>Wohin senden wir Ihre Daten<\/strong> Besucherkommentare k\u00f6nnen durch einen automatischen Spam-Erkennungsdienst \u00fcberpr\u00fcft werden.<\/p>\n<span class=\"scroll-to\" data-label=\"Scroll to: #contact\" data-bullet=\"false\" data-link=\"#contact\" data-title=\"Scrollen Sie zu Dies\"><a name=\"contact\"><\/a><\/span>\n<p><strong>Kontaktinformationen<\/strong> Ihr Name und Ihre E-Mail-Adresse k\u00f6nnen auf unbestimmte Zeit gespeichert werden.<\/p>\n<span class=\"scroll-to\" data-label=\"Scroll to: #databreach\" data-bullet=\"false\" data-link=\"#databreach\" data-title=\"Scrollen Sie zu Dies\"><a name=\"databreach\"><\/a><\/span>\n<p><strong>Verfahren bei Datenschutzverletzungen<\/strong> Vosfox Medical verf\u00fcgt \u00fcber ein Verfahren zum Schutz von Daten.<br \/>\nWir protokollieren pers\u00f6nliche Daten, die wir speichern.<br \/>\nWir speichern keine medizinischen Daten.<br \/>\nVosfox Medical hat ein Verfahren, das sich mit Datenschutzverletzungen befasst.<br \/>\nBitte setzen Sie sich mit uns in Verbindung, wenn Sie Einzelheiten \u00fcber dieses Verfahren erfahren m\u00f6chten oder wenn Sie eine Datenschutzverletzung feststellen oder vermuten.<\/p>\n\t\t<\/div>\n\t\t\t\t\t<\/div>\n\n\t\n<\/div>\n\t\t<\/div>\n\n\t\t\n<style>\n#section_534929834 {\n  padding-top: 30px;\n  padding-bottom: 30px;\n}\n#section_534929834 .ux-shape-divider--top svg {\n  height: 150px;\n  --divider-top-width: 100%;\n}\n#section_534929834 .ux-shape-divider--bottom svg {\n  height: 150px;\n  --divider-width: 100%;\n}\n@media (min-width:550px) {\n  #section_534929834 {\n    padding-top: 70px;\n    padding-bottom: 70px;\n  }\n}\n<\/style>\n\t<\/section>\n\t\n","protected":false},"excerpt":{"rendered":"","protected":false},"author":3,"featured_media":0,"parent":2564,"menu_order":0,"comment_status":"closed","ping_status":"closed","template":"page-blank.php","meta":{"footnotes":""},"class_list":["post-2473","page","type-page","status-publish","hentry"],"yoast_head":"<!-- This site is optimized with the Yoast SEO Premium plugin v24.2 (Yoast SEO v27.4) - https:\/\/yoast.com\/product\/yoast-seo-premium-wordpress\/ -->\n<title>Datenschutzpolitik - Vosfox Medical<\/title>\n<meta name=\"description\" content=\"Vosfox Medical hat eine Datenschutzpolitik, die auf unserer Website ver\u00f6ffentlicht ist. Wir werden die GDPR einhalten.\" \/>\n<meta name=\"robots\" content=\"noindex, nofollow\" \/>\n<meta property=\"og:locale\" content=\"de_DE\" \/>\n<meta property=\"og:type\" content=\"article\" \/>\n<meta property=\"og:title\" content=\"Datenschutzpolitik\" \/>\n<meta property=\"og:description\" content=\"Vosfox Medical hat eine Datenschutzpolitik, die auf unserer Website ver\u00f6ffentlicht ist. Wir werden die GDPR einhalten.\" \/>\n<meta property=\"og:url\" content=\"https:\/\/vosfoxmedical.com\/de\/willkommen-bei-vosfox-medical\/datenschutzpolitik\/\" \/>\n<meta property=\"og:site_name\" content=\"Vosfox Medical\" \/>\n<meta property=\"article:publisher\" content=\"https:\/\/www.facebook.com\/Vosfoxmedical\" \/>\n<meta property=\"article:modified_time\" content=\"2024-10-09T14:14:27+00:00\" \/>\n<meta name=\"twitter:card\" content=\"summary_large_image\" \/>\n<meta name=\"twitter:site\" content=\"@svndevos\" \/>\n<meta name=\"twitter:label1\" content=\"Gesch\u00e4tzte Lesezeit\" \/>\n\t<meta name=\"twitter:data1\" content=\"5\u00a0Minuten\" \/>\n<script type=\"application\/ld+json\" class=\"yoast-schema-graph\">{\"@context\":\"https:\\\/\\\/schema.org\",\"@graph\":[{\"@type\":\"WebPage\",\"@id\":\"https:\\\/\\\/vosfoxmedical.com\\\/de\\\/willkommen-bei-vosfox-medical\\\/datenschutzpolitik\\\/\",\"url\":\"https:\\\/\\\/vosfoxmedical.com\\\/de\\\/willkommen-bei-vosfox-medical\\\/datenschutzpolitik\\\/\",\"name\":\"Datenschutzpolitik - Vosfox Medical\",\"isPartOf\":{\"@id\":\"https:\\\/\\\/vosfoxmedical.com\\\/de\\\/#website\"},\"datePublished\":\"2021-06-27T14:54:41+00:00\",\"dateModified\":\"2024-10-09T14:14:27+00:00\",\"description\":\"Vosfox Medical hat eine Datenschutzpolitik, die auf unserer Website ver\u00f6ffentlicht ist. Wir werden die GDPR einhalten.\",\"breadcrumb\":{\"@id\":\"https:\\\/\\\/vosfoxmedical.com\\\/de\\\/willkommen-bei-vosfox-medical\\\/datenschutzpolitik\\\/#breadcrumb\"},\"inLanguage\":\"de\",\"potentialAction\":[{\"@type\":\"ReadAction\",\"target\":[\"https:\\\/\\\/vosfoxmedical.com\\\/de\\\/willkommen-bei-vosfox-medical\\\/datenschutzpolitik\\\/\"]}]},{\"@type\":\"BreadcrumbList\",\"@id\":\"https:\\\/\\\/vosfoxmedical.com\\\/de\\\/willkommen-bei-vosfox-medical\\\/datenschutzpolitik\\\/#breadcrumb\",\"itemListElement\":[{\"@type\":\"ListItem\",\"position\":1,\"name\":\"Home\",\"item\":\"https:\\\/\\\/vosfoxmedical.com\\\/de\\\/willkommen-bei-vosfox-medical\\\/\"},{\"@type\":\"ListItem\",\"position\":2,\"name\":\"Willkommen bei Vosfox Medical\",\"item\":\"https:\\\/\\\/vosfoxmedical.com\\\/de\\\/willkommen-bei-vosfox-medical\\\/\"},{\"@type\":\"ListItem\",\"position\":3,\"name\":\"Datenschutzpolitik\"}]},{\"@type\":\"WebSite\",\"@id\":\"https:\\\/\\\/vosfoxmedical.com\\\/de\\\/#website\",\"url\":\"https:\\\/\\\/vosfoxmedical.com\\\/de\\\/\",\"name\":\"vosfoxmedical.com\",\"description\":\"Low-volume contract manufacturing organisation\",\"publisher\":{\"@id\":\"https:\\\/\\\/vosfoxmedical.com\\\/de\\\/#organization\"},\"potentialAction\":[{\"@type\":\"SearchAction\",\"target\":{\"@type\":\"EntryPoint\",\"urlTemplate\":\"https:\\\/\\\/vosfoxmedical.com\\\/de\\\/?s={search_term_string}\"},\"query-input\":{\"@type\":\"PropertyValueSpecification\",\"valueRequired\":true,\"valueName\":\"search_term_string\"}}],\"inLanguage\":\"de\"},{\"@type\":\"Organization\",\"@id\":\"https:\\\/\\\/vosfoxmedical.com\\\/de\\\/#organization\",\"name\":\"Vosfox Medical\",\"url\":\"https:\\\/\\\/vosfoxmedical.com\\\/de\\\/\",\"logo\":{\"@type\":\"ImageObject\",\"inLanguage\":\"de\",\"@id\":\"https:\\\/\\\/vosfoxmedical.com\\\/de\\\/#\\\/schema\\\/logo\\\/image\\\/\",\"url\":\"https:\\\/\\\/i0.wp.com\\\/vosfoxmedical.com\\\/wp-content\\\/uploads\\\/2021\\\/06\\\/vosfox_medical_logo.png?fit=8594%2C2813&ssl=1\",\"contentUrl\":\"https:\\\/\\\/i0.wp.com\\\/vosfoxmedical.com\\\/wp-content\\\/uploads\\\/2021\\\/06\\\/vosfox_medical_logo.png?fit=8594%2C2813&ssl=1\",\"width\":8594,\"height\":2813,\"caption\":\"Vosfox Medical\"},\"image\":{\"@id\":\"https:\\\/\\\/vosfoxmedical.com\\\/de\\\/#\\\/schema\\\/logo\\\/image\\\/\"},\"sameAs\":[\"https:\\\/\\\/www.facebook.com\\\/Vosfoxmedical\",\"https:\\\/\\\/x.com\\\/svndevos\",\"https:\\\/\\\/www.instagram.com\\\/\",\"https:\\\/\\\/www.linkedin.com\\\/company\\\/11022599\\\/\"]}]}<\/script>\n<!-- \/ Yoast SEO Premium plugin. -->","yoast_head_json":{"title":"Datenschutzpolitik - Vosfox Medical","description":"Vosfox Medical hat eine Datenschutzpolitik, die auf unserer Website ver\u00f6ffentlicht ist. Wir werden die GDPR einhalten.","robots":{"index":"noindex","follow":"nofollow"},"og_locale":"de_DE","og_type":"article","og_title":"Datenschutzpolitik","og_description":"Vosfox Medical hat eine Datenschutzpolitik, die auf unserer Website ver\u00f6ffentlicht ist. Wir werden die GDPR einhalten.","og_url":"https:\/\/vosfoxmedical.com\/de\/willkommen-bei-vosfox-medical\/datenschutzpolitik\/","og_site_name":"Vosfox Medical","article_publisher":"https:\/\/www.facebook.com\/Vosfoxmedical","article_modified_time":"2024-10-09T14:14:27+00:00","twitter_card":"summary_large_image","twitter_site":"@svndevos","twitter_misc":{"Gesch\u00e4tzte Lesezeit":"5\u00a0Minuten"},"schema":{"@context":"https:\/\/schema.org","@graph":[{"@type":"WebPage","@id":"https:\/\/vosfoxmedical.com\/de\/willkommen-bei-vosfox-medical\/datenschutzpolitik\/","url":"https:\/\/vosfoxmedical.com\/de\/willkommen-bei-vosfox-medical\/datenschutzpolitik\/","name":"Datenschutzpolitik - Vosfox Medical","isPartOf":{"@id":"https:\/\/vosfoxmedical.com\/de\/#website"},"datePublished":"2021-06-27T14:54:41+00:00","dateModified":"2024-10-09T14:14:27+00:00","description":"Vosfox Medical hat eine Datenschutzpolitik, die auf unserer Website ver\u00f6ffentlicht ist. Wir werden die GDPR einhalten.","breadcrumb":{"@id":"https:\/\/vosfoxmedical.com\/de\/willkommen-bei-vosfox-medical\/datenschutzpolitik\/#breadcrumb"},"inLanguage":"de","potentialAction":[{"@type":"ReadAction","target":["https:\/\/vosfoxmedical.com\/de\/willkommen-bei-vosfox-medical\/datenschutzpolitik\/"]}]},{"@type":"BreadcrumbList","@id":"https:\/\/vosfoxmedical.com\/de\/willkommen-bei-vosfox-medical\/datenschutzpolitik\/#breadcrumb","itemListElement":[{"@type":"ListItem","position":1,"name":"Home","item":"https:\/\/vosfoxmedical.com\/de\/willkommen-bei-vosfox-medical\/"},{"@type":"ListItem","position":2,"name":"Willkommen bei Vosfox Medical","item":"https:\/\/vosfoxmedical.com\/de\/willkommen-bei-vosfox-medical\/"},{"@type":"ListItem","position":3,"name":"Datenschutzpolitik"}]},{"@type":"WebSite","@id":"https:\/\/vosfoxmedical.com\/de\/#website","url":"https:\/\/vosfoxmedical.com\/de\/","name":"vosfoxmedical.com","description":"Low-volume contract manufacturing organisation","publisher":{"@id":"https:\/\/vosfoxmedical.com\/de\/#organization"},"potentialAction":[{"@type":"SearchAction","target":{"@type":"EntryPoint","urlTemplate":"https:\/\/vosfoxmedical.com\/de\/?s={search_term_string}"},"query-input":{"@type":"PropertyValueSpecification","valueRequired":true,"valueName":"search_term_string"}}],"inLanguage":"de"},{"@type":"Organization","@id":"https:\/\/vosfoxmedical.com\/de\/#organization","name":"Vosfox Medical","url":"https:\/\/vosfoxmedical.com\/de\/","logo":{"@type":"ImageObject","inLanguage":"de","@id":"https:\/\/vosfoxmedical.com\/de\/#\/schema\/logo\/image\/","url":"https:\/\/i0.wp.com\/vosfoxmedical.com\/wp-content\/uploads\/2021\/06\/vosfox_medical_logo.png?fit=8594%2C2813&ssl=1","contentUrl":"https:\/\/i0.wp.com\/vosfoxmedical.com\/wp-content\/uploads\/2021\/06\/vosfox_medical_logo.png?fit=8594%2C2813&ssl=1","width":8594,"height":2813,"caption":"Vosfox Medical"},"image":{"@id":"https:\/\/vosfoxmedical.com\/de\/#\/schema\/logo\/image\/"},"sameAs":["https:\/\/www.facebook.com\/Vosfoxmedical","https:\/\/x.com\/svndevos","https:\/\/www.instagram.com\/","https:\/\/www.linkedin.com\/company\/11022599\/"]}]}},"jetpack-related-posts":[],"jetpack_sharing_enabled":true,"_links":{"self":[{"href":"https:\/\/vosfoxmedical.com\/de\/wp-json\/wp\/v2\/pages\/2473","targetHints":{"allow":["GET"]}}],"collection":[{"href":"https:\/\/vosfoxmedical.com\/de\/wp-json\/wp\/v2\/pages"}],"about":[{"href":"https:\/\/vosfoxmedical.com\/de\/wp-json\/wp\/v2\/types\/page"}],"author":[{"embeddable":true,"href":"https:\/\/vosfoxmedical.com\/de\/wp-json\/wp\/v2\/users\/3"}],"replies":[{"embeddable":true,"href":"https:\/\/vosfoxmedical.com\/de\/wp-json\/wp\/v2\/comments?post=2473"}],"version-history":[{"count":4,"href":"https:\/\/vosfoxmedical.com\/de\/wp-json\/wp\/v2\/pages\/2473\/revisions"}],"predecessor-version":[{"id":2998,"href":"https:\/\/vosfoxmedical.com\/de\/wp-json\/wp\/v2\/pages\/2473\/revisions\/2998"}],"up":[{"embeddable":true,"href":"https:\/\/vosfoxmedical.com\/de\/wp-json\/wp\/v2\/pages\/2564"}],"wp:attachment":[{"href":"https:\/\/vosfoxmedical.com\/de\/wp-json\/wp\/v2\/media?parent=2473"}],"curies":[{"name":"wp","href":"https:\/\/api.w.org\/{rel}","templated":true}]}}